{"id":1810,"date":"2017-11-18T20:18:48","date_gmt":"2017-11-18T20:18:48","guid":{"rendered":"http:\/\/biblian.is\/1981\/jobsbok-28-kafli\/"},"modified":"2017-11-18T20:18:48","modified_gmt":"2017-11-18T20:18:48","slug":"jobsbok-28-kafli","status":"publish","type":"page","link":"https:\/\/biblian.is\/1981\/jobsbok-28-kafli\/","title":{"rendered":"Jobsb\u00f3k 28. kafli"},"content":{"rendered":"<p><a name=\"1\"><span class=\"versanumer\">1<\/span><\/a>A\u00f0 s\u00f6nnu \u00e1 silfri\u00f0 uppt\u00f6kusta\u00f0 og gulli\u00f0, sem menn hreinsa, fundarsta\u00f0.<a name=\"2\"><span class=\"versanumer\">2<\/span><\/a>J\u00e1rn er teki\u00f0 \u00far j\u00f6r\u00f0u, og steinn er br\u00e6ddur a\u00f0 eiri.<a name=\"3\"><span class=\"versanumer\">3<\/span><\/a>Ma\u00f0urinn hefir gj\u00f6rt enda \u00e1 myrkrinu, og til ystu takmarka rannsakar hann steinana, sem faldir eru \u00ed kolni\u00f0amyrkri.<a name=\"4\"><span class=\"versanumer\">4<\/span><\/a>Hann br\u00fdtur n\u00e1mug\u00f6ng fjarri \u00feeim, sem \u00ed dagsbirtunni  b\u00faa, gleymdur mannaf\u00f3tum, fjarl\u00e6gur m\u00f6nnum hangir hann, sv\u00edfur hann.<a name=\"5\"><span class=\"versanumer\">5<\/span><\/a>Upp \u00far j\u00f6r\u00f0inni sprettur brau\u00f0, en ni\u00f0ri \u00ed henni er \u00f6llu umturna\u00f0 eins og af eldi.<a name=\"6\"><span class=\"versanumer\">6<\/span><\/a>Saf\u00edrinn finnst \u00ed grj\u00f3ti jar\u00f0arinnar, og gullkorn f\u00e6r s\u00e1 er grefur.<a name=\"7\"><span class=\"versanumer\">7<\/span><\/a>\u00d6rninn \u00feekkir eigi veginn \u00feanga\u00f0, og valsauga\u00f0 s\u00e9r hann ekki,<a name=\"8\"><span class=\"versanumer\">8<\/span><\/a>hin drembnu r\u00e1nd\u00fdr ganga hann eigi, ekkert lj\u00f3n fer hann.<a name=\"9\"><span class=\"versanumer\">9<\/span><\/a>\u00c1 tinnusteinana leggur ma\u00f0urinn h\u00f6nd s\u00edna, umturnar fj\u00f6llunum fr\u00e1 r\u00f3tum.<a name=\"10\"><span class=\"versanumer\">10<\/span><\/a>Hann heggur g\u00f6ng \u00ed bj\u00f6rgin, og auga hans s\u00e9r alls konar d\u00fdrindi.<a name=\"11\"><span class=\"versanumer\">11<\/span><\/a>Hann bindur fyrir vatns\u00e6\u00f0arnar, til \u00feess a\u00f0 \u00fe\u00e6r t\u00e1rist ekki, og lei\u00f0ir leynda hluti fram \u00ed dagsbirtuna.<a name=\"12\"><span class=\"versanumer\">12<\/span><\/a>En spekin, hvar er hana a\u00f0 finna, og hvar \u00e1 viskan heima?<a name=\"13\"><span class=\"versanumer\">13<\/span><\/a>Enginn ma\u00f0ur \u00feekkir veginn til hennar, og hana er ekki a\u00f0 finna \u00e1 landi lifenda.<a name=\"14\"><span class=\"versanumer\">14<\/span><\/a>Undirdj\u00fapi\u00f0 segir: \u00cd m\u00e9r er h\u00fan ekki! og hafi\u00f0 segir: Ekki er h\u00fan hj\u00e1 m\u00e9r!<a name=\"15\"><span class=\"versanumer\">15<\/span><\/a>H\u00fan f\u00e6st ekki fyrir sk\u00edragull, og ekki ver\u00f0ur silfur reitt sem andvir\u00f0i hennar.<a name=\"16\"><span class=\"versanumer\">16<\/span><\/a>Eigi ver\u00f0ur h\u00fan \u00d3f\u00edrgulli goldin n\u00e9 d\u00fdrum sj\u00f3am- og saf\u00edrsteinum.<a name=\"17\"><span class=\"versanumer\">17<\/span><\/a>Gull og gler kemst ekki til jafns vi\u00f0 hana, og h\u00fan f\u00e6st ekki \u00ed skiptum fyrir ker af sk\u00edragulli.<a name=\"18\"><span class=\"versanumer\">18<\/span><\/a>K\u00f3ralla og krystalla er ekki a\u00f0 nefna, og a\u00f0 eiga spekina er meira um vert en perlur.<a name=\"19\"><span class=\"versanumer\">19<\/span><\/a>T\u00f3pasar Bl\u00e1lands komast ekki til jafns vi\u00f0 hana, h\u00fan ver\u00f0ur ekki goldin me\u00f0 hreinasta gulli.<a name=\"20\"><span class=\"versanumer\">20<\/span><\/a>J\u00e1 spekin, hva\u00f0an kemur h\u00fan, og hvar \u00e1 viskan heima?<a name=\"21\"><span class=\"versanumer\">21<\/span><\/a>H\u00fan er falin augum allra \u00feeirra er lifa, og fuglum loftsins er h\u00fan hulin.<a name=\"22\"><span class=\"versanumer\">22<\/span><\/a>Undirdj\u00fapin og dau\u00f0inn segja: Me\u00f0 eyrum vorum h\u00f6fum v\u00e9r heyrt hennar geti\u00f0.<a name=\"23\"><span class=\"versanumer\">23<\/span><\/a>Gu\u00f0 veit veginn til hennar, og hann \u00feekkir heimkynni hennar.<a name=\"24\"><span class=\"versanumer\">24<\/span><\/a>\u00dev\u00ed a\u00f0 hann s\u00e9r til endimarka jar\u00f0ar, l\u00edtur allt, sem undir himninum er.<a name=\"25\"><span class=\"versanumer\">25<\/span><\/a>\u00de\u00e1 er hann \u00e1kva\u00f0 \u00feunga vindarins og \u00e1kvar\u00f0a\u00f0i takm\u00f6rk vatnsins,<a name=\"26\"><span class=\"versanumer\">26<\/span><\/a>\u00fe\u00e1 er hann setti regninu l\u00f6g og veg eldingunum,<a name=\"27\"><span class=\"versanumer\">27<\/span><\/a>\u00fe\u00e1 s\u00e1 hann hana og kunngj\u00f6r\u00f0i hana, f\u00e9kk henni sta\u00f0 og rannsaka\u00f0i hana einnig.<a name=\"28\"><span class=\"versanumer\">28<\/span><\/a>Og vi\u00f0 manninn sag\u00f0i hann: Sj\u00e1, a\u00f0 \u00f3ttast Drottin \u00fea\u00f0 er speki, og a\u00f0 for\u00f0ast illt \u00fea\u00f0 er viska.<\/p>\n<div class=\"footnote1981\"><b>28.1<\/b> Silfur- og gulln\u00e1mur 1Kon 10.22<br \/>\n<b>28.2<\/b> J\u00e1rn- og eirn\u00e1mur 5M\u00f3s 8.9<br \/>\n<b>28.5<\/b> Brau\u00f0 af j\u00f6r\u00f0inni Slm 104.14-15<br \/>\n<b>28.12<\/b> Speki Job 28.20,28; 1Kon 3; Okv 8.22-31; SSal; S\u00edr 1.6; Bar 3.9-4.4<br \/>\n<b>28.15-19<\/b> Spekin gulli betri Okv 2.1-5; 3.13-15<br \/>\n<b>28.25<\/b> Umfang hafsins Jes 40.12<br \/>\n<b>28.26<\/b> Regni\u00f0 Job 36.27-28; 38.28<br \/>\n<b>28.27<\/b> Gu\u00f0 rannasakar spekina S\u00edr 1.8-9,19; Bar 3.32<br \/>\n<b>28.28<\/b> \u00d3ttast Drottin Job 1.1+ ; Slm 111.10; Okv 9.10<\/div>\n","protected":false},"excerpt":{"rendered":"<p>1A\u00f0 s\u00f6nnu \u00e1 silfri\u00f0 uppt\u00f6kusta\u00f0 og gulli\u00f0, sem menn hreinsa, fundarsta\u00f0.2J\u00e1rn er teki\u00f0 \u00far j\u00f6r\u00f0u, og steinn er br\u00e6ddur a\u00f0 eiri.3Ma\u00f0urinn hefir gj\u00f6rt enda \u00e1 myrkrinu, og til ystu takmarka rannsakar hann steinana, sem faldir eru \u00ed kolni\u00f0amyrkri.4Hann br\u00fdtur n\u00e1mug\u00f6ng fjarri \u00feeim, sem \u00ed dagsbirtunni b\u00faa, gleymdur mannaf\u00f3tum, fjarl\u00e6gur m\u00f6nnum hangir hann, sv\u00edfur hann.5Upp \u00far j\u00f6r\u00f0inni sprettur brau\u00f0, en ni\u00f0ri \u00ed henni er \u00f6llu umturna\u00f0 eins og af eldi.6Saf\u00edrinn finnst \u00ed grj\u00f3ti jar\u00f0arinnar, og gullkorn f\u00e6r s\u00e1 er grefur.7\u00d6rninn \u00feekkir eigi veginn \u00feanga\u00f0, og valsauga\u00f0 s\u00e9r hann ekki,8hin drembnu r\u00e1nd\u00fdr ganga hann eigi, ekkert lj\u00f3n fer hann.9\u00c1 tinnusteinana leggur ma\u00f0urinn <a href=\"https:\/\/biblian.is\/1981\/jobsbok-28-kafli\/\"> [&#8230;]<\/a><\/p>\n","protected":false},"author":1,"featured_media":0,"parent":0,"menu_order":0,"comment_status":"open","ping_status":"open","template":"bibliukaflar.php","meta":{"footnotes":""},"class_list":["post-1810","page","type-page","status-publish","hentry"],"_links":{"self":[{"href":"https:\/\/biblian.is\/1981\/wp-json\/wp\/v2\/pages\/1810","targetHints":{"allow":["GET"]}}],"collection":[{"href":"https:\/\/biblian.is\/1981\/wp-json\/wp\/v2\/pages"}],"about":[{"href":"https:\/\/biblian.is\/1981\/wp-json\/wp\/v2\/types\/page"}],"author":[{"embeddable":true,"href":"https:\/\/biblian.is\/1981\/wp-json\/wp\/v2\/users\/1"}],"replies":[{"embeddable":true,"href":"https:\/\/biblian.is\/1981\/wp-json\/wp\/v2\/comments?post=1810"}],"version-history":[{"count":0,"href":"https:\/\/biblian.is\/1981\/wp-json\/wp\/v2\/pages\/1810\/revisions"}],"wp:attachment":[{"href":"https:\/\/biblian.is\/1981\/wp-json\/wp\/v2\/media?parent=1810"}],"curies":[{"name":"wp","href":"https:\/\/api.w.org\/{rel}","templated":true}]}}