{"id":1808,"date":"2017-11-18T20:18:48","date_gmt":"2017-11-18T20:18:48","guid":{"rendered":"http:\/\/biblian.is\/1981\/jobsbok-26-kafli\/"},"modified":"2017-11-18T20:18:48","modified_gmt":"2017-11-18T20:18:48","slug":"jobsbok-26-kafli","status":"publish","type":"page","link":"https:\/\/biblian.is\/1981\/jobsbok-26-kafli\/","title":{"rendered":"Jobsb\u00f3k 26. kafli"},"content":{"rendered":"<p><a name=\"1\"><span class=\"versanumer\">1<\/span><\/a>\u00de\u00e1 svara\u00f0i Job og sag\u00f0i:<a name=\"2\"><span class=\"versanumer\">2<\/span><\/a>En hva\u00f0 \u00fe\u00fa hefir hj\u00e1lpa\u00f0 hinum \u00fer\u00f3ttlausa, stutt hinn m\u00e1ttvana armlegg!<a name=\"3\"><span class=\"versanumer\">3<\/span><\/a>En hva\u00f0 \u00fe\u00fa hefir r\u00e1\u00f0i\u00f0 hinum \u00f3vitra og kunngj\u00f6rt mikla speki!<a name=\"4\"><span class=\"versanumer\">4<\/span><\/a>Fyrir hverjum hefir \u00fe\u00fa flutt r\u00e6\u00f0u \u00fe\u00edna, og hvers andi var \u00fea\u00f0, sem gekk fram \u00far \u00fe\u00e9r?<a name=\"5\"><span class=\"versanumer\">5<\/span><\/a>Andar hinna framli\u00f0nu \u00ed undirdj\u00fapunum skelfast \u00e1samt v\u00f6tnunum og \u00edb\u00faum \u00feeirra.<a name=\"6\"><span class=\"versanumer\">6<\/span><\/a>Naktir liggja undirheimar fyrir Gu\u00f0i og undirdj\u00fapin sk\u00fdlulaus.<a name=\"7\"><span class=\"versanumer\">7<\/span><\/a>Hann \u00feenur nor\u00f0ri\u00f0 \u00fat yfir au\u00f0ninni og l\u00e6tur j\u00f6r\u00f0ina sv\u00edfa \u00ed t\u00f3mum geimnum,<a name=\"8\"><span class=\"versanumer\">8<\/span><\/a>hann bindur vatni\u00f0 saman \u00ed sk\u00fdjum s\u00ednum, og \u00fe\u00f3 brestur sk\u00fdfl\u00f3kinn ekki undir \u00fev\u00ed,<a name=\"9\"><span class=\"versanumer\">9<\/span><\/a>hann byrgir fyrir \u00e1sj\u00f3nu h\u00e1s\u00e6tis s\u00edns me\u00f0 \u00fev\u00ed a\u00f0 brei\u00f0a sk\u00fd sitt yfir hana.<a name=\"10\"><span class=\"versanumer\">10<\/span><\/a>Markl\u00ednu hefir hann dregi\u00f0 hringinn \u00ed kring \u00e1 haffletinum, \u00fear sem m\u00e6tast lj\u00f3s og myrkur.<a name=\"11\"><span class=\"versanumer\">11<\/span><\/a>Sto\u00f0ir himinsins n\u00f6tra og hr\u00e6\u00f0ast \u00f3gnun hans.<a name=\"12\"><span class=\"versanumer\">12<\/span><\/a>Me\u00f0 m\u00e6tti s\u00ednum \u00e6sir hann hafi\u00f0, og me\u00f0 hyggindum s\u00ednum sundurmolar hann hafdrekann.<a name=\"13\"><span class=\"versanumer\">13<\/span><\/a>Fyrir andgusti hans ver\u00f0ur himinninn hei\u00f0ur, h\u00f6nd hans leggur \u00ed gegn hinn flughra\u00f0a dreka.<a name=\"14\"><span class=\"versanumer\">14<\/span><\/a>Sj\u00e1, \u00feetta eru a\u00f0eins ystu takm\u00f6rk vega hans, og hversu l\u00e1gt hv\u00edsl er \u00fea\u00f0, sem v\u00e9r heyrum! En \u00ferumu m\u00e1ttarverka hans hver skilur hana?<\/p>\n<div class=\"footnote1981\"><b>26.4<\/b> Hvers er andinn? 1Kon 22.24<br \/>\n<b>26.5<\/b> Vofurnar skelfast Jes 14.9; Slm 88.11<br \/>\n<b>26.6<\/b> Gu\u00f0 r\u00edkir \u00ed undirheimum Am 9.2; Slm 139.8; Okv 15.11<br \/>\n<b>26.7<\/b> Hengir upp j\u00f6r\u00f0ina sbr Job 9.6; 38.6<br \/>\n<b>26.9<\/b> Brei\u00f0ir sk\u00fd 2M\u00f3s 40.34; 3M\u00f3s 16.2<br \/>\n<b>26.10<\/b> Hafi\u00f0, lj\u00f3si\u00f0 1M\u00f3s 1; Okv 8.27<br \/>\n<b>26.12<\/b> Hafi\u00f0, Rahab Job 9.13+<br \/>\n<b>26.13<\/b> Hinn hra\u00f0fleygi dreki Jes 27.1<br \/>\n<b>26.14<\/b> Ystu m\u00f6rk vega hans Job 11.7; S\u00edr 76.32; sbr Ef 3.18<\/div>\n","protected":false},"excerpt":{"rendered":"<p>1\u00de\u00e1 svara\u00f0i Job og sag\u00f0i:2En hva\u00f0 \u00fe\u00fa hefir hj\u00e1lpa\u00f0 hinum \u00fer\u00f3ttlausa, stutt hinn m\u00e1ttvana armlegg!3En hva\u00f0 \u00fe\u00fa hefir r\u00e1\u00f0i\u00f0 hinum \u00f3vitra og kunngj\u00f6rt mikla speki!4Fyrir hverjum hefir \u00fe\u00fa flutt r\u00e6\u00f0u \u00fe\u00edna, og hvers andi var \u00fea\u00f0, sem gekk fram \u00far \u00fe\u00e9r?5Andar hinna framli\u00f0nu \u00ed undirdj\u00fapunum skelfast \u00e1samt v\u00f6tnunum og \u00edb\u00faum \u00feeirra.6Naktir liggja undirheimar fyrir Gu\u00f0i og undirdj\u00fapin sk\u00fdlulaus.7Hann \u00feenur nor\u00f0ri\u00f0 \u00fat yfir au\u00f0ninni og l\u00e6tur j\u00f6r\u00f0ina sv\u00edfa \u00ed t\u00f3mum geimnum,8hann bindur vatni\u00f0 saman \u00ed sk\u00fdjum s\u00ednum, og \u00fe\u00f3 brestur sk\u00fdfl\u00f3kinn ekki undir \u00fev\u00ed,9hann byrgir fyrir \u00e1sj\u00f3nu h\u00e1s\u00e6tis s\u00edns me\u00f0 \u00fev\u00ed a\u00f0 brei\u00f0a sk\u00fd sitt yfir hana.10Markl\u00ednu hefir hann dregi\u00f0 hringinn <a href=\"https:\/\/biblian.is\/1981\/jobsbok-26-kafli\/\"> [&#8230;]<\/a><\/p>\n","protected":false},"author":1,"featured_media":0,"parent":0,"menu_order":0,"comment_status":"open","ping_status":"open","template":"bibliukaflar.php","meta":{"footnotes":""},"class_list":["post-1808","page","type-page","status-publish","hentry"],"_links":{"self":[{"href":"https:\/\/biblian.is\/1981\/wp-json\/wp\/v2\/pages\/1808","targetHints":{"allow":["GET"]}}],"collection":[{"href":"https:\/\/biblian.is\/1981\/wp-json\/wp\/v2\/pages"}],"about":[{"href":"https:\/\/biblian.is\/1981\/wp-json\/wp\/v2\/types\/page"}],"author":[{"embeddable":true,"href":"https:\/\/biblian.is\/1981\/wp-json\/wp\/v2\/users\/1"}],"replies":[{"embeddable":true,"href":"https:\/\/biblian.is\/1981\/wp-json\/wp\/v2\/comments?post=1808"}],"version-history":[{"count":0,"href":"https:\/\/biblian.is\/1981\/wp-json\/wp\/v2\/pages\/1808\/revisions"}],"wp:attachment":[{"href":"https:\/\/biblian.is\/1981\/wp-json\/wp\/v2\/media?parent=1808"}],"curies":[{"name":"wp","href":"https:\/\/api.w.org\/{rel}","templated":true}]}}