{"id":1807,"date":"2017-11-18T20:18:48","date_gmt":"2017-11-18T20:18:48","guid":{"rendered":"http:\/\/biblian.is\/1981\/jobsbok-25-kafli\/"},"modified":"2017-11-18T20:18:48","modified_gmt":"2017-11-18T20:18:48","slug":"jobsbok-25-kafli","status":"publish","type":"page","link":"https:\/\/biblian.is\/1981\/jobsbok-25-kafli\/","title":{"rendered":"Jobsb\u00f3k 25. kafli"},"content":{"rendered":"<p><a name=\"1\"><span class=\"versanumer\">1<\/span><\/a>\u00de\u00e1 svara\u00f0i Bildad fr\u00e1 S\u00faa og sag\u00f0i:<a name=\"2\"><span class=\"versanumer\">2<\/span><\/a>Hans er drottinvald og \u00f3tti, hans sem l\u00e6tur fri\u00f0 r\u00edkja \u00ed h\u00e6\u00f0um s\u00ednum.<a name=\"3\"><span class=\"versanumer\">3<\/span><\/a>Ver\u00f0ur t\u00f6lu komi\u00f0 \u00e1 hersveitir hans, og yfir hverjum rennur ekki upp lj\u00f3s hans?<a name=\"4\"><span class=\"versanumer\">4<\/span><\/a>Hvernig \u00e6tti ma\u00f0urinn \u00fe\u00e1 a\u00f0 vera r\u00e9ttl\u00e1tur hj\u00e1  Gu\u00f0i, og hvernig \u00e6tti s\u00e1 a\u00f0 vera hreinn, sem af konu er f\u00e6ddur?<a name=\"5\"><span class=\"versanumer\">5<\/span><\/a>Sj\u00e1, jafnvel tungli\u00f0, \u00fea\u00f0 er ekki bjart, og stj\u00f6rnurnar eru ekki hreinar \u00ed augum hans,<a name=\"6\"><span class=\"versanumer\">6<\/span><\/a>hva\u00f0 \u00fe\u00e1 ma\u00f0urinn, ma\u00f0kurinn, og mannssonurinn, ormurinn!<\/p>\n<div class=\"footnote1981\"><b>25.2-3<\/b> Drottinvald Gu\u00f0s Slm 103.19; Heb 2.8+ ; sbr 1J\u00f3h 5.19<br \/>\n<b>25.4<\/b> R\u00e9tt fyrir s\u00e9r frammi fyrir Gu\u00f0i Job 4.17+<\/div>\n","protected":false},"excerpt":{"rendered":"<p>1\u00de\u00e1 svara\u00f0i Bildad fr\u00e1 S\u00faa og sag\u00f0i:2Hans er drottinvald og \u00f3tti, hans sem l\u00e6tur fri\u00f0 r\u00edkja \u00ed h\u00e6\u00f0um s\u00ednum.3Ver\u00f0ur t\u00f6lu komi\u00f0 \u00e1 hersveitir hans, og yfir hverjum rennur ekki upp lj\u00f3s hans?4Hvernig \u00e6tti ma\u00f0urinn \u00fe\u00e1 a\u00f0 vera r\u00e9ttl\u00e1tur hj\u00e1 Gu\u00f0i, og hvernig \u00e6tti s\u00e1 a\u00f0 vera hreinn, sem af konu er f\u00e6ddur?5Sj\u00e1, jafnvel tungli\u00f0, \u00fea\u00f0 er ekki bjart, og stj\u00f6rnurnar eru ekki hreinar \u00ed augum hans,6hva\u00f0 \u00fe\u00e1 ma\u00f0urinn, ma\u00f0kurinn, og mannssonurinn, ormurinn! 25.2-3 Drottinvald Gu\u00f0s Slm 103.19; Heb 2.8+ ; sbr 1J\u00f3h 5.19 25.4 R\u00e9tt fyrir s\u00e9r frammi fyrir Gu\u00f0i Job 4.17+<\/p>\n","protected":false},"author":1,"featured_media":0,"parent":0,"menu_order":0,"comment_status":"open","ping_status":"open","template":"bibliukaflar.php","meta":{"footnotes":""},"class_list":["post-1807","page","type-page","status-publish","hentry"],"_links":{"self":[{"href":"https:\/\/biblian.is\/1981\/wp-json\/wp\/v2\/pages\/1807","targetHints":{"allow":["GET"]}}],"collection":[{"href":"https:\/\/biblian.is\/1981\/wp-json\/wp\/v2\/pages"}],"about":[{"href":"https:\/\/biblian.is\/1981\/wp-json\/wp\/v2\/types\/page"}],"author":[{"embeddable":true,"href":"https:\/\/biblian.is\/1981\/wp-json\/wp\/v2\/users\/1"}],"replies":[{"embeddable":true,"href":"https:\/\/biblian.is\/1981\/wp-json\/wp\/v2\/comments?post=1807"}],"version-history":[{"count":0,"href":"https:\/\/biblian.is\/1981\/wp-json\/wp\/v2\/pages\/1807\/revisions"}],"wp:attachment":[{"href":"https:\/\/biblian.is\/1981\/wp-json\/wp\/v2\/media?parent=1807"}],"curies":[{"name":"wp","href":"https:\/\/api.w.org\/{rel}","templated":true}]}}