{"id":1806,"date":"2017-11-18T20:18:43","date_gmt":"2017-11-18T20:18:43","guid":{"rendered":"http:\/\/biblian.is\/1981\/jobsbok-24-kafli\/"},"modified":"2017-11-18T20:18:43","modified_gmt":"2017-11-18T20:18:43","slug":"jobsbok-24-kafli","status":"publish","type":"page","link":"https:\/\/biblian.is\/1981\/jobsbok-24-kafli\/","title":{"rendered":"Jobsb\u00f3k 24. kafli"},"content":{"rendered":"<p><a name=\"1\"><span class=\"versanumer\">1<\/span><\/a>Hvers vegna eru ekki hegningart\u00edmar geymdir af hinum Alm\u00e1ttka,<a name=\"2\"><span class=\"versanumer\">2<\/span><\/a>og hv\u00ed sj\u00e1 \u00feeir ekki daga hans, sem \u00e1 hann tr\u00faa? Menn f\u00e6ra landamerki \u00far sta\u00f0, r\u00e6na hj\u00f6r\u00f0um og halda \u00feeim \u00e1 beit.<a name=\"3\"><span class=\"versanumer\">3<\/span><\/a>Asna muna\u00f0arleysingjanna reka menn burt og taka uxa ekkjunnar a\u00f0 ve\u00f0i.<a name=\"4\"><span class=\"versanumer\">4<\/span><\/a>\u00deeir hrinda hinum f\u00e1t\u00e6ku \u00fat af veginum, hinir b\u00e1gst\u00f6ddu \u00ed landinu ver\u00f0a allir a\u00f0 fela sig.<a name=\"5\"><span class=\"versanumer\">5<\/span><\/a>J\u00e1, sem sk\u00f3garasnar \u00e1 \u00f6r\u00e6fum ganga \u00feeir \u00fat til starfa sinna, leitandi a\u00f0 f\u00e6\u00f0u, ey\u00f0im\u00f6rkin veitir \u00feeim brau\u00f0 handa b\u00f6rnunum.<a name=\"6\"><span class=\"versanumer\">6<\/span><\/a>\u00c1 akrinum uppskera \u00feeir f\u00f3\u00f0ur sitt og fara \u00ed eftirleit \u00ed v\u00edngar\u00f0i hins \u00f3gu\u00f0lega.<a name=\"7\"><span class=\"versanumer\">7<\/span><\/a>Naktir liggja \u00feeir um n\u00e6tur, kl\u00e6\u00f0lausir, og hafa enga \u00e1brei\u00f0u \u00ed kuldanum.<a name=\"8\"><span class=\"versanumer\">8<\/span><\/a>\u00deeir eru gagndrepa af fjallask\u00farunum, og h\u00e6lislausir fa\u00f0ma \u00feeir klettinn.<a name=\"9\"><span class=\"versanumer\">9<\/span><\/a>Menn sl\u00edta f\u00f6\u00f0urleysingjana af brj\u00f3stinu og taka ve\u00f0 af hinum b\u00e1gst\u00f6ddu.<a name=\"10\"><span class=\"versanumer\">10<\/span><\/a>Naktir ganga \u00feeir, kl\u00e6\u00f0lausir, og hungra\u00f0ir bera \u00feeir kornbundin.<a name=\"11\"><span class=\"versanumer\">11<\/span><\/a>\u00cd ol\u00edfug\u00f6r\u00f0um annarra pressa \u00feeir ol\u00edu, tro\u00f0a v\u00ednlagar\u00fer\u00f3r og kveljast af \u00feorsta.<a name=\"12\"><span class=\"versanumer\">12<\/span><\/a>\u00dar borgunum heyrast stunur deyjandi manna, s\u00e1lir hinna drepnu hr\u00f3pa \u00e1 hefnd, en Gu\u00f0 gefur ekki gaum a\u00f0 \u00f3h\u00e6funni.<a name=\"13\"><span class=\"versanumer\">13<\/span><\/a>Sl\u00edkir menn eru lj\u00f3sfjendur or\u00f0nir, \u00feeir \u00feekkja ekki vegu hans og halda sig ekki \u00e1 stigum hans.<a name=\"14\"><span class=\"versanumer\">14<\/span><\/a>Me\u00f0 morguns\u00e1rinu fer mor\u00f0inginn \u00e1 f\u00e6tur og drepur hinn vola\u00f0a og snau\u00f0a, og \u00e1 n\u00f3ttunni l\u00e6\u00f0ist \u00fej\u00f3furinn.<a name=\"15\"><span class=\"versanumer\">15<\/span><\/a>Og auga h\u00f3rkarlsins b\u00ed\u00f0ur eftir r\u00f6kkrinu, og hann segir: Ekkert auga s\u00e9r mig, og dregur sk\u00fdlu fyrir andliti\u00f0.<a name=\"16\"><span class=\"versanumer\">16<\/span><\/a>\u00cd myrkrinu brj\u00f3tast \u00feeir inn \u00ed h\u00fas, \u00e1 daginn loka \u00feeir sig inni, \u00feeir \u00feekkja ekki lj\u00f3si\u00f0.<a name=\"17\"><span class=\"versanumer\">17<\/span><\/a>\u00dev\u00ed a\u00f0 \u00f6llum er \u00feeim ni\u00f0amyrkri\u00f0 morgunn, \u00fev\u00ed a\u00f0 \u00feeir eru n\u00e1kunnugir skelfingum ni\u00f0amyrkursins.<a name=\"18\"><span class=\"versanumer\">18<\/span><\/a>Flj\u00f3tt berst hann burt me\u00f0 straumnum, b\u00f6lva\u00f0ur ver\u00f0ur erf\u00f0ahluti hans \u00ed landinu, hann sn\u00fdr eigi framar \u00e1 lei\u00f0 til v\u00edngar\u00f0anna.<a name=\"19\"><span class=\"versanumer\">19<\/span><\/a>\u00deurrkur og hiti hr\u00edfa snj\u00f3vatni\u00f0 burt, Hel \u00feann, er svo hefir syndga\u00f0.<a name=\"20\"><span class=\"versanumer\">20<\/span><\/a>M\u00f3\u00f0urskauti\u00f0 gleymir honum, ormarnir g\u00e6\u00f0a s\u00e9r \u00e1 honum. Hans er eigi framar minnst, og rangl\u00e6ti\u00f0 ver\u00f0ur broti\u00f0 sundur eins og tr\u00e9,<a name=\"21\"><span class=\"versanumer\">21<\/span><\/a>hann sem r\u00e6ndi \u00f3byrjuna, er ekki f\u00e6ddi, og enga velgj\u00f6r\u00f0 s\u00fdndi ekkjunni.<a name=\"22\"><span class=\"versanumer\">22<\/span><\/a>En Gu\u00f0 heldur samt hinum volduga vi\u00f0 me\u00f0 m\u00e6tti s\u00ednum, sl\u00edkur ma\u00f0ur r\u00eds aftur upp, \u00fe\u00f3tt hann v\u00e6ri tekinn a\u00f0 \u00f6rv\u00e6nta um  l\u00edfi\u00f0.<a name=\"23\"><span class=\"versanumer\">23<\/span><\/a>Gu\u00f0 veitir honum a\u00f0 lifa \u00f3hultur, og hann er studdur, og augu hans vaka yfir vegum hans.<a name=\"24\"><span class=\"versanumer\">24<\/span><\/a>H\u00e1tt standa \u00feeir, en eftir stundarkorn eru \u00feeir horfnir. \u00deeir hn\u00edga, \u00feeir eru hrifnir burt eins og allir a\u00f0rir og svi\u00f0nir af eins og h\u00f6fu\u00f0 kornaxins.<a name=\"25\"><span class=\"versanumer\">25<\/span><\/a>Og ef \u00fea\u00f0 er eigi svo, hver vill \u00fe\u00e1 sanna, a\u00f0 \u00e9g s\u00e9 lygari, og gj\u00f6ra r\u00e6\u00f0u m\u00edna a\u00f0 engu?<\/p>\n<div class=\"footnote1981\"><b>24.2<\/b> F\u00e6ra landamerki 5M\u00f3s 19.14; H\u00f3s 5.10; Okv 22.28<br \/>\n<b>24.3-11<\/b> K\u00fagun Job 22.9+<br \/>\n<b>24.3<\/b> A\u00f0 ve\u00f0i 5M\u00f3s 24.17<br \/>\n<b>24.4<\/b> Fela sig Okv 28.12,28<br \/>\n<b>24.7<\/b> Hafa enga \u00e1brei\u00f0u 5M\u00f3s 24.12-13<br \/>\n<b>24.10<\/b> Hungra\u00f0ir sbr 5M\u00f3s 28.30-33<br \/>\n<b>24.12<\/b> Stunur Job 35.9-13; Sef 1.10-11; Pr\u00e9d 4.1 \u2013 Gu\u00f0 b\u00e6nheyrir ekki Slm 94.5-7<br \/>\n<b>24.14<\/b> Drepur umkomulausa Slm 10.8-9<br \/>\n<b>24.15<\/b> B\u00ed\u00f0ur r\u00f6kkursins Okv 7.9-10; S\u00edr 23.18<br \/>\n<b>24.19<\/b> Undirheimar ey\u00f0a syndaranum Slm 49.15<br \/>\n<b>24.20<\/b> Ma\u00f0kur Jes 14.11 \u2013 aldrei minnst Jes 26.14; Esk 21.37; sbr Matt 26.13<br \/>\n<b>24.23<\/b> \u00d6ryggi Job 21.30+<\/div>\n","protected":false},"excerpt":{"rendered":"<p>1Hvers vegna eru ekki hegningart\u00edmar geymdir af hinum Alm\u00e1ttka,2og hv\u00ed sj\u00e1 \u00feeir ekki daga hans, sem \u00e1 hann tr\u00faa? Menn f\u00e6ra landamerki \u00far sta\u00f0, r\u00e6na hj\u00f6r\u00f0um og halda \u00feeim \u00e1 beit.3Asna muna\u00f0arleysingjanna reka menn burt og taka uxa ekkjunnar a\u00f0 ve\u00f0i.4\u00deeir hrinda hinum f\u00e1t\u00e6ku \u00fat af veginum, hinir b\u00e1gst\u00f6ddu \u00ed landinu ver\u00f0a allir a\u00f0 fela sig.5J\u00e1, sem sk\u00f3garasnar \u00e1 \u00f6r\u00e6fum ganga \u00feeir \u00fat til starfa sinna, leitandi a\u00f0 f\u00e6\u00f0u, ey\u00f0im\u00f6rkin veitir \u00feeim brau\u00f0 handa b\u00f6rnunum.6\u00c1 akrinum uppskera \u00feeir f\u00f3\u00f0ur sitt og fara \u00ed eftirleit \u00ed v\u00edngar\u00f0i hins \u00f3gu\u00f0lega.7Naktir liggja \u00feeir um n\u00e6tur, kl\u00e6\u00f0lausir, og hafa enga \u00e1brei\u00f0u \u00ed kuldanum.8\u00deeir eru <a href=\"https:\/\/biblian.is\/1981\/jobsbok-24-kafli\/\"> [&#8230;]<\/a><\/p>\n","protected":false},"author":1,"featured_media":0,"parent":0,"menu_order":0,"comment_status":"open","ping_status":"open","template":"bibliukaflar.php","meta":{"footnotes":""},"class_list":["post-1806","page","type-page","status-publish","hentry"],"_links":{"self":[{"href":"https:\/\/biblian.is\/1981\/wp-json\/wp\/v2\/pages\/1806","targetHints":{"allow":["GET"]}}],"collection":[{"href":"https:\/\/biblian.is\/1981\/wp-json\/wp\/v2\/pages"}],"about":[{"href":"https:\/\/biblian.is\/1981\/wp-json\/wp\/v2\/types\/page"}],"author":[{"embeddable":true,"href":"https:\/\/biblian.is\/1981\/wp-json\/wp\/v2\/users\/1"}],"replies":[{"embeddable":true,"href":"https:\/\/biblian.is\/1981\/wp-json\/wp\/v2\/comments?post=1806"}],"version-history":[{"count":0,"href":"https:\/\/biblian.is\/1981\/wp-json\/wp\/v2\/pages\/1806\/revisions"}],"wp:attachment":[{"href":"https:\/\/biblian.is\/1981\/wp-json\/wp\/v2\/media?parent=1806"}],"curies":[{"name":"wp","href":"https:\/\/api.w.org\/{rel}","templated":true}]}}