{"id":1804,"date":"2017-11-18T20:18:43","date_gmt":"2017-11-18T20:18:43","guid":{"rendered":"http:\/\/biblian.is\/1981\/jobsbok-22-kafli\/"},"modified":"2017-11-18T20:18:43","modified_gmt":"2017-11-18T20:18:43","slug":"jobsbok-22-kafli","status":"publish","type":"page","link":"https:\/\/biblian.is\/1981\/jobsbok-22-kafli\/","title":{"rendered":"Jobsb\u00f3k 22. kafli"},"content":{"rendered":"<p><a name=\"1\"><span class=\"versanumer\">1<\/span><\/a>\u00de\u00e1 svara\u00f0i El\u00edfas fr\u00e1 Teman og sag\u00f0i:<a name=\"2\"><span class=\"versanumer\">2<\/span><\/a>Vinnur ma\u00f0urinn Gu\u00f0i gagn? Nei, sj\u00e1lfum s\u00e9r vinnur vitur ma\u00f0ur gagn.<a name=\"3\"><span class=\"versanumer\">3<\/span><\/a>Er \u00fea\u00f0 \u00e1bati fyrir hinn Alm\u00e1ttka, a\u00f0 \u00fe\u00fa ert r\u00e9ttl\u00e1tur, e\u00f0a \u00e1vinningur, a\u00f0 \u00fe\u00fa lifir grandv\u00f6ru l\u00edfi?<a name=\"4\"><span class=\"versanumer\">4<\/span><\/a>Er \u00fea\u00f0 vegna gu\u00f0s\u00f3tta \u00fe\u00edns, a\u00f0 hann refsar \u00fe\u00e9r, a\u00f0 hann dregur \u00feig fyrir d\u00f3m?<a name=\"5\"><span class=\"versanumer\">5<\/span><\/a>Er ekki vonska \u00fe\u00edn mikil og misgj\u00f6r\u00f0ir \u00fe\u00ednar \u00f3\u00ferj\u00f3tandi?<a name=\"6\"><span class=\"versanumer\">6<\/span><\/a>\u00dev\u00ed a\u00f0 \u00fe\u00fa t\u00f3kst ve\u00f0 af br\u00e6\u00f0rum \u00fe\u00ednum a\u00f0 \u00e1st\u00e6\u00f0ulausu og f\u00e6r\u00f0ir f\u00e1kl\u00e6dda menn \u00far fl\u00edkum \u00feeirra.<a name=\"7\"><span class=\"versanumer\">7<\/span><\/a>\u00de\u00fa gafst ekki hinum \u00f6rmagna vatn a\u00f0 drekka, og hinum hungra\u00f0a synja\u00f0ir \u00fe\u00fa brau\u00f0s.<a name=\"8\"><span class=\"versanumer\">8<\/span><\/a>En hinn voldugi \u00e1tti landi\u00f0, og vir\u00f0ingarma\u00f0urinn bj\u00f3 \u00ed \u00fev\u00ed.<a name=\"9\"><span class=\"versanumer\">9<\/span><\/a>Ekkjur l\u00e9st \u00fe\u00fa fara burt t\u00f3mhentar, og armleggir muna\u00f0arleysingjanna voru brotnir sundur.<a name=\"10\"><span class=\"versanumer\">10<\/span><\/a>Fyrir \u00fev\u00ed eru sn\u00f6rur allt \u00ed kringum \u00feig, og fyrir \u00fev\u00ed skelfir \u00f3tti \u00feig skyndilega!<a name=\"11\"><span class=\"versanumer\">11<\/span><\/a>E\u00f0a s\u00e9r \u00fe\u00fa ekki myrkri\u00f0 og vatnaflauminn, sem hylur \u00feig?<a name=\"12\"><span class=\"versanumer\">12<\/span><\/a>Er ekki Gu\u00f0 himinh\u00e1r? og l\u00edt \u00fe\u00fa \u00e1 hvirfil stjarnanna, hve h\u00e1tt \u00fe\u00e6r gn\u00e6fa!<a name=\"13\"><span class=\"versanumer\">13<\/span><\/a>Og \u00fe\u00fa segir: Hva\u00f0 veit Gu\u00f0? Getur hann d\u00e6mt gegnum sk\u00fdsortann?<a name=\"14\"><span class=\"versanumer\">14<\/span><\/a>Sk\u00fdin skyggja \u00e1 hann, svo a\u00f0 hann s\u00e9r ekki, og hann gengur \u00e1 himinhvelfingunni.<a name=\"15\"><span class=\"versanumer\">15<\/span><\/a>\u00c6tlar \u00fe\u00fa a\u00f0 halda fort\u00ed\u00f0ar lei\u00f0, \u00fe\u00e1 er rangl\u00e1tir menn hafa fari\u00f0?<a name=\"16\"><span class=\"versanumer\">16<\/span><\/a>\u00deeir er kippt var burt fyrir t\u00edmann og grundv\u00f6llur \u00feeirra skola\u00f0ist burt sem straumur,<a name=\"17\"><span class=\"versanumer\">17<\/span><\/a>\u00feeir er s\u00f6g\u00f0u vi\u00f0 Gu\u00f0: V\u00edk fr\u00e1 oss! og hva\u00f0 g\u00e6ti hinn Alm\u00e1ttki gj\u00f6rt fyrir oss?<a name=\"18\"><span class=\"versanumer\">18<\/span><\/a>og \u00fea\u00f0 \u00fe\u00f3 hann fyllti h\u00fas \u00feeirra blessun. Hugarfar \u00f3gu\u00f0legra s\u00e9 fjarri m\u00e9r!<a name=\"19\"><span class=\"versanumer\">19<\/span><\/a>Hinir r\u00e9ttl\u00e1tu sj\u00e1 \u00fea\u00f0 og gle\u00f0jast, og hinn saklausi gj\u00f6rir gys a\u00f0 \u00feeim:<a name=\"20\"><span class=\"versanumer\">20<\/span><\/a>Vissulega er andst\u00e6\u00f0ingur vor a\u00f0 engu or\u00f0inn, og eldurinn hefir eytt leifum \u00feeirra.<a name=\"21\"><span class=\"versanumer\">21<\/span><\/a>Vingast \u00fe\u00fa vi\u00f0 Gu\u00f0, \u00fe\u00e1 muntu vera \u00ed fri\u00f0i, vi\u00f0 \u00fea\u00f0 mun blessun yfir \u00feig koma.<a name=\"22\"><span class=\"versanumer\">22<\/span><\/a>Tak \u00e1 m\u00f3ti kenning af munni hans, og fest \u00fe\u00e9r or\u00f0 hans \u00ed hjarta.<a name=\"23\"><span class=\"versanumer\">23<\/span><\/a>Ef \u00fe\u00fa sn\u00fdr \u00fe\u00e9r til hins Alm\u00e1ttka, au\u00f0m\u00fdkir \u00feig, ef \u00fe\u00fa rekur rangl\u00e6ti\u00f0 langt burt fr\u00e1 tjaldi \u00fe\u00ednu<a name=\"24\"><span class=\"versanumer\">24<\/span><\/a>j\u00e1, varpa\u00f0u gullinu \u00ed dufti\u00f0 og sk\u00edragullinu ofan \u00ed l\u00e6kjam\u00f6lina!<a name=\"25\"><span class=\"versanumer\">25<\/span><\/a>\u00fe\u00e1 skal hinn Alm\u00e1ttki vera gull \u00feitt, vera \u00fe\u00e9r hi\u00f0 sk\u00e6rasta silfur.<a name=\"26\"><span class=\"versanumer\">26<\/span><\/a>J\u00e1, \u00fe\u00e1 munt \u00fe\u00fa hafa yndi af hinum Alm\u00e1ttka og lyfta augliti \u00fe\u00ednu til Gu\u00f0s.<a name=\"27\"><span class=\"versanumer\">27<\/span><\/a>Bi\u00f0jir \u00fe\u00fa til hans, b\u00e6nheyrir hann \u00feig, og heit \u00fe\u00edn munt \u00fe\u00fa grei\u00f0a.<a name=\"28\"><span class=\"versanumer\">28<\/span><\/a>Og \u00e1formir \u00fe\u00fa eitthva\u00f0, mun \u00fe\u00e9r heppnast \u00fea\u00f0, og birta sk\u00edna yfir vegu \u00fe\u00edna.<a name=\"29\"><span class=\"versanumer\">29<\/span><\/a>\u00deegar \u00feeir liggja ni\u00f0ur \u00e1 vi\u00f0, \u00fe\u00e1 kallar \u00fe\u00fa Upp \u00e1 vi\u00f0! og hinum au\u00f0mj\u00faka hj\u00e1lpar hann.<a name=\"30\"><span class=\"versanumer\">30<\/span><\/a>Hann bjargar jafnvel \u00feeim, sem ekki er saklaus, j\u00e1, hann bjargast fyrir hreinleik handa \u00feinna.<\/p>\n<div class=\"footnote1981\"><b>22.3<\/b> \u00c1vinningur Job 35.7; L\u00fak 17.9-10; sbr Job 19.4<br \/>\n<b>22.4<\/b> Fyrir d\u00f3m Job 9.3+<br \/>\n<b>22.6-9<\/b> K\u00fagun sbr Job 31.16-22; Matt 25.34-36<br \/>\n<b>22.6<\/b> Ve\u00f0setja 2M\u00f3s 22.25-26; 5M\u00f3s 24.10-13; Esk 18.12<br \/>\n<b>22.7<\/b> Synja brau\u00f0s og vatns Matt 25.42-43; sbr Jes 58.7<br \/>\n<b>22.8<\/b> Au\u00f0gast me\u00f0 rangindum sbr Job 29.17<br \/>\n<b>22.9<\/b> Ekkjur og muna\u00f0arleysingjar Job 24.3-11; sbr 29.12-13; 5M\u00f3s 15.7-11<br \/>\n<b>22.10<\/b> Sn\u00f6rur Job 18.8+ &#8211; skelfing Job 6.4+<br \/>\n<b>22.12<\/b> Himinh\u00e1r Jes 40.22; Pr\u00e9d 5.1<br \/>\n<b>22.13<\/b> Hva\u00f0 veit Gu\u00f0? Jes 29.15; Slm 73.11<br \/>\n<b>22.15<\/b> St\u00edgur illmenna 1M\u00f3s 6.5,12-13<br \/>\n<b>22.17<\/b> Far\u00f0u fr\u00e1 okkur Job 21.14+<br \/>\n<b>22.18<\/b> G\u00e6\u00f0i H\u00f3s 2.10<br \/>\n<b>22.19<\/b> R\u00e9ttl\u00e1tir s\u00e1u Slm 52.8; 107.42; Opb 18.20<br \/>\n<b>22.21<\/b> N\u00e1\u00f0u s\u00e1ttum vi\u00f0 Gu\u00f0, lif\u00f0u \u00ed fri\u00f0i Jes 27.5; R\u00f3m 5.10+<br \/>\n<b>22.23<\/b> Sn\u00faa s\u00e9r 5M\u00f3s 30.2-10; 1Kon 8.46-51; Jes 44.22<br \/>\n<b>22.24<\/b> Varpa gullinu \u00ed dufti\u00f0 Matt 6.19-21; 19.21<br \/>\n<b>22.25<\/b> Gu\u00f0 er \u00fe\u00e9r gull Slm 16.5-6; Hlj 3.24; sbr Job 31.24<br \/>\n<b>22.26<\/b> Gle\u00f0jast yfir Gu\u00f0i Job 27.10; Jes 58.14 \u2013 hefja auglit \u00feitt Job 11.15<br \/>\n<b>22.27<\/b> Standa vi\u00f0 heit s\u00edn Nah 2.1; Slm 66.13; Pr\u00e9d 5.3-4<br \/>\n<b>22.29<\/b> Gu\u00f0 hj\u00e1lpar au\u00f0mj\u00fakum Jes 57.15; Slm 18.28<br \/>\n<b>22.30<\/b> Bjargast vegna &#8230; Job 42.8; sbr Esk 14.12-20<\/div>\n","protected":false},"excerpt":{"rendered":"<p>1\u00de\u00e1 svara\u00f0i El\u00edfas fr\u00e1 Teman og sag\u00f0i:2Vinnur ma\u00f0urinn Gu\u00f0i gagn? Nei, sj\u00e1lfum s\u00e9r vinnur vitur ma\u00f0ur gagn.3Er \u00fea\u00f0 \u00e1bati fyrir hinn Alm\u00e1ttka, a\u00f0 \u00fe\u00fa ert r\u00e9ttl\u00e1tur, e\u00f0a \u00e1vinningur, a\u00f0 \u00fe\u00fa lifir grandv\u00f6ru l\u00edfi?4Er \u00fea\u00f0 vegna gu\u00f0s\u00f3tta \u00fe\u00edns, a\u00f0 hann refsar \u00fe\u00e9r, a\u00f0 hann dregur \u00feig fyrir d\u00f3m?5Er ekki vonska \u00fe\u00edn mikil og misgj\u00f6r\u00f0ir \u00fe\u00ednar \u00f3\u00ferj\u00f3tandi?6\u00dev\u00ed a\u00f0 \u00fe\u00fa t\u00f3kst ve\u00f0 af br\u00e6\u00f0rum \u00fe\u00ednum a\u00f0 \u00e1st\u00e6\u00f0ulausu og f\u00e6r\u00f0ir f\u00e1kl\u00e6dda menn \u00far fl\u00edkum \u00feeirra.7\u00de\u00fa gafst ekki hinum \u00f6rmagna vatn a\u00f0 drekka, og hinum hungra\u00f0a synja\u00f0ir \u00fe\u00fa brau\u00f0s.8En hinn voldugi \u00e1tti landi\u00f0, og vir\u00f0ingarma\u00f0urinn bj\u00f3 \u00ed \u00fev\u00ed.9Ekkjur l\u00e9st \u00fe\u00fa fara burt t\u00f3mhentar, og armleggir <a href=\"https:\/\/biblian.is\/1981\/jobsbok-22-kafli\/\"> [&#8230;]<\/a><\/p>\n","protected":false},"author":1,"featured_media":0,"parent":0,"menu_order":0,"comment_status":"open","ping_status":"open","template":"bibliukaflar.php","meta":{"footnotes":""},"class_list":["post-1804","page","type-page","status-publish","hentry"],"_links":{"self":[{"href":"https:\/\/biblian.is\/1981\/wp-json\/wp\/v2\/pages\/1804","targetHints":{"allow":["GET"]}}],"collection":[{"href":"https:\/\/biblian.is\/1981\/wp-json\/wp\/v2\/pages"}],"about":[{"href":"https:\/\/biblian.is\/1981\/wp-json\/wp\/v2\/types\/page"}],"author":[{"embeddable":true,"href":"https:\/\/biblian.is\/1981\/wp-json\/wp\/v2\/users\/1"}],"replies":[{"embeddable":true,"href":"https:\/\/biblian.is\/1981\/wp-json\/wp\/v2\/comments?post=1804"}],"version-history":[{"count":0,"href":"https:\/\/biblian.is\/1981\/wp-json\/wp\/v2\/pages\/1804\/revisions"}],"wp:attachment":[{"href":"https:\/\/biblian.is\/1981\/wp-json\/wp\/v2\/media?parent=1804"}],"curies":[{"name":"wp","href":"https:\/\/api.w.org\/{rel}","templated":true}]}}