{"id":1803,"date":"2017-11-18T20:18:43","date_gmt":"2017-11-18T20:18:43","guid":{"rendered":"http:\/\/biblian.is\/1981\/jobsbok-21-kafli\/"},"modified":"2017-11-18T20:18:43","modified_gmt":"2017-11-18T20:18:43","slug":"jobsbok-21-kafli","status":"publish","type":"page","link":"https:\/\/biblian.is\/1981\/jobsbok-21-kafli\/","title":{"rendered":"Jobsb\u00f3k 21. kafli"},"content":{"rendered":"<p><a name=\"1\"><span class=\"versanumer\">1<\/span><\/a>\u00de\u00e1 svara\u00f0i Job og sag\u00f0i:<a name=\"2\"><span class=\"versanumer\">2<\/span><\/a>Hlusti\u00f0 gaumg\u00e6filega \u00e1 m\u00e1l mitt, og l\u00e1ti\u00f0 \u00fea\u00f0 vera huggun af y\u00f0ar hendi.<a name=\"3\"><span class=\"versanumer\">3<\/span><\/a>Unni\u00f0 m\u00e9r \u00feess, a\u00f0 \u00e9g tali, og \u00feegar \u00e9g hefi tala\u00f0 \u00fat, \u00fe\u00e1 m\u00e1tt \u00fe\u00fa h\u00e6\u00f0a.<a name=\"4\"><span class=\"versanumer\">4<\/span><\/a>Er \u00e9g \u00fe\u00e1 a\u00f0 kvarta yfir m\u00f6nnum? e\u00f0a hv\u00ed skyldi \u00e9g ekki vera \u00f3\u00feolinm\u00f3\u00f0ur?<a name=\"5\"><span class=\"versanumer\">5<\/span><\/a>L\u00edti\u00f0 til m\u00edn og undrist og leggi\u00f0 h\u00f6nd \u00e1 munn!<a name=\"6\"><span class=\"versanumer\">6<\/span><\/a>J\u00e1, \u00feegar \u00e9g hugsa um \u00fea\u00f0, skelfist \u00e9g, og hryllingur fer um mig allan.<a name=\"7\"><span class=\"versanumer\">7<\/span><\/a>Hvers vegna lifa hinir \u00f3gu\u00f0legu, ver\u00f0a gamlir, j\u00e1, magnast a\u00f0 krafti?<a name=\"8\"><span class=\"versanumer\">8<\/span><\/a>Ni\u00f0jar \u00feeirra dafna fyrir augliti \u00feeirra hj\u00e1 \u00feeim og afsprengi \u00feeirra fyrir augum \u00feeirra.<a name=\"9\"><span class=\"versanumer\">9<\/span><\/a>H\u00fas \u00feeirra eru \u00f3hult og \u00f3ttalaus, og hirtingarv\u00f6ndur Gu\u00f0s kemur ekki ni\u00f0ur \u00e1 \u00feeim.<a name=\"10\"><span class=\"versanumer\">10<\/span><\/a>Boli \u00feeirra kelfir og kemur a\u00f0 gagni, k\u00fdr \u00feeirra ber og l\u00e6tur ekki k\u00e1lfi.<a name=\"11\"><span class=\"versanumer\">11<\/span><\/a>\u00deeir hleypa \u00fat b\u00f6rnum s\u00ednum eins og lambahj\u00f6r\u00f0, og sm\u00e1sveinar \u00feeirra hoppa og leika s\u00e9r.<a name=\"12\"><span class=\"versanumer\">12<\/span><\/a>\u00deeir syngja h\u00e1tt undir me\u00f0 bumbum og g\u00edgjum og gle\u00f0jast vi\u00f0 hlj\u00f3m hjar\u00f0p\u00edpunnar.<a name=\"13\"><span class=\"versanumer\">13<\/span><\/a>\u00deeir ey\u00f0a d\u00f6gum s\u00ednum \u00ed velgengni og fara til Heljar \u00ed fri\u00f0i,<a name=\"14\"><span class=\"versanumer\">14<\/span><\/a>og \u00fe\u00f3 s\u00f6g\u00f0u \u00feeir vi\u00f0 Gu\u00f0: V\u00edk fr\u00e1 oss a\u00f0 \u00feekkja \u00fe\u00edna vegu girnumst v\u00e9r eigi.<a name=\"15\"><span class=\"versanumer\">15<\/span><\/a>Hva\u00f0 er hinn Alm\u00e1ttki, a\u00f0 v\u00e9r skyldum d\u00fdrka hann, og hva\u00f0 skyldi \u00fea\u00f0 sto\u00f0a oss a\u00f0 leita hans \u00ed b\u00e6n?<a name=\"16\"><span class=\"versanumer\">16<\/span><\/a>Sj\u00e1, g\u00e6fa \u00feeirra er ekki \u00e1 \u00feeirra valdi, r\u00e1\u00f0lag \u00f3gu\u00f0legra er fjarri m\u00e9r.<a name=\"17\"><span class=\"versanumer\">17<\/span><\/a>Hversu oft slokknar \u00fe\u00e1 \u00e1 lampa hinna \u00f3gu\u00f0legu, og hversu oft kemur \u00f3g\u00e6fa \u00feeirra yfir \u00fe\u00e1? Hversu oft deilir Gu\u00f0 \u00feeim hlutskiptum \u00ed rei\u00f0i sinni?<a name=\"18\"><span class=\"versanumer\">18<\/span><\/a>Hversu oft ver\u00f0a \u00feeir sem str\u00e1 fyrir vindi og sem s\u00e1\u00f0ir, er stormurinn feykir burt?<a name=\"19\"><span class=\"versanumer\">19<\/span><\/a>Gu\u00f0 geymir b\u00f6rnum hans \u00f3hamingju hans. Endurgjaldi hann honum sj\u00e1lfum, svo a\u00f0 hann f\u00e1i a\u00f0 kenna \u00e1 \u00fev\u00ed!<a name=\"20\"><span class=\"versanumer\">20<\/span><\/a>Sj\u00e1i augu sj\u00e1lfs hans gl\u00f6tun hans, og drekki hann sj\u00e1lfur af rei\u00f0i hins Alm\u00e1ttka!<a name=\"21\"><span class=\"versanumer\">21<\/span><\/a>\u00dev\u00ed a\u00f0 hva\u00f0 hir\u00f0ir hann um h\u00fas sitt eftir dau\u00f0ann, \u00feegar tala m\u00e1na\u00f0a hans er fullnu\u00f0?<a name=\"22\"><span class=\"versanumer\">22<\/span><\/a>\u00c6tla menn a\u00f0 kenna Gu\u00f0i visku e\u00f0a d\u00e6ma hinn h\u00e6sta?<a name=\"23\"><span class=\"versanumer\">23<\/span><\/a>Einn deyr \u00ed mestu velgengni, fullkomlega \u00e1hyggjulaus og \u00e1n\u00e6g\u00f0ur,<a name=\"24\"><span class=\"versanumer\">24<\/span><\/a>trog hans eru full af mj\u00f3lk, og mergurinn \u00ed beinum hans er safamikill.<a name=\"25\"><span class=\"versanumer\">25<\/span><\/a>Og annar deyr me\u00f0 beiskju \u00ed huga og hefir aldrei noti\u00f0 hamingjunnar.<a name=\"26\"><span class=\"versanumer\">26<\/span><\/a>\u00deeir hv\u00edla b\u00e1\u00f0ir \u00ed duftinu, og ma\u00f0karnir hylja \u00fe\u00e1.<a name=\"27\"><span class=\"versanumer\">27<\/span><\/a>Sj\u00e1, \u00e9g \u00feekki hugsanir y\u00f0ar og fyrir\u00e6tlanir, a\u00f0 beita mig ofbeldi.<a name=\"28\"><span class=\"versanumer\">28<\/span><\/a>\u00deegar \u00fe\u00e9r segi\u00f0: Hvar er h\u00fas har\u00f0stj\u00f3rans og hvar er tjaldi\u00f0, sem hinir \u00f3gu\u00f0legu bjuggu \u00ed?<a name=\"29\"><span class=\"versanumer\">29<\/span><\/a>hafi\u00f0 \u00fe\u00e9r \u00fe\u00e1 ekki spurt vegfarendur, og s\u00f6nnunum \u00feeirra munu\u00f0 \u00fe\u00e9r ekki hafna<a name=\"30\"><span class=\"versanumer\">30<\/span><\/a>a\u00f0 \u00e1 degi gl\u00f6tunarinnar er hinum vonda \u00feyrmt, \u00e1 rei\u00f0innar degi er \u00feeim skoti\u00f0 undan.<a name=\"31\"><span class=\"versanumer\">31<\/span><\/a>Hver setur honum breytni hans fyrir sj\u00f3nir? Og \u00feegar hann gj\u00f6rir eitthva\u00f0, hver endurgeldur honum?<a name=\"32\"><span class=\"versanumer\">32<\/span><\/a>Og til grafar er hann borinn og vaka\u00f0 er yfir legsta\u00f0num.<a name=\"33\"><span class=\"versanumer\">33<\/span><\/a>Moldarhnausar dalsins liggja mj\u00faklega ofan \u00e1 honum, og eftir honum flykkjast allir menn, eins og \u00f3teljandi eru \u00e1 undan honum farnir.<a name=\"34\"><span class=\"versanumer\">34<\/span><\/a>Og hvernig megi\u00f0 \u00fe\u00e9r \u00fe\u00e1 hugga mig me\u00f0 h\u00e9g\u00f3ma, og andsv\u00f6r y\u00f0ar sviksemin ein er eftir!<\/p>\n<div class=\"footnote1981\"><b>21.5<\/b> Leggja h\u00f6nd \u00e1 munn Job 29.9; 40.4; M\u00edk 7.16; S\u00edr 5.12<br \/>\n<b>21.7<\/b> Gu\u00f0leysingjar lifa Job 12.6+<br \/>\n<b>21.11<\/b> Dansa sbr Sak 8.5<br \/>\n<b>21.12<\/b> Trommur og s\u00edtar Jes 5.12; 14.11; Am 6.5<br \/>\n<b>21.13<\/b> Til undirheima Job 24.24; L\u00fak 12.20<br \/>\n<b>21.14<\/b> Far\u00f0u fr\u00e1 oss Job 22.17; Jes 30.11; Jer 2.31 \u2013 Viljum ekki \u00feekkja &#8230; Mal 3.14; sbr Slm 16.11<br \/>\n<b>21.17<\/b> Lampi Job 18.5+<br \/>\n<b>21.18<\/b> Sem h\u00e1lmur Slm 1.4<br \/>\n<b>21.19<\/b> Misgj\u00f6r\u00f0ir fe\u00f0ranna 2M\u00f3s 20.5-6 og hlst.; sbr 5M\u00f3s 24.16; Esk 18.2-4<br \/>\n<b>21.21<\/b> Eftir dau\u00f0ann 2Kon 20.19<br \/>\n<b>21.25<\/b> Bitur \u00ed brag\u00f0i Job 7.11+<br \/>\n<b>21.26<\/b> Hv\u00edla \u00ed mold Job 3.19+<br \/>\n<b>21.30<\/b> Illmenni \u00feyrmt Job 24.22-23; Slm 73.5; R\u00f3m 9.22<br \/>\n<b>21.32<\/b> Borinn til grafar L\u00fak 16.22<br \/>\n<b>21.34<\/b> Hugga Job 15.11+<\/div>\n","protected":false},"excerpt":{"rendered":"<p>1\u00de\u00e1 svara\u00f0i Job og sag\u00f0i:2Hlusti\u00f0 gaumg\u00e6filega \u00e1 m\u00e1l mitt, og l\u00e1ti\u00f0 \u00fea\u00f0 vera huggun af y\u00f0ar hendi.3Unni\u00f0 m\u00e9r \u00feess, a\u00f0 \u00e9g tali, og \u00feegar \u00e9g hefi tala\u00f0 \u00fat, \u00fe\u00e1 m\u00e1tt \u00fe\u00fa h\u00e6\u00f0a.4Er \u00e9g \u00fe\u00e1 a\u00f0 kvarta yfir m\u00f6nnum? e\u00f0a hv\u00ed skyldi \u00e9g ekki vera \u00f3\u00feolinm\u00f3\u00f0ur?5L\u00edti\u00f0 til m\u00edn og undrist og leggi\u00f0 h\u00f6nd \u00e1 munn!6J\u00e1, \u00feegar \u00e9g hugsa um \u00fea\u00f0, skelfist \u00e9g, og hryllingur fer um mig allan.7Hvers vegna lifa hinir \u00f3gu\u00f0legu, ver\u00f0a gamlir, j\u00e1, magnast a\u00f0 krafti?8Ni\u00f0jar \u00feeirra dafna fyrir augliti \u00feeirra hj\u00e1 \u00feeim og afsprengi \u00feeirra fyrir augum \u00feeirra.9H\u00fas \u00feeirra eru \u00f3hult og \u00f3ttalaus, og hirtingarv\u00f6ndur Gu\u00f0s kemur ekki <a href=\"https:\/\/biblian.is\/1981\/jobsbok-21-kafli\/\"> [&#8230;]<\/a><\/p>\n","protected":false},"author":1,"featured_media":0,"parent":0,"menu_order":0,"comment_status":"open","ping_status":"open","template":"bibliukaflar.php","meta":{"footnotes":""},"class_list":["post-1803","page","type-page","status-publish","hentry"],"_links":{"self":[{"href":"https:\/\/biblian.is\/1981\/wp-json\/wp\/v2\/pages\/1803","targetHints":{"allow":["GET"]}}],"collection":[{"href":"https:\/\/biblian.is\/1981\/wp-json\/wp\/v2\/pages"}],"about":[{"href":"https:\/\/biblian.is\/1981\/wp-json\/wp\/v2\/types\/page"}],"author":[{"embeddable":true,"href":"https:\/\/biblian.is\/1981\/wp-json\/wp\/v2\/users\/1"}],"replies":[{"embeddable":true,"href":"https:\/\/biblian.is\/1981\/wp-json\/wp\/v2\/comments?post=1803"}],"version-history":[{"count":0,"href":"https:\/\/biblian.is\/1981\/wp-json\/wp\/v2\/pages\/1803\/revisions"}],"wp:attachment":[{"href":"https:\/\/biblian.is\/1981\/wp-json\/wp\/v2\/media?parent=1803"}],"curies":[{"name":"wp","href":"https:\/\/api.w.org\/{rel}","templated":true}]}}