{"id":1802,"date":"2017-11-18T20:18:43","date_gmt":"2017-11-18T20:18:43","guid":{"rendered":"http:\/\/biblian.is\/1981\/jobsbok-20-kafli\/"},"modified":"2017-11-18T20:18:43","modified_gmt":"2017-11-18T20:18:43","slug":"jobsbok-20-kafli","status":"publish","type":"page","link":"https:\/\/biblian.is\/1981\/jobsbok-20-kafli\/","title":{"rendered":"Jobsb\u00f3k 20. kafli"},"content":{"rendered":"<p><a name=\"1\"><span class=\"versanumer\">1<\/span><\/a>\u00de\u00e1 svara\u00f0i S\u00f3far fr\u00e1 Naama og sag\u00f0i:<a name=\"2\"><span class=\"versanumer\">2<\/span><\/a>Fyrir \u00fev\u00ed veita hugsanir m\u00ednar m\u00e9r andsv\u00f6r og af \u00fev\u00ed a\u00f0 \u00fea\u00f0 s\u00fd\u00f0ur \u00ed m\u00e9r:<a name=\"3\"><span class=\"versanumer\">3<\/span><\/a>\u00c9g ver\u00f0 a\u00f0 hlusta \u00e1 h\u00e1\u00f0ulegar \u00e1v\u00edtur, en andi minn gefur m\u00e9r skilning a\u00f0 svara.<a name=\"4\"><span class=\"versanumer\">4<\/span><\/a>Veist \u00fe\u00fa, a\u00f0 svo hefir \u00fea\u00f0 veri\u00f0 fr\u00e1 eil\u00edf\u00f0, fr\u00e1 \u00fev\u00ed er menn voru settir \u00e1 j\u00f6r\u00f0ina,<a name=\"5\"><span class=\"versanumer\">5<\/span><\/a>a\u00f0 f\u00f6gnu\u00f0ur \u00f3gu\u00f0legra er skamm\u00e6r og a\u00f0 gle\u00f0i hins gu\u00f0lausa varir \u00f6rskotsstund?<a name=\"6\"><span class=\"versanumer\">6<\/span><\/a>\u00de\u00f3 a\u00f0 sj\u00e1lfbirgingskapur hans nemi vi\u00f0 himin og h\u00f6fu\u00f0 hans n\u00e1i upp \u00ed sk\u00fdin,<a name=\"7\"><span class=\"versanumer\">7<\/span><\/a>\u00fe\u00e1 ver\u00f0ur hann \u00fe\u00f3 eil\u00edflega a\u00f0 engu eins og hans  eigin saur, \u00feeir, sem s\u00e1u hann, segja: Hvar er hann?<a name=\"8\"><span class=\"versanumer\">8<\/span><\/a>Hann l\u00ed\u00f0ur burt eins og draumur, svo a\u00f0 hann finnstekki, og hverfur eins og n\u00e6turs\u00fdn.<a name=\"9\"><span class=\"versanumer\">9<\/span><\/a>Auga\u00f0, sem \u00e1 hann horf\u00f0i, s\u00e9r hann eigi aftur, og b\u00fasta\u00f0ur hans l\u00edtur hann aldrei framar.<a name=\"10\"><span class=\"versanumer\">10<\/span><\/a>B\u00f6rn hans sn\u00edkja \u00e1 snau\u00f0a menn, og hendur \u00feeirra skila aftur eigum hans.<a name=\"11\"><span class=\"versanumer\">11<\/span><\/a>\u00de\u00f3tt bein hans s\u00e9u full af \u00e6sku\u00fer\u00f3tti, leggjast \u00feau samt me\u00f0 honum \u00ed moldu.<a name=\"12\"><span class=\"versanumer\">12<\/span><\/a>\u00de\u00f3tt hi\u00f0 illa s\u00e9 honum s\u00e6tt \u00ed munni, \u00fe\u00f3tt hann feli \u00fea\u00f0 undir tungu sinni,<a name=\"13\"><span class=\"versanumer\">13<\/span><\/a>\u00fe\u00f3tt hann treini s\u00e9r \u00fea\u00f0 og vilji ekki sleppa \u00fev\u00ed og haldi \u00fev\u00ed eftir \u00ed mi\u00f0jum g\u00f3mnum,<a name=\"14\"><span class=\"versanumer\">14<\/span><\/a>\u00fe\u00e1 breytist \u00fe\u00f3 f\u00e6\u00f0an \u00ed inn\u00fdflum hans, \u00ed n\u00f6\u00f0rugall \u00ed kvi\u00f0i honum.<a name=\"15\"><span class=\"versanumer\">15<\/span><\/a>Au\u00f0 gleypti hann hann ver\u00f0ur a\u00f0 \u00e6la honum aftur, Gu\u00f0 keyrir hann \u00far kvi\u00f0i hans.<a name=\"16\"><span class=\"versanumer\">16<\/span><\/a>N\u00f6\u00f0rueitur saug hann, tunga eiturormsins dey\u00f0ir hann.<a name=\"17\"><span class=\"versanumer\">17<\/span><\/a>Hann m\u00e1 ekki gle\u00f0jast yfir l\u00e6kjum, yfir rennandi \u00e1m hunangs og rj\u00f3ma.<a name=\"18\"><span class=\"versanumer\">18<\/span><\/a>Hann l\u00e6tur af hendi aflaf\u00e9\u00f0 og gleypir \u00fea\u00f0 eigi, au\u00f0urinn sem hann gr\u00e6ddi, veitir honum eigi eftirv\u00e6nta gle\u00f0i.<a name=\"19\"><span class=\"versanumer\">19<\/span><\/a>\u00dev\u00ed a\u00f0 hann k\u00faga\u00f0i snau\u00f0a og l\u00e9t \u00fe\u00e1 eftir hj\u00e1lparlausa, s\u00f6lsa\u00f0i undir sig h\u00fas, en bygg\u00f0i ekki.<a name=\"20\"><span class=\"versanumer\">20<\/span><\/a>\u00dev\u00ed a\u00f0 hann \u00feekkti enga r\u00f3 \u00ed maga s\u00ednum, \u00fe\u00f3 f\u00e6r hann eigi for\u00f0a\u00f0 \u00fev\u00ed, sem honum er d\u00fdrm\u00e6tast.<a name=\"21\"><span class=\"versanumer\">21<\/span><\/a>Ekkert komst undan gr\u00e6\u00f0gi hans, fyrir \u00fev\u00ed er vels\u00e6ld hans eigi varanleg.<a name=\"22\"><span class=\"versanumer\">22<\/span><\/a>\u00de\u00f3tt hann hafi allsn\u00e6gtir, kemst hann \u00ed nau\u00f0ir, allt magn m\u00e6\u00f0unnar kemur yfir hann.<a name=\"23\"><span class=\"versanumer\">23<\/span><\/a>\u00de\u00e1 ver\u00f0ur \u00fea\u00f0: Til \u00feess a\u00f0 fylla kvi\u00f0 hans sendir Gu\u00f0 \u00ed hann s\u00edna brennandi rei\u00f0i og l\u00e6tur mat s\u00ednum rigna yfir hann.<a name=\"24\"><span class=\"versanumer\">24<\/span><\/a>Fl\u00fdi hann fyrir j\u00e1rnvopnunum, \u00fe\u00e1 borar eirboginn hann \u00ed gegn.<a name=\"25\"><span class=\"versanumer\">25<\/span><\/a>Hann dregur \u00f6rina \u00fat, \u00fe\u00e1 kemur h\u00fan \u00fat um baki\u00f0, og hinn blikandi oddur kemur \u00fat \u00far galli hans skelfing gr\u00edpur hann.<a name=\"26\"><span class=\"versanumer\">26<\/span><\/a>Allur \u00f3farna\u00f0ur er geymdur au\u00f0\u00e6fum hans, eldur, sem enginn bl\u00e6s a\u00f0, ey\u00f0ir honum, hann etur \u00fea\u00f0, sem eftir er \u00ed tjaldi hans.<a name=\"27\"><span class=\"versanumer\">27<\/span><\/a>Himinninn afhj\u00fapar misgj\u00f6r\u00f0 hans, og j\u00f6r\u00f0in gj\u00f6rir uppreisn \u00ed m\u00f3ti honum.<a name=\"28\"><span class=\"versanumer\">28<\/span><\/a>Gr\u00f3\u00f0i h\u00fass hans fer \u00ed \u00fatleg\u00f0, rennur burt \u00ed allar \u00e1ttir \u00e1 degi rei\u00f0innar.<a name=\"29\"><span class=\"versanumer\">29<\/span><\/a>\u00deetta er \u00f3gu\u00f0legs manns hlutskipti fr\u00e1 Gu\u00f0i og arfleif\u00f0 s\u00fa, sem honum er \u00fathlutu\u00f0 af hinum Alm\u00e1ttka.<\/p>\n<div class=\"footnote1981\"><b>20.5<\/b> Skamm\u00e6r gle\u00f0i Job 18.5-21; Slm 37; 73<br \/>\n<b>20.6<\/b> Nemi vi\u00f0 sk\u00fd 1M\u00f3s 11.4; Jes 14.13-14; Dan 4.11,20<br \/>\n<b>20.8<\/b> L\u00ed\u00f0ur burt Slm 73.20; 90.5<br \/>\n<b>20.12-14<\/b> S\u00e6tt \u00ed munni, sl\u00e6mt \u00ed maga Esk 3.3; Opb 10.9-10<br \/>\n<b>20.16<\/b> N\u00f6\u00f0rueitur 5M\u00f3s 32.32-33; Slm 58.5; Jak 3.8<br \/>\n<b>20.17<\/b> Streymandi mj\u00f3lk Job 29.6<br \/>\n<b>20.19<\/b> S\u00f6lsa\u00f0i undir sig Mrk 12.40<br \/>\n<b>20.23<\/b> Sendir rei\u00f0i s\u00edna L\u00fak 12.19-20<br \/>\n<b>20.24<\/b> Hvergi skj\u00f3l Jes 24.18; Am 5.19<br \/>\n<b>20.25<\/b> Skelfing Job 6.4+<br \/>\n<b>20.26<\/b> Engin bl\u00e6s a\u00f0 Dan 2.34,45<br \/>\n<b>20.28<\/b> Fl\u00f3\u00f0 skolar burt Sef 1.18; Okv 11.4<br \/>\n<b>20.29<\/b> Hlutur gu\u00f0leysingjans Job 27.13; Opb 21.8; sbr 1Kor 6.9-10<\/div>\n","protected":false},"excerpt":{"rendered":"<p>1\u00de\u00e1 svara\u00f0i S\u00f3far fr\u00e1 Naama og sag\u00f0i:2Fyrir \u00fev\u00ed veita hugsanir m\u00ednar m\u00e9r andsv\u00f6r og af \u00fev\u00ed a\u00f0 \u00fea\u00f0 s\u00fd\u00f0ur \u00ed m\u00e9r:3\u00c9g ver\u00f0 a\u00f0 hlusta \u00e1 h\u00e1\u00f0ulegar \u00e1v\u00edtur, en andi minn gefur m\u00e9r skilning a\u00f0 svara.4Veist \u00fe\u00fa, a\u00f0 svo hefir \u00fea\u00f0 veri\u00f0 fr\u00e1 eil\u00edf\u00f0, fr\u00e1 \u00fev\u00ed er menn voru settir \u00e1 j\u00f6r\u00f0ina,5a\u00f0 f\u00f6gnu\u00f0ur \u00f3gu\u00f0legra er skamm\u00e6r og a\u00f0 gle\u00f0i hins gu\u00f0lausa varir \u00f6rskotsstund?6\u00de\u00f3 a\u00f0 sj\u00e1lfbirgingskapur hans nemi vi\u00f0 himin og h\u00f6fu\u00f0 hans n\u00e1i upp \u00ed sk\u00fdin,7\u00fe\u00e1 ver\u00f0ur hann \u00fe\u00f3 eil\u00edflega a\u00f0 engu eins og hans eigin saur, \u00feeir, sem s\u00e1u hann, segja: Hvar er hann?8Hann l\u00ed\u00f0ur burt eins og draumur, svo <a href=\"https:\/\/biblian.is\/1981\/jobsbok-20-kafli\/\"> [&#8230;]<\/a><\/p>\n","protected":false},"author":1,"featured_media":0,"parent":0,"menu_order":0,"comment_status":"open","ping_status":"open","template":"bibliukaflar.php","meta":{"footnotes":""},"class_list":["post-1802","page","type-page","status-publish","hentry"],"_links":{"self":[{"href":"https:\/\/biblian.is\/1981\/wp-json\/wp\/v2\/pages\/1802","targetHints":{"allow":["GET"]}}],"collection":[{"href":"https:\/\/biblian.is\/1981\/wp-json\/wp\/v2\/pages"}],"about":[{"href":"https:\/\/biblian.is\/1981\/wp-json\/wp\/v2\/types\/page"}],"author":[{"embeddable":true,"href":"https:\/\/biblian.is\/1981\/wp-json\/wp\/v2\/users\/1"}],"replies":[{"embeddable":true,"href":"https:\/\/biblian.is\/1981\/wp-json\/wp\/v2\/comments?post=1802"}],"version-history":[{"count":0,"href":"https:\/\/biblian.is\/1981\/wp-json\/wp\/v2\/pages\/1802\/revisions"}],"wp:attachment":[{"href":"https:\/\/biblian.is\/1981\/wp-json\/wp\/v2\/media?parent=1802"}],"curies":[{"name":"wp","href":"https:\/\/api.w.org\/{rel}","templated":true}]}}