{"id":1801,"date":"2017-11-18T20:18:43","date_gmt":"2017-11-18T20:18:43","guid":{"rendered":"http:\/\/biblian.is\/1981\/jobsbok-19-kafli\/"},"modified":"2017-11-18T20:18:43","modified_gmt":"2017-11-18T20:18:43","slug":"jobsbok-19-kafli","status":"publish","type":"page","link":"https:\/\/biblian.is\/1981\/jobsbok-19-kafli\/","title":{"rendered":"Jobsb\u00f3k 19. kafli"},"content":{"rendered":"<p><a name=\"1\"><span class=\"versanumer\">1<\/span><\/a>\u00de\u00e1 svara\u00f0i Job og sag\u00f0i:<a name=\"2\"><span class=\"versanumer\">2<\/span><\/a>Hversu lengi \u00e6tli\u00f0 \u00fe\u00e9r a\u00f0 angra s\u00e1l m\u00edna og mylja mig sundur me\u00f0 or\u00f0um?<a name=\"3\"><span class=\"versanumer\">3<\/span><\/a>\u00de\u00e9r hafi\u00f0 \u00feegar sm\u00e1na\u00f0 mig t\u00edu sinnum, \u00fe\u00e9r skammist y\u00f0ar ekki fyrir a\u00f0 mis\u00feyrma m\u00e9r.<a name=\"4\"><span class=\"versanumer\">4<\/span><\/a>Og hafi m\u00e9r \u00ed raun og veru or\u00f0i\u00f0 \u00e1, \u00fe\u00e1 var\u00f0ar \u00fea\u00f0 mig einan.<a name=\"5\"><span class=\"versanumer\">5<\/span><\/a>Ef \u00fe\u00e9r \u00ed raun og veru \u00e6tli\u00f0 a\u00f0 hrokast upp yfir  mig, \u00fe\u00e1 sanni\u00f0 m\u00e9r sv\u00edvir\u00f0ing m\u00edna.<a name=\"6\"><span class=\"versanumer\">6<\/span><\/a>Kannist \u00fe\u00f3 vi\u00f0, a\u00f0 Gu\u00f0 hafi halla\u00f0 r\u00e9tti m\u00ednum og umkringt mig me\u00f0 neti s\u00ednu.<a name=\"7\"><span class=\"versanumer\">7<\/span><\/a>Sj\u00e1, \u00e9g kalla: Ofbeldi! og f\u00e6 ekkert svar, \u00e9g kalla \u00e1 hj\u00e1lp, en engan r\u00e9tt er a\u00f0 f\u00e1.<a name=\"8\"><span class=\"versanumer\">8<\/span><\/a>Gu\u00f0 hefir girt fyrir veg minn, svo a\u00f0 \u00e9g kemst ekki  \u00e1fram, og stigu m\u00edna hylur hann myrkri.<a name=\"9\"><span class=\"versanumer\">9<\/span><\/a>Hei\u00f0ri m\u00ednum hefir hann afkl\u00e6tt mig og teki\u00f0 k\u00f3r\u00f3nuna af h\u00f6f\u00f0i m\u00e9r.<a name=\"10\"><span class=\"versanumer\">10<\/span><\/a>Hann br\u00fdtur mig ni\u00f0ur \u00e1 allar hli\u00f0ar, svo a\u00f0 \u00e9g fari burt, og sl\u00edtur upp von m\u00edna eins og tr\u00e9.<a name=\"11\"><span class=\"versanumer\">11<\/span><\/a>Hann l\u00e6tur rei\u00f0i s\u00edna b\u00e1last gegn m\u00e9r og telur mig \u00f3vin sinn.<a name=\"12\"><span class=\"versanumer\">12<\/span><\/a>Skarar hans koma allir saman og leggja braut s\u00edna gegn m\u00e9r og setja herb\u00fa\u00f0ir s\u00ednar kringum tjald mitt.<a name=\"13\"><span class=\"versanumer\">13<\/span><\/a>Br\u00e6\u00f0ur m\u00edna hefir hann gj\u00f6rt m\u00e9r fr\u00e1hverfa, og vinir m\u00ednir vilja eigi framar vi\u00f0 m\u00e9r l\u00edta.<a name=\"14\"><span class=\"versanumer\">14<\/span><\/a>Skyldmenni m\u00edn l\u00e1ta ekki sj\u00e1 sig, og kunningjar m\u00ednir hafa gleymt m\u00e9r.<a name=\"15\"><span class=\"versanumer\">15<\/span><\/a>Skj\u00f3lst\u00e6\u00f0ingar h\u00fass m\u00edns og \u00feernur m\u00ednar \u00e1l\u00edta mig a\u00f0komumann, og \u00e9g er or\u00f0inn \u00fatlendingur \u00ed augum \u00feeirra.<a name=\"16\"><span class=\"versanumer\">16<\/span><\/a>Kalli \u00e9g \u00e1 \u00fej\u00f3n minn, svarar hann ekki, \u00e9g ver\u00f0 a\u00f0 s\u00e1rb\u00e6na hann me\u00f0 munni m\u00ednum.<a name=\"17\"><span class=\"versanumer\">17<\/span><\/a>Andi minn er konu minni framandlegur, og br\u00e6\u00f0ur m\u00ednir for\u00f0ast mig.<a name=\"18\"><span class=\"versanumer\">18<\/span><\/a>Jafnvel b\u00f6rnin fyrirl\u00edta mig, standi \u00e9g upp, spotta \u00feau mig.<a name=\"19\"><span class=\"versanumer\">19<\/span><\/a>Alla m\u00edna al\u00fa\u00f0arvini stuggar vi\u00f0 m\u00e9r, og \u00feeir sem \u00e9g elska\u00f0i, hafa sn\u00faist \u00e1 m\u00f3ti m\u00e9r.<a name=\"20\"><span class=\"versanumer\">20<\/span><\/a>Bein m\u00edn l\u00edmast vi\u00f0 h\u00f6rund mitt og hold, og \u00e9g hefi sloppi\u00f0 me\u00f0 tannholdi\u00f0 eitt.<a name=\"21\"><span class=\"versanumer\">21<\/span><\/a>Aumki\u00f0 mig, aumki\u00f0 mig, vinir m\u00ednir, \u00fev\u00ed a\u00f0 h\u00f6nd Gu\u00f0s hefir losti\u00f0 mig.<a name=\"22\"><span class=\"versanumer\">22<\/span><\/a>Hv\u00ed ofs\u00e6ki\u00f0 \u00fe\u00e9r mig eins og Gu\u00f0 og ver\u00f0i\u00f0 eigi saddir \u00e1 holdi m\u00ednu?<a name=\"23\"><span class=\"versanumer\">23<\/span><\/a>\u00d3 a\u00f0 or\u00f0 m\u00edn v\u00e6ru skrifu\u00f0 upp, \u00f3 a\u00f0 \u00feau v\u00e6ru skr\u00e1\u00f0 \u00ed b\u00f3k<a name=\"24\"><span class=\"versanumer\">24<\/span><\/a>me\u00f0 j\u00e1rnst\u00edl og bl\u00fdi, a\u00f0 eil\u00edfu h\u00f6ggvin \u00ed klett!<a name=\"25\"><span class=\"versanumer\">25<\/span><\/a>\u00c9g veit, a\u00f0 lausnari minn lifir, og hann mun s\u00ed\u00f0astur ganga fram \u00e1 foldu.<a name=\"26\"><span class=\"versanumer\">26<\/span><\/a>Og eftir a\u00f0 \u00feessi h\u00fa\u00f0 m\u00edn er sundurt\u00e6tt og allt hold er af m\u00e9r, mun \u00e9g l\u00edta Gu\u00f0.<a name=\"27\"><span class=\"versanumer\">27<\/span><\/a>\u00c9g mun l\u00edta hann m\u00e9r til g\u00f3\u00f0s, j\u00e1, augu m\u00edn sj\u00e1 hann, og \u00fea\u00f0 eigi sem andst\u00e6\u00f0ing, hjarta\u00f0 brennur af \u00fer\u00e1 \u00ed brj\u00f3sti m\u00e9r!<a name=\"28\"><span class=\"versanumer\">28<\/span><\/a>\u00deegar \u00fe\u00e9r segi\u00f0: V\u00e9r skulum ofs\u00e6kja hann, r\u00f3t \u00f3g\u00e6funnar er hj\u00e1 honum sj\u00e1lfum a\u00f0 finna!<a name=\"29\"><span class=\"versanumer\">29<\/span><\/a>\u00fe\u00e1 hr\u00e6\u00f0ist \u00f3gn sver\u00f0sins, \u00fev\u00ed a\u00f0 sver\u00f0i\u00f0 er refsing syndar. \u00de\u00e1 munu\u00f0 \u00fe\u00e9r komast a\u00f0 raun um, a\u00f0 til er d\u00f3mur.<\/p>\n<div class=\"footnote1981\"><b>19.4<\/b> Var\u00f0ar mig einan Okv 9.12<br \/>\n<b>19.6<\/b> Net Job 18.8+<br \/>\n<b>19.7<\/b> Ekkert svar Job 13.22+<br \/>\n<b>19.8<\/b> Loka\u00f0i vegi m\u00ednum 4M\u00f3s 22.22-35<br \/>\n<b>19.10<\/b> Von m\u00edn Job 14.7+<br \/>\n<b>19.11<\/b> Telur mig \u00f3vin sinn Job 33.10<br \/>\n<b>19.14<\/b> Vinir for\u00f0ast mig Slm 38.12; 88.19; S\u00edr 6.8<br \/>\n<b>19.20<\/b> Sj\u00fakd\u00f3mur Job 16.8+<br \/>\n<b>19.21<\/b> H\u00f6nd Gu\u00f0s Job 13.21; D\u00f3m 2.15; 1Sam 5.6-11; Rut 1.13<br \/>\n<b>19.22<\/b> Mettir af holdi m\u00ednu Slm 27.2<br \/>\n<b>19.24<\/b> H\u00f6ggvin \u00ed klett Post 17.23<br \/>\n<b>19.25<\/b> Lausnari minn Jes 43.14; 47.4; Slm 12.6<br \/>\n<b>19.27<\/b> Sj\u00e1 hann Job 33.26; 42.5; 1M\u00f3s 32.30; Jes 6.5; Matt 5.8; J\u00f3h 14.9; Heb 11.27; Opb 1.7<br \/>\n<b>19.28<\/b> Ofs\u00e6kja Job 34.36<\/div>\n","protected":false},"excerpt":{"rendered":"<p>1\u00de\u00e1 svara\u00f0i Job og sag\u00f0i:2Hversu lengi \u00e6tli\u00f0 \u00fe\u00e9r a\u00f0 angra s\u00e1l m\u00edna og mylja mig sundur me\u00f0 or\u00f0um?3\u00de\u00e9r hafi\u00f0 \u00feegar sm\u00e1na\u00f0 mig t\u00edu sinnum, \u00fe\u00e9r skammist y\u00f0ar ekki fyrir a\u00f0 mis\u00feyrma m\u00e9r.4Og hafi m\u00e9r \u00ed raun og veru or\u00f0i\u00f0 \u00e1, \u00fe\u00e1 var\u00f0ar \u00fea\u00f0 mig einan.5Ef \u00fe\u00e9r \u00ed raun og veru \u00e6tli\u00f0 a\u00f0 hrokast upp yfir mig, \u00fe\u00e1 sanni\u00f0 m\u00e9r sv\u00edvir\u00f0ing m\u00edna.6Kannist \u00fe\u00f3 vi\u00f0, a\u00f0 Gu\u00f0 hafi halla\u00f0 r\u00e9tti m\u00ednum og umkringt mig me\u00f0 neti s\u00ednu.7Sj\u00e1, \u00e9g kalla: Ofbeldi! og f\u00e6 ekkert svar, \u00e9g kalla \u00e1 hj\u00e1lp, en engan r\u00e9tt er a\u00f0 f\u00e1.8Gu\u00f0 hefir girt fyrir veg minn, svo a\u00f0 \u00e9g <a href=\"https:\/\/biblian.is\/1981\/jobsbok-19-kafli\/\"> [&#8230;]<\/a><\/p>\n","protected":false},"author":1,"featured_media":0,"parent":0,"menu_order":0,"comment_status":"open","ping_status":"open","template":"bibliukaflar.php","meta":{"footnotes":""},"class_list":["post-1801","page","type-page","status-publish","hentry"],"_links":{"self":[{"href":"https:\/\/biblian.is\/1981\/wp-json\/wp\/v2\/pages\/1801","targetHints":{"allow":["GET"]}}],"collection":[{"href":"https:\/\/biblian.is\/1981\/wp-json\/wp\/v2\/pages"}],"about":[{"href":"https:\/\/biblian.is\/1981\/wp-json\/wp\/v2\/types\/page"}],"author":[{"embeddable":true,"href":"https:\/\/biblian.is\/1981\/wp-json\/wp\/v2\/users\/1"}],"replies":[{"embeddable":true,"href":"https:\/\/biblian.is\/1981\/wp-json\/wp\/v2\/comments?post=1801"}],"version-history":[{"count":0,"href":"https:\/\/biblian.is\/1981\/wp-json\/wp\/v2\/pages\/1801\/revisions"}],"wp:attachment":[{"href":"https:\/\/biblian.is\/1981\/wp-json\/wp\/v2\/media?parent=1801"}],"curies":[{"name":"wp","href":"https:\/\/api.w.org\/{rel}","templated":true}]}}