{"id":1800,"date":"2017-11-18T20:18:43","date_gmt":"2017-11-18T20:18:43","guid":{"rendered":"http:\/\/biblian.is\/1981\/jobsbok-18-kafli\/"},"modified":"2017-11-18T20:18:43","modified_gmt":"2017-11-18T20:18:43","slug":"jobsbok-18-kafli","status":"publish","type":"page","link":"https:\/\/biblian.is\/1981\/jobsbok-18-kafli\/","title":{"rendered":"Jobsb\u00f3k 18. kafli"},"content":{"rendered":"<p><a name=\"1\"><span class=\"versanumer\">1<\/span><\/a>\u00de\u00e1 svara\u00f0i Bildad fr\u00e1 S\u00faa og sag\u00f0i:<a name=\"2\"><span class=\"versanumer\">2<\/span><\/a>Hversu lengi \u00e6tli\u00f0 \u00fe\u00e9r a\u00f0 halda \u00e1fram \u00feessu or\u00f0askaki? L\u00e1ti\u00f0 y\u00f0ur segjast, og \u00fev\u00ed n\u00e6st skulum v\u00e9r talast vi\u00f0.<a name=\"3\"><span class=\"versanumer\">3<\/span><\/a>Hvers vegna erum v\u00e9r metnir sem skepnur, or\u00f0nir heimskir \u00ed y\u00f0ar augum?<a name=\"4\"><span class=\"versanumer\">4<\/span><\/a>\u00de\u00fa, sem t\u00e6tir sj\u00e1lfan \u00feig sundur \u00ed rei\u00f0i \u00feinni, \u00e1 j\u00f6r\u00f0in \u00fe\u00edn vegna a\u00f0 fara \u00ed au\u00f0n og bjargi\u00f0 a\u00f0 f\u00e6rast \u00far sta\u00f0 s\u00ednum?<a name=\"5\"><span class=\"versanumer\">5<\/span><\/a>Lj\u00f3s hins \u00f3gu\u00f0lega slokknar, og logi elds hans sk\u00edn ekki.<a name=\"6\"><span class=\"versanumer\">6<\/span><\/a>Lj\u00f3si\u00f0 myrkvast \u00ed tjaldi hans, og \u00fea\u00f0 slokknar \u00e1 lampanum yfir honum.<a name=\"7\"><span class=\"versanumer\">7<\/span><\/a>Hans \u00f6flugu skref ver\u00f0a stutt, og r\u00e1\u00f0agj\u00f6r\u00f0 sj\u00e1lfs hans steypir honum,<a name=\"8\"><span class=\"versanumer\">8<\/span><\/a>\u00fev\u00ed a\u00f0 hann rekst \u00ed neti\u00f0 me\u00f0 f\u00e6tur s\u00edna, og hann gengur \u00ed m\u00f6skvunum.<a name=\"9\"><span class=\"versanumer\">9<\/span><\/a>M\u00f6skvi festist um h\u00e6l hans, lykkjan her\u00f0ist a\u00f0 honum.<a name=\"10\"><span class=\"versanumer\">10<\/span><\/a>Snaran liggur falin \u00e1 j\u00f6r\u00f0inni, og gildran liggur fyrir honum \u00e1 st\u00edgnum.<a name=\"11\"><span class=\"versanumer\">11<\/span><\/a>Skelfingar hr\u00e6\u00f0a hann allt um kring og hrekja hann \u00e1fram, hvar sem hann gengur.<a name=\"12\"><span class=\"versanumer\">12<\/span><\/a>\u00d3g\u00e6fu hans tekur a\u00f0 svengja, og gl\u00f6tunin b\u00ed\u00f0ur b\u00fain eftir falli hans.<a name=\"13\"><span class=\"versanumer\">13<\/span><\/a>H\u00fan t\u00e6rir h\u00fa\u00f0 hans, og frumbur\u00f0ur dau\u00f0ans etur limu hans.<a name=\"14\"><span class=\"versanumer\">14<\/span><\/a>Hann er hrifinn burt \u00far tjaldi s\u00ednu, er hann treysti \u00e1, og \u00fea\u00f0 l\u00e6tur hann ganga til konungs skelfinganna.<a name=\"15\"><span class=\"versanumer\">15<\/span><\/a>\u00cd tjaldi hans b\u00fdr \u00fea\u00f0, sem eigi er hans, brennisteini er str\u00e1\u00f0 yfir b\u00fasta\u00f0 hans.<a name=\"16\"><span class=\"versanumer\">16<\/span><\/a>A\u00f0 ne\u00f0an \u00feorna r\u00e6tur hans, a\u00f0 ofan visna greinar hans.<a name=\"17\"><span class=\"versanumer\">17<\/span><\/a>Minning hans hverfur af j\u00f6r\u00f0unni, og nafn hans er ekki nefnt \u00e1 v\u00f6llunum.<a name=\"18\"><span class=\"versanumer\">18<\/span><\/a>Menn hrinda honum fr\u00e1 lj\u00f3sinu \u00fat \u00ed myrkri\u00f0 og reka hann burt af jar\u00f0r\u00edki.<a name=\"19\"><span class=\"versanumer\">19<\/span><\/a>Hann mun hvorki eiga b\u00f6rn n\u00e9 buru me\u00f0al \u00fej\u00f3\u00f0ar sinnar, og enginn, sem undan hefir komist, er \u00ed h\u00edb\u00fdlum hans.<a name=\"20\"><span class=\"versanumer\">20<\/span><\/a>Yfir skapad\u00e6gri hans skelfast eftirkomendurnir, og hrylling gr\u00edpur \u00fe\u00e1, er fyrr voru uppi.<a name=\"21\"><span class=\"versanumer\">21<\/span><\/a>J\u00e1, svo fer um b\u00fasta\u00f0i hins rangl\u00e1ta og svo um samasta\u00f0 \u00feess manns, sem eigi \u00feekkir Gu\u00f0.<\/p>\n<div class=\"footnote1981\"><b>18.5<\/b> Lj\u00f3s gu\u00f0leysingjans slokknar Job 18.18; Jer 25.10; Okv 13.9<br \/>\n<b>18.7<\/b> Steypa honum Slm 27.2; Okv 4.12; sbr Slm 37.30-31<br \/>\n<b>18.8<\/b> Net Job 19.6; 22.10; Slm 35.7-8; Okv 7.21-23<br \/>\n<b>18.11<\/b> \u00d3gnir Job 15.20+<br \/>\n<b>18.15<\/b> Brennisteini ver\u00f0ur str\u00e1\u00f0 1M\u00f3s 19.24; 5M\u00f3s 29.23; Opb 9.17-18<br \/>\n<b>18.16<\/b> Greinar hans visna Dan 4.11,20<br \/>\n<b>18.17<\/b> Minning hans ver\u00f0ur afm\u00e1\u00f0 Jes 14.20; Slm 9.6; Okv 10.7<br \/>\n<b>18.19<\/b> Enga ni\u00f0ja, enga &#8230; Jes 14.22; Slm 37.28; sbr S\u00edr 47.22<\/div>\n","protected":false},"excerpt":{"rendered":"<p>1\u00de\u00e1 svara\u00f0i Bildad fr\u00e1 S\u00faa og sag\u00f0i:2Hversu lengi \u00e6tli\u00f0 \u00fe\u00e9r a\u00f0 halda \u00e1fram \u00feessu or\u00f0askaki? L\u00e1ti\u00f0 y\u00f0ur segjast, og \u00fev\u00ed n\u00e6st skulum v\u00e9r talast vi\u00f0.3Hvers vegna erum v\u00e9r metnir sem skepnur, or\u00f0nir heimskir \u00ed y\u00f0ar augum?4\u00de\u00fa, sem t\u00e6tir sj\u00e1lfan \u00feig sundur \u00ed rei\u00f0i \u00feinni, \u00e1 j\u00f6r\u00f0in \u00fe\u00edn vegna a\u00f0 fara \u00ed au\u00f0n og bjargi\u00f0 a\u00f0 f\u00e6rast \u00far sta\u00f0 s\u00ednum?5Lj\u00f3s hins \u00f3gu\u00f0lega slokknar, og logi elds hans sk\u00edn ekki.6Lj\u00f3si\u00f0 myrkvast \u00ed tjaldi hans, og \u00fea\u00f0 slokknar \u00e1 lampanum yfir honum.7Hans \u00f6flugu skref ver\u00f0a stutt, og r\u00e1\u00f0agj\u00f6r\u00f0 sj\u00e1lfs hans steypir honum,8\u00fev\u00ed a\u00f0 hann rekst \u00ed neti\u00f0 me\u00f0 f\u00e6tur s\u00edna, og hann gengur <a href=\"https:\/\/biblian.is\/1981\/jobsbok-18-kafli\/\"> [&#8230;]<\/a><\/p>\n","protected":false},"author":1,"featured_media":0,"parent":0,"menu_order":0,"comment_status":"open","ping_status":"open","template":"bibliukaflar.php","meta":{"footnotes":""},"class_list":["post-1800","page","type-page","status-publish","hentry"],"_links":{"self":[{"href":"https:\/\/biblian.is\/1981\/wp-json\/wp\/v2\/pages\/1800","targetHints":{"allow":["GET"]}}],"collection":[{"href":"https:\/\/biblian.is\/1981\/wp-json\/wp\/v2\/pages"}],"about":[{"href":"https:\/\/biblian.is\/1981\/wp-json\/wp\/v2\/types\/page"}],"author":[{"embeddable":true,"href":"https:\/\/biblian.is\/1981\/wp-json\/wp\/v2\/users\/1"}],"replies":[{"embeddable":true,"href":"https:\/\/biblian.is\/1981\/wp-json\/wp\/v2\/comments?post=1800"}],"version-history":[{"count":0,"href":"https:\/\/biblian.is\/1981\/wp-json\/wp\/v2\/pages\/1800\/revisions"}],"wp:attachment":[{"href":"https:\/\/biblian.is\/1981\/wp-json\/wp\/v2\/media?parent=1800"}],"curies":[{"name":"wp","href":"https:\/\/api.w.org\/{rel}","templated":true}]}}