{"id":1798,"date":"2017-11-18T20:18:43","date_gmt":"2017-11-18T20:18:43","guid":{"rendered":"http:\/\/biblian.is\/1981\/jobsbok-16-kafli\/"},"modified":"2017-11-18T20:18:43","modified_gmt":"2017-11-18T20:18:43","slug":"jobsbok-16-kafli","status":"publish","type":"page","link":"https:\/\/biblian.is\/1981\/jobsbok-16-kafli\/","title":{"rendered":"Jobsb\u00f3k 16. kafli"},"content":{"rendered":"<p><a name=\"1\"><span class=\"versanumer\">1<\/span><\/a>\u00de\u00e1 svara\u00f0i Job og sag\u00f0i:<a name=\"2\"><span class=\"versanumer\">2<\/span><\/a>\u00c9g hefi heyrt n\u00f3g af sl\u00edku, hvimlei\u00f0ir huggarar eru\u00f0 \u00fe\u00e9r allir saman.<a name=\"3\"><span class=\"versanumer\">3<\/span><\/a>Er or\u00f0avindurinn n\u00fa \u00e1 enda? e\u00f0a hva\u00f0 kn\u00fdr \u00feig til andsvara?<a name=\"4\"><span class=\"versanumer\">4<\/span><\/a>\u00c9g g\u00e6ti l\u00edka tala\u00f0 eins og \u00fe\u00e9r, ef \u00fe\u00e9r v\u00e6ru\u00f0 \u00ed m\u00ednum sporum, g\u00e6ti spunni\u00f0 saman r\u00e6\u00f0ur gegn y\u00f0ur og hrist yfir y\u00f0ur h\u00f6fu\u00f0i\u00f0,<a name=\"5\"><span class=\"versanumer\">5<\/span><\/a>\u00e9g g\u00e6ti styrkt y\u00f0ur me\u00f0 munni m\u00ednum, og me\u00f0aumkun vara minna mundi lina \u00fej\u00e1ning y\u00f0ar.<a name=\"6\"><span class=\"versanumer\">6<\/span><\/a>\u00de\u00f3tt \u00e9g tali, \u00fe\u00e1 linar ekki kv\u00f6l m\u00edna, og gj\u00f6ri \u00e9g \u00fea\u00f0 ekki, hva\u00f0a l\u00e9tti f\u00e6 \u00e9g \u00fe\u00e1?<a name=\"7\"><span class=\"versanumer\">7<\/span><\/a>Miklu fremur hefir Gu\u00f0 n\u00fa \u00f6r\u00fereytt mig, \u00fe\u00fa hefir eytt \u00f6llu \u00e6ttli\u00f0i m\u00ednu,<a name=\"8\"><span class=\"versanumer\">8<\/span><\/a>hefir hremmt mig, og \u00fea\u00f0 er vitni \u00ed m\u00f3ti m\u00e9r. Sj\u00fakd\u00f3mur minn r\u00eds \u00ed gegn m\u00e9r, \u00e1k\u00e6rir mig upp \u00ed opi\u00f0 ge\u00f0i\u00f0.<a name=\"9\"><span class=\"versanumer\">9<\/span><\/a>Rei\u00f0i hans sl\u00edtur mig sundur og ofs\u00e6kir mig, hann n\u00edstir t\u00f6nnum \u00ed m\u00f3ti m\u00e9r, andst\u00e6\u00f0ingur minn hvessir \u00e1 mig augun.<a name=\"10\"><span class=\"versanumer\">10<\/span><\/a>\u00deeir glenna upp gini\u00f0 \u00ed m\u00f3ti m\u00e9r, l\u00f6\u00f0runga mig til h\u00e1\u00f0ungar, allir saman gj\u00f6ra \u00feeir samt\u00f6k \u00ed m\u00f3ti m\u00e9r.<a name=\"11\"><span class=\"versanumer\">11<\/span><\/a>Gu\u00f0 gefur mig \u00e1 vald rangl\u00e1tra og varpar m\u00e9r \u00ed hendur \u00f3gu\u00f0legra.<a name=\"12\"><span class=\"versanumer\">12<\/span><\/a>\u00c9g lif\u00f0i \u00e1hyggjulaus, \u00fe\u00e1 braut hann mig sundur, hann \u00fereif \u00ed hnakkann \u00e1 m\u00e9r og mola\u00f0i mig sundur og reisti mig upp s\u00e9r a\u00f0 skotsp\u00e6ni.<a name=\"13\"><span class=\"versanumer\">13<\/span><\/a>Skeyti hans flj\u00faga kringum mig, v\u00e6g\u00f0arlaust sker hann sundur n\u00fdru m\u00edn, hellir galli m\u00ednu \u00e1 j\u00f6r\u00f0u.<a name=\"14\"><span class=\"versanumer\">14<\/span><\/a>Hann br\u00fdtur \u00ed mig skar\u00f0 \u00e1 skar\u00f0 ofan og gj\u00f6rir \u00e1hlaup \u00e1 mig eins og hetja.<a name=\"15\"><span class=\"versanumer\">15<\/span><\/a>\u00c9g hefi sauma\u00f0 sekk um h\u00f6rund mitt og stungi\u00f0 horni m\u00ednu ofan \u00ed moldina.<a name=\"16\"><span class=\"versanumer\">16<\/span><\/a>Andlit mitt er \u00fer\u00fati\u00f0 af gr\u00e1ti, og svartamyrkur hv\u00edlir yfir hv\u00f6rmum m\u00ednum,<a name=\"17\"><span class=\"versanumer\">17<\/span><\/a>\u00fe\u00f3tt ekkert rangl\u00e6ti s\u00e9 \u00ed hendi minni og b\u00e6n m\u00edn s\u00e9 hrein.<a name=\"18\"><span class=\"versanumer\">18<\/span><\/a>J\u00f6r\u00f0, hyl \u00fe\u00fa eigi bl\u00f3\u00f0 mitt, og kvein mitt finni engan hv\u00edldarsta\u00f0!<a name=\"19\"><span class=\"versanumer\">19<\/span><\/a>En sj\u00e1, \u00e1 himnum er vottur minn og vitni mitt \u00e1 h\u00e6\u00f0um.<a name=\"20\"><span class=\"versanumer\">20<\/span><\/a>Vinir m\u00ednir gj\u00f6ra gys a\u00f0 m\u00e9r til Gu\u00f0s l\u00edtur auga mitt gr\u00e1tandi,<a name=\"21\"><span class=\"versanumer\">21<\/span><\/a>a\u00f0 hann l\u00e1ti manninn n\u00e1 r\u00e9tti s\u00ednum gagnvart Gu\u00f0i og skeri \u00far milli mannsins og vinar hans.<a name=\"22\"><span class=\"versanumer\">22<\/span><\/a>\u00dev\u00ed a\u00f0 senn eru \u00feessi f\u00e1u \u00e1r \u00e1 enda, og \u00e9g fer burt \u00fe\u00e1 lei\u00f0ina, sem \u00e9g aldrei sn\u00fd aftur.<\/p>\n<div class=\"footnote1981\"><b>16.2<\/b> Huggarar Job 15.11+<br \/>\n<b>16.5<\/b> Styrkjandi or\u00f0 Okv 12.25<br \/>\n<b>16.8<\/b> Hr\u00f6rnun Job 19.20; 33.21<br \/>\n<b>16.11<\/b> \u00cd greipar gu\u00f0leysingja Job 30.9-14; Slm 22.13-19<br \/>\n<b>16.13<\/b> \u00d6rvar Gu\u00f0s Job 6.4+<br \/>\n<b>16.17<\/b> Hrein b\u00e6n Job 31.1-34; Slm 141.2; 1T\u00edm 2.8; sbr Mrk 12.40 og hlst.<br \/>\n<b>16.18<\/b> Bl\u00f3\u00f0 mitt 1M\u00f3s 37.26; Esk 24.7-8; Opb 16.6+ &#8211; ney\u00f0ar\u00f3p mitt 2M\u00f3s 14.10; Slm 88.2-3; sbr Hlj 3.44<br \/>\n<b>16.19<\/b> Vitni mitt Job 33.23-24; Post 12.15<br \/>\n<b>16.22<\/b> \u00c1 ekki afturkv\u00e6mt Job 7.9+<\/div>\n","protected":false},"excerpt":{"rendered":"<p>1\u00de\u00e1 svara\u00f0i Job og sag\u00f0i:2\u00c9g hefi heyrt n\u00f3g af sl\u00edku, hvimlei\u00f0ir huggarar eru\u00f0 \u00fe\u00e9r allir saman.3Er or\u00f0avindurinn n\u00fa \u00e1 enda? e\u00f0a hva\u00f0 kn\u00fdr \u00feig til andsvara?4\u00c9g g\u00e6ti l\u00edka tala\u00f0 eins og \u00fe\u00e9r, ef \u00fe\u00e9r v\u00e6ru\u00f0 \u00ed m\u00ednum sporum, g\u00e6ti spunni\u00f0 saman r\u00e6\u00f0ur gegn y\u00f0ur og hrist yfir y\u00f0ur h\u00f6fu\u00f0i\u00f0,5\u00e9g g\u00e6ti styrkt y\u00f0ur me\u00f0 munni m\u00ednum, og me\u00f0aumkun vara minna mundi lina \u00fej\u00e1ning y\u00f0ar.6\u00de\u00f3tt \u00e9g tali, \u00fe\u00e1 linar ekki kv\u00f6l m\u00edna, og gj\u00f6ri \u00e9g \u00fea\u00f0 ekki, hva\u00f0a l\u00e9tti f\u00e6 \u00e9g \u00fe\u00e1?7Miklu fremur hefir Gu\u00f0 n\u00fa \u00f6r\u00fereytt mig, \u00fe\u00fa hefir eytt \u00f6llu \u00e6ttli\u00f0i m\u00ednu,8hefir hremmt mig, og \u00fea\u00f0 er vitni \u00ed m\u00f3ti <a href=\"https:\/\/biblian.is\/1981\/jobsbok-16-kafli\/\"> [&#8230;]<\/a><\/p>\n","protected":false},"author":1,"featured_media":0,"parent":0,"menu_order":0,"comment_status":"open","ping_status":"open","template":"bibliukaflar.php","meta":{"footnotes":""},"class_list":["post-1798","page","type-page","status-publish","hentry"],"_links":{"self":[{"href":"https:\/\/biblian.is\/1981\/wp-json\/wp\/v2\/pages\/1798","targetHints":{"allow":["GET"]}}],"collection":[{"href":"https:\/\/biblian.is\/1981\/wp-json\/wp\/v2\/pages"}],"about":[{"href":"https:\/\/biblian.is\/1981\/wp-json\/wp\/v2\/types\/page"}],"author":[{"embeddable":true,"href":"https:\/\/biblian.is\/1981\/wp-json\/wp\/v2\/users\/1"}],"replies":[{"embeddable":true,"href":"https:\/\/biblian.is\/1981\/wp-json\/wp\/v2\/comments?post=1798"}],"version-history":[{"count":0,"href":"https:\/\/biblian.is\/1981\/wp-json\/wp\/v2\/pages\/1798\/revisions"}],"wp:attachment":[{"href":"https:\/\/biblian.is\/1981\/wp-json\/wp\/v2\/media?parent=1798"}],"curies":[{"name":"wp","href":"https:\/\/api.w.org\/{rel}","templated":true}]}}