{"id":1797,"date":"2017-11-18T20:18:43","date_gmt":"2017-11-18T20:18:43","guid":{"rendered":"http:\/\/biblian.is\/1981\/jobsbok-15-kafli\/"},"modified":"2017-11-18T20:18:43","modified_gmt":"2017-11-18T20:18:43","slug":"jobsbok-15-kafli","status":"publish","type":"page","link":"https:\/\/biblian.is\/1981\/jobsbok-15-kafli\/","title":{"rendered":"Jobsb\u00f3k 15. kafli"},"content":{"rendered":"<p><a name=\"1\"><span class=\"versanumer\">1<\/span><\/a>\u00de\u00e1 svara\u00f0i El\u00edfas fr\u00e1 Teman og sag\u00f0i:<a name=\"2\"><span class=\"versanumer\">2<\/span><\/a>Skyldi vitur ma\u00f0ur svara me\u00f0 vindkenndri visku og fylla brj\u00f3st sitt austanstormi<a name=\"3\"><span class=\"versanumer\">3<\/span><\/a>sanna m\u00e1l sitt me\u00f0 or\u00f0um, sem ekkert gagna, og r\u00e6\u00f0um, sem engu f\u00e1 \u00e1orka\u00f0?<a name=\"4\"><span class=\"versanumer\">4<\/span><\/a>Auk \u00feess r\u00edfur \u00fe\u00fa ni\u00f0ur gu\u00f0s\u00f3ttann og veikir lotninguna, sem Gu\u00f0i ber.<a name=\"5\"><span class=\"versanumer\">5<\/span><\/a>\u00dev\u00ed a\u00f0 misgj\u00f6r\u00f0 \u00fe\u00edn leggur \u00fe\u00e9r or\u00f0 \u00ed munn og \u00fe\u00fa velur \u00fe\u00e9r l\u00e6v\u00edsra tungu.<a name=\"6\"><span class=\"versanumer\">6<\/span><\/a>\u00deinn eigin munnur sakfellir \u00feig, ekki \u00e9g, og varir \u00fe\u00ednar vitna \u00ed gegn \u00fe\u00e9r.<a name=\"7\"><span class=\"versanumer\">7<\/span><\/a>F\u00e6ddist \u00fe\u00fa fyrstur manna og ert \u00fe\u00fa \u00ed heiminn borinn fyrr en h\u00e6\u00f0irnar?<a name=\"8\"><span class=\"versanumer\">8<\/span><\/a>Hefir \u00fe\u00fa hlusta\u00f0 \u00ed r\u00e1\u00f0i Gu\u00f0s og hrifsa\u00f0 til \u00fe\u00edn spekina?<a name=\"9\"><span class=\"versanumer\">9<\/span><\/a>Hva\u00f0 veist \u00fe\u00fa, er v\u00e9r eigi vissum, hva\u00f0 skilur \u00fe\u00fa, er oss v\u00e6ri \u00f3kunnugt?<a name=\"10\"><span class=\"versanumer\">10<\/span><\/a>Til eru og \u00f6ldungar, gr\u00e1h\u00e6r\u00f0ir menn, vor \u00e1 me\u00f0al, au\u00f0gari a\u00f0 \u00e6vid\u00f6gum en fa\u00f0ir \u00feinn.<a name=\"11\"><span class=\"versanumer\">11<\/span><\/a>Er huggun Gu\u00f0s \u00fe\u00e9r l\u00edtils vir\u00f0i og mildileg or\u00f0in sem \u00fe\u00fa heyrir?<a name=\"12\"><span class=\"versanumer\">12<\/span><\/a>Hvers vegna hr\u00edfur gremjan \u00feig og hv\u00ed ranghvolfast augu \u00fe\u00edn,<a name=\"13\"><span class=\"versanumer\">13<\/span><\/a>er \u00fe\u00fa sn\u00fdr rei\u00f0i \u00feinni gegn Gu\u00f0i og l\u00e6tur \u00fe\u00e9r sl\u00edk or\u00f0 um munn fara?<a name=\"14\"><span class=\"versanumer\">14<\/span><\/a>Hva\u00f0 er ma\u00f0urinn, a\u00f0 hann geti veri\u00f0 hreinn, og s\u00e1 veri\u00f0 r\u00e9ttl\u00e1tur, sem af konu er f\u00e6ddur?<a name=\"15\"><span class=\"versanumer\">15<\/span><\/a>Sj\u00e1, s\u00ednum heil\u00f6gu treystir Hann ekki, og himinninn er ekki hreinn \u00ed augum hans,<a name=\"16\"><span class=\"versanumer\">16<\/span><\/a>hva\u00f0 \u00fe\u00e1 hinn andstyggilegi og spillti, ma\u00f0urinn, sem drekkur rangl\u00e6ti\u00f0 eins og vatn.<a name=\"17\"><span class=\"versanumer\">17<\/span><\/a>\u00c9g vil fr\u00e6\u00f0a \u00feig, heyr \u00fe\u00fa mig, og \u00fea\u00f0 sem \u00e9g hefi s\u00e9\u00f0, fr\u00e1 \u00fev\u00ed vil \u00e9g segja,<a name=\"18\"><span class=\"versanumer\">18<\/span><\/a>\u00fev\u00ed er vitringarnir kunngj\u00f6r\u00f0u og duldu ekki svo sem arfs\u00f6gn fr\u00e1 fe\u00f0rum s\u00ednum,<a name=\"19\"><span class=\"versanumer\">19<\/span><\/a>en \u00feeim einum var landi\u00f0 gefi\u00f0, og enginn \u00fatlendingur haf\u00f0i enn fari\u00f0 um me\u00f0al \u00feeirra.<a name=\"20\"><span class=\"versanumer\">20<\/span><\/a>Alla \u00e6vi s\u00edna kvelst hinn \u00f3gu\u00f0legi og \u00f6ll \u00feau \u00e1r, sem geymd eru ofbeldismanninum.<a name=\"21\"><span class=\"versanumer\">21<\/span><\/a>Skelfingarhlj\u00f3\u00f0 \u00f3ma \u00ed eyrum honum, \u00e1 fri\u00f0art\u00edmum r\u00e6\u00f0st ey\u00f0andinn \u00e1 hann.<a name=\"22\"><span class=\"versanumer\">22<\/span><\/a>Hann tr\u00fair \u00fev\u00ed ekki, a\u00f0 hann komist \u00fat \u00far myrkrinu, og hann er kj\u00f6rinn undir sver\u00f0i\u00f0.<a name=\"23\"><span class=\"versanumer\">23<\/span><\/a>Hann reikar um til \u00feess a\u00f0 leita s\u00e9r brau\u00f0s hvar er \u00fea\u00f0? hann veit a\u00f0 \u00f3g\u00e6fudagurinn b\u00ed\u00f0ur hans.<a name=\"24\"><span class=\"versanumer\">24<\/span><\/a>Ney\u00f0 og angist skelfa hann, h\u00fan ber hann ofurli\u00f0i eins og konungur, sem b\u00fainn er til atl\u00f6gu,<a name=\"25\"><span class=\"versanumer\">25<\/span><\/a>af \u00fev\u00ed hann \u00fatr\u00e9tti h\u00f6nd s\u00edna gegn Gu\u00f0i og reis \u00ferj\u00f3skur \u00ed m\u00f3ti hinum Alm\u00e1ttka,<a name=\"26\"><span class=\"versanumer\">26<\/span><\/a>rann \u00ed m\u00f3ti honum illv\u00edgur undir \u00feykkum bungum skjalda sinna.<a name=\"27\"><span class=\"versanumer\">27<\/span><\/a>Hann \u00feakti andlit sitt spiki og safna\u00f0i fitu \u00e1 lendar s\u00e9r,<a name=\"28\"><span class=\"versanumer\">28<\/span><\/a>settist a\u00f0 \u00ed eyddum borgum, \u00ed h\u00fasum, er enginn \u00e1tti \u00ed a\u00f0 b\u00faa og \u00e1kve\u00f0i\u00f0 var, a\u00f0 ver\u00f0a skyldu a\u00f0 r\u00fastum.<a name=\"29\"><span class=\"versanumer\">29<\/span><\/a>Hann ver\u00f0ur ekki r\u00edkur, og eigur hans haldast ekki vi\u00f0, og korn\u00f6x hans svigna ekki til jar\u00f0ar.<a name=\"30\"><span class=\"versanumer\">30<\/span><\/a>Hann kemst eigi undan myrkrinu, frj\u00f3anga hans mun loginn sv\u00ed\u00f0a, og fyrir rei\u00f0ibl\u00e6stri hans ferst hann.<a name=\"31\"><span class=\"versanumer\">31<\/span><\/a>&#8222;Hann skyldi ekki rei\u00f0a sig \u00e1 h\u00e9g\u00f3ma; hann villist, \u00fev\u00ed a\u00f0 h\u00e9g\u00f3mi ver\u00f0ur umbun hans.&#8220;<a name=\"32\"><span class=\"versanumer\">32<\/span><\/a>\u00dea\u00f0 r\u00e6tist fyrir skapad\u00e6gur hans, og p\u00e1lmagrein hans gr\u00e6nkar eigi.<a name=\"33\"><span class=\"versanumer\">33<\/span><\/a>Hann hristir af s\u00e9r s\u00far berin eins og v\u00ednvi\u00f0urinn og varpar af s\u00e9r bl\u00f3munum eins og ol\u00edutr\u00e9\u00f0.<a name=\"34\"><span class=\"versanumer\">34<\/span><\/a>\u00dev\u00ed a\u00f0 sveit hinna \u00f3gu\u00f0legu er \u00f3frj\u00f3, og eldur ey\u00f0ir tj\u00f6ldum m\u00fatugjafanna.<a name=\"35\"><span class=\"versanumer\">35<\/span><\/a>\u00deeir ganga \u00feunga\u00f0ir me\u00f0 m\u00e6\u00f0u og ala \u00f3g\u00e6fu, og kvi\u00f0ur \u00feeirra undirb\u00fdr svik.<\/p>\n<div class=\"footnote1981\"><b>15.2<\/b> Innant\u00f3m or\u00f0 Job 8.2; 16.3<br \/>\n<b>15.6<\/b> Vitna gegn \u00fe\u00e9r Okv 18.7; Matt 22.15 og hlst.<br \/>\n<b>15.7<\/b> F\u00e6ddist \u00fe\u00fa fyrstur? Job 38.4,21; Okv 8.25; S\u00edr 49.16<br \/>\n<b>15.8<\/b> \u00cd r\u00e1\u00f0i Gu\u00f0s Jer 23.18<br \/>\n<b>15.10<\/b> \u00d6ldungar Job 8.8+<br \/>\n<b>15.11<\/b> Huggun Job 16.2; 21.34<br \/>\n<b>15.14<\/b> R\u00e9ttl\u00e6ti mannsins Job 4.17+<br \/>\n<b>15.15<\/b> Treystir ekki Job 4.18<br \/>\n<b>15.17<\/b> Kenna \u00fe\u00e9r Job 32.10; 36.2; S\u00edr 16.25<br \/>\n<b>15.20<\/b> Gu\u00f0leysinginn kvelst Job 18.11-14; SSal 17; sbr Job 6.4+<br \/>\n<b>15.25<\/b> Gegn Gu\u00f0i sbr Jes 14.13-14; Esk 28.2<br \/>\n<b>15.30<\/b> Gu\u00f0leysinginn ferst Job 8.12+<br \/>\n<b>15.31<\/b> H\u00e9g\u00f3mi Jes 28.15,18<br \/>\n<b>15.35<\/b> Ala blekkingu Jes 59.4; Slm 7.15<\/div>\n","protected":false},"excerpt":{"rendered":"<p>1\u00de\u00e1 svara\u00f0i El\u00edfas fr\u00e1 Teman og sag\u00f0i:2Skyldi vitur ma\u00f0ur svara me\u00f0 vindkenndri visku og fylla brj\u00f3st sitt austanstormi3sanna m\u00e1l sitt me\u00f0 or\u00f0um, sem ekkert gagna, og r\u00e6\u00f0um, sem engu f\u00e1 \u00e1orka\u00f0?4Auk \u00feess r\u00edfur \u00fe\u00fa ni\u00f0ur gu\u00f0s\u00f3ttann og veikir lotninguna, sem Gu\u00f0i ber.5\u00dev\u00ed a\u00f0 misgj\u00f6r\u00f0 \u00fe\u00edn leggur \u00fe\u00e9r or\u00f0 \u00ed munn og \u00fe\u00fa velur \u00fe\u00e9r l\u00e6v\u00edsra tungu.6\u00deinn eigin munnur sakfellir \u00feig, ekki \u00e9g, og varir \u00fe\u00ednar vitna \u00ed gegn \u00fe\u00e9r.7F\u00e6ddist \u00fe\u00fa fyrstur manna og ert \u00fe\u00fa \u00ed heiminn borinn fyrr en h\u00e6\u00f0irnar?8Hefir \u00fe\u00fa hlusta\u00f0 \u00ed r\u00e1\u00f0i Gu\u00f0s og hrifsa\u00f0 til \u00fe\u00edn spekina?9Hva\u00f0 veist \u00fe\u00fa, er v\u00e9r eigi vissum, hva\u00f0 skilur \u00fe\u00fa, <a href=\"https:\/\/biblian.is\/1981\/jobsbok-15-kafli\/\"> [&#8230;]<\/a><\/p>\n","protected":false},"author":1,"featured_media":0,"parent":0,"menu_order":0,"comment_status":"open","ping_status":"open","template":"bibliukaflar.php","meta":{"footnotes":""},"class_list":["post-1797","page","type-page","status-publish","hentry"],"_links":{"self":[{"href":"https:\/\/biblian.is\/1981\/wp-json\/wp\/v2\/pages\/1797","targetHints":{"allow":["GET"]}}],"collection":[{"href":"https:\/\/biblian.is\/1981\/wp-json\/wp\/v2\/pages"}],"about":[{"href":"https:\/\/biblian.is\/1981\/wp-json\/wp\/v2\/types\/page"}],"author":[{"embeddable":true,"href":"https:\/\/biblian.is\/1981\/wp-json\/wp\/v2\/users\/1"}],"replies":[{"embeddable":true,"href":"https:\/\/biblian.is\/1981\/wp-json\/wp\/v2\/comments?post=1797"}],"version-history":[{"count":0,"href":"https:\/\/biblian.is\/1981\/wp-json\/wp\/v2\/pages\/1797\/revisions"}],"wp:attachment":[{"href":"https:\/\/biblian.is\/1981\/wp-json\/wp\/v2\/media?parent=1797"}],"curies":[{"name":"wp","href":"https:\/\/api.w.org\/{rel}","templated":true}]}}