{"id":1796,"date":"2017-11-18T20:18:43","date_gmt":"2017-11-18T20:18:43","guid":{"rendered":"http:\/\/biblian.is\/1981\/jobsbok-14-kafli\/"},"modified":"2017-11-18T20:18:43","modified_gmt":"2017-11-18T20:18:43","slug":"jobsbok-14-kafli","status":"publish","type":"page","link":"https:\/\/biblian.is\/1981\/jobsbok-14-kafli\/","title":{"rendered":"Jobsb\u00f3k 14. kafli"},"content":{"rendered":"<p><a name=\"1\"><span class=\"versanumer\">1<\/span><\/a>Ma\u00f0urinn, af konu f\u00e6ddur, lifir stutta stund og mettast \u00f3r\u00f3semi.<a name=\"2\"><span class=\"versanumer\">2<\/span><\/a>Hann rennur upp og f\u00f6lnar eins og bl\u00f3m, fl\u00fdr burt eins og skuggi og hefir ekkert vi\u00f0n\u00e1m.<a name=\"3\"><span class=\"versanumer\">3<\/span><\/a>Og yfir sl\u00edkum heldur \u00fe\u00fa opnum augum \u00fe\u00ednum og dregur mig fyrir d\u00f3m hj\u00e1 \u00fe\u00e9r!<a name=\"4\"><span class=\"versanumer\">4<\/span><\/a>Hvernig \u00e6tti hreinn a\u00f0 koma af \u00f3hreinum? Ekki einn!<a name=\"5\"><span class=\"versanumer\">5<\/span><\/a>Ef dagar hans eru \u00e1kvar\u00f0a\u00f0ir, tala m\u00e1na\u00f0a hans tiltekin hj\u00e1 \u00fe\u00e9r, hafir \u00fe\u00fa \u00e1kve\u00f0i\u00f0 takmark hans, er hann f\u00e6r eigi yfir komist,<a name=\"6\"><span class=\"versanumer\">6<\/span><\/a>\u00fe\u00e1 l\u00edt \u00fe\u00fa af honum, til \u00feess a\u00f0 hann f\u00e1i hv\u00edld, svo a\u00f0 hann megi fagna yfir degi s\u00ednum eins og daglaunama\u00f0ur.<a name=\"7\"><span class=\"versanumer\">7<\/span><\/a>\u00dev\u00ed a\u00f0 tr\u00e9\u00f0 hefir von, s\u00e9 \u00fea\u00f0 h\u00f6ggvi\u00f0, \u00fe\u00e1 sk\u00fdtur \u00fea\u00f0 n\u00fdjum frj\u00f3\u00f6ngum, og teinungurinn kemur \u00e1rei\u00f0anlega upp.<a name=\"8\"><span class=\"versanumer\">8<\/span><\/a>Jafnvel \u00fe\u00f3tt r\u00f3t \u00feess eldist \u00ed j\u00f6r\u00f0inni, og stofn \u00feess deyi \u00ed moldinni,<a name=\"9\"><span class=\"versanumer\">9<\/span><\/a>\u00fe\u00e1 brumar \u00fea\u00f0 vi\u00f0 ilminn af vatninu, og \u00e1 \u00fea\u00f0 koma greinar eins og unga hr\u00edslu.<a name=\"10\"><span class=\"versanumer\">10<\/span><\/a>En deyi ma\u00f0urinn, \u00fe\u00e1 liggur hann flatur, og gefi manneskjan upp andann hvar er h\u00fan \u00fe\u00e1?<a name=\"11\"><span class=\"versanumer\">11<\/span><\/a>Eins og vatni\u00f0 hverfur \u00far st\u00f6\u00f0uvatninu og flj\u00f3ti\u00f0 grynnist og \u00feornar upp,<a name=\"12\"><span class=\"versanumer\">12<\/span><\/a>\u00feannig leggst ma\u00f0urinn til hv\u00edldar og r\u00eds eigi aftur \u00e1 f\u00e6tur. Hann rumskar ekki, me\u00f0an himnarnir standa og vaknar ekki af svefninum.<a name=\"13\"><span class=\"versanumer\">13<\/span><\/a>\u00d3 a\u00f0 \u00fe\u00fa vildir geyma mig \u00ed d\u00e1narheimum, fela mig, uns rei\u00f0i \u00feinni linnir, setja m\u00e9r t\u00edmatakmark og s\u00ed\u00f0an minnast m\u00edn!<a name=\"14\"><span class=\"versanumer\">14<\/span><\/a>\u00deegar ma\u00f0urinn deyr, lifnar hann \u00fe\u00e1 aftur? \u00fe\u00e1 skyldi \u00e9g \u00fereyja alla daga her\u00fej\u00f3nustu minnar, \u00fear til er lausnart\u00ed\u00f0 m\u00edn k\u00e6mi.<a name=\"15\"><span class=\"versanumer\">15<\/span><\/a>\u00de\u00fa mundir kalla, og \u00e9g \u00e9g mundi svara \u00fe\u00e9r, \u00fe\u00fa mundir \u00fer\u00e1 verk handa \u00feinna.<a name=\"16\"><span class=\"versanumer\">16<\/span><\/a>\u00dev\u00ed a\u00f0 \u00fe\u00e1 mundir \u00fe\u00fa telja spor m\u00edn, eigi vaka yfir synd minni.<a name=\"17\"><span class=\"versanumer\">17<\/span><\/a>Afbrot m\u00edn l\u00e6gju innsiglu\u00f0 \u00ed b\u00f6ggli, og \u00e1 misgj\u00f6r\u00f0 m\u00edna dr\u00e6gir \u00fe\u00fa hv\u00edtan lit.<a name=\"18\"><span class=\"versanumer\">18<\/span><\/a>En eins og fjalli\u00f0 molnar sundur, er \u00fea\u00f0 hrynur, og kletturinn f\u00e6rist \u00far sta\u00f0 s\u00ednum,<a name=\"19\"><span class=\"versanumer\">19<\/span><\/a>eins og vatni\u00f0 holar steinana og vatnsfl\u00f3\u00f0in skola burt jar\u00f0arleirnum, svo hefir \u00fe\u00fa gj\u00f6rt von mannsins a\u00f0 engu.<a name=\"20\"><span class=\"versanumer\">20<\/span><\/a>\u00de\u00fa ber hann ofurli\u00f0i a\u00f0 eil\u00edfu, og hann fer burt, \u00fe\u00fa afmyndar \u00e1sj\u00f3nu hans og rekur hann \u00e1 brott.<a name=\"21\"><span class=\"versanumer\">21<\/span><\/a>Komist b\u00f6rn hans til vir\u00f0ingar, \u00fe\u00e1 veit hann \u00fea\u00f0 ekki, s\u00e9u \u00feau l\u00edtilsvirt, ver\u00f0ur hann \u00feess ekki var.<a name=\"22\"><span class=\"versanumer\">22<\/span><\/a>A\u00f0eins kennir l\u00edkami hans eigin s\u00e1rsauka, og s\u00e1l hans hryggist yfir sj\u00e1lfum honum.<\/p>\n<div class=\"footnote1981\"><b>14.1<\/b> Lifir stutt Job 7.7+ ; S\u00edr 40.1<br \/>\n<b>14.2<\/b> Visnar eins og bl\u00f3m Job 8.12+ &#8211; eins og skuggi Job 8.9; Slm 144.4; 1Kro 29.15<br \/>\n<b>14.6<\/b> F\u00e1i hv\u00edld Job 7.19+<br \/>\n<b>14.7<\/b> Tr\u00e9\u00f0 \u00e1 s\u00e9r framt\u00ed\u00f0 Job 19.10; Jes 6.13<br \/>\n<b>14.11<\/b> Vatn hverfur Jes 19.5<br \/>\n<b>14.12<\/b> R\u00eds ekki aftur Job 7.9+<br \/>\n<b>14.13<\/b> Uns rei\u00f0i \u00feinni slotar Job 2.10; Jes 26.20<br \/>\n<b>14.16<\/b> Gu\u00f0 g\u00e6tir Job 7.19+<\/div>\n","protected":false},"excerpt":{"rendered":"<p>1Ma\u00f0urinn, af konu f\u00e6ddur, lifir stutta stund og mettast \u00f3r\u00f3semi.2Hann rennur upp og f\u00f6lnar eins og bl\u00f3m, fl\u00fdr burt eins og skuggi og hefir ekkert vi\u00f0n\u00e1m.3Og yfir sl\u00edkum heldur \u00fe\u00fa opnum augum \u00fe\u00ednum og dregur mig fyrir d\u00f3m hj\u00e1 \u00fe\u00e9r!4Hvernig \u00e6tti hreinn a\u00f0 koma af \u00f3hreinum? Ekki einn!5Ef dagar hans eru \u00e1kvar\u00f0a\u00f0ir, tala m\u00e1na\u00f0a hans tiltekin hj\u00e1 \u00fe\u00e9r, hafir \u00fe\u00fa \u00e1kve\u00f0i\u00f0 takmark hans, er hann f\u00e6r eigi yfir komist,6\u00fe\u00e1 l\u00edt \u00fe\u00fa af honum, til \u00feess a\u00f0 hann f\u00e1i hv\u00edld, svo a\u00f0 hann megi fagna yfir degi s\u00ednum eins og daglaunama\u00f0ur.7\u00dev\u00ed a\u00f0 tr\u00e9\u00f0 hefir von, s\u00e9 \u00fea\u00f0 h\u00f6ggvi\u00f0, \u00fe\u00e1 sk\u00fdtur \u00fea\u00f0 <a href=\"https:\/\/biblian.is\/1981\/jobsbok-14-kafli\/\"> [&#8230;]<\/a><\/p>\n","protected":false},"author":1,"featured_media":0,"parent":0,"menu_order":0,"comment_status":"open","ping_status":"open","template":"bibliukaflar.php","meta":{"footnotes":""},"class_list":["post-1796","page","type-page","status-publish","hentry"],"_links":{"self":[{"href":"https:\/\/biblian.is\/1981\/wp-json\/wp\/v2\/pages\/1796","targetHints":{"allow":["GET"]}}],"collection":[{"href":"https:\/\/biblian.is\/1981\/wp-json\/wp\/v2\/pages"}],"about":[{"href":"https:\/\/biblian.is\/1981\/wp-json\/wp\/v2\/types\/page"}],"author":[{"embeddable":true,"href":"https:\/\/biblian.is\/1981\/wp-json\/wp\/v2\/users\/1"}],"replies":[{"embeddable":true,"href":"https:\/\/biblian.is\/1981\/wp-json\/wp\/v2\/comments?post=1796"}],"version-history":[{"count":0,"href":"https:\/\/biblian.is\/1981\/wp-json\/wp\/v2\/pages\/1796\/revisions"}],"wp:attachment":[{"href":"https:\/\/biblian.is\/1981\/wp-json\/wp\/v2\/media?parent=1796"}],"curies":[{"name":"wp","href":"https:\/\/api.w.org\/{rel}","templated":true}]}}