{"id":1795,"date":"2017-11-18T20:18:43","date_gmt":"2017-11-18T20:18:43","guid":{"rendered":"http:\/\/biblian.is\/1981\/jobsbok-13-kafli\/"},"modified":"2017-11-18T20:18:43","modified_gmt":"2017-11-18T20:18:43","slug":"jobsbok-13-kafli","status":"publish","type":"page","link":"https:\/\/biblian.is\/1981\/jobsbok-13-kafli\/","title":{"rendered":"Jobsb\u00f3k 13. kafli"},"content":{"rendered":"<p><a name=\"1\"><span class=\"versanumer\">1<\/span><\/a>Sj\u00e1, allt \u00feetta hefir auga mitt s\u00e9\u00f0 og eyra mitt heyrt og sett \u00fea\u00f0 \u00e1 sig.<a name=\"2\"><span class=\"versanumer\">2<\/span><\/a>\u00dea\u00f0 sem \u00fe\u00e9r viti\u00f0, \u00fea\u00f0 veit \u00e9g l\u00edka, ekki stend \u00e9g y\u00f0ur a\u00f0 baki.<a name=\"3\"><span class=\"versanumer\">3<\/span><\/a>En \u00e9g vil tala til hins Alm\u00e1ttka og mig langar til a\u00f0 \u00fereyta m\u00e1ls\u00f3kn vi\u00f0 Gu\u00f0.<a name=\"4\"><span class=\"versanumer\">4<\/span><\/a>\u00dev\u00ed a\u00f0 sannlega samtvinni\u00f0 \u00fe\u00e9r lygar og eru\u00f0 gagnslausir gutlarar allir saman.<a name=\"5\"><span class=\"versanumer\">5<\/span><\/a>\u00d3 a\u00f0 \u00fe\u00e9r vildu\u00f0 stein\u00feegja, \u00fe\u00e1 m\u00e6tti meta y\u00f0ur \u00fea\u00f0 til mannvits.<a name=\"6\"><span class=\"versanumer\">6<\/span><\/a>Heyri\u00f0 \u00e1t\u00f6lur m\u00ednar og hlusti\u00f0 \u00e1 \u00e1sakanir vara minna.<a name=\"7\"><span class=\"versanumer\">7<\/span><\/a>Vilji\u00f0 \u00fe\u00e9r m\u00e6la \u00fea\u00f0, sem rangt er, Gu\u00f0i til varnar, og honum til varnar m\u00e6la svik?<a name=\"8\"><span class=\"versanumer\">8<\/span><\/a>Vilji\u00f0 \u00fe\u00e9r draga taum hans, e\u00f0a vilji\u00f0 \u00fe\u00e9r taka m\u00e1lsta\u00f0 Gu\u00f0s?<a name=\"9\"><span class=\"versanumer\">9<\/span><\/a>\u00c6tli \u00fea\u00f0 fari vel, \u00feegar hann rannsakar y\u00f0ur, e\u00f0a \u00e6tli\u00f0 \u00fe\u00e9r a\u00f0 leika \u00e1 hann, eins og leiki\u00f0 er \u00e1 menn?<a name=\"10\"><span class=\"versanumer\">10<\/span><\/a>Nei, hegna, hegna mun hann y\u00f0ur, ef \u00fe\u00e9r eru\u00f0 hlutdr\u00e6gir \u00ed leyni.<a name=\"11\"><span class=\"versanumer\">11<\/span><\/a>H\u00e1tign hans mun skelfa y\u00f0ur, og \u00f3gn hans mun falla yfir y\u00f0ur.<a name=\"12\"><span class=\"versanumer\">12<\/span><\/a>Spakm\u00e6li y\u00f0ar eru \u00f6sku-or\u00f0skvi\u00f0ir, v\u00edgi y\u00f0ar eru leirv\u00edgi.<a name=\"13\"><span class=\"versanumer\">13<\/span><\/a>\u00deegi\u00f0 og l\u00e1ti\u00f0 mig \u00ed fri\u00f0i, \u00fe\u00e1 mun \u00e9g m\u00e6la, og komi yfir mig hva\u00f0 sem vill.<a name=\"14\"><span class=\"versanumer\">14<\/span><\/a>\u00c9g stofna sj\u00e1lfum m\u00e9r \u00ed h\u00e6ttu og legg l\u00edfi\u00f0 undir.<a name=\"15\"><span class=\"versanumer\">15<\/span><\/a>Sj\u00e1, hann mun dey\u00f0a mig \u00e9g b\u00ed\u00f0 hans, a\u00f0eins vil \u00e9g verja breytni m\u00edna fyrir augliti hans.<a name=\"16\"><span class=\"versanumer\">16<\/span><\/a>\u00dea\u00f0 skal og ver\u00f0a m\u00e9r til sigurs, \u00fev\u00ed a\u00f0 gu\u00f0laus ma\u00f0ur kemur ekki fyrir auglit hans.<a name=\"17\"><span class=\"versanumer\">17<\/span><\/a>Hl\u00fd\u00f0i\u00f0 \u00fev\u00ed gaumg\u00e6filega \u00e1 r\u00e6\u00f0u m\u00edna, og v\u00f6rn m\u00edn gangi y\u00f0ur \u00ed eyru.<a name=\"18\"><span class=\"versanumer\">18<\/span><\/a>Sj\u00e1, \u00e9g hefi undirb\u00fai\u00f0 m\u00e1li\u00f0, \u00e9g veit, a\u00f0 \u00e9g ver\u00f0 d\u00e6mdur s\u00fdkn.<a name=\"19\"><span class=\"versanumer\">19<\/span><\/a>Hver er s\u00e1, er deila vilji vi\u00f0 mig? \u00fe\u00e1 skyldi \u00e9g \u00feegja og gefa upp andann.<a name=\"20\"><span class=\"versanumer\">20<\/span><\/a>Tvennt m\u00e1tt \u00fe\u00fa, Gu\u00f0, ekki vi\u00f0 mig gj\u00f6ra, \u00fe\u00e1 skal \u00e9g ekki fela mig fyrir augliti \u00fe\u00ednu.<a name=\"21\"><span class=\"versanumer\">21<\/span><\/a>Tak h\u00f6nd \u00fe\u00edna burt fr\u00e1 m\u00e9r, og l\u00e1t ekki skelfing \u00fe\u00edna hr\u00e6\u00f0a mig.<a name=\"22\"><span class=\"versanumer\">22<\/span><\/a>Kalla \u00fev\u00ed n\u00e6st, og mun \u00e9g svara, e\u00f0a \u00e9g skal tala, og veit \u00fe\u00fa m\u00e9r andsv\u00f6r \u00ed m\u00f3ti.<a name=\"23\"><span class=\"versanumer\">23<\/span><\/a>Hversu margar eru \u00fe\u00e1 misgj\u00f6r\u00f0ir m\u00ednar og syndir? Kunngj\u00f6r m\u00e9r afbrot m\u00edn og synd m\u00edna!<a name=\"24\"><span class=\"versanumer\">24<\/span><\/a>Hvers vegna byrgir \u00fe\u00fa auglit \u00feitt og \u00e6tlar, a\u00f0 \u00e9g s\u00e9 \u00f3vinur \u00feinn?<a name=\"25\"><span class=\"versanumer\">25<\/span><\/a>\u00c6tlar \u00fe\u00fa a\u00f0 skelfa vind\u00feyrla\u00f0 laufbla\u00f0 og ofs\u00e6kja \u00feurrt h\u00e1lmstr\u00e1,<a name=\"26\"><span class=\"versanumer\">26<\/span><\/a>er \u00fe\u00fa d\u00e6mir m\u00e9r beiskar kvalir og l\u00e6tur mig erfa misgj\u00f6r\u00f0ir \u00e6sku minnar,<a name=\"27\"><span class=\"versanumer\">27<\/span><\/a>er \u00fe\u00fa setur f\u00e6tur m\u00edna \u00ed stokk og a\u00f0g\u00e6tir alla vegu m\u00edna og markar hring kringum iljar m\u00ednar?<a name=\"28\"><span class=\"versanumer\">28<\/span><\/a>\u00deessi ma\u00f0ur dettur \u00fe\u00f3 sundur eins og ma\u00f0ksmoginn vi\u00f0ur, eins og m\u00f6leti\u00f0 fat.<\/p>\n<div class=\"footnote1981\"><b>13.2<\/b> Ykkur ekki a\u00f0 baki Job 12.3+<br \/>\n<b>13.3<\/b> Verja m\u00e1l mitt Job 9.3+<br \/>\n<b>13.5<\/b> \u00deegja, viska Okv 17.28<br \/>\n<b>13.7<\/b> Verja me\u00f0 rangf\u00e6rslum Job 42.7<br \/>\n<b>13.9<\/b> Enginn blekkir Gu\u00f0 Mal 3.2; Slm 78.36; Gal 6.7<br \/>\n<b>13.11<\/b> H\u00e1tign Gu\u00f0s 3M\u00f3s 16.2; Jes 6.1-5; Slm 119.120<br \/>\n<b>13.15<\/b> \u00c9g v\u00e6nti einskis Job 14.19; 17.15-16; 1Kro 29.15<br \/>\n<b>13.18<\/b> Leggja m\u00e1l fyrir Job 9.3+<br \/>\n<b>13.19<\/b> G\u00e6ti nokkur \u00e1k\u00e6rt mig? Jes 50.8<br \/>\n<b>13.21<\/b> H\u00f6nd Gu\u00f0s Job 19.21+ &#8211; \u00f3tti Job 6.4+ ; 33.7<br \/>\n<b>13.22<\/b> Svara m\u00e9r Job 19.7; 30.20; 31.35<br \/>\n<b>13.23<\/b> Ger\u00f0u m\u00e9r grein fyrir Job 6.24+<br \/>\n<b>13.24<\/b> Gu\u00f0 hylur auglit sitt Slm 88.15; sbr Slm 4.7; Dan 9.17<br \/>\n<b>13.25<\/b> Ma\u00f0urinn sem visinn reyr Slm 1.4; sbr 1Sam 24.15<br \/>\n<b>13.26<\/b> \u00c6skusyndir m\u00ednar Slm 25.7; sbr Pr\u00e9d 11.9<br \/>\n<b>13.28<\/b> Molnar Jes 50.9; Slm 102.27<\/div>\n","protected":false},"excerpt":{"rendered":"<p>1Sj\u00e1, allt \u00feetta hefir auga mitt s\u00e9\u00f0 og eyra mitt heyrt og sett \u00fea\u00f0 \u00e1 sig.2\u00dea\u00f0 sem \u00fe\u00e9r viti\u00f0, \u00fea\u00f0 veit \u00e9g l\u00edka, ekki stend \u00e9g y\u00f0ur a\u00f0 baki.3En \u00e9g vil tala til hins Alm\u00e1ttka og mig langar til a\u00f0 \u00fereyta m\u00e1ls\u00f3kn vi\u00f0 Gu\u00f0.4\u00dev\u00ed a\u00f0 sannlega samtvinni\u00f0 \u00fe\u00e9r lygar og eru\u00f0 gagnslausir gutlarar allir saman.5\u00d3 a\u00f0 \u00fe\u00e9r vildu\u00f0 stein\u00feegja, \u00fe\u00e1 m\u00e6tti meta y\u00f0ur \u00fea\u00f0 til mannvits.6Heyri\u00f0 \u00e1t\u00f6lur m\u00ednar og hlusti\u00f0 \u00e1 \u00e1sakanir vara minna.7Vilji\u00f0 \u00fe\u00e9r m\u00e6la \u00fea\u00f0, sem rangt er, Gu\u00f0i til varnar, og honum til varnar m\u00e6la svik?8Vilji\u00f0 \u00fe\u00e9r draga taum hans, e\u00f0a vilji\u00f0 \u00fe\u00e9r taka m\u00e1lsta\u00f0 Gu\u00f0s?9\u00c6tli \u00fea\u00f0 <a href=\"https:\/\/biblian.is\/1981\/jobsbok-13-kafli\/\"> [&#8230;]<\/a><\/p>\n","protected":false},"author":1,"featured_media":0,"parent":0,"menu_order":0,"comment_status":"open","ping_status":"open","template":"bibliukaflar.php","meta":{"footnotes":""},"class_list":["post-1795","page","type-page","status-publish","hentry"],"_links":{"self":[{"href":"https:\/\/biblian.is\/1981\/wp-json\/wp\/v2\/pages\/1795","targetHints":{"allow":["GET"]}}],"collection":[{"href":"https:\/\/biblian.is\/1981\/wp-json\/wp\/v2\/pages"}],"about":[{"href":"https:\/\/biblian.is\/1981\/wp-json\/wp\/v2\/types\/page"}],"author":[{"embeddable":true,"href":"https:\/\/biblian.is\/1981\/wp-json\/wp\/v2\/users\/1"}],"replies":[{"embeddable":true,"href":"https:\/\/biblian.is\/1981\/wp-json\/wp\/v2\/comments?post=1795"}],"version-history":[{"count":0,"href":"https:\/\/biblian.is\/1981\/wp-json\/wp\/v2\/pages\/1795\/revisions"}],"wp:attachment":[{"href":"https:\/\/biblian.is\/1981\/wp-json\/wp\/v2\/media?parent=1795"}],"curies":[{"name":"wp","href":"https:\/\/api.w.org\/{rel}","templated":true}]}}