{"id":1794,"date":"2017-11-18T20:18:43","date_gmt":"2017-11-18T20:18:43","guid":{"rendered":"http:\/\/biblian.is\/1981\/jobsbok-12-kafli\/"},"modified":"2017-11-18T20:18:43","modified_gmt":"2017-11-18T20:18:43","slug":"jobsbok-12-kafli","status":"publish","type":"page","link":"https:\/\/biblian.is\/1981\/jobsbok-12-kafli\/","title":{"rendered":"Jobsb\u00f3k 12. kafli"},"content":{"rendered":"<p><a name=\"1\"><span class=\"versanumer\">1<\/span><\/a>\u00de\u00e1 svara\u00f0i Job og sag\u00f0i:<a name=\"2\"><span class=\"versanumer\">2<\/span><\/a>J\u00e1, vissulega, miklir menn eru\u00f0 \u00fe\u00e9r, og me\u00f0 y\u00f0ur mun spekin deyja \u00fat!<a name=\"3\"><span class=\"versanumer\">3<\/span><\/a>En \u00e9g hefi vit eins og \u00fe\u00e9r, ekki stend \u00e9g y\u00f0ur a\u00f0 baki, og hver er s\u00e1, er eigi viti sl\u00edkt!<a name=\"4\"><span class=\"versanumer\">4<\/span><\/a>Athl\u00e6gi vinar s\u00edns \u00fea\u00f0 m\u00e1 \u00e9g vera, \u00e9g sem kalla\u00f0i til Gu\u00f0s, og hann svara\u00f0i m\u00e9r, \u00e9g, hinn r\u00e9ttl\u00e1ti, hreinlyndi, er a\u00f0 athl\u00e6gi!<a name=\"5\"><span class=\"versanumer\">5<\/span><\/a>\u00d3g\u00e6fan er fyrirlitleg segir hinn \u00f6ruggi, h\u00fan h\u00e6fir \u00feeim, sem skrikar f\u00f3tur.<a name=\"6\"><span class=\"versanumer\">6<\/span><\/a>Tj\u00f6ld spellvirkjanna standa \u00f3sk\u00f6ddu\u00f0, og \u00feeir lifa \u00e1hyggjulausir, sem egna Gu\u00f0 til rei\u00f0i, og s\u00e1 sem \u00feykist bera Gu\u00f0 \u00ed hendi s\u00e9r.<a name=\"7\"><span class=\"versanumer\">7<\/span><\/a>En spyr \u00fe\u00fa skepnurnar, og \u00fe\u00e6r munu kenna \u00fe\u00e9r, fugla loftsins, og \u00feeir munu fr\u00e6\u00f0a \u00feig,<a name=\"8\"><span class=\"versanumer\">8<\/span><\/a>e\u00f0a villid\u00fdrin, og \u00feau munu kenna \u00fe\u00e9r, og fiskar hafsins munu kunngj\u00f6ra \u00fe\u00e9r.<a name=\"9\"><span class=\"versanumer\">9<\/span><\/a>Hver \u00feeirra veit ekki a\u00f0 h\u00f6nd Drottins hefir gj\u00f6rt \u00feetta?<a name=\"10\"><span class=\"versanumer\">10<\/span><\/a>\u00cd hans hendi er l\u00edf alls hins lifanda og andi s\u00e9rhvers mannsl\u00edkama.<a name=\"11\"><span class=\"versanumer\">11<\/span><\/a>Pr\u00f3far eyra\u00f0 ekki or\u00f0in, eins og g\u00f3murinn smakkar matinn?<a name=\"12\"><span class=\"versanumer\">12<\/span><\/a>Hj\u00e1 \u00f6ldru\u00f0um m\u00f6nnum er speki, og langir l\u00edfdagar veita hyggindi.<a name=\"13\"><span class=\"versanumer\">13<\/span><\/a>Hj\u00e1 Gu\u00f0i er speki og m\u00e1ttur, hans eru r\u00e1\u00f0 og hyggindi.<a name=\"14\"><span class=\"versanumer\">14<\/span><\/a>\u00deegar hann r\u00edfur ni\u00f0ur, \u00fe\u00e1 ver\u00f0ur eigi byggt upp aftur, \u00feegar hann setur einhvern \u00ed fangelsi, \u00fe\u00e1 ver\u00f0ur ekki loki\u00f0 upp.<a name=\"15\"><span class=\"versanumer\">15<\/span><\/a>\u00deegar hann st\u00edflar v\u00f6tnin, \u00fe\u00e1 \u00feorna \u00feau upp, \u00feegar hann hleypir \u00feeim, \u00fe\u00e1 umturna \u00feau j\u00f6r\u00f0inni.<a name=\"16\"><span class=\"versanumer\">16<\/span><\/a>Hj\u00e1 honum er m\u00e1ttur og viska, \u00e1 valdi hans er s\u00e1 er villist, og s\u00e1 er \u00ed villu lei\u00f0ir.<a name=\"17\"><span class=\"versanumer\">17<\/span><\/a>Hann lei\u00f0ir r\u00e1\u00f0herra burt nakta og gj\u00f6rir d\u00f3mara a\u00f0 f\u00edflum.<a name=\"18\"><span class=\"versanumer\">18<\/span><\/a>Hann leysir fj\u00f6tra konunganna og bindur reipi um lendar sj\u00e1lfra \u00feeirra.<a name=\"19\"><span class=\"versanumer\">19<\/span><\/a>Hann lei\u00f0ir presta burt nakta og steypir \u00feeim, sem sitja fastir \u00ed sessi.<a name=\"20\"><span class=\"versanumer\">20<\/span><\/a>Hann r\u00e6nir reynda menn m\u00e1linu og sviptir \u00f6ldungana d\u00f3mgreind.<a name=\"21\"><span class=\"versanumer\">21<\/span><\/a>Hann hellir fyrirlitning yfir tignarmennin og gj\u00f6rir slakt belti hinna sterku.<a name=\"22\"><span class=\"versanumer\">22<\/span><\/a>Hann grefur hi\u00f0 hulda fram \u00far myrkrinu og dregur ni\u00f0dimmuna fram \u00ed birtuna.<a name=\"23\"><span class=\"versanumer\">23<\/span><\/a>Hann veitir \u00fej\u00f3\u00f0unum v\u00f6xt og ey\u00f0ir \u00feeim, \u00fatbrei\u00f0ir \u00fej\u00f3\u00f0irnar og lei\u00f0ir \u00fe\u00e6r burt.<a name=\"24\"><span class=\"versanumer\">24<\/span><\/a>Hann firrir \u00fej\u00f3\u00f0h\u00f6f\u00f0ingja landsins viti og l\u00e6tur \u00fe\u00e1 villast um veglaus \u00f6r\u00e6fi.<a name=\"25\"><span class=\"versanumer\">25<\/span><\/a>\u00deeir f\u00e1lma \u00ed lj\u00f3slausu myrkri, og hann l\u00e6tur \u00fe\u00e1 skj\u00f6gra eins og drukkinn mann.<\/p>\n<div class=\"footnote1981\"><b>12.3<\/b> L\u00edka vit eins og \u00fei\u00f0 Job 13.2; 2Kor 11.5<br \/>\n<b>12.4<\/b> Athl\u00e6gi Job 17.6; 30.1; Slm 22.8; Matt 27.41 og hlst. \u2013 r\u00e9ttl\u00e1tur og flekklaus Job 1.1+<br \/>\n<b>12.6<\/b> \u00d3hultir Job 21.7; Jer 12.1-2; Slm 73.3-12<br \/>\n<b>12.7<\/b> Spyr\u00f0u skepnurnar Job 37.2-18; 38-39; Matt 6.26-30<br \/>\n<b>12.10<\/b> L\u00edfi\u00f0 \u00ed hendi Gu\u00f0s Job 34.14-15; 4M\u00f3s 16.22; Dan 5.23<br \/>\n<b>12.12<\/b> Speki hj\u00e1 \u00f6ldungunum Job 8.8+<br \/>\n<b>12.13<\/b> Speki og kraftur Jes 11.2; Okv 8.14<br \/>\n<b>12.14<\/b> Gj\u00f6r\u00f0ir Gu\u00f0s standa Jes 22.22; Opb 3.7<br \/>\n<b>12.16<\/b> \u00deeir sem villast 1Kon 22.23<br \/>\n<b>12.21<\/b> Sm\u00e1n yfir tignarmenni Slm 107.40<\/div>\n","protected":false},"excerpt":{"rendered":"<p>1\u00de\u00e1 svara\u00f0i Job og sag\u00f0i:2J\u00e1, vissulega, miklir menn eru\u00f0 \u00fe\u00e9r, og me\u00f0 y\u00f0ur mun spekin deyja \u00fat!3En \u00e9g hefi vit eins og \u00fe\u00e9r, ekki stend \u00e9g y\u00f0ur a\u00f0 baki, og hver er s\u00e1, er eigi viti sl\u00edkt!4Athl\u00e6gi vinar s\u00edns \u00fea\u00f0 m\u00e1 \u00e9g vera, \u00e9g sem kalla\u00f0i til Gu\u00f0s, og hann svara\u00f0i m\u00e9r, \u00e9g, hinn r\u00e9ttl\u00e1ti, hreinlyndi, er a\u00f0 athl\u00e6gi!5\u00d3g\u00e6fan er fyrirlitleg segir hinn \u00f6ruggi, h\u00fan h\u00e6fir \u00feeim, sem skrikar f\u00f3tur.6Tj\u00f6ld spellvirkjanna standa \u00f3sk\u00f6ddu\u00f0, og \u00feeir lifa \u00e1hyggjulausir, sem egna Gu\u00f0 til rei\u00f0i, og s\u00e1 sem \u00feykist bera Gu\u00f0 \u00ed hendi s\u00e9r.7En spyr \u00fe\u00fa skepnurnar, og \u00fe\u00e6r munu kenna \u00fe\u00e9r, fugla <a href=\"https:\/\/biblian.is\/1981\/jobsbok-12-kafli\/\"> [&#8230;]<\/a><\/p>\n","protected":false},"author":1,"featured_media":0,"parent":0,"menu_order":0,"comment_status":"open","ping_status":"open","template":"bibliukaflar.php","meta":{"footnotes":""},"class_list":["post-1794","page","type-page","status-publish","hentry"],"_links":{"self":[{"href":"https:\/\/biblian.is\/1981\/wp-json\/wp\/v2\/pages\/1794","targetHints":{"allow":["GET"]}}],"collection":[{"href":"https:\/\/biblian.is\/1981\/wp-json\/wp\/v2\/pages"}],"about":[{"href":"https:\/\/biblian.is\/1981\/wp-json\/wp\/v2\/types\/page"}],"author":[{"embeddable":true,"href":"https:\/\/biblian.is\/1981\/wp-json\/wp\/v2\/users\/1"}],"replies":[{"embeddable":true,"href":"https:\/\/biblian.is\/1981\/wp-json\/wp\/v2\/comments?post=1794"}],"version-history":[{"count":0,"href":"https:\/\/biblian.is\/1981\/wp-json\/wp\/v2\/pages\/1794\/revisions"}],"wp:attachment":[{"href":"https:\/\/biblian.is\/1981\/wp-json\/wp\/v2\/media?parent=1794"}],"curies":[{"name":"wp","href":"https:\/\/api.w.org\/{rel}","templated":true}]}}