{"id":1793,"date":"2017-11-18T20:18:43","date_gmt":"2017-11-18T20:18:43","guid":{"rendered":"http:\/\/biblian.is\/1981\/jobsbok-11-kafli\/"},"modified":"2017-11-18T20:18:43","modified_gmt":"2017-11-18T20:18:43","slug":"jobsbok-11-kafli","status":"publish","type":"page","link":"https:\/\/biblian.is\/1981\/jobsbok-11-kafli\/","title":{"rendered":"Jobsb\u00f3k 11. kafli"},"content":{"rendered":"<p><a name=\"1\"><span class=\"versanumer\">1<\/span><\/a>\u00de\u00e1 svara\u00f0i S\u00f3far fr\u00e1 Naama og sag\u00f0i:<a name=\"2\"><span class=\"versanumer\">2<\/span><\/a>\u00c1 ekki a\u00f0 svara or\u00f0agj\u00e1lfrinu, og \u00e1 m\u00e1lskrafsma\u00f0urinn a\u00f0 hafa r\u00e9tt fyrir s\u00e9r?<a name=\"3\"><span class=\"versanumer\">3<\/span><\/a>\u00c6ttu st\u00f3ryr\u00f0i \u00fe\u00edn a\u00f0 koma m\u00f6nnum til a\u00f0 \u00feegja, og \u00e6ttir \u00fe\u00fa a\u00f0 spotta og enginn sneypa \u00feig,<a name=\"4\"><span class=\"versanumer\">4<\/span><\/a>\u00fear sem \u00fe\u00fa segir: Kenning m\u00edn er r\u00e9tt, og \u00e9g er hreinn \u00ed augum Gu\u00f0s?<a name=\"5\"><span class=\"versanumer\">5<\/span><\/a>En \u00f3 a\u00f0 Gu\u00f0 vildi tala og lj\u00faka upp v\u00f6rum s\u00ednum \u00ed m\u00f3ti \u00fe\u00e9r<a name=\"6\"><span class=\"versanumer\">6<\/span><\/a>og kunngj\u00f6ra \u00fe\u00e9r leyndard\u00f3ma spekinnar, a\u00f0 \u00ed \u00feeim felast margf\u00f6ld hyggindi, \u00fe\u00e1 mundir \u00fe\u00fa kannast vi\u00f0, a\u00f0 Gu\u00f0 hegnir ekki til fulls misgj\u00f6r\u00f0 \u00feinni.<a name=\"7\"><span class=\"versanumer\">7<\/span><\/a>Getur \u00fe\u00fa n\u00e1\u00f0 til botns \u00ed Gu\u00f0i e\u00f0a komist til ystu takmarka hins Alm\u00e1ttka?<a name=\"8\"><span class=\"versanumer\">8<\/span><\/a>Himinh\u00e1 er speki hans hva\u00f0 f\u00e6r \u00fe\u00fa gj\u00f6rt? d\u00fdpri en undirheimar hva\u00f0 f\u00e6r \u00fe\u00fa vita\u00f0?<a name=\"9\"><span class=\"versanumer\">9<\/span><\/a>H\u00fan er lengri en j\u00f6r\u00f0in a\u00f0 v\u00ed\u00f0\u00e1ttu og brei\u00f0ari en hafi\u00f0.<a name=\"10\"><span class=\"versanumer\">10<\/span><\/a>Ef hann ry\u00f0st fram og hneppir \u00ed var\u00f0hald og stefnir d\u00f3m\u00feing hver aftrar honum?<a name=\"11\"><span class=\"versanumer\">11<\/span><\/a>\u00dev\u00ed a\u00f0 hann \u00feekkir varmennin og s\u00e9r rangl\u00e6ti\u00f0, \u00fe\u00f3tt hann s\u00e9 ekki a\u00f0 veita \u00fev\u00ed athygli.<a name=\"12\"><span class=\"versanumer\">12<\/span><\/a>Ver\u00f0ur \u00f3vitur ma\u00f0ur hygginn? og f\u00e6\u00f0ist sk\u00f3gar\u00f6snu-folald sem ma\u00f0ur?<a name=\"13\"><span class=\"versanumer\">13<\/span><\/a>Ef \u00fe\u00fa undirb\u00fdr hjarta \u00feitt og brei\u00f0ir \u00fat l\u00f3fa \u00fe\u00edna til hans,<a name=\"14\"><span class=\"versanumer\">14<\/span><\/a>ef misgj\u00f6r\u00f0 er \u00ed hendi \u00feinni, \u00fe\u00e1 fjarl\u00e6g hana, og l\u00e1t eigi \u00f3r\u00e9tt b\u00faa \u00ed tj\u00f6ldum \u00fe\u00ednum<a name=\"15\"><span class=\"versanumer\">15<\/span><\/a>j\u00e1, \u00fe\u00e1 munt \u00fe\u00fa flekklaus hefja h\u00f6fu\u00f0 \u00feitt, munt standa fastur og eigi \u00feurfa a\u00f0 \u00f3ttast.<a name=\"16\"><span class=\"versanumer\">16<\/span><\/a>J\u00e1, \u00fe\u00e1 munt \u00fe\u00fa gleyma m\u00e6\u00f0u \u00feinni, \u00fe\u00fa munt minnast hennar sem vatns, er runni\u00f0 er fram hj\u00e1.<a name=\"17\"><span class=\"versanumer\">17<\/span><\/a>Og l\u00edfi\u00f0 mun renna upp bjartara en h\u00e1degi\u00f0, \u00fe\u00f3tt dimmi, \u00fe\u00e1 mun \u00fea\u00f0 ver\u00f0a sem morgunn.<a name=\"18\"><span class=\"versanumer\">18<\/span><\/a>Og \u00fe\u00fa munt vera \u00f6ruggur, \u00fev\u00ed a\u00f0 enn er von, og skyggnist \u00fe\u00fa um, getur \u00fe\u00fa lagst \u00f3hultur til hv\u00edldar.<a name=\"19\"><span class=\"versanumer\">19<\/span><\/a>Og \u00fe\u00fa hv\u00edlist, og enginn hr\u00e6\u00f0ir \u00feig, og margir munu reyna a\u00f0 koma s\u00e9r \u00ed mj\u00fakinn hj\u00e1 \u00fe\u00e9r.<a name=\"20\"><span class=\"versanumer\">20<\/span><\/a>En augu hinna \u00f3gu\u00f0legu daprast, fyrir \u00fe\u00e1 er foki\u00f0 \u00ed \u00f6ll skj\u00f3l, og \u00feeirra eina von er a\u00f0 gefa upp andann.<\/p>\n<div class=\"footnote1981\"><b>11.4<\/b> \u00c9g var hreinn Job 16.17; 33.9<br \/>\n<b>11.5<\/b> \u00d3skandi a\u00f0 Gu\u00f0 tali Job 38.1<br \/>\n<b>11.6<\/b> Speki Gu\u00f0s Job 28; R\u00f3m 11.33; 1Kor 2.6-16<br \/>\n<b>11.7<\/b> N\u00e1 til botns Ef 3.18<br \/>\n<b>11.10<\/b> Hver aftrar honum? Job 9.12+<br \/>\n<b>11.13<\/b> Lj\u00faka upp l\u00f3fum (bi\u00f0ja) 2M\u00f3s 9.29; Jes 1.15; Slm 88.10<br \/>\n<b>11.15<\/b> Upplitsdjarftur Job 22.26<br \/>\n<b>11.17<\/b> Myrkri\u00f0 sem morgunn Jes 9.1; 42.16; Slm 139.12; J\u00f3h 1.5<br \/>\n<b>11.20<\/b> \u00der\u00e1 dau\u00f0ann Job 3.21+<\/div>\n","protected":false},"excerpt":{"rendered":"<p>1\u00de\u00e1 svara\u00f0i S\u00f3far fr\u00e1 Naama og sag\u00f0i:2\u00c1 ekki a\u00f0 svara or\u00f0agj\u00e1lfrinu, og \u00e1 m\u00e1lskrafsma\u00f0urinn a\u00f0 hafa r\u00e9tt fyrir s\u00e9r?3\u00c6ttu st\u00f3ryr\u00f0i \u00fe\u00edn a\u00f0 koma m\u00f6nnum til a\u00f0 \u00feegja, og \u00e6ttir \u00fe\u00fa a\u00f0 spotta og enginn sneypa \u00feig,4\u00fear sem \u00fe\u00fa segir: Kenning m\u00edn er r\u00e9tt, og \u00e9g er hreinn \u00ed augum Gu\u00f0s?5En \u00f3 a\u00f0 Gu\u00f0 vildi tala og lj\u00faka upp v\u00f6rum s\u00ednum \u00ed m\u00f3ti \u00fe\u00e9r6og kunngj\u00f6ra \u00fe\u00e9r leyndard\u00f3ma spekinnar, a\u00f0 \u00ed \u00feeim felast margf\u00f6ld hyggindi, \u00fe\u00e1 mundir \u00fe\u00fa kannast vi\u00f0, a\u00f0 Gu\u00f0 hegnir ekki til fulls misgj\u00f6r\u00f0 \u00feinni.7Getur \u00fe\u00fa n\u00e1\u00f0 til botns \u00ed Gu\u00f0i e\u00f0a komist til ystu takmarka hins Alm\u00e1ttka?8Himinh\u00e1 er <a href=\"https:\/\/biblian.is\/1981\/jobsbok-11-kafli\/\"> [&#8230;]<\/a><\/p>\n","protected":false},"author":1,"featured_media":0,"parent":0,"menu_order":0,"comment_status":"open","ping_status":"open","template":"bibliukaflar.php","meta":{"footnotes":""},"class_list":["post-1793","page","type-page","status-publish","hentry"],"_links":{"self":[{"href":"https:\/\/biblian.is\/1981\/wp-json\/wp\/v2\/pages\/1793","targetHints":{"allow":["GET"]}}],"collection":[{"href":"https:\/\/biblian.is\/1981\/wp-json\/wp\/v2\/pages"}],"about":[{"href":"https:\/\/biblian.is\/1981\/wp-json\/wp\/v2\/types\/page"}],"author":[{"embeddable":true,"href":"https:\/\/biblian.is\/1981\/wp-json\/wp\/v2\/users\/1"}],"replies":[{"embeddable":true,"href":"https:\/\/biblian.is\/1981\/wp-json\/wp\/v2\/comments?post=1793"}],"version-history":[{"count":0,"href":"https:\/\/biblian.is\/1981\/wp-json\/wp\/v2\/pages\/1793\/revisions"}],"wp:attachment":[{"href":"https:\/\/biblian.is\/1981\/wp-json\/wp\/v2\/media?parent=1793"}],"curies":[{"name":"wp","href":"https:\/\/api.w.org\/{rel}","templated":true}]}}