{"id":1790,"date":"2017-11-18T20:18:43","date_gmt":"2017-11-18T20:18:43","guid":{"rendered":"http:\/\/biblian.is\/1981\/jobsbok-8-kafli\/"},"modified":"2017-11-18T20:18:43","modified_gmt":"2017-11-18T20:18:43","slug":"jobsbok-8-kafli","status":"publish","type":"page","link":"https:\/\/biblian.is\/1981\/jobsbok-8-kafli\/","title":{"rendered":"Jobsb\u00f3k 8. kafli"},"content":{"rendered":"<p><a name=\"1\"><span class=\"versanumer\">1<\/span><\/a>\u00de\u00e1 svara\u00f0i Bildad fr\u00e1 S\u00faa og sag\u00f0i:<a name=\"2\"><span class=\"versanumer\">2<\/span><\/a>Hversu lengi \u00e6tlar \u00fe\u00fa sl\u00edkt a\u00f0 m\u00e6la og or\u00f0in \u00ed munni \u00fe\u00ednum a\u00f0 vera hvass vindur?<a name=\"3\"><span class=\"versanumer\">3<\/span><\/a>Hallar \u00fe\u00e1 Gu\u00f0 r\u00e9ttinum, e\u00f0a hallar hinn Alm\u00e1ttki r\u00e9ttl\u00e6tinu?<a name=\"4\"><span class=\"versanumer\">4<\/span><\/a>Hafi b\u00f6rn \u00fe\u00edn syndga\u00f0 m\u00f3ti honum, \u00fe\u00e1 hefir hann selt \u00feau misgj\u00f6r\u00f0 \u00feeirra \u00e1 vald.<a name=\"5\"><span class=\"versanumer\">5<\/span><\/a>En ef \u00fe\u00fa leitar Gu\u00f0s og bi\u00f0ur hinn Alm\u00e1ttka miskunnar<a name=\"6\"><span class=\"versanumer\">6<\/span><\/a>ef \u00fe\u00fa ert hreinn og einl\u00e6gur j\u00e1, \u00fe\u00e1 mun hann \u00feegar vakna til a\u00f0 sinna \u00fe\u00e9r og endurreisa b\u00fasta\u00f0 \u00fe\u00edns r\u00e9ttl\u00e6tis.<a name=\"7\"><span class=\"versanumer\">7<\/span><\/a>\u00de\u00e1 mun \u00feinn fyrri hagur vir\u00f0ast l\u00edtilfj\u00f6rlegur, en framt\u00ed\u00f0arhagur \u00feinn vaxa st\u00f3rum.<a name=\"8\"><span class=\"versanumer\">8<\/span><\/a>Spyr \u00fe\u00fa hina fyrri kynsl\u00f3\u00f0 og gef \u00fe\u00fa gaum a\u00f0 reynslu fe\u00f0ranna.<a name=\"9\"><span class=\"versanumer\">9<\/span><\/a>V\u00e9r erum s\u00ed\u00f0an \u00ed g\u00e6r og vitum ekkert, \u00fev\u00ed a\u00f0 skuggi eru dagar vorir \u00e1 j\u00f6r\u00f0unni.<a name=\"10\"><span class=\"versanumer\">10<\/span><\/a>En \u00feeir munu fr\u00e6\u00f0a \u00feig, segja \u00fe\u00e9r \u00fea\u00f0 og bera fram or\u00f0 \u00far sj\u00f3\u00f0i hjarta s\u00edns:<a name=\"11\"><span class=\"versanumer\">11<\/span><\/a>Sprettur papp\u00edrssefi\u00f0 \u00fear sem engin m\u00fdri er? vex st\u00f6rin nema \u00ed vatni?<a name=\"12\"><span class=\"versanumer\">12<\/span><\/a>Enn stendur h\u00fan \u00ed bl\u00f3ma og ver\u00f0ur eigi slegin, en h\u00fan skr\u00e6lnar fyrr en nokkurt anna\u00f0 gras.<a name=\"13\"><span class=\"versanumer\">13<\/span><\/a>Svo fer fyrir hverjum \u00feeim, sem gleymir Gu\u00f0i, og von hins gu\u00f0lausa ver\u00f0ur a\u00f0 engu.<a name=\"14\"><span class=\"versanumer\">14<\/span><\/a>Athvarf hans brestur sundur, og k\u00f6ngull\u00f3arvefur er \u00fea\u00f0, sem hann treystir.<a name=\"15\"><span class=\"versanumer\">15<\/span><\/a>Hann sty\u00f0st vi\u00f0 h\u00fas sitt, en \u00fea\u00f0 stendur ekki, hann heldur s\u00e9r fast \u00ed \u00fea\u00f0, en \u00fea\u00f0 stenst ekki.<a name=\"16\"><span class=\"versanumer\">16<\/span><\/a>Hann er safar\u00edk skr\u00ed\u00f0andi fl\u00e9tta \u00ed s\u00f3lskini, sem teygir jar\u00f0st\u00f6ngla s\u00edna um gar\u00f0inn<a name=\"17\"><span class=\"versanumer\">17<\/span><\/a>og vefur r\u00f3tum s\u00ednum um grj\u00f3thr\u00fagur og l\u00e6sir sig milli steinanna.<a name=\"18\"><span class=\"versanumer\">18<\/span><\/a>En ef hann er uppr\u00e6ttur fr\u00e1 sta\u00f0 s\u00ednum, \u00fe\u00e1 afneitar sta\u00f0urinn honum og segir: \u00c9g hefi aldrei s\u00e9\u00f0 \u00feig!<a name=\"19\"><span class=\"versanumer\">19<\/span><\/a>Sj\u00e1, \u00feetta er \u00f6ll gle\u00f0i hans, og a\u00f0rir spretta \u00ed sta\u00f0inn upp \u00far moldinni.<a name=\"20\"><span class=\"versanumer\">20<\/span><\/a>Sj\u00e1, Gu\u00f0 hafnar ekki hinum r\u00e1\u00f0vanda og heldur ekki \u00ed h\u00f6nd illgj\u00f6r\u00f0amanna.<a name=\"21\"><span class=\"versanumer\">21<\/span><\/a>Enn mun hann fylla munn \u00feinn hl\u00e1tri og varir \u00fe\u00ednar fagna\u00f0ar\u00f3pi.<a name=\"22\"><span class=\"versanumer\">22<\/span><\/a>\u00deeir sem hata \u00feig, munu sk\u00f6mminni kl\u00e6\u00f0ast, og tjald hinna \u00f3gu\u00f0legu mun horfi\u00f0 vera.<\/p>\n<div class=\"footnote1981\"><b>8.3<\/b> R\u00e9ttur Gu\u00f0s og r\u00e9ttl\u00e6ti Job 34.10-12; 5M\u00f3s 32.4; Slm 89.15<br \/>\n<b>8.6<\/b> Endurreisa Job 42.10 sbr 9.28-29<br \/>\n<b>8.8<\/b> Spyrja fyrri kynsl\u00f3\u00f0 Job 12.12; 32.7; 5M\u00f3s 32.7; S\u00edr 8.9<br \/>\n<b>8.9<\/b> L\u00edfi\u00f0 er stutt Job 7.7+<br \/>\n<b>8.12<\/b> L\u00edfi\u00f0, skr\u00e6lnandi jurt Job 14.2; Jes 40.6-8; Slm 90.5-6<br \/>\n<b>8.13<\/b> Gleyma Gu\u00f0i Slm 9.18 \u2013 von gu\u00f0leysingjans Okv 10.28<br \/>\n<b>8.15<\/b> Stendur ekki Esk 13.10-14; Matt 7.26-27<br \/>\n<b>8.18<\/b> Sta\u00f0urinn hafnar honum Job 7.10+<br \/>\n<b>8.20<\/b> Hafnar ekki sbr Job 9.23-24 \u2013 sty\u00f0ur ekki illvirkja sbr Job 9.24<br \/>\n<b>8.22<\/b> Hyljast sm\u00e1n Slm 35.26; 132.18 \u2013 tjald gu\u00f0leysingja Okv 14.11<\/div>\n","protected":false},"excerpt":{"rendered":"<p>1\u00de\u00e1 svara\u00f0i Bildad fr\u00e1 S\u00faa og sag\u00f0i:2Hversu lengi \u00e6tlar \u00fe\u00fa sl\u00edkt a\u00f0 m\u00e6la og or\u00f0in \u00ed munni \u00fe\u00ednum a\u00f0 vera hvass vindur?3Hallar \u00fe\u00e1 Gu\u00f0 r\u00e9ttinum, e\u00f0a hallar hinn Alm\u00e1ttki r\u00e9ttl\u00e6tinu?4Hafi b\u00f6rn \u00fe\u00edn syndga\u00f0 m\u00f3ti honum, \u00fe\u00e1 hefir hann selt \u00feau misgj\u00f6r\u00f0 \u00feeirra \u00e1 vald.5En ef \u00fe\u00fa leitar Gu\u00f0s og bi\u00f0ur hinn Alm\u00e1ttka miskunnar6ef \u00fe\u00fa ert hreinn og einl\u00e6gur j\u00e1, \u00fe\u00e1 mun hann \u00feegar vakna til a\u00f0 sinna \u00fe\u00e9r og endurreisa b\u00fasta\u00f0 \u00fe\u00edns r\u00e9ttl\u00e6tis.7\u00de\u00e1 mun \u00feinn fyrri hagur vir\u00f0ast l\u00edtilfj\u00f6rlegur, en framt\u00ed\u00f0arhagur \u00feinn vaxa st\u00f3rum.8Spyr \u00fe\u00fa hina fyrri kynsl\u00f3\u00f0 og gef \u00fe\u00fa gaum a\u00f0 reynslu fe\u00f0ranna.9V\u00e9r erum s\u00ed\u00f0an \u00ed g\u00e6r og <a href=\"https:\/\/biblian.is\/1981\/jobsbok-8-kafli\/\"> [&#8230;]<\/a><\/p>\n","protected":false},"author":1,"featured_media":0,"parent":0,"menu_order":0,"comment_status":"open","ping_status":"open","template":"bibliukaflar.php","meta":{"footnotes":""},"class_list":["post-1790","page","type-page","status-publish","hentry"],"_links":{"self":[{"href":"https:\/\/biblian.is\/1981\/wp-json\/wp\/v2\/pages\/1790","targetHints":{"allow":["GET"]}}],"collection":[{"href":"https:\/\/biblian.is\/1981\/wp-json\/wp\/v2\/pages"}],"about":[{"href":"https:\/\/biblian.is\/1981\/wp-json\/wp\/v2\/types\/page"}],"author":[{"embeddable":true,"href":"https:\/\/biblian.is\/1981\/wp-json\/wp\/v2\/users\/1"}],"replies":[{"embeddable":true,"href":"https:\/\/biblian.is\/1981\/wp-json\/wp\/v2\/comments?post=1790"}],"version-history":[{"count":0,"href":"https:\/\/biblian.is\/1981\/wp-json\/wp\/v2\/pages\/1790\/revisions"}],"wp:attachment":[{"href":"https:\/\/biblian.is\/1981\/wp-json\/wp\/v2\/media?parent=1790"}],"curies":[{"name":"wp","href":"https:\/\/api.w.org\/{rel}","templated":true}]}}