{"id":1789,"date":"2017-11-18T20:18:43","date_gmt":"2017-11-18T20:18:43","guid":{"rendered":"http:\/\/biblian.is\/1981\/jobsbok-7-kafli\/"},"modified":"2017-11-18T20:18:43","modified_gmt":"2017-11-18T20:18:43","slug":"jobsbok-7-kafli","status":"publish","type":"page","link":"https:\/\/biblian.is\/1981\/jobsbok-7-kafli\/","title":{"rendered":"Jobsb\u00f3k 7. kafli"},"content":{"rendered":"<p><a name=\"1\"><span class=\"versanumer\">1<\/span><\/a>Er ekki l\u00edf mannsins \u00e1 j\u00f6r\u00f0inni her\u00fej\u00f3nusta og dagar hans sem dagar daglaunamanns?<a name=\"2\"><span class=\"versanumer\">2<\/span><\/a>Eins og \u00fer\u00e6ll, sem \u00fer\u00e1ir fors\u00e6lu, og eins og daglaunama\u00f0ur, sem b\u00ed\u00f0ur eftir kaupi s\u00ednu,<a name=\"3\"><span class=\"versanumer\">3<\/span><\/a>svo hafa m\u00e9r hlotnast m\u00e6\u00f0um\u00e1nu\u00f0ir og kvalan\u00e6tur or\u00f0i\u00f0 hlutskipti mitt.<a name=\"4\"><span class=\"versanumer\">4<\/span><\/a>\u00deegar \u00e9g leggst til hv\u00edldar, hugsa \u00e9g: N\u00e6r mun \u00e9g r\u00edsa \u00e1 f\u00e6tur? Og kveldi\u00f0 er langt, og \u00e9g f\u00e6 mig fullsaddan \u00e1 a\u00f0 bylta m\u00e9r uns aftur eldir.<a name=\"5\"><span class=\"versanumer\">5<\/span><\/a>L\u00edkami minn er \u00feakinn ormum og moldarsk\u00e1num, h\u00fa\u00f0 m\u00edn skorpnar og rifnar upp aftur.<a name=\"6\"><span class=\"versanumer\">6<\/span><\/a>Dagar m\u00ednir eru hra\u00f0fleygari en vefjarskyttan, og \u00feeir hverfa \u00e1n vonar.<a name=\"7\"><span class=\"versanumer\">7<\/span><\/a>Minnstu \u00feess, Gu\u00f0, a\u00f0 l\u00edf mitt er andgustur! Aldrei framar mun auga mitt g\u00e6fu l\u00edta.<a name=\"8\"><span class=\"versanumer\">8<\/span><\/a>\u00dea\u00f0 auga, sem n\u00fa s\u00e9r mig, mun eigi l\u00edta mig framar, augu \u00fe\u00edn leita m\u00edn, en \u00e9g er horfinn.<a name=\"9\"><span class=\"versanumer\">9<\/span><\/a>Eins og sk\u00fdi\u00f0 ey\u00f0ist og hverfur, svo kemur og s\u00e1 eigi aftur, er ni\u00f0ur st\u00edgur til Heljar.<a name=\"10\"><span class=\"versanumer\">10<\/span><\/a>Hann hverfur aldrei aftur til h\u00fass s\u00edns, og heimili hans \u00feekkir hann eigi framar.<a name=\"11\"><span class=\"versanumer\">11<\/span><\/a>\u00c9g \u00e6tla \u00fe\u00e1 ekki heldur a\u00f0 hafa taum \u00e1 tungu minni, \u00e9g \u00e6tla a\u00f0 tala \u00ed hugarangist minni, \u00e9g \u00e6tla a\u00f0 kveina \u00ed s\u00e1larkv\u00f6l minni.<a name=\"12\"><span class=\"versanumer\">12<\/span><\/a>Er \u00e9g haf e\u00f0a sj\u00f3skr\u00edmsl, svo a\u00f0 \u00fe\u00fa \u00feurfir a\u00f0 setja v\u00f6r\u00f0 yfir mig?<a name=\"13\"><span class=\"versanumer\">13<\/span><\/a>\u00deegar \u00e9g hugsa me\u00f0 sj\u00e1lfum m\u00e9r: R\u00fami\u00f0 mitt skal hugga mig, hv\u00edlan m\u00edn l\u00e9tta m\u00e9r h\u00f6rmung m\u00edna<a name=\"14\"><span class=\"versanumer\">14<\/span><\/a>\u00fe\u00e1 hr\u00e6\u00f0ir \u00fe\u00fa mig me\u00f0 draumum og skelfir mig me\u00f0 s\u00fdnum,<a name=\"15\"><span class=\"versanumer\">15<\/span><\/a>svo a\u00f0 \u00e9g k\u00fds heldur a\u00f0 kafna, heldur a\u00f0 deyja en a\u00f0 vera sl\u00edk beinagrind.<a name=\"16\"><span class=\"versanumer\">16<\/span><\/a>\u00c9g er lei\u00f0ur \u00e1 \u00feessu ekki lifi \u00e9g eil\u00edflega, slepptu m\u00e9r, \u00fev\u00ed a\u00f0 dagar m\u00ednir eru andartak.<a name=\"17\"><span class=\"versanumer\">17<\/span><\/a>Hva\u00f0 er ma\u00f0urinn, a\u00f0 \u00fe\u00fa metir hann svo mikils og a\u00f0 \u00fe\u00fa sn\u00fair huga \u00fe\u00ednum til hans?<a name=\"18\"><span class=\"versanumer\">18<\/span><\/a>a\u00f0 \u00fe\u00fa heims\u00e6kir hann \u00e1 hverjum morgni og reynir hann \u00e1 hverri stundu?<a name=\"19\"><span class=\"versanumer\">19<\/span><\/a>Hven\u00e6r \u00e6tlar \u00fe\u00fa loks a\u00f0 l\u00edta af m\u00e9r, loks a\u00f0 sleppa m\u00e9r, me\u00f0an \u00e9g renni ni\u00f0ur munnvatninu?<a name=\"20\"><span class=\"versanumer\">20<\/span><\/a>Hafi \u00e9g syndga\u00f0 hva\u00f0 get \u00e9g gert \u00fe\u00e9r, \u00fe\u00fa v\u00f6r\u00f0ur manna? Hvers vegna hefir \u00fe\u00fa mig \u00fe\u00e9r a\u00f0 skotsp\u00e6ni, svo a\u00f0 \u00e9g er sj\u00e1lfum m\u00e9r byr\u00f0i?<a name=\"21\"><span class=\"versanumer\">21<\/span><\/a>Og hv\u00ed fyrirgefur \u00fe\u00fa m\u00e9r eigi synd m\u00edna og nemur burt sekt m\u00edna? \u00dev\u00ed a\u00f0 n\u00fa leggst \u00e9g til hv\u00edldar \u00ed moldu, og leitir \u00fe\u00fa m\u00edn, \u00fe\u00e1 er \u00e9g eigi framar til.<\/p>\n<div class=\"footnote1981\"><b>7.1<\/b> Her\u00fej\u00f3nusta Job 14.14<br \/>\n<b>7.2<\/b> Kaup daglaunamanns 3M\u00f3s 19.13+ ; Matt 20.8<br \/>\n<b>7.3<\/b> \u00dejakandi n\u00e6tur Pr\u00e9d 2.23<br \/>\n<b>7.4<\/b> Komast \u00e1 f\u00e6tur 5M\u00f3s 28.67<br \/>\n<b>7.5<\/b> Kl\u00e6ddur ormum 2Makk 9.9<br \/>\n<b>7.6<\/b> Dagar m\u00ednir Job 9.25<br \/>\n<b>7.7<\/b> Andgustur Job 7.16; 14.1-2; Slm 78.39<br \/>\n<b>7.9<\/b> Sk\u00fdi\u00f0 hverfur SSal 2.1-4; Jak 4.14 \u2013 kemur enginn aftur Job 10.21; 16.22; 2Sam 12.23<br \/>\n<b>7.10<\/b> \u00deekkir hann ekki Job 8.18; Slm 103.16<br \/>\n<b>7.11<\/b> Beiskum huga Job 10.1; 21.25; 27.2<br \/>\n<b>7.12<\/b> Setja v\u00f6r\u00f0 Job 38.8-11<br \/>\n<b>7.14<\/b> S\u00fdnir Job 4.13+<br \/>\n<b>7.15<\/b> Vil heldur kafna 2Sam 17.23; Matt 27.5 \u2013 deyja Job 3.21+<br \/>\n<b>7.16<\/b> L\u00edfi\u00f0 er stutt Job 7.7+<br \/>\n<b>7.17<\/b> Hva\u00f0 er ma\u00f0urinn? Slm 8.5; 144.3<br \/>\n<b>7.19<\/b> L\u00edta af m\u00e9r Job 33.11; 34.23; Slm 139 \u2013 Gu\u00f0 sleppir ekki Job 9.18; 14.6; Slm 39.14<br \/>\n<b>7.20<\/b> Syndin ska\u00f0ar Gu\u00f0 ekki Job 35.3; Jer 7.18-19 \u2013 a\u00f0 skotsp\u00e6ni Job 6.4+<\/div>\n","protected":false},"excerpt":{"rendered":"<p>1Er ekki l\u00edf mannsins \u00e1 j\u00f6r\u00f0inni her\u00fej\u00f3nusta og dagar hans sem dagar daglaunamanns?2Eins og \u00fer\u00e6ll, sem \u00fer\u00e1ir fors\u00e6lu, og eins og daglaunama\u00f0ur, sem b\u00ed\u00f0ur eftir kaupi s\u00ednu,3svo hafa m\u00e9r hlotnast m\u00e6\u00f0um\u00e1nu\u00f0ir og kvalan\u00e6tur or\u00f0i\u00f0 hlutskipti mitt.4\u00deegar \u00e9g leggst til hv\u00edldar, hugsa \u00e9g: N\u00e6r mun \u00e9g r\u00edsa \u00e1 f\u00e6tur? Og kveldi\u00f0 er langt, og \u00e9g f\u00e6 mig fullsaddan \u00e1 a\u00f0 bylta m\u00e9r uns aftur eldir.5L\u00edkami minn er \u00feakinn ormum og moldarsk\u00e1num, h\u00fa\u00f0 m\u00edn skorpnar og rifnar upp aftur.6Dagar m\u00ednir eru hra\u00f0fleygari en vefjarskyttan, og \u00feeir hverfa \u00e1n vonar.7Minnstu \u00feess, Gu\u00f0, a\u00f0 l\u00edf mitt er andgustur! Aldrei framar mun auga mitt g\u00e6fu <a href=\"https:\/\/biblian.is\/1981\/jobsbok-7-kafli\/\"> [&#8230;]<\/a><\/p>\n","protected":false},"author":1,"featured_media":0,"parent":0,"menu_order":0,"comment_status":"open","ping_status":"open","template":"bibliukaflar.php","meta":{"footnotes":""},"class_list":["post-1789","page","type-page","status-publish","hentry"],"_links":{"self":[{"href":"https:\/\/biblian.is\/1981\/wp-json\/wp\/v2\/pages\/1789","targetHints":{"allow":["GET"]}}],"collection":[{"href":"https:\/\/biblian.is\/1981\/wp-json\/wp\/v2\/pages"}],"about":[{"href":"https:\/\/biblian.is\/1981\/wp-json\/wp\/v2\/types\/page"}],"author":[{"embeddable":true,"href":"https:\/\/biblian.is\/1981\/wp-json\/wp\/v2\/users\/1"}],"replies":[{"embeddable":true,"href":"https:\/\/biblian.is\/1981\/wp-json\/wp\/v2\/comments?post=1789"}],"version-history":[{"count":0,"href":"https:\/\/biblian.is\/1981\/wp-json\/wp\/v2\/pages\/1789\/revisions"}],"wp:attachment":[{"href":"https:\/\/biblian.is\/1981\/wp-json\/wp\/v2\/media?parent=1789"}],"curies":[{"name":"wp","href":"https:\/\/api.w.org\/{rel}","templated":true}]}}