{"id":1788,"date":"2017-11-18T20:18:43","date_gmt":"2017-11-18T20:18:43","guid":{"rendered":"http:\/\/biblian.is\/1981\/jobsbok-6-kafli\/"},"modified":"2017-11-18T20:18:43","modified_gmt":"2017-11-18T20:18:43","slug":"jobsbok-6-kafli","status":"publish","type":"page","link":"https:\/\/biblian.is\/1981\/jobsbok-6-kafli\/","title":{"rendered":"Jobsb\u00f3k 6. kafli"},"content":{"rendered":"<p><a name=\"1\"><span class=\"versanumer\">1<\/span><\/a>\u00de\u00e1 svara\u00f0i Job og sag\u00f0i:<a name=\"2\"><span class=\"versanumer\">2<\/span><\/a>\u00d3 a\u00f0 gremja m\u00edn v\u00e6ri vegin og \u00f3g\u00e6fa m\u00edn l\u00f6g\u00f0 \u00e1 vogarsk\u00e1lar!<a name=\"3\"><span class=\"versanumer\">3<\/span><\/a>H\u00fan er \u00feyngri en sandur hafsins, fyrir \u00fev\u00ed hefi \u00e9g eigi taumhald \u00e1 tungu minni.<a name=\"4\"><span class=\"versanumer\">4<\/span><\/a>\u00dev\u00ed a\u00f0 \u00f6rvar hins Alm\u00e1ttka sitja fastar \u00ed m\u00e9r, og andi minn drekkur \u00ed sig eitur \u00feeirra. \u00d3gnir Gu\u00f0s ste\u00f0ja a\u00f0 m\u00e9r.<a name=\"5\"><span class=\"versanumer\">5<\/span><\/a>Rymur sk\u00f3garasninn yfir gr\u00e6ngresinu, e\u00f0a \u00f6skrar nauti\u00f0 yfir f\u00f3\u00f0ri s\u00ednu?<a name=\"6\"><span class=\"versanumer\">6<\/span><\/a>Ver\u00f0ur hi\u00f0 brag\u00f0lausa eti\u00f0 saltlaust, e\u00f0a er gott brag\u00f0 a\u00f0 hv\u00edtunni \u00ed egginu?<a name=\"7\"><span class=\"versanumer\">7<\/span><\/a>Matur minn f\u00e6r m\u00e9r \u00f3gle\u00f0i, mig velgir vi\u00f0 a\u00f0 snerta hann.<a name=\"8\"><span class=\"versanumer\">8<\/span><\/a>\u00d3 a\u00f0 \u00f3sk m\u00edn uppfylltist, og Gu\u00f0 l\u00e9ti von m\u00edna r\u00e6tast!<a name=\"9\"><span class=\"versanumer\">9<\/span><\/a>\u00c9g vildi a\u00f0 Gu\u00f0i \u00fe\u00f3kna\u00f0ist a\u00f0 merja mig sundur, r\u00e9tta \u00fat h\u00f6ndina og skera l\u00edfs\u00fer\u00e1\u00f0 minn sundur!<a name=\"10\"><span class=\"versanumer\">10<\/span><\/a>\u00de\u00e1 v\u00e6ri \u00fea\u00f0 \u00fe\u00f3 enn huggun m\u00edn og \u00e9g skyldi hoppa af gle\u00f0i \u00ed v\u00e6g\u00f0arlausri kv\u00f6linni a\u00f0 \u00e9g hefi aldrei afneita\u00f0 or\u00f0um hins Heilaga.<a name=\"11\"><span class=\"versanumer\">11<\/span><\/a>Hver er kraftur minn, a\u00f0 \u00e9g skyldi \u00fereyja, og hver ver\u00f0a endalok m\u00edn, a\u00f0 \u00e9g skyldi vera \u00feolinm\u00f3\u00f0ur?<a name=\"12\"><span class=\"versanumer\">12<\/span><\/a>Er \u00fe\u00e1 kraftur minn kletta kraftur, e\u00f0a er l\u00edkami minn af eiri?<a name=\"13\"><span class=\"versanumer\">13<\/span><\/a>Er \u00e9g ekki me\u00f0 \u00f6llu hj\u00e1lparvana og \u00f6ll frelsun fr\u00e1 m\u00e9r hrakin?<a name=\"14\"><span class=\"versanumer\">14<\/span><\/a>Hrelldur ma\u00f0ur \u00e1 heimting \u00e1 me\u00f0aumkun hj\u00e1 vini s\u00ednum, enda \u00fe\u00f3tt hann h\u00e6tti a\u00f0 \u00f3ttast hinn Alm\u00e1ttka.<a name=\"15\"><span class=\"versanumer\">15<\/span><\/a>Br\u00e6\u00f0ur m\u00ednir brug\u00f0ust eins og l\u00e6kur, eins og farvegur l\u00e6kja, sem fl\u00f3a yfir,<a name=\"16\"><span class=\"versanumer\">16<\/span><\/a>sem gruggugir eru af \u00eds og snj\u00f3rinn hverfur ofan \u00ed.<a name=\"17\"><span class=\"versanumer\">17<\/span><\/a>Jafnskj\u00f3tt og \u00feeir bakast af s\u00f3linni, \u00feorna \u00feeir upp, \u00feegar hitnar, hverfa \u00feeir burt af sta\u00f0 s\u00ednum.<a name=\"18\"><span class=\"versanumer\">18<\/span><\/a>Kaupmannalestirnar beygja af lei\u00f0 sinni, halda upp \u00ed ey\u00f0im\u00f6rkina og farast.<a name=\"19\"><span class=\"versanumer\">19<\/span><\/a>Kaupmannalestir fr\u00e1 Tema skyggndust eftir \u00feeim, fer\u00f0amannah\u00f3par fr\u00e1 Saba reiddu sig \u00e1 \u00fe\u00e1.<a name=\"20\"><span class=\"versanumer\">20<\/span><\/a>\u00deeir ur\u00f0u s\u00e9r til skammar fyrir vonina, \u00feeir komu \u00feanga\u00f0 og ur\u00f0u sneyptir.<a name=\"21\"><span class=\"versanumer\">21<\/span><\/a>\u00deannig eru\u00f0 \u00fe\u00e9r n\u00fa or\u00f0nir fyrir m\u00e9r, \u00fe\u00e9r s\u00e1u\u00f0 skelfing og skelfdust.<a name=\"22\"><span class=\"versanumer\">22<\/span><\/a>Hefi \u00e9g sagt: F\u00e6ri\u00f0 m\u00e9r eitthva\u00f0 og borgi\u00f0 af eigum y\u00f0ar fyrir mig,<a name=\"23\"><span class=\"versanumer\">23<\/span><\/a>frelsi\u00f0 mig \u00far h\u00f6ndum \u00f3vinarins og leysi\u00f0 mig undan valdi k\u00fagarans?<a name=\"24\"><span class=\"versanumer\">24<\/span><\/a>Fr\u00e6\u00f0i\u00f0 mig, og \u00e9g skal \u00feegja, og s\u00fdni\u00f0 m\u00e9r, \u00ed hverju m\u00e9r hefir \u00e1 or\u00f0i\u00f0.<a name=\"25\"><span class=\"versanumer\">25<\/span><\/a>Hversu \u00e1hrifamikil eru einl\u00e6gninnar or\u00f0, en hva\u00f0 sanna \u00e1t\u00f6lur y\u00f0ar?<a name=\"26\"><span class=\"versanumer\">26<\/span><\/a>Hafi\u00f0 \u00fe\u00e9r \u00ed hyggju a\u00f0 \u00e1saka or\u00f0? Umm\u00e6li \u00f6rvilna\u00f0s manns hverfa \u00fat \u00ed vindinn.<a name=\"27\"><span class=\"versanumer\">27<\/span><\/a>\u00de\u00e9r mundu\u00f0 jafnvel hluta um f\u00f6\u00f0urleysingjann og selja vin y\u00f0ar.<a name=\"28\"><span class=\"versanumer\">28<\/span><\/a>Og n\u00fa \u00f3 a\u00f0 y\u00f0ur m\u00e6tti \u00fe\u00f3knast a\u00f0 l\u00edta \u00e1 mig, \u00e9g mun vissulega ekki lj\u00faga upp \u00ed opi\u00f0 ge\u00f0i\u00f0 \u00e1 y\u00f0ur.<a name=\"29\"><span class=\"versanumer\">29<\/span><\/a>Sn\u00fai\u00f0 vi\u00f0, fremji\u00f0 eigi rangl\u00e6ti, j\u00e1, sn\u00fai\u00f0 vi\u00f0, enn \u00fe\u00e1 hefi \u00e9g r\u00e9tt fyrir m\u00e9r.<a name=\"30\"><span class=\"versanumer\">30<\/span><\/a>Er rangl\u00e6ti \u00e1 minni tungu, e\u00f0a \u00e6tli g\u00f3mur minn greini ekki hva\u00f0 illt er?<\/p>\n<div class=\"footnote1981\"><b>6.4<\/b> \u00d6rvar Hins Alm\u00e1ttka Job 16.13; 34.6; Slm 38.3 \u2013 \u00f3gnir Gu\u00f0s Job 9.34; 13.21; 30.15; Slm 88.16-18<br \/>\n<b>6.9<\/b> A\u00f0 Gu\u00f0i \u00fe\u00f3kna\u00f0ist &#8230; Job 3.21<br \/>\n<b>6.10<\/b> Gleyma ekki l\u00f6gm\u00e1li Gu\u00f0s 5M\u00f3s 6.6-9; Slm 78.1-7<br \/>\n<b>6.14<\/b> Sam\u00fa\u00f0 vinar Job 29.12-13; 31.16-20 \u2013 \u00f3ttast Hinn Alm\u00e1ttka Okv 30.9<br \/>\n<b>6.15<\/b> Eins og l\u00e6kur Jer 15.18; sbr Jer 2.13<br \/>\n<b>6.23<\/b> Bjargi\u00f0, kaupi\u00f0 lausan Jer 15.21<br \/>\n<b>6.24<\/b> S\u00fdni\u00f0 m\u00e9r Job 10.2; 13.23<br \/>\n<b>6.26<\/b> Hverfa \u00fat \u00ed lofti\u00f0 Job 35.13<\/div>\n","protected":false},"excerpt":{"rendered":"<p>1\u00de\u00e1 svara\u00f0i Job og sag\u00f0i:2\u00d3 a\u00f0 gremja m\u00edn v\u00e6ri vegin og \u00f3g\u00e6fa m\u00edn l\u00f6g\u00f0 \u00e1 vogarsk\u00e1lar!3H\u00fan er \u00feyngri en sandur hafsins, fyrir \u00fev\u00ed hefi \u00e9g eigi taumhald \u00e1 tungu minni.4\u00dev\u00ed a\u00f0 \u00f6rvar hins Alm\u00e1ttka sitja fastar \u00ed m\u00e9r, og andi minn drekkur \u00ed sig eitur \u00feeirra. \u00d3gnir Gu\u00f0s ste\u00f0ja a\u00f0 m\u00e9r.5Rymur sk\u00f3garasninn yfir gr\u00e6ngresinu, e\u00f0a \u00f6skrar nauti\u00f0 yfir f\u00f3\u00f0ri s\u00ednu?6Ver\u00f0ur hi\u00f0 brag\u00f0lausa eti\u00f0 saltlaust, e\u00f0a er gott brag\u00f0 a\u00f0 hv\u00edtunni \u00ed egginu?7Matur minn f\u00e6r m\u00e9r \u00f3gle\u00f0i, mig velgir vi\u00f0 a\u00f0 snerta hann.8\u00d3 a\u00f0 \u00f3sk m\u00edn uppfylltist, og Gu\u00f0 l\u00e9ti von m\u00edna r\u00e6tast!9\u00c9g vildi a\u00f0 Gu\u00f0i \u00fe\u00f3kna\u00f0ist a\u00f0 merja mig sundur, <a href=\"https:\/\/biblian.is\/1981\/jobsbok-6-kafli\/\"> [&#8230;]<\/a><\/p>\n","protected":false},"author":1,"featured_media":0,"parent":0,"menu_order":0,"comment_status":"open","ping_status":"open","template":"bibliukaflar.php","meta":{"footnotes":""},"class_list":["post-1788","page","type-page","status-publish","hentry"],"_links":{"self":[{"href":"https:\/\/biblian.is\/1981\/wp-json\/wp\/v2\/pages\/1788","targetHints":{"allow":["GET"]}}],"collection":[{"href":"https:\/\/biblian.is\/1981\/wp-json\/wp\/v2\/pages"}],"about":[{"href":"https:\/\/biblian.is\/1981\/wp-json\/wp\/v2\/types\/page"}],"author":[{"embeddable":true,"href":"https:\/\/biblian.is\/1981\/wp-json\/wp\/v2\/users\/1"}],"replies":[{"embeddable":true,"href":"https:\/\/biblian.is\/1981\/wp-json\/wp\/v2\/comments?post=1788"}],"version-history":[{"count":0,"href":"https:\/\/biblian.is\/1981\/wp-json\/wp\/v2\/pages\/1788\/revisions"}],"wp:attachment":[{"href":"https:\/\/biblian.is\/1981\/wp-json\/wp\/v2\/media?parent=1788"}],"curies":[{"name":"wp","href":"https:\/\/api.w.org\/{rel}","templated":true}]}}