{"id":1787,"date":"2017-11-18T20:18:43","date_gmt":"2017-11-18T20:18:43","guid":{"rendered":"http:\/\/biblian.is\/1981\/jobsbok-5-kafli\/"},"modified":"2017-11-18T20:18:43","modified_gmt":"2017-11-18T20:18:43","slug":"jobsbok-5-kafli","status":"publish","type":"page","link":"https:\/\/biblian.is\/1981\/jobsbok-5-kafli\/","title":{"rendered":"Jobsb\u00f3k 5. kafli"},"content":{"rendered":"<p><a name=\"1\"><span class=\"versanumer\">1<\/span><\/a>Kalla \u00fe\u00fa bara! \u00c6tli nokkur svari \u00fe\u00e9r? og til hvers af hinum heil\u00f6gu viltu sn\u00faa \u00fe\u00e9r?<a name=\"2\"><span class=\"versanumer\">2<\/span><\/a>\u00dev\u00ed a\u00f0 gremjan drepur heimskingjann, og \u00f6fundin dey\u00f0ir einfeldninginn.<a name=\"3\"><span class=\"versanumer\">3<\/span><\/a>\u00c9g hefi a\u00f0 v\u00edsu s\u00e9\u00f0 heimskingjann festa dj\u00fapar r\u00e6tur, en var\u00f0 \u00fe\u00f3 skyndilega a\u00f0 form\u00e6la b\u00fasta\u00f0 hans.<a name=\"4\"><span class=\"versanumer\">4<\/span><\/a>B\u00f6rn hans eru fjarl\u00e6g hj\u00e1lpinni, \u00feau eru tro\u00f0in ni\u00f0ur \u00ed hli\u00f0inu, og enginn bjargar.<a name=\"5\"><span class=\"versanumer\">5<\/span><\/a>Uppskeru hans etur hinn hungra\u00f0i, j\u00e1, jafnvel inn \u00ed \u00feyrna s\u00e6kir hann hana, og hinir \u00feyrstu \u00fer\u00e1 eigur hans.<a name=\"6\"><span class=\"versanumer\">6<\/span><\/a>\u00dev\u00ed a\u00f0 \u00f3hamingjan vex ekki upp \u00far moldinni, og m\u00e6\u00f0an sprettur ekki upp \u00far jar\u00f0veginum.<a name=\"7\"><span class=\"versanumer\">7<\/span><\/a>Nei, ma\u00f0urinn f\u00e6\u00f0ist til m\u00e6\u00f0u, eins og neistarnir flj\u00faga upp \u00ed lofti\u00f0.<a name=\"8\"><span class=\"versanumer\">8<\/span><\/a>En \u00e9g mundi sn\u00faa m\u00e9r til hins Alm\u00e1ttka og bera m\u00e1lefni mitt upp fyrir Gu\u00f0i,<a name=\"9\"><span class=\"versanumer\">9<\/span><\/a>honum, sem gj\u00f6rir mikla hluti og \u00f3rannsakanlega, d\u00e1semdarverk, sem eigi ver\u00f0a talin,<a name=\"10\"><span class=\"versanumer\">10<\/span><\/a>sem gefur regn \u00e1 j\u00f6r\u00f0ina og sendir vatn yfir vellina<a name=\"11\"><span class=\"versanumer\">11<\/span><\/a>&#8222;til \u00feess a\u00f0 hefja hina l\u00edtilm\u00f3tlegu h\u00e1tt upp, og til \u00feess a\u00f0 hinir sorgbitnu \u00f6\u00f0list mikla s\u00e6lu;&#8220;<a name=\"12\"><span class=\"versanumer\">12<\/span><\/a>honum, sem gj\u00f6rir a\u00f0 engu \u00e1form hinna l\u00e6v\u00edsu, svo a\u00f0 hendur \u00feeirra koma engu varanlegu til lei\u00f0ar,<a name=\"13\"><span class=\"versanumer\">13<\/span><\/a>sem vei\u00f0ir vitringana \u00ed sl\u00e6g\u00f0 \u00feeirra, svo a\u00f0 r\u00e1\u00f0 hinna slungnu kollsteypast.<a name=\"14\"><span class=\"versanumer\">14<\/span><\/a>\u00c1 daginn reka \u00feeir sig \u00e1 myrkur, og sem um n\u00f3tt \u00fereifa \u00feeir fyrir s\u00e9r um h\u00e1degi\u00f0.<a name=\"15\"><span class=\"versanumer\">15<\/span><\/a>\u00deannig frelsar hann muna\u00f0arleysingjann \u00far gini \u00feeirra og f\u00e1t\u00e6klinginn undan valdi hins sterka.<a name=\"16\"><span class=\"versanumer\">16<\/span><\/a>\u00deannig er von fyrir hinn vesala, og illskan lokar munni s\u00ednum.<a name=\"17\"><span class=\"versanumer\">17<\/span><\/a>Sj\u00e1, s\u00e6ll er s\u00e1 ma\u00f0ur, er Gu\u00f0 hirtir, l\u00edtilsvir\u00f0 \u00fev\u00ed eigi \u00f6gun hins Alm\u00e1ttka.<a name=\"18\"><span class=\"versanumer\">18<\/span><\/a>\u00dev\u00ed a\u00f0 hann s\u00e6rir, en bindur og um, hann sl\u00e6r, og hendur hans gr\u00e6\u00f0a.<a name=\"19\"><span class=\"versanumer\">19<\/span><\/a>\u00dar sex nau\u00f0um frelsar hann \u00feig, og \u00ed hinni sj\u00f6undu snertir \u00feig ekkert illt.<a name=\"20\"><span class=\"versanumer\">20<\/span><\/a>\u00cd hall\u00e6rinu frelsar hann \u00feig fr\u00e1 dau\u00f0a og \u00ed orustunni undan valdi sver\u00f0sins.<a name=\"21\"><span class=\"versanumer\">21<\/span><\/a>Fyrir svipu tungunnar ert \u00fe\u00fa falinn og \u00fearft ekkert a\u00f0 \u00f3ttast, er ey\u00f0ingin kemur.<a name=\"22\"><span class=\"versanumer\">22<\/span><\/a>A\u00f0 ey\u00f0ing og hungri getur \u00fe\u00fa hlegi\u00f0, og villid\u00fdrin \u00fearft \u00fe\u00fa ekki a\u00f0 \u00f3ttast.<a name=\"23\"><span class=\"versanumer\">23<\/span><\/a>\u00dev\u00ed a\u00f0 \u00fe\u00fa ert \u00ed bandalagi vi\u00f0 steina akurlendisins, og d\u00fdr merkurinnar eru \u00ed s\u00e1tt vi\u00f0 \u00feig.<a name=\"24\"><span class=\"versanumer\">24<\/span><\/a>Og \u00fe\u00fa munt komast a\u00f0 raun um, a\u00f0 tjald \u00feitt er heilt, \u00fe\u00fa kannar b\u00fasta\u00f0 \u00feinn og saknar einskis.<a name=\"25\"><span class=\"versanumer\">25<\/span><\/a>Og \u00fe\u00fa munt komast a\u00f0 raun um, a\u00f0 ni\u00f0jar \u00fe\u00ednir eru margir og afsprengi \u00feitt sem gras \u00e1 j\u00f6r\u00f0u.<a name=\"26\"><span class=\"versanumer\">26<\/span><\/a>\u00cd h\u00e1rri elli munt \u00fe\u00fa ganga inn \u00ed gr\u00f6fina, eins og kornbundini\u00f0 er l\u00e1ti\u00f0 \u00ed hl\u00f6\u00f0una \u00e1 s\u00ednum t\u00edma.<a name=\"27\"><span class=\"versanumer\">27<\/span><\/a>Sj\u00e1, \u00feetta h\u00f6fum v\u00e9r \u00fatgrunda\u00f0, \u00feannig er \u00fea\u00f0. Heyr \u00fe\u00fa \u00fea\u00f0 og set \u00fea\u00f0 vel \u00e1 \u00feig!<\/p>\n<div class=\"footnote1981\"><b>5.1<\/b> Hin heil\u00f6gu Job 15.15; Sak 14.5; Dan 4.14<br \/>\n<b>5.7<\/b> Borinn til b\u00f6ls 1M\u00f3s 3.17-19<br \/>\n<b>5.9<\/b> \u00d3m\u00e6ld verk Job 9.10; Slm 40.6<br \/>\n<b>5.11<\/b> Gu\u00f0 upphefur Job 42.10; 1Sam 2.7-8; L\u00fak 1.52-53<br \/>\n<b>5.13<\/b> Geldur sl\u00f3ttugum &#8230; Job 37.24; 1Kor 3.19<br \/>\n<b>5.14<\/b> Lenda \u00ed myrkri Okv 4.19; Matt 27.45 og hlst.; 1J\u00f3h 2.9-11<br \/>\n<b>5.17<\/b> Gu\u00f0 lei\u00f0beinir 5M\u00f3s 8.5; Opb 3.19<br \/>\n<b>5.18<\/b> Gu\u00f0 s\u00e6rir en bindur um Job 36.15; 5M\u00f3s 32.39; H\u00f3s 6.1<br \/>\n<b>5.20<\/b> Verndar \u00ed hall\u00e6ri Slm 33.19 \u2013 verndar gegn sver\u00f0i Jer 39.18<br \/>\n<b>5.21<\/b> Ver gegn r\u00f3gbur\u00f0i Jes 54.17; Slm 12; 31.21<br \/>\n<b>5.23<\/b> Bandalag vi\u00f0 steina 2Kon 3.19,25; Jes 5.2 \u2013 og d\u00fdr merkurinnar Jes 11.6-8; Esk 34.25; H\u00f3s 2.20<br \/>\n<b>5.25<\/b> Margir ni\u00f0jar 5M\u00f3s 28.4,11<br \/>\n<b>5.26<\/b> Nj\u00f3ta heilsu alla \u00e6vi Job 42.17<\/div>\n","protected":false},"excerpt":{"rendered":"<p>1Kalla \u00fe\u00fa bara! \u00c6tli nokkur svari \u00fe\u00e9r? og til hvers af hinum heil\u00f6gu viltu sn\u00faa \u00fe\u00e9r?2\u00dev\u00ed a\u00f0 gremjan drepur heimskingjann, og \u00f6fundin dey\u00f0ir einfeldninginn.3\u00c9g hefi a\u00f0 v\u00edsu s\u00e9\u00f0 heimskingjann festa dj\u00fapar r\u00e6tur, en var\u00f0 \u00fe\u00f3 skyndilega a\u00f0 form\u00e6la b\u00fasta\u00f0 hans.4B\u00f6rn hans eru fjarl\u00e6g hj\u00e1lpinni, \u00feau eru tro\u00f0in ni\u00f0ur \u00ed hli\u00f0inu, og enginn bjargar.5Uppskeru hans etur hinn hungra\u00f0i, j\u00e1, jafnvel inn \u00ed \u00feyrna s\u00e6kir hann hana, og hinir \u00feyrstu \u00fer\u00e1 eigur hans.6\u00dev\u00ed a\u00f0 \u00f3hamingjan vex ekki upp \u00far moldinni, og m\u00e6\u00f0an sprettur ekki upp \u00far jar\u00f0veginum.7Nei, ma\u00f0urinn f\u00e6\u00f0ist til m\u00e6\u00f0u, eins og neistarnir flj\u00faga upp \u00ed lofti\u00f0.8En \u00e9g mundi sn\u00faa m\u00e9r <a href=\"https:\/\/biblian.is\/1981\/jobsbok-5-kafli\/\"> [&#8230;]<\/a><\/p>\n","protected":false},"author":1,"featured_media":0,"parent":0,"menu_order":0,"comment_status":"open","ping_status":"open","template":"bibliukaflar.php","meta":{"footnotes":""},"class_list":["post-1787","page","type-page","status-publish","hentry"],"_links":{"self":[{"href":"https:\/\/biblian.is\/1981\/wp-json\/wp\/v2\/pages\/1787","targetHints":{"allow":["GET"]}}],"collection":[{"href":"https:\/\/biblian.is\/1981\/wp-json\/wp\/v2\/pages"}],"about":[{"href":"https:\/\/biblian.is\/1981\/wp-json\/wp\/v2\/types\/page"}],"author":[{"embeddable":true,"href":"https:\/\/biblian.is\/1981\/wp-json\/wp\/v2\/users\/1"}],"replies":[{"embeddable":true,"href":"https:\/\/biblian.is\/1981\/wp-json\/wp\/v2\/comments?post=1787"}],"version-history":[{"count":0,"href":"https:\/\/biblian.is\/1981\/wp-json\/wp\/v2\/pages\/1787\/revisions"}],"wp:attachment":[{"href":"https:\/\/biblian.is\/1981\/wp-json\/wp\/v2\/media?parent=1787"}],"curies":[{"name":"wp","href":"https:\/\/api.w.org\/{rel}","templated":true}]}}