{"id":1786,"date":"2017-11-18T20:18:38","date_gmt":"2017-11-18T20:18:38","guid":{"rendered":"http:\/\/biblian.is\/1981\/jobsbok-4-kafli\/"},"modified":"2017-11-18T20:18:38","modified_gmt":"2017-11-18T20:18:38","slug":"jobsbok-4-kafli","status":"publish","type":"page","link":"https:\/\/biblian.is\/1981\/jobsbok-4-kafli\/","title":{"rendered":"Jobsb\u00f3k 4. kafli"},"content":{"rendered":"<p><a name=\"1\"><span class=\"versanumer\">1<\/span><\/a>\u00de\u00e1 svara\u00f0i El\u00edfas fr\u00e1 Teman og m\u00e6lti:<a name=\"2\"><span class=\"versanumer\">2<\/span><\/a>Munt \u00fe\u00fa taka \u00fev\u00ed illa, \u00fe\u00f3tt ma\u00f0ur dirfist a\u00f0 yr\u00f0a \u00e1 \u00feig? Og \u00fe\u00f3, hver f\u00e6r or\u00f0a bundist?<a name=\"3\"><span class=\"versanumer\">3<\/span><\/a>Sj\u00e1, \u00fe\u00fa hefir \u00e1minnt marga, og magn\u00ferota hendur hefir \u00fe\u00fa styrkt.<a name=\"4\"><span class=\"versanumer\">4<\/span><\/a>\u00deann sem hrasa\u00f0i, reistu or\u00f0 \u00fe\u00edn \u00e1 f\u00e6tur, og hn\u00edgandi hn\u00e9n gj\u00f6r\u00f0ir \u00fe\u00fa st\u00f6\u00f0ug.<a name=\"5\"><span class=\"versanumer\">5<\/span><\/a>En n\u00fa, \u00feegar \u00fea\u00f0 kemur yfir \u00feig, gefst \u00fe\u00fa upp, \u00feegar \u00fea\u00f0 n\u00e6r \u00fe\u00e9r sj\u00e1lfum, missir \u00fe\u00fa m\u00f3\u00f0inn.<a name=\"6\"><span class=\"versanumer\">6<\/span><\/a>Er ekki gu\u00f0hr\u00e6\u00f0sla \u00fe\u00edn athvarf \u00feitt og \u00feitt grandvara l\u00edferni von \u00fe\u00edn?<a name=\"7\"><span class=\"versanumer\">7<\/span><\/a>Hugsa\u00f0u \u00feig um: Hver er s\u00e1, er farist hafi saklaus, og hvar hefir hinum r\u00e9ttv\u00edsu veri\u00f0 tort\u00edmt?<a name=\"8\"><span class=\"versanumer\">8<\/span><\/a>A\u00f0 \u00fev\u00ed, er \u00e9g hefi s\u00e9\u00f0: \u00deeir sem pl\u00e6g\u00f0u rangindi og s\u00e1\u00f0u \u00f3hamingju, \u00feeir einir hafa uppskori\u00f0 \u00fea\u00f0.<a name=\"9\"><span class=\"versanumer\">9<\/span><\/a>Fyrir andgusti Gu\u00f0s f\u00f3rust \u00feeir, fyrir rei\u00f0ibl\u00e6stri hans ur\u00f0u \u00feeir a\u00f0 engu.<a name=\"10\"><span class=\"versanumer\">10<\/span><\/a>\u00d6skur lj\u00f3nsins og r\u00f6dd \u00f3argad\u00fdrsins, tennur lj\u00f3nshvolpanna eru brotnar sundur.<a name=\"11\"><span class=\"versanumer\">11<\/span><\/a>Lj\u00f3ni\u00f0 ferst, af \u00fev\u00ed a\u00f0 \u00fea\u00f0 vantar br\u00e1\u00f0, og hvolpar lj\u00f3nynjunnar tv\u00edstrast.<a name=\"12\"><span class=\"versanumer\">12<\/span><\/a>En til m\u00edn lauma\u00f0ist or\u00f0, og eyra mitt nam \u00f3minn af \u00fev\u00ed<a name=\"13\"><span class=\"versanumer\">13<\/span><\/a>\u00ed heilabrotunum, sem n\u00e6turs\u00fdnirnar valda, \u00fe\u00e1 er \u00feungur svefnh\u00f6fgi er fallinn yfir mennina.<a name=\"14\"><span class=\"versanumer\">14<\/span><\/a>\u00d3tti kom yfir mig og hr\u00e6\u00f0sla, svo a\u00f0 \u00f6ll bein m\u00edn n\u00f6tru\u00f0u.<a name=\"15\"><span class=\"versanumer\">15<\/span><\/a>Og vindgustur straukst fram hj\u00e1 andliti m\u00ednu, h\u00e1rin risu \u00e1 l\u00edkama m\u00ednum.<a name=\"16\"><span class=\"versanumer\">16<\/span><\/a>\u00dearna st\u00f3\u00f0 \u00fea\u00f0 \u00fatliti\u00f0 \u00feekkti \u00e9g ekki, einhver mynd fyrir augum m\u00ednum, \u00e9g heyr\u00f0i ymjandi r\u00f6dd:<a name=\"17\"><span class=\"versanumer\">17<\/span><\/a>Er ma\u00f0urinn r\u00e9ttl\u00e1tur fyrir Gu\u00f0i, nokkur mannkind hrein fyrir skapara s\u00ednum?<a name=\"18\"><span class=\"versanumer\">18<\/span><\/a>Sj\u00e1, \u00fej\u00f3num s\u00ednum treystir hann ekki, og hj\u00e1 englum s\u00ednum finnur hann galla,<a name=\"19\"><span class=\"versanumer\">19<\/span><\/a>hva\u00f0 \u00fe\u00e1 hj\u00e1 \u00feeim, sem b\u00faa \u00ed leirh\u00fasum, \u00feeim sem eiga r\u00f3t s\u00edna a\u00f0 rekja til moldarinnar, sem mar\u00f0ir eru sundur sem m\u00f6lur v\u00e6ri.<a name=\"20\"><span class=\"versanumer\">20<\/span><\/a>Milli morguns og kvelds eru \u00feeir mola\u00f0ir sundur, \u00e1n \u00feess a\u00f0 menn gefi \u00fev\u00ed gaum, tort\u00edmast \u00feeir gj\u00f6rsamlega.<a name=\"21\"><span class=\"versanumer\">21<\/span><\/a>Tjaldstaginu er kippt upp, \u00feeir deyja, og \u00fea\u00f0 \u00ed vanhyggju sinni.<\/p>\n<div class=\"footnote1981\"><b>4.3<\/b> Styrkja magn\u00ferota hendur 1Sam 23.16; Jes 35.3-4; Neh 6.9<br \/>\n<b>4.5<\/b> \u00de\u00fa missir m\u00f3\u00f0inn Okv 24.10<br \/>\n<b>4.7<\/b> Er saklausum granda\u00f0? Slm 34.20-21; Okv 12.21; S\u00edr 2.10; 2P\u00e9t 2.9<br \/>\n<b>4.8<\/b> S\u00e1 og uppskera S\u00edr 7.3; Gal 6.7+<br \/>\n<b>4.9<\/b> Fyrir andgusti sbr Job 27.3+<br \/>\n<b>4.13<\/b> Draums\u00fdn Job 7.14; 33.15<br \/>\n<b>4.14<\/b> Skelfing 1M\u00f3s 15.12<br \/>\n<b>4.17<\/b> R\u00e9tt fyrir s\u00e9r gagnvart Gu\u00f0i Job 9.2; 15.14; 25.4; 32.1; 35.2; 40.8; Slm 143.2<br \/>\n<b>4.18<\/b> Treystir ekki Job 15.15<br \/>\n<b>4.20<\/b> Fr\u00e1 morgni til kv\u00f6lds Slm 90.5-6<\/div>\n","protected":false},"excerpt":{"rendered":"<p>1\u00de\u00e1 svara\u00f0i El\u00edfas fr\u00e1 Teman og m\u00e6lti:2Munt \u00fe\u00fa taka \u00fev\u00ed illa, \u00fe\u00f3tt ma\u00f0ur dirfist a\u00f0 yr\u00f0a \u00e1 \u00feig? Og \u00fe\u00f3, hver f\u00e6r or\u00f0a bundist?3Sj\u00e1, \u00fe\u00fa hefir \u00e1minnt marga, og magn\u00ferota hendur hefir \u00fe\u00fa styrkt.4\u00deann sem hrasa\u00f0i, reistu or\u00f0 \u00fe\u00edn \u00e1 f\u00e6tur, og hn\u00edgandi hn\u00e9n gj\u00f6r\u00f0ir \u00fe\u00fa st\u00f6\u00f0ug.5En n\u00fa, \u00feegar \u00fea\u00f0 kemur yfir \u00feig, gefst \u00fe\u00fa upp, \u00feegar \u00fea\u00f0 n\u00e6r \u00fe\u00e9r sj\u00e1lfum, missir \u00fe\u00fa m\u00f3\u00f0inn.6Er ekki gu\u00f0hr\u00e6\u00f0sla \u00fe\u00edn athvarf \u00feitt og \u00feitt grandvara l\u00edferni von \u00fe\u00edn?7Hugsa\u00f0u \u00feig um: Hver er s\u00e1, er farist hafi saklaus, og hvar hefir hinum r\u00e9ttv\u00edsu veri\u00f0 tort\u00edmt?8A\u00f0 \u00fev\u00ed, er \u00e9g hefi s\u00e9\u00f0: \u00deeir sem pl\u00e6g\u00f0u rangindi <a href=\"https:\/\/biblian.is\/1981\/jobsbok-4-kafli\/\"> [&#8230;]<\/a><\/p>\n","protected":false},"author":1,"featured_media":0,"parent":0,"menu_order":0,"comment_status":"open","ping_status":"open","template":"bibliukaflar.php","meta":{"footnotes":""},"class_list":["post-1786","page","type-page","status-publish","hentry"],"_links":{"self":[{"href":"https:\/\/biblian.is\/1981\/wp-json\/wp\/v2\/pages\/1786","targetHints":{"allow":["GET"]}}],"collection":[{"href":"https:\/\/biblian.is\/1981\/wp-json\/wp\/v2\/pages"}],"about":[{"href":"https:\/\/biblian.is\/1981\/wp-json\/wp\/v2\/types\/page"}],"author":[{"embeddable":true,"href":"https:\/\/biblian.is\/1981\/wp-json\/wp\/v2\/users\/1"}],"replies":[{"embeddable":true,"href":"https:\/\/biblian.is\/1981\/wp-json\/wp\/v2\/comments?post=1786"}],"version-history":[{"count":0,"href":"https:\/\/biblian.is\/1981\/wp-json\/wp\/v2\/pages\/1786\/revisions"}],"wp:attachment":[{"href":"https:\/\/biblian.is\/1981\/wp-json\/wp\/v2\/media?parent=1786"}],"curies":[{"name":"wp","href":"https:\/\/api.w.org\/{rel}","templated":true}]}}