{"id":1785,"date":"2017-11-18T20:18:38","date_gmt":"2017-11-18T20:18:38","guid":{"rendered":"http:\/\/biblian.is\/1981\/jobsbok-3-kafli\/"},"modified":"2017-11-18T20:18:38","modified_gmt":"2017-11-18T20:18:38","slug":"jobsbok-3-kafli","status":"publish","type":"page","link":"https:\/\/biblian.is\/1981\/jobsbok-3-kafli\/","title":{"rendered":"Jobsb\u00f3k 3. kafli"},"content":{"rendered":"<p><a name=\"1\"><span class=\"versanumer\">1<\/span><\/a>Loks lauk Job upp munni s\u00ednum og b\u00f6lva\u00f0i f\u00e6\u00f0ingardegi s\u00ednum.<a name=\"2\"><span class=\"versanumer\">2<\/span><\/a>Hann t\u00f3k til m\u00e1ls og sag\u00f0i:<a name=\"3\"><span class=\"versanumer\">3<\/span><\/a>Farist s\u00e1 dagur, sem \u00e9g f\u00e6ddist \u00e1, og n\u00f3ttin, sem sag\u00f0i: Sveinbarn er geti\u00f0!<a name=\"4\"><span class=\"versanumer\">4<\/span><\/a>S\u00e1 dagur ver\u00f0i a\u00f0 myrkri, Gu\u00f0 \u00e1 h\u00e6\u00f0um spyrji ekki eftir honum, engin dagsbirta lj\u00f3mi yfir honum.<a name=\"5\"><span class=\"versanumer\">5<\/span><\/a>Myrkur og ni\u00f0dimma heimti hann aftur, sk\u00fdfl\u00f3kar leggist um hann, dagmyrkvar skelfi hann.<a name=\"6\"><span class=\"versanumer\">6<\/span><\/a>S\u00fa n\u00f3tt myrkri\u00f0 hremmi hana, h\u00fan gle\u00f0ji sig eigi me\u00f0al \u00e1rsins daga, h\u00fan komi eigi \u00ed t\u00f6lu m\u00e1na\u00f0anna.<a name=\"7\"><span class=\"versanumer\">7<\/span><\/a>Sj\u00e1, s\u00fa n\u00f3tt ver\u00f0i \u00f3frj\u00f3, ekkert fagna\u00f0ar\u00f3p heyrist \u00e1 henni.<a name=\"8\"><span class=\"versanumer\">8<\/span><\/a>\u00deeir sem b\u00f6lva deginum, form\u00e6li henni, \u00feeir sem leiknir eru \u00ed a\u00f0 egna Levjatan.<a name=\"9\"><span class=\"versanumer\">9<\/span><\/a>Myrkvist stj\u00f6rnur aftureldingar hennar, v\u00e6nti h\u00fan lj\u00f3ss, en \u00fea\u00f0 komi ekki, og br\u00e1geisla morgunro\u00f0ans f\u00e1i h\u00fan aldrei liti\u00f0,<a name=\"10\"><span class=\"versanumer\">10<\/span><\/a>af \u00fev\u00ed a\u00f0 h\u00fan loka\u00f0i eigi fyrir m\u00e9r dyrum m\u00f3\u00f0url\u00edfsins og byrg\u00f0i ei \u00f3g\u00e6funa fyrir augum m\u00ednum.<a name=\"11\"><span class=\"versanumer\">11<\/span><\/a>Hv\u00ed d\u00f3 \u00e9g ekki \u00ed m\u00f3\u00f0urkvi\u00f0i, anda\u00f0ist jafnskj\u00f3tt og \u00e9g var kominn af m\u00f3\u00f0url\u00edfi?<a name=\"12\"><span class=\"versanumer\">12<\/span><\/a>Hvers vegna t\u00f3ku kn\u00e9 \u00e1 m\u00f3ti m\u00e9r og hv\u00ed voru brj\u00f3st til handa m\u00e9r a\u00f0 sj\u00faga?<a name=\"13\"><span class=\"versanumer\">13<\/span><\/a>\u00dev\u00ed \u00fe\u00e1 l\u00e6gi \u00e9g n\u00fa og hv\u00edldist, v\u00e6ri sofna\u00f0ur og hef\u00f0i fri\u00f0<a name=\"14\"><span class=\"versanumer\">14<\/span><\/a>hj\u00e1 konungum og r\u00e1\u00f0herrum jar\u00f0arinnar, \u00feeim er reistu s\u00e9r hallir \u00far r\u00fastum,<a name=\"15\"><span class=\"versanumer\">15<\/span><\/a>e\u00f0a hj\u00e1 h\u00f6f\u00f0ingjum, sem \u00e1ttu gull, \u00feeim er fylltu h\u00fas s\u00edn silfri.<a name=\"16\"><span class=\"versanumer\">16<\/span><\/a>E\u00f0a \u00e9g v\u00e6ri ekki til eins og falinn \u00f3t\u00edmabur\u00f0ur, eins og b\u00f6rn, sem aldrei hafa s\u00e9\u00f0 lj\u00f3si\u00f0.<a name=\"17\"><span class=\"versanumer\">17<\/span><\/a>\u00cd gr\u00f6finni h\u00e6tta hinir \u00f3gu\u00f0legu h\u00e1va\u00f0anum, og \u00fear hv\u00edlast hinir \u00f6rmagna.<a name=\"18\"><span class=\"versanumer\">18<\/span><\/a>Bandingjarnir hafa \u00fear allir r\u00f3, heyra \u00fear eigi k\u00f6ll verkstj\u00f3rans.<a name=\"19\"><span class=\"versanumer\">19<\/span><\/a>Sm\u00e1r og st\u00f3r eru \u00fear jafnir, og \u00fer\u00e6llinn er \u00fear laus vi\u00f0 h\u00fasb\u00f3nda sinn.<a name=\"20\"><span class=\"versanumer\">20<\/span><\/a>Hv\u00ed gefur Gu\u00f0 lj\u00f3s hinum \u00fej\u00e1\u00f0u og l\u00edf hinum sorgbitnu?<a name=\"21\"><span class=\"versanumer\">21<\/span><\/a>\u00feeim sem \u00fer\u00e1 dau\u00f0ann, en hann kemur ekki, sem grafa eftir honum \u00e1kafara en eftir f\u00f3lgnum fj\u00e1rsj\u00f3\u00f0um,<a name=\"22\"><span class=\"versanumer\">22<\/span><\/a>&#8222;\u00feeim sem mundu gle\u00f0jast svo, a\u00f0 \u00feeir r\u00e9\u00f0u s\u00e9r ekki fyrir k\u00e6ti, fagna, ef \u00feeir fyndu gr\u00f6fina;&#8220;<a name=\"23\"><span class=\"versanumer\">23<\/span><\/a>\u00feeim manni, sem enga g\u00f6tu s\u00e9r og Gu\u00f0 hefir girt inni?<a name=\"24\"><span class=\"versanumer\">24<\/span><\/a>\u00dev\u00ed a\u00f0 andv\u00f6rp eru or\u00f0in mitt daglegt brau\u00f0, og kvein mitt \u00fathellist sem vatn.<a name=\"25\"><span class=\"versanumer\">25<\/span><\/a>\u00dev\u00ed a\u00f0 \u00f3tta\u00f0ist \u00e9g eitthva\u00f0, \u00fe\u00e1 hitti \u00fea\u00f0 mig, og \u00fea\u00f0 sem \u00e9g hr\u00e6ddist, kom yfir mig.<a name=\"26\"><span class=\"versanumer\">26<\/span><\/a>\u00c9g m\u00e1tti eigi n\u00e6\u00f0is nj\u00f3ta, eigi fri\u00f0ar, eigi hv\u00edldar, \u00fe\u00e1 kom n\u00fd m\u00e6\u00f0a.<\/p>\n<div class=\"footnote1981\"><b>3.1<\/b> Form\u00e6lti Jer 20.14-18<br \/>\n<b>3.3<\/b> F\u00e6\u00f0ingardagur Job 10.18; S\u00edr 23.14; Matt 26.24 og hlst.<br \/>\n<b>3.8<\/b> Lev\u00edatan Jes 27.1; Slm 74.14; 104.26<br \/>\n<b>3.10<\/b> Loka m\u00f3\u00f0url\u00edfi 1M\u00f3s 29.31; 30.22; 1Sam 1.5<br \/>\n<b>3.14<\/b> Me\u00f0 konungum Jes 14.9-11; Esk 32.18-30<br \/>\n<b>3.16<\/b> Eins fyrirburi Job 10.19; Slm 58.9; Pr\u00e9d 6.3<br \/>\n<b>3.17<\/b> Hv\u00edlast Opb 14.13<br \/>\n<b>3.19<\/b> Allir deyja Job 21.26; Pr\u00e9d 9.2-3<br \/>\n<b>3.21<\/b> \u00der\u00e1 dau\u00f0ann Job 6.9; 7.15; 1Kon 19.4; Jer 8.3; J\u00f3n 4.3; Opb 9.6<br \/>\n<b>3.23<\/b> Kr\u00f3a\u00f0 af Job 1.9<br \/>\n<b>3.24<\/b> Harmakvein Slm 42.4; 80.6; 102.10<br \/>\n<b>3.25<\/b> \u00dea\u00f0 sem \u00e9g \u00f3tta\u00f0ist Job 15.24; Okv 10.24; Esk 11.8<br \/>\n<b>3.26<\/b> Engin hv\u00edld 5M\u00f3s 28.65-67; Matt 11.28-29; Opb 14.11<\/div>\n","protected":false},"excerpt":{"rendered":"<p>1Loks lauk Job upp munni s\u00ednum og b\u00f6lva\u00f0i f\u00e6\u00f0ingardegi s\u00ednum.2Hann t\u00f3k til m\u00e1ls og sag\u00f0i:3Farist s\u00e1 dagur, sem \u00e9g f\u00e6ddist \u00e1, og n\u00f3ttin, sem sag\u00f0i: Sveinbarn er geti\u00f0!4S\u00e1 dagur ver\u00f0i a\u00f0 myrkri, Gu\u00f0 \u00e1 h\u00e6\u00f0um spyrji ekki eftir honum, engin dagsbirta lj\u00f3mi yfir honum.5Myrkur og ni\u00f0dimma heimti hann aftur, sk\u00fdfl\u00f3kar leggist um hann, dagmyrkvar skelfi hann.6S\u00fa n\u00f3tt myrkri\u00f0 hremmi hana, h\u00fan gle\u00f0ji sig eigi me\u00f0al \u00e1rsins daga, h\u00fan komi eigi \u00ed t\u00f6lu m\u00e1na\u00f0anna.7Sj\u00e1, s\u00fa n\u00f3tt ver\u00f0i \u00f3frj\u00f3, ekkert fagna\u00f0ar\u00f3p heyrist \u00e1 henni.8\u00deeir sem b\u00f6lva deginum, form\u00e6li henni, \u00feeir sem leiknir eru \u00ed a\u00f0 egna Levjatan.9Myrkvist stj\u00f6rnur aftureldingar hennar, v\u00e6nti h\u00fan <a href=\"https:\/\/biblian.is\/1981\/jobsbok-3-kafli\/\"> [&#8230;]<\/a><\/p>\n","protected":false},"author":1,"featured_media":0,"parent":0,"menu_order":0,"comment_status":"open","ping_status":"open","template":"bibliukaflar.php","meta":{"footnotes":""},"class_list":["post-1785","page","type-page","status-publish","hentry"],"_links":{"self":[{"href":"https:\/\/biblian.is\/1981\/wp-json\/wp\/v2\/pages\/1785","targetHints":{"allow":["GET"]}}],"collection":[{"href":"https:\/\/biblian.is\/1981\/wp-json\/wp\/v2\/pages"}],"about":[{"href":"https:\/\/biblian.is\/1981\/wp-json\/wp\/v2\/types\/page"}],"author":[{"embeddable":true,"href":"https:\/\/biblian.is\/1981\/wp-json\/wp\/v2\/users\/1"}],"replies":[{"embeddable":true,"href":"https:\/\/biblian.is\/1981\/wp-json\/wp\/v2\/comments?post=1785"}],"version-history":[{"count":0,"href":"https:\/\/biblian.is\/1981\/wp-json\/wp\/v2\/pages\/1785\/revisions"}],"wp:attachment":[{"href":"https:\/\/biblian.is\/1981\/wp-json\/wp\/v2\/media?parent=1785"}],"curies":[{"name":"wp","href":"https:\/\/api.w.org\/{rel}","templated":true}]}}