{"id":1784,"date":"2017-11-18T20:18:38","date_gmt":"2017-11-18T20:18:38","guid":{"rendered":"http:\/\/biblian.is\/1981\/jobsbok-2-kafli\/"},"modified":"2017-11-18T20:18:38","modified_gmt":"2017-11-18T20:18:38","slug":"jobsbok-2-kafli","status":"publish","type":"page","link":"https:\/\/biblian.is\/1981\/jobsbok-2-kafli\/","title":{"rendered":"Jobsb\u00f3k 2. kafli"},"content":{"rendered":"<p><a name=\"1\"><span class=\"versanumer\">1<\/span><\/a>N\u00fa bar svo til einn dag, a\u00f0 synir Gu\u00f0s komu til \u00feess a\u00f0 ganga fyrir Drottin, og kom Satan og me\u00f0al \u00feeirra.<a name=\"2\"><span class=\"versanumer\">2<\/span><\/a>M\u00e6lti \u00fe\u00e1 Drottinn til Satans: Hva\u00f0an kemur \u00fe\u00fa? Og Satan svara\u00f0i Drottni og sag\u00f0i: \u00c9g hefi veri\u00f0 a\u00f0 reika um j\u00f6r\u00f0ina og arka fram og aftur um hana.<a name=\"3\"><span class=\"versanumer\">3<\/span><\/a>Og Drottinn m\u00e6lti til Satans: Veittir \u00fe\u00fa athygli \u00fej\u00f3ni m\u00ednum Job? \u00fev\u00ed a\u00f0 enginn er hans l\u00edki \u00e1 j\u00f6r\u00f0u, ma\u00f0ur r\u00e1\u00f0vandur og r\u00e9ttl\u00e1tur, gu\u00f0hr\u00e6ddur og grandvar. Og enn \u00fe\u00e1 er hann sta\u00f0fastur \u00ed r\u00e1\u00f0vendni sinni, og \u00fe\u00f3 hefir \u00fe\u00fa egnt mig gegn honum til a\u00f0 vinna honum tj\u00f3n \u00e1n saka.<a name=\"4\"><span class=\"versanumer\">4<\/span><\/a>Og Satan svara\u00f0i Drottni og sag\u00f0i: N\u00e6r er skinni\u00f0 en skyrtan, og fyrir l\u00edf sitt gefur ma\u00f0urinn allt sem hann \u00e1.<a name=\"5\"><span class=\"versanumer\">5<\/span><\/a>En r\u00e9tt \u00fe\u00fa \u00fat h\u00f6nd \u00fe\u00edna og snert \u00fe\u00fa bein hans og hold, og \u00fe\u00e1 mun hann form\u00e6la \u00fe\u00e9r upp \u00ed opi\u00f0 ge\u00f0i\u00f0.<a name=\"6\"><span class=\"versanumer\">6<\/span><\/a>\u00de\u00e1 m\u00e6lti Drottinn til Satans: Sj\u00e1, veri hann \u00e1 \u00fe\u00ednu valdi, en \u00feyrma skalt \u00fe\u00fa l\u00edfi hans.<a name=\"7\"><span class=\"versanumer\">7<\/span><\/a>\u00de\u00e1 gekk Satan burt fr\u00e1 augliti Drottins og sl\u00f3 Job illkynju\u00f0um kaunum fr\u00e1 hvirfli til ilja.<a name=\"8\"><span class=\"versanumer\">8<\/span><\/a>Og Job t\u00f3k s\u00e9r leirbrot til a\u00f0 skafa sig me\u00f0, \u00fear sem hann sat \u00ed \u00f6skunni.<a name=\"9\"><span class=\"versanumer\">9<\/span><\/a>\u00de\u00e1 sag\u00f0i kona hans vi\u00f0 hann: Heldur \u00fe\u00fa enn fast vi\u00f0 r\u00e1\u00f0vendni \u00fe\u00edna? Form\u00e6ltu Gu\u00f0i og far\u00f0u a\u00f0 deyja!<a name=\"10\"><span class=\"versanumer\">10<\/span><\/a>En hann sag\u00f0i vi\u00f0 hana: \u00de\u00fa talar svo sem heimskar konur tala. Fyrst v\u00e9r h\u00f6fum \u00feegi\u00f0 hi\u00f0 g\u00f3\u00f0a af Gu\u00f0i, \u00e6ttum v\u00e9r \u00fe\u00e1 ekki einnig a\u00f0 taka hinu vonda? \u00cd \u00f6llu \u00feessu syndga\u00f0i Job ekki me\u00f0 v\u00f6rum s\u00ednum.<a name=\"11\"><span class=\"versanumer\">11<\/span><\/a>\u00deegar vinir Jobs \u00fer\u00edr fr\u00e9ttu, a\u00f0 \u00f6ll \u00feessi \u00f3g\u00e6fa v\u00e6ri yfir hann komin, \u00fe\u00e1 komu \u00feeir hver fr\u00e1 s\u00ednum sta\u00f0, \u00feeir El\u00edfas Teman\u00edti, Bildad S\u00fa\u00edti og S\u00f3far Naam\u00edti, og t\u00f6lu\u00f0u sig saman um a\u00f0 fara og votta honum samhrygg\u00f0 s\u00edna og hugga hann.<a name=\"12\"><span class=\"versanumer\">12<\/span><\/a>En er \u00feeir h\u00f3fu upp augu s\u00edn \u00e1lengdar, \u00feekktu \u00feeir hann ekki. T\u00f3ku \u00feeir \u00fe\u00e1 a\u00f0 gr\u00e1ta h\u00e1st\u00f6fum, rifu skikkjur s\u00ednar og jusu mold yfir h\u00f6fu\u00f0 s\u00e9r h\u00e1tt \u00ed loft upp.<a name=\"13\"><span class=\"versanumer\">13<\/span><\/a>Og \u00feannig s\u00e1tu \u00feeir hj\u00e1 honum \u00e1 j\u00f6r\u00f0u sj\u00f6 daga og sj\u00f6 n\u00e6tur, og enginn \u00feeirra yrti \u00e1 hann, \u00fev\u00ed a\u00f0 \u00feeir s\u00e1u, hversu mikil kv\u00f6l hans var.<\/p>\n<div class=\"footnote1981\"><b>2.3<\/b> R\u00e1\u00f0vandur og r\u00e9ttl\u00e1tur Job 1.1+ &#8211; gera \u00fat af vi\u00f0 Job 10.8<br \/>\n<b>2.6<\/b> \u00cd \u00fe\u00ednum h\u00f6ndum L\u00fak 22.31<br \/>\n<b>2.7<\/b> Illkynju\u00f0 kaun 5M\u00f3s 28.35<br \/>\n<b>2.9<\/b> R\u00e1\u00f0vendni Job 1.1+ ; T\u00f3b 2.14 \u2013 form\u00e6ltu Gu\u00f0i 3M\u00f3s 24.11-14; 1Kon 21.13<br \/>\n<b>2.10<\/b> Eins og f\u00e1v\u00eds 1Sam 25.25; Slm 14.1 \u2013 \u00feiggja \u00fea\u00f0 sem illt er R\u00f3m 8.28<br \/>\n<b>2.12<\/b> G\u00e1tu ekki \u00feekkt hann Jes 52.14 \u2013 merki um sorg Job 1.20+<br \/>\n<b>2.13<\/b> Enginn yrti \u00e1 hann Am 5.13; Hlj 3.26; sbr Matt 27.14 og hlst.; L\u00fak 23.9<\/div>\n","protected":false},"excerpt":{"rendered":"<p>1N\u00fa bar svo til einn dag, a\u00f0 synir Gu\u00f0s komu til \u00feess a\u00f0 ganga fyrir Drottin, og kom Satan og me\u00f0al \u00feeirra.2M\u00e6lti \u00fe\u00e1 Drottinn til Satans: Hva\u00f0an kemur \u00fe\u00fa? Og Satan svara\u00f0i Drottni og sag\u00f0i: \u00c9g hefi veri\u00f0 a\u00f0 reika um j\u00f6r\u00f0ina og arka fram og aftur um hana.3Og Drottinn m\u00e6lti til Satans: Veittir \u00fe\u00fa athygli \u00fej\u00f3ni m\u00ednum Job? \u00fev\u00ed a\u00f0 enginn er hans l\u00edki \u00e1 j\u00f6r\u00f0u, ma\u00f0ur r\u00e1\u00f0vandur og r\u00e9ttl\u00e1tur, gu\u00f0hr\u00e6ddur og grandvar. Og enn \u00fe\u00e1 er hann sta\u00f0fastur \u00ed r\u00e1\u00f0vendni sinni, og \u00fe\u00f3 hefir \u00fe\u00fa egnt mig gegn honum til a\u00f0 vinna honum tj\u00f3n \u00e1n saka.4Og Satan svara\u00f0i <a href=\"https:\/\/biblian.is\/1981\/jobsbok-2-kafli\/\"> [&#8230;]<\/a><\/p>\n","protected":false},"author":1,"featured_media":0,"parent":0,"menu_order":0,"comment_status":"open","ping_status":"open","template":"bibliukaflar.php","meta":{"footnotes":""},"class_list":["post-1784","page","type-page","status-publish","hentry"],"_links":{"self":[{"href":"https:\/\/biblian.is\/1981\/wp-json\/wp\/v2\/pages\/1784","targetHints":{"allow":["GET"]}}],"collection":[{"href":"https:\/\/biblian.is\/1981\/wp-json\/wp\/v2\/pages"}],"about":[{"href":"https:\/\/biblian.is\/1981\/wp-json\/wp\/v2\/types\/page"}],"author":[{"embeddable":true,"href":"https:\/\/biblian.is\/1981\/wp-json\/wp\/v2\/users\/1"}],"replies":[{"embeddable":true,"href":"https:\/\/biblian.is\/1981\/wp-json\/wp\/v2\/comments?post=1784"}],"version-history":[{"count":0,"href":"https:\/\/biblian.is\/1981\/wp-json\/wp\/v2\/pages\/1784\/revisions"}],"wp:attachment":[{"href":"https:\/\/biblian.is\/1981\/wp-json\/wp\/v2\/media?parent=1784"}],"curies":[{"name":"wp","href":"https:\/\/api.w.org\/{rel}","templated":true}]}}