{"id":1783,"date":"2017-11-18T20:18:38","date_gmt":"2017-11-18T20:18:38","guid":{"rendered":"http:\/\/biblian.is\/1981\/jobsbok-1-kafli\/"},"modified":"2017-11-18T20:18:38","modified_gmt":"2017-11-18T20:18:38","slug":"jobsbok-1-kafli","status":"publish","type":"page","link":"https:\/\/biblian.is\/1981\/jobsbok-1-kafli\/","title":{"rendered":"Jobsb\u00f3k 1. kafli"},"content":{"rendered":"<p><a name=\"1\"><span class=\"versanumer\">1<\/span><\/a>Einu sinni var ma\u00f0ur \u00ed \u00das-landi. Hann h\u00e9t Job. Hann var ma\u00f0ur r\u00e1\u00f0vandur og r\u00e9ttl\u00e1tur, gu\u00f0hr\u00e6ddur og grandvar.<a name=\"2\"><span class=\"versanumer\">2<\/span><\/a>Hann \u00e1tti sj\u00f6 sonu og \u00ferj\u00e1r d\u00e6tur,<a name=\"3\"><span class=\"versanumer\">3<\/span><\/a>og aflaf\u00e9 hans var sj\u00f6 \u00fe\u00fasund sau\u00f0a, \u00ferj\u00fa \u00fe\u00fasund \u00falfalda, fimm hundru\u00f0 sameyki nauta, fimm hundru\u00f0 \u00f6snur og mj\u00f6g m\u00f6rg hj\u00fa, og var ma\u00f0ur s\u00e1 meiri \u00f6llum austurbyggjum.<a name=\"4\"><span class=\"versanumer\">4<\/span><\/a>Synir hans voru vanir a\u00f0 fara og b\u00faa veislu heima hj\u00e1 s\u00e9r, hver sinn dag, og \u00feeir bu\u00f0u systrum s\u00ednum \u00feremur a\u00f0 eta og drekka me\u00f0 s\u00e9r.<a name=\"5\"><span class=\"versanumer\">5<\/span><\/a>En er veisludagar voru li\u00f0nir, sendi Job eftir \u00feeim og helga\u00f0i \u00feau. Reis hann \u00e1rla morguns og f\u00f3rna\u00f0i brennif\u00f3rn fyrir hvert \u00feeirra. \u00dev\u00ed a\u00f0 Job hugsa\u00f0i: Vera m\u00e1 a\u00f0 b\u00f6rn m\u00edn hafi syndga\u00f0 og form\u00e6lt Gu\u00f0i \u00ed hjarta s\u00ednu. Svo gj\u00f6r\u00f0i Job alla daga.<a name=\"6\"><span class=\"versanumer\">6<\/span><\/a>N\u00fa bar svo til einn dag, a\u00f0 synir Gu\u00f0s komu til \u00feess a\u00f0 ganga fyrir Drottin, og kom Satan og me\u00f0al \u00feeirra.<a name=\"7\"><span class=\"versanumer\">7<\/span><\/a>M\u00e6lti \u00fe\u00e1 Drottinn til Satans: Hva\u00f0an kemur \u00fe\u00fa? Satan svara\u00f0i Drottni og sag\u00f0i: \u00c9g hefi veri\u00f0 a\u00f0 reika um j\u00f6r\u00f0ina og arka fram og aftur um hana.<a name=\"8\"><span class=\"versanumer\">8<\/span><\/a>Og Drottinn m\u00e6lti til Satans: Veittir \u00fe\u00fa athygli \u00fej\u00f3ni m\u00ednum Job? \u00fev\u00ed a\u00f0 enginn er hans l\u00edki \u00e1 j\u00f6r\u00f0u, ma\u00f0ur r\u00e1\u00f0vandur og r\u00e9ttl\u00e1tur, gu\u00f0hr\u00e6ddur og grandvar.<a name=\"9\"><span class=\"versanumer\">9<\/span><\/a>Og Satan svara\u00f0i Drottni og sag\u00f0i: \u00c6tli Job \u00f3ttist Gu\u00f0 fyrir ekki neitt? Hefir \u00fe\u00fa ekki lagt skj\u00f3lgar\u00f0 um hann og h\u00fas hans og allt, sem hann \u00e1, hringinn \u00ed kring?<a name=\"10\"><span class=\"versanumer\">10<\/span><\/a>Handaverk hans hefir \u00fe\u00fa blessa\u00f0, og f\u00e9na\u00f0ur hans brei\u00f0ir sig um landi\u00f0.<a name=\"11\"><span class=\"versanumer\">11<\/span><\/a>En r\u00e9tt \u00fe\u00fa \u00fat h\u00f6nd \u00fe\u00edna og snert \u00fe\u00fa allt, sem hann \u00e1, og mun hann \u00fe\u00e1 form\u00e6la \u00fe\u00e9r upp \u00ed opi\u00f0 ge\u00f0i\u00f0.<a name=\"12\"><span class=\"versanumer\">12<\/span><\/a>\u00de\u00e1 m\u00e6lti Drottinn til Satans: Sj\u00e1, veri allt, sem hann \u00e1, \u00e1 \u00fe\u00ednu valdi, en \u00e1 sj\u00e1lfan hann m\u00e1tt \u00fe\u00fa ekki leggja h\u00f6nd \u00fe\u00edna. Gekk Satan \u00fe\u00e1 burt fr\u00e1 augliti Drottins.<a name=\"13\"><span class=\"versanumer\">13<\/span><\/a>N\u00fa bar svo til einn dag, er synir hans og d\u00e6tur \u00e1tu og drukku v\u00edn \u00ed h\u00fasi elsta br\u00f3\u00f0ur s\u00edns,<a name=\"14\"><span class=\"versanumer\">14<\/span><\/a>a\u00f0 sendima\u00f0ur kom til Jobs og sag\u00f0i: Nautin voru a\u00f0 pl\u00e6gja og \u00f6snurnar voru \u00e1 beit r\u00e9tt hj\u00e1 \u00feeim.<a name=\"15\"><span class=\"versanumer\">15<\/span><\/a>Gj\u00f6r\u00f0u \u00fe\u00e1 Sabear athlaup og t\u00f3ku \u00feau, en sveinana dr\u00e1pu \u00feeir. \u00c9g einn komst undan til a\u00f0 flytja \u00fe\u00e9r t\u00ed\u00f0indin.<a name=\"16\"><span class=\"versanumer\">16<\/span><\/a>En \u00e1\u00f0ur en hann haf\u00f0i loki\u00f0 m\u00e1li s\u00ednu, kom annar og sag\u00f0i: Eldur Gu\u00f0s f\u00e9ll af himni og kveikti \u00ed hj\u00f6r\u00f0inni og sveinunum og eyddi \u00feeim. \u00c9g einn komst undan til a\u00f0 flytja \u00fe\u00e9r t\u00ed\u00f0indin.<a name=\"17\"><span class=\"versanumer\">17<\/span><\/a>En \u00e1\u00f0ur en s\u00e1 haf\u00f0i loki\u00f0 m\u00e1li s\u00ednu, kom annar og sag\u00f0i: Kaldear fylktu \u00feremur flokkum, gj\u00f6r\u00f0u \u00e1hlaup \u00e1 \u00falfaldana og t\u00f3ku \u00fe\u00e1, en sveinana dr\u00e1pu \u00feeir. \u00c9g einn komst undan til a\u00f0 flytja \u00fe\u00e9r t\u00ed\u00f0indin.<a name=\"18\"><span class=\"versanumer\">18<\/span><\/a>\u00c1\u00f0ur en s\u00e1 haf\u00f0i loki\u00f0 m\u00e1li s\u00ednu, kom annar og sag\u00f0i: Synir \u00fe\u00ednir og d\u00e6tur \u00e1tu og drukku v\u00edn \u00ed h\u00fasi elsta br\u00f3\u00f0ur s\u00edns.<a name=\"19\"><span class=\"versanumer\">19<\/span><\/a>Kom \u00fe\u00e1 skyndilega fellibylur austan yfir ey\u00f0im\u00f6rkina og lenti \u00e1 fj\u00f3rum hornum h\u00fassins, svo a\u00f0 \u00fea\u00f0 f\u00e9ll ofan yfir sveinana, og \u00feeir d\u00f3u. \u00c9g einn komst undan til a\u00f0 flytja \u00fe\u00e9r t\u00ed\u00f0indin.<a name=\"20\"><span class=\"versanumer\">20<\/span><\/a>\u00de\u00e1 st\u00f3\u00f0 Job upp og reif skikkju s\u00edna og skar af s\u00e9r h\u00e1ri\u00f0, og f\u00e9ll til jar\u00f0ar, tilba\u00f0<a name=\"21\"><span class=\"versanumer\">21<\/span><\/a>og sag\u00f0i: Nakinn kom \u00e9g af m\u00f3\u00f0urskauti og nakinn mun \u00e9g aftur \u00feanga\u00f0 fara. Drottinn gaf og Drottinn t\u00f3k, lofa\u00f0 veri nafn Drottins.<a name=\"22\"><span class=\"versanumer\">22<\/span><\/a>\u00cd \u00f6llu \u00feessu syndga\u00f0i Job ekki, og ekki \u00e1taldi hann Gu\u00f0 heimskulega.<\/p>\n<div class=\"footnote1981\"><b>1.1<\/b> Job Esk 14.14; Jak 5.11 \u2013 r\u00e1\u00f0vandur og r\u00e9ttl\u00e1tur Job 1.8; 2.3,9; 12.4; 1M\u00f3s 6.9; Slm 26.1<br \/>\n<b>1.3<\/b> Eignir 1M\u00f3s 24.35; 26.14<br \/>\n<b>1.6<\/b> Ganga fyrir Drottin Job 2.1-3; 1Kon 22.19-22; Slm 82.1; Dan 7.9-10; Opb 5.11 \u2013 Satan Sak 3.1-2; Opb 12.10<br \/>\n<b>1.9<\/b> Vari\u00f0 hann Job 3.23<br \/>\n<b>1.11<\/b> Form\u00e6la \u00fe\u00e9r Job 2.5-6<br \/>\n<b>1.15<\/b> \u00c1r\u00e1s D\u00f3m 6.3-6; 1Sam 27.8-9<br \/>\n<b>1.16<\/b> Eldur Gu\u00f0s 3M\u00f3s 10.2; 2Kon 1.10-14; L\u00fak 9.54<br \/>\n<b>1.19<\/b> Mikill stormur Matt 7.27<br \/>\n<b>1.20<\/b> Merki um sorg Job 2.12; 3M\u00f3s 10.6+ ; J\u00f3s 7.6; Esk 27.30-31<br \/>\n<b>1.21<\/b> Nakinn aftur hverfa 1M\u00f3s 3.19; Slm 49.18; Pr\u00e9d 5.14; S\u00edr 40.1; 1T\u00edm 6.7 \u2013 lofa\u00f0 veri nafn Drottins Slm 113.2; sbr Jak 5.11<\/div>\n","protected":false},"excerpt":{"rendered":"<p>1Einu sinni var ma\u00f0ur \u00ed \u00das-landi. Hann h\u00e9t Job. Hann var ma\u00f0ur r\u00e1\u00f0vandur og r\u00e9ttl\u00e1tur, gu\u00f0hr\u00e6ddur og grandvar.2Hann \u00e1tti sj\u00f6 sonu og \u00ferj\u00e1r d\u00e6tur,3og aflaf\u00e9 hans var sj\u00f6 \u00fe\u00fasund sau\u00f0a, \u00ferj\u00fa \u00fe\u00fasund \u00falfalda, fimm hundru\u00f0 sameyki nauta, fimm hundru\u00f0 \u00f6snur og mj\u00f6g m\u00f6rg hj\u00fa, og var ma\u00f0ur s\u00e1 meiri \u00f6llum austurbyggjum.4Synir hans voru vanir a\u00f0 fara og b\u00faa veislu heima hj\u00e1 s\u00e9r, hver sinn dag, og \u00feeir bu\u00f0u systrum s\u00ednum \u00feremur a\u00f0 eta og drekka me\u00f0 s\u00e9r.5En er veisludagar voru li\u00f0nir, sendi Job eftir \u00feeim og helga\u00f0i \u00feau. Reis hann \u00e1rla morguns og f\u00f3rna\u00f0i brennif\u00f3rn fyrir hvert \u00feeirra. \u00dev\u00ed a\u00f0 <a href=\"https:\/\/biblian.is\/1981\/jobsbok-1-kafli\/\"> [&#8230;]<\/a><\/p>\n","protected":false},"author":1,"featured_media":0,"parent":0,"menu_order":0,"comment_status":"open","ping_status":"open","template":"bibliukaflar.php","meta":{"footnotes":""},"class_list":["post-1783","page","type-page","status-publish","hentry"],"_links":{"self":[{"href":"https:\/\/biblian.is\/1981\/wp-json\/wp\/v2\/pages\/1783","targetHints":{"allow":["GET"]}}],"collection":[{"href":"https:\/\/biblian.is\/1981\/wp-json\/wp\/v2\/pages"}],"about":[{"href":"https:\/\/biblian.is\/1981\/wp-json\/wp\/v2\/types\/page"}],"author":[{"embeddable":true,"href":"https:\/\/biblian.is\/1981\/wp-json\/wp\/v2\/users\/1"}],"replies":[{"embeddable":true,"href":"https:\/\/biblian.is\/1981\/wp-json\/wp\/v2\/comments?post=1783"}],"version-history":[{"count":0,"href":"https:\/\/biblian.is\/1981\/wp-json\/wp\/v2\/pages\/1783\/revisions"}],"wp:attachment":[{"href":"https:\/\/biblian.is\/1981\/wp-json\/wp\/v2\/media?parent=1783"}],"curies":[{"name":"wp","href":"https:\/\/api.w.org\/{rel}","templated":true}]}}