{"id":1782,"date":"2017-11-18T20:18:38","date_gmt":"2017-11-18T20:18:38","guid":{"rendered":"http:\/\/biblian.is\/1981\/esterarbok-10-kafli\/"},"modified":"2021-06-06T10:51:04","modified_gmt":"2021-06-06T10:51:04","slug":"esterarbok-10-kafli","status":"publish","type":"page","link":"https:\/\/biblian.is\/1981\/esterarbok-10-kafli\/","title":{"rendered":"Esterarb\u00f3k 10. kafli"},"content":{"rendered":"<p><a name=\"1\"><span class=\"versanumer\">1<\/span><\/a>Og Ahasverus konungur lag\u00f0i skatt \u00e1 landi\u00f0 og eyjar hafsins.<a name=\"2\"><span class=\"versanumer\">2<\/span><\/a>En \u00f6ll verk m\u00e1ttar hans og hreysti og l\u00fdsing \u00e1 vegsemd Mordekai, \u00feeirri er konungur h\u00f3f hann til, \u00fea\u00f0 er rita\u00f0 \u00ed \u00c1rb\u00f3kum Med\u00edu- og Pers\u00edukonunga.<a name=\"3\"><span class=\"versanumer\">3<\/span><\/a>\u00dev\u00ed a\u00f0 Mordekai Gy\u00f0ingur gekk Ahasverusi konungi n\u00e6stur a\u00f0 v\u00f6ldum og var mikils virtur me\u00f0al Gy\u00f0inga og vins\u00e6ll hj\u00e1 hinum m\u00f6rgu \u00e6ttbr\u00e6\u00f0rum s\u00ednum, me\u00f0 \u00fev\u00ed a\u00f0 hann leita\u00f0i heillar \u00fej\u00f3\u00f0ar sinnar og lag\u00f0i li\u00f0syr\u00f0i \u00f6llu kyni s\u00ednu.<\/p>\n<div class=\"footnote1981\"><\/div>\n","protected":false},"excerpt":{"rendered":"<p>1Og Ahasverus konungur lag\u00f0i skatt \u00e1 landi\u00f0 og eyjar hafsins.2En \u00f6ll verk m\u00e1ttar hans og hreysti og l\u00fdsing \u00e1 vegsemd Mordekai, \u00feeirri er konungur h\u00f3f hann til, \u00fea\u00f0 er rita\u00f0 \u00ed \u00c1rb\u00f3kum Med\u00edu- og Pers\u00edukonunga.3\u00dev\u00ed a\u00f0 Mordekai Gy\u00f0ingur gekk Ahasverusi konungi n\u00e6stur a\u00f0 v\u00f6ldum og var mikils virtur me\u00f0al Gy\u00f0inga og vins\u00e6ll hj\u00e1 hinum m\u00f6rgu \u00e6ttbr\u00e6\u00f0rum s\u00ednum, me\u00f0 \u00fev\u00ed a\u00f0 hann leita\u00f0i heillar \u00fej\u00f3\u00f0ar sinnar og lag\u00f0i li\u00f0syr\u00f0i \u00f6llu kyni s\u00ednu.<\/p>\n","protected":false},"author":1,"featured_media":0,"parent":0,"menu_order":0,"comment_status":"open","ping_status":"open","template":"bibliukaflar.php","meta":{"footnotes":""},"class_list":["post-1782","page","type-page","status-publish","hentry"],"_links":{"self":[{"href":"https:\/\/biblian.is\/1981\/wp-json\/wp\/v2\/pages\/1782","targetHints":{"allow":["GET"]}}],"collection":[{"href":"https:\/\/biblian.is\/1981\/wp-json\/wp\/v2\/pages"}],"about":[{"href":"https:\/\/biblian.is\/1981\/wp-json\/wp\/v2\/types\/page"}],"author":[{"embeddable":true,"href":"https:\/\/biblian.is\/1981\/wp-json\/wp\/v2\/users\/1"}],"replies":[{"embeddable":true,"href":"https:\/\/biblian.is\/1981\/wp-json\/wp\/v2\/comments?post=1782"}],"version-history":[{"count":0,"href":"https:\/\/biblian.is\/1981\/wp-json\/wp\/v2\/pages\/1782\/revisions"}],"wp:attachment":[{"href":"https:\/\/biblian.is\/1981\/wp-json\/wp\/v2\/media?parent=1782"}],"curies":[{"name":"wp","href":"https:\/\/api.w.org\/{rel}","templated":true}]}}