{"id":1781,"date":"2017-11-18T20:18:38","date_gmt":"2017-11-18T20:18:38","guid":{"rendered":"http:\/\/biblian.is\/1981\/esterarbok-9-kafli\/"},"modified":"2021-06-06T10:51:06","modified_gmt":"2021-06-06T10:51:06","slug":"esterarbok-9-kafli","status":"publish","type":"page","link":"https:\/\/biblian.is\/1981\/esterarbok-9-kafli\/","title":{"rendered":"Esterarb\u00f3k 9. kafli"},"content":{"rendered":"<p><a name=\"1\"><span class=\"versanumer\">1<\/span><\/a>Og \u00ferett\u00e1nda dag hins t\u00f3lfta m\u00e1na\u00f0ar \u00fea\u00f0 er m\u00e1na\u00f0arins adar, \u00fe\u00e1 er skipun konungs og lagabo\u00f0i hans skyldi fulln\u00e6gt, \u00feann dag er \u00f3vinir Gy\u00f0inga h\u00f6f\u00f0u vona\u00f0 a\u00f0 f\u00e1 yfirbuga\u00f0 \u00fe\u00e1, en n\u00fa \u00fevert \u00e1 m\u00f3ti Gy\u00f0ingar sj\u00e1lfir skyldu yfirbuga fjendur s\u00edna,<a name=\"2\"><span class=\"versanumer\">2<\/span><\/a>\u00fe\u00e1 s\u00f6fnu\u00f0ust Gy\u00f0ingar saman \u00ed borgum s\u00ednum um \u00f6ll skattl\u00f6nd Ahasverusar konungs til \u00feess a\u00f0 leggja hendur \u00e1 \u00fe\u00e1, er \u00feeim leitu\u00f0u tj\u00f3ns. Og enginn f\u00e9kk sta\u00f0ist fyrir \u00feeim, \u00fev\u00ed a\u00f0 \u00f3tti vi\u00f0 \u00fe\u00e1 var kominn yfir allar \u00fej\u00f3\u00f0ir.<a name=\"3\"><span class=\"versanumer\">3<\/span><\/a>Og allir h\u00f6f\u00f0ingjar skattlandanna og jarlarnir og landstj\u00f3rarnir og emb\u00e6ttismenn konungs veittu Gy\u00f0ingum li\u00f0, \u00fev\u00ed a\u00f0 \u00f3tti vi\u00f0 Mordekai var yfir \u00fe\u00e1 kominn.<a name=\"4\"><span class=\"versanumer\">4<\/span><\/a>\u00dev\u00ed a\u00f0 Mordekai var mikill or\u00f0inn vi\u00f0 hir\u00f0 konungs, og or\u00f0st\u00edr hans f\u00f3r um \u00f6ll skattl\u00f6ndin, \u00fev\u00ed a\u00f0 ma\u00f0urinn Mordekai var\u00f0 \u00e6 voldugri og voldugri.<a name=\"5\"><span class=\"versanumer\">5<\/span><\/a>Og Gy\u00f0ingar unnu \u00e1 \u00f3vinum s\u00ednum me\u00f0 sver\u00f0i, dr\u00e1pu \u00fe\u00e1 og tort\u00edmdu \u00feeim, og f\u00f3ru \u00feeir me\u00f0 hatursmenn s\u00edna eftir ge\u00f0\u00feekkni sinni.<a name=\"6\"><span class=\"versanumer\">6<\/span><\/a>Og \u00ed borginni S\u00fasa dr\u00e1pu Gy\u00f0ingar og tort\u00edmdu fimm hundru\u00f0um manns.<a name=\"7\"><span class=\"versanumer\">7<\/span><\/a>Og \u00feeir dr\u00e1pu Parsandata, Dalf\u00f3n, Aspata,<a name=\"8\"><span class=\"versanumer\">8<\/span><\/a>P\u00f3rata, Adalja, Ar\u00eddata,<a name=\"9\"><span class=\"versanumer\">9<\/span><\/a>Parmasta, Ar\u00edsa\u00ed, Ar\u00edda\u00ed og Vajesata,<a name=\"10\"><span class=\"versanumer\">10<\/span><\/a>t\u00edu sonu Hamans Hamdatasonar, fjandmanns Gy\u00f0inga. En eigi l\u00f6g\u00f0u \u00feeir hendur \u00e1 fj\u00e1rmuni manna.<a name=\"11\"><span class=\"versanumer\">11<\/span><\/a>\u00deennan sama dag var tala \u00feeirra, sem vegnir h\u00f6f\u00f0u veri\u00f0 \u00ed borginni S\u00fasa, flutt konungi.<a name=\"12\"><span class=\"versanumer\">12<\/span><\/a>Og konungur sag\u00f0i vi\u00f0 Ester drottningu: \u00cd borginni S\u00fasa hafa Gy\u00f0ingar drepi\u00f0 og tort\u00edmt fimm hundru\u00f0 manns og t\u00edu sonu Hamans. Hva\u00f0 munu \u00feeir hafa gj\u00f6rt \u00ed \u00f6\u00f0rum skattl\u00f6ndum konungs? Og hver er b\u00e6n \u00fe\u00edn? H\u00fan skal veitast \u00fe\u00e9r. Og hvers bei\u00f0ist \u00fe\u00fa frekar? \u00dea\u00f0 skal \u00ed t\u00e9 l\u00e1ti\u00f0.<a name=\"13\"><span class=\"versanumer\">13<\/span><\/a>\u00de\u00e1 m\u00e6lti Ester: Ef konunginum \u00fe\u00f3knast svo, \u00fe\u00e1 s\u00e9 Gy\u00f0ingum, \u00feeim sem eru \u00ed borginni S\u00fasa, leyft a\u00f0 fara hinu sama fram \u00e1 morgun sem \u00ed dag, og \u00fe\u00e1 t\u00edu sonu Hamans festi menn \u00e1 g\u00e1lga.<a name=\"14\"><span class=\"versanumer\">14<\/span><\/a>Og konungur bau\u00f0 a\u00f0 svo skyldi gj\u00f6ra, og fyrirskipun var \u00fatgefin \u00ed S\u00fasa, og synir Hamans t\u00edu voru festir \u00e1 g\u00e1lga.<a name=\"15\"><span class=\"versanumer\">15<\/span><\/a>Og Gy\u00f0ingar \u00ed S\u00fasa s\u00f6fnu\u00f0ust og saman hinn fj\u00f3rt\u00e1nda dag adarm\u00e1na\u00f0ar og dr\u00e1pu \u00ferj\u00fa hundru\u00f0 manns \u00ed S\u00fasa. En eigi l\u00f6g\u00f0u \u00feeir hendur \u00e1 fj\u00e1rmuni \u00feeirra.<a name=\"16\"><span class=\"versanumer\">16<\/span><\/a>En a\u00f0rir Gy\u00f0ingar, \u00feeir er bjuggu \u00ed skattl\u00f6ndum konungs, s\u00f6fnu\u00f0ust saman og v\u00f6r\u00f0u l\u00edf sitt me\u00f0 \u00fev\u00ed a\u00f0 hefna s\u00edn \u00e1 \u00f3vinun s\u00ednum og drepa sj\u00f6t\u00edu og fimm \u00fe\u00fasundir me\u00f0al fjandmanna sinna en eigi l\u00f6g\u00f0u \u00feeir hendur \u00e1 fj\u00e1rmuni \u00feeirra<a name=\"17\"><span class=\"versanumer\">17<\/span><\/a>hinn \u00ferett\u00e1nda dag adarm\u00e1na\u00f0ar, og \u00feeir t\u00f3ku s\u00e9r hv\u00edld hinn fj\u00f3rt\u00e1nda og gj\u00f6r\u00f0u hann a\u00f0 veislu- og gle\u00f0idegi.<a name=\"18\"><span class=\"versanumer\">18<\/span><\/a>En Gy\u00f0ingar \u00feeir, sem bjuggu \u00ed S\u00fasa, h\u00f6f\u00f0u safnast saman b\u00e6\u00f0i hinn \u00ferett\u00e1nda og hinn fj\u00f3rt\u00e1nda m\u00e1na\u00f0arins, og t\u00f3ku \u00feeir s\u00e9r hv\u00edld hinn fimmt\u00e1nda og gj\u00f6r\u00f0u hann a\u00f0 veislu- og gle\u00f0idegi.<a name=\"19\"><span class=\"versanumer\">19<\/span><\/a>Fyrir \u00fev\u00ed halda Gy\u00f0ingar \u00ed sveitunum, \u00feeir er b\u00faa \u00ed sveita\u00feorpunum, hinn fj\u00f3rt\u00e1nda dag adarm\u00e1na\u00f0ar sem gle\u00f0i-, veislu- og h\u00e1t\u00ed\u00f0isdag og senda \u00fe\u00e1 hver \u00f6\u00f0rum matgjafir.<a name=\"20\"><span class=\"versanumer\">20<\/span><\/a>Mordekai skr\u00e1setti \u00feessa vi\u00f0bur\u00f0i og sendi br\u00e9f til allra Gy\u00f0inga \u00ed \u00f6llum skattl\u00f6ndum Ahasverusar konungs, b\u00e6\u00f0i n\u00e6r og fj\u00e6r,<a name=\"21\"><span class=\"versanumer\">21<\/span><\/a>til \u00feess a\u00f0 gj\u00f6ra \u00feeim a\u00f0 skyldu a\u00f0 halda \u00e1rlega helgan fj\u00f3rt\u00e1nda og fimmt\u00e1nda dag adarm\u00e1na\u00f0ar<a name=\"22\"><span class=\"versanumer\">22<\/span><\/a>eins og dagana, sem Gy\u00f0ingar fengu hv\u00edld fr\u00e1 \u00f3vinum s\u00ednum, og m\u00e1nu\u00f0inn, er h\u00f6rmung \u00feeirra snerist \u00ed f\u00f6gnu\u00f0 og hrygg\u00f0 \u00feeirra \u00ed h\u00e1t\u00ed\u00f0isdag me\u00f0 \u00fev\u00ed a\u00f0 gj\u00f6ra \u00fe\u00e1 a\u00f0 veislud\u00f6gum og fagna\u00f0ar og senda \u00fe\u00e1 hver \u00f6\u00f0rum matgjafir og f\u00e1t\u00e6kum \u00f6lmusu.<a name=\"23\"><span class=\"versanumer\">23<\/span><\/a>Og Gy\u00f0ingar l\u00f6gleiddu a\u00f0 gj\u00f6ra \u00fea\u00f0, er \u00feeir h\u00f6f\u00f0u upp byrja\u00f0 og Mordekai haf\u00f0i skrifa\u00f0 \u00feeim.<a name=\"24\"><span class=\"versanumer\">24<\/span><\/a>Me\u00f0 \u00fev\u00ed a\u00f0 Haman Hamdatason Agag\u00edti, fjandma\u00f0ur allra Gy\u00f0inga, haf\u00f0i hugsa\u00f0 \u00fea\u00f0 r\u00e1\u00f0 upp gegn Gy\u00f0ingum a\u00f0 ey\u00f0a \u00feeim og varpa\u00f0 p\u00far, \u00fea\u00f0 er hlutkesti, til a\u00f0 afm\u00e1 \u00fe\u00e1 og ey\u00f0a \u00feeim,<a name=\"25\"><span class=\"versanumer\">25<\/span><\/a>en konungur haf\u00f0i fyrirskipa\u00f0 me\u00f0 br\u00e9fi, \u00fe\u00e1 er Ester gekk fyrir hann, a\u00f0 hi\u00f0 vonda r\u00e1\u00f0, er hann haf\u00f0i upphugsa\u00f0 gegn Gy\u00f0ingum, skyldi honum sj\u00e1lfum \u00ed koll koma og hann og synir hans skyldu festir \u00e1 g\u00e1lga,<a name=\"26\"><span class=\"versanumer\">26<\/span><\/a>fyrir \u00fev\u00ed voru \u00feessir dagar kalla\u00f0ir p\u00far\u00edm, eftir or\u00f0inu p\u00far. \u00deess vegna vegna allra or\u00f0a \u00feessa br\u00e9fs, b\u00e6\u00f0i vegna \u00feess, er \u00feeir sj\u00e1lfir h\u00f6f\u00f0u s\u00e9\u00f0, og hins, er \u00feeir h\u00f6f\u00f0u or\u00f0i\u00f0 fyrir<a name=\"27\"><span class=\"versanumer\">27<\/span><\/a>gj\u00f6r\u00f0u Gy\u00f0ingar \u00fea\u00f0 a\u00f0 skyldu og l\u00f6gleiddu \u00fea\u00f0 sem venju, er eigi m\u00e6tti \u00fat af breg\u00f0a, b\u00e6\u00f0i fyrir sig og ni\u00f0ja s\u00edna og alla \u00fe\u00e1, er sameinu\u00f0ust \u00feeim, a\u00f0 halda \u00feessa tvo daga helga \u00e1rlega, samkv\u00e6mt fyrirskipuninni um \u00fe\u00e1 og \u00e1 hinum \u00e1kve\u00f0na t\u00edma,<a name=\"28\"><span class=\"versanumer\">28<\/span><\/a>og a\u00f0 \u00feessara daga skyldi ver\u00f0a minnst og \u00feeir helgir haldnir af hverri kynsl\u00f3\u00f0 og hverri \u00e6tt, \u00ed hverju skattlandi og \u00ed hverri borg, svo a\u00f0 \u00feessir p\u00far\u00edmdagar skyldu eigi l\u00ed\u00f0a undir lok me\u00f0al Gy\u00f0inga og minning \u00feeirra aldrei \u00ed gleymsku falla hj\u00e1 ni\u00f0jum \u00feeirra.<a name=\"29\"><span class=\"versanumer\">29<\/span><\/a>Og Ester drottning, d\u00f3ttir Ab\u00edha\u00edls, og Mordekai Gy\u00f0ingur ritu\u00f0u br\u00e9f og beittu \u00fear \u00f6llu valdi s\u00ednu til \u00feess a\u00f0 gj\u00f6ra a\u00f0 l\u00f6gum \u00feetta anna\u00f0 br\u00e9f um p\u00far\u00edm.<a name=\"30\"><span class=\"versanumer\">30<\/span><\/a>Og hann sendi br\u00e9f til allra Gy\u00f0inga \u00ed skattl\u00f6ndin hundra\u00f0 tuttugu og sj\u00f6, um allt r\u00edki Ahasverusar, fri\u00f0ar- og sannleiksor\u00f0,<a name=\"31\"><span class=\"versanumer\">31<\/span><\/a>til \u00feess a\u00f0 l\u00f6glei\u00f0a \u00feessa p\u00far\u00edmdaga \u00e1 hinum \u00e1kve\u00f0na t\u00edma, eins og Mordekai Gy\u00f0ingur og Ester drottning h\u00f6f\u00f0u l\u00f6gleitt \u00fe\u00e1 fyrir \u00fe\u00e1, eins og \u00feeir h\u00f6f\u00f0u l\u00f6gleitt \u00e1kv\u00e6\u00f0in um f\u00f6stur og harmakvein, er \u00feeim skyldi fylgja, fyrir sig og ni\u00f0ja s\u00edna.<a name=\"32\"><span class=\"versanumer\">32<\/span><\/a>Og skipun Esterar gj\u00f6r\u00f0i p\u00far\u00edm\u00e1kv\u00e6\u00f0i \u00feessi a\u00f0 l\u00f6gum, og var h\u00fan ritu\u00f0 \u00ed b\u00f3k.<\/p>\n<div class=\"footnote1981\"><b>9.6-11<\/b> Gy\u00f0ingar dr\u00e1pu &#8230; Est 8.11+; sbr J\u00fadt 14.18-15.7<br \/>\n<b>9.13<\/b> Festa \u00e1 g\u00e1lga Est 7.10; 9.24-25; 5M\u00f3s 21.23; Gal 3.13<br \/>\n<b>9.19<\/b> H\u00e1t\u00ed\u00f0isdagur Est 9.22+<br \/>\n<b>9.22<\/b> H\u00e1t\u00ed\u00f0isdagar Slm 30.12; Neh 8.12; Opb 11.10<br \/>\n<b>9.25<\/b> Koma \u00ed koll Est 7.10+<br \/>\n<b>9.28<\/b> Minning aldrei \u00feverra Slm 145.4-7<\/div>\n","protected":false},"excerpt":{"rendered":"<p>1Og \u00ferett\u00e1nda dag hins t\u00f3lfta m\u00e1na\u00f0ar \u00fea\u00f0 er m\u00e1na\u00f0arins adar, \u00fe\u00e1 er skipun konungs og lagabo\u00f0i hans skyldi fulln\u00e6gt, \u00feann dag er \u00f3vinir Gy\u00f0inga h\u00f6f\u00f0u vona\u00f0 a\u00f0 f\u00e1 yfirbuga\u00f0 \u00fe\u00e1, en n\u00fa \u00fevert \u00e1 m\u00f3ti Gy\u00f0ingar sj\u00e1lfir skyldu yfirbuga fjendur s\u00edna,2\u00fe\u00e1 s\u00f6fnu\u00f0ust Gy\u00f0ingar saman \u00ed borgum s\u00ednum um \u00f6ll skattl\u00f6nd Ahasverusar konungs til \u00feess a\u00f0 leggja hendur \u00e1 \u00fe\u00e1, er \u00feeim leitu\u00f0u tj\u00f3ns. Og enginn f\u00e9kk sta\u00f0ist fyrir \u00feeim, \u00fev\u00ed a\u00f0 \u00f3tti vi\u00f0 \u00fe\u00e1 var kominn yfir allar \u00fej\u00f3\u00f0ir.3Og allir h\u00f6f\u00f0ingjar skattlandanna og jarlarnir og landstj\u00f3rarnir og emb\u00e6ttismenn konungs veittu Gy\u00f0ingum li\u00f0, \u00fev\u00ed a\u00f0 \u00f3tti vi\u00f0 Mordekai var yfir \u00fe\u00e1 <a href=\"https:\/\/biblian.is\/1981\/esterarbok-9-kafli\/\"> [&#8230;]<\/a><\/p>\n","protected":false},"author":1,"featured_media":0,"parent":0,"menu_order":0,"comment_status":"open","ping_status":"open","template":"bibliukaflar.php","meta":{"footnotes":""},"class_list":["post-1781","page","type-page","status-publish","hentry"],"_links":{"self":[{"href":"https:\/\/biblian.is\/1981\/wp-json\/wp\/v2\/pages\/1781","targetHints":{"allow":["GET"]}}],"collection":[{"href":"https:\/\/biblian.is\/1981\/wp-json\/wp\/v2\/pages"}],"about":[{"href":"https:\/\/biblian.is\/1981\/wp-json\/wp\/v2\/types\/page"}],"author":[{"embeddable":true,"href":"https:\/\/biblian.is\/1981\/wp-json\/wp\/v2\/users\/1"}],"replies":[{"embeddable":true,"href":"https:\/\/biblian.is\/1981\/wp-json\/wp\/v2\/comments?post=1781"}],"version-history":[{"count":0,"href":"https:\/\/biblian.is\/1981\/wp-json\/wp\/v2\/pages\/1781\/revisions"}],"wp:attachment":[{"href":"https:\/\/biblian.is\/1981\/wp-json\/wp\/v2\/media?parent=1781"}],"curies":[{"name":"wp","href":"https:\/\/api.w.org\/{rel}","templated":true}]}}