{"id":1780,"date":"2017-11-18T20:18:38","date_gmt":"2017-11-18T20:18:38","guid":{"rendered":"http:\/\/biblian.is\/1981\/esterarbok-8-kafli\/"},"modified":"2021-06-06T10:51:06","modified_gmt":"2021-06-06T10:51:06","slug":"esterarbok-8-kafli","status":"publish","type":"page","link":"https:\/\/biblian.is\/1981\/esterarbok-8-kafli\/","title":{"rendered":"Esterarb\u00f3k 8. kafli"},"content":{"rendered":"<p><a name=\"1\"><span class=\"versanumer\">1<\/span><\/a>\u00deennan sama dag gaf Ahasverus konungur Ester drottningu h\u00fas Hamans, fjandmanns Gy\u00f0inga. En Mordekai gekk fyrir konung, \u00fev\u00ed a\u00f0 Ester haf\u00f0i sagt honum, hva\u00f0 hann v\u00e6ri s\u00e9r.<a name=\"2\"><span class=\"versanumer\">2<\/span><\/a>Og konungur dr\u00f3 innsiglishringinn af hendi s\u00e9r, \u00feann er hann haf\u00f0i l\u00e1ti\u00f0 taka af Haman, og f\u00e9kk Mordekai hann. En Ester setti Mordekai yfir h\u00fas Hamans.<a name=\"3\"><span class=\"versanumer\">3<\/span><\/a>Og Ester tala\u00f0i enn vi\u00f0 konung, f\u00e9ll honum til f\u00f3ta og ba\u00f0 hann gr\u00e1tandi a\u00f0 \u00f3n\u00fdta illskur\u00e1\u00f0 Hamans Agag\u00edta, \u00feau er hann haf\u00f0i upp hugsa\u00f0 gegn Gy\u00f0ingum.<a name=\"4\"><span class=\"versanumer\">4<\/span><\/a>En konungur r\u00e9tti gullsprotann \u00fat \u00ed m\u00f3ti Ester. \u00de\u00e1 st\u00f3\u00f0 Ester upp og gekk fyrir konung<a name=\"5\"><span class=\"versanumer\">5<\/span><\/a>og m\u00e6lti: Ef konunginum \u00fe\u00f3knast svo og hafi \u00e9g fundi\u00f0 n\u00e1\u00f0 \u00ed augum hans og s\u00e9 konunginum \u00fea\u00f0 ekki \u00f3ge\u00f0fellt og ef hann hefir m\u00e6tur \u00e1 m\u00e9r, \u00fe\u00e1 s\u00e9 n\u00fa gefin \u00fat skrifleg skipun til \u00feess a\u00f0 afturkalla br\u00e9fin, r\u00e1\u00f0ager\u00f0 Hamans Hamdatasonar Agag\u00edta, \u00feau er hann rita\u00f0i til \u00feess a\u00f0 l\u00e1ta ey\u00f0a Gy\u00f0ingum \u00ed \u00f6llum skattl\u00f6ndum konungs.<a name=\"6\"><span class=\"versanumer\">6<\/span><\/a>\u00dev\u00ed a\u00f0 hvernig mundi \u00e9g f\u00e1 afbori\u00f0 a\u00f0 horfa upp \u00e1 \u00f3g\u00e6fu \u00fe\u00e1, er koma \u00e1 yfir \u00fej\u00f3\u00f0 m\u00edna, og hvernig mundi \u00e9g f\u00e1 afbori\u00f0 a\u00f0 horfa upp \u00e1 tort\u00edming kynsmanna minna?<a name=\"7\"><span class=\"versanumer\">7<\/span><\/a>\u00de\u00e1 sag\u00f0i Ahasverus konungur vi\u00f0 Ester drottningu og Mordekai Gy\u00f0ing: Sj\u00e1, h\u00fas Hamans hefi \u00e9g gefi\u00f0 Ester, og sj\u00e1lfur hefir hann veri\u00f0 festur \u00e1 g\u00e1lga, fyrir \u00fe\u00e1 s\u00f6k, a\u00f0 hann haf\u00f0i lagt hendur \u00e1 Gy\u00f0inga.<a name=\"8\"><span class=\"versanumer\">8<\/span><\/a>En skrifi\u00f0 \u00fei\u00f0 n\u00fa um Gy\u00f0inga \u00fea\u00f0 er ykkur l\u00edkar \u00ed nafni konungs og innsigli\u00f0 \u00fea\u00f0 me\u00f0 innsiglishring konungs. \u00dev\u00ed a\u00f0 ekkert \u00fea\u00f0 br\u00e9f, sem skrifa\u00f0 er \u00ed nafni konungs og innsigla\u00f0 me\u00f0 innsiglishring konungs, ver\u00f0ur afturkalla\u00f0.<a name=\"9\"><span class=\"versanumer\">9<\/span><\/a>Og skrifurum konungs var \u00fe\u00e1 stefnt saman, hinn tuttugasta og \u00feri\u00f0ja dag hins \u00feri\u00f0ja m\u00e1na\u00f0ar \u00fea\u00f0 er m\u00e1na\u00f0arins s\u00edvan og var \u00fe\u00e1 skrifa\u00f0 me\u00f0 \u00f6llu svo sem Mordekai bau\u00f0, til Gy\u00f0inga og til jarlanna og til landstj\u00f3ranna og til h\u00f6f\u00f0ingja skattlandanna fr\u00e1 Indlandi til Bl\u00e1lands, til skattlandanna hundra\u00f0 tuttugu og sj\u00f6, \u00ed hvert skattland me\u00f0 skrift \u00feess lands og til hverrar \u00fej\u00f3\u00f0ar \u00e1 hennar tungu, og einnig til Gy\u00f0inga me\u00f0 \u00feeirra skrift og \u00e1 \u00feeirra tungu.<a name=\"10\"><span class=\"versanumer\">10<\/span><\/a>Og hann skrifa\u00f0i \u00ed nafni Ahasverusar konungs og innsigla\u00f0i me\u00f0 innsiglishring konungs, og hann sendi br\u00e9f me\u00f0 r\u00ed\u00f0andi hra\u00f0bo\u00f0um, sem ri\u00f0u fyrirmannag\u00e6\u00f0ingum \u00far st\u00f3\u00f0i konungs,<a name=\"11\"><span class=\"versanumer\">11<\/span><\/a>\u00fear sem konungur leyf\u00f0i Gy\u00f0ingum \u00ed \u00f6llum borgum a\u00f0 safnast saman og verja l\u00edf sitt og a\u00f0 ey\u00f0a, dey\u00f0a og tort\u00edma \u00f6llum li\u00f0safla \u00feeirrar \u00fej\u00f3\u00f0ar og lands, er s\u00fdndi \u00feeim fjandskap, jafnvel b\u00f6rnum og konum, og r\u00e6na fj\u00e1rmunum \u00feeirra,<a name=\"12\"><span class=\"versanumer\">12<\/span><\/a>\u00e1 einum degi \u00ed \u00f6llum skattl\u00f6ndum Ahasverusar konungs, hinn \u00ferett\u00e1nda dag hins t\u00f3lfta m\u00e1na\u00f0ar \u00fea\u00f0 er m\u00e1na\u00f0arins adar.<a name=\"13\"><span class=\"versanumer\">13<\/span><\/a>Eftirrit af br\u00e9finu skyldi gefi\u00f0 \u00fat sem l\u00f6g \u00ed hverju skattlandi til \u00feess a\u00f0 gj\u00f6ra \u00feetta kunnugt \u00f6llum \u00fej\u00f3\u00f0unum og til \u00feess a\u00f0 Gy\u00f0ingar skyldu vera vi\u00f0b\u00fanir \u00feennan dag a\u00f0 hefna s\u00edn \u00e1 \u00f3vinum s\u00ednum.<a name=\"14\"><span class=\"versanumer\">14<\/span><\/a>Hra\u00f0bo\u00f0arnir, sem ri\u00f0u fyrirmannag\u00e6\u00f0ingunum, f\u00f3ru af sta\u00f0 me\u00f0 skyndingu og fl\u00fdti, a\u00f0 bo\u00f0i konungs, \u00feegar er lagabo\u00f0i\u00f0 var gefi\u00f0 \u00fat \u00ed borginni S\u00fasa.<a name=\"15\"><span class=\"versanumer\">15<\/span><\/a>En Mordekai gekk \u00fat fr\u00e1 konungi \u00ed konunglegum skr\u00fa\u00f0a, purpurabl\u00e1um og hv\u00edtum, me\u00f0 st\u00f3ra gullk\u00f3r\u00f3nu og \u00ed m\u00f6ttli \u00far b\u00fdssus og rau\u00f0um purpura, og \u00ed borginni S\u00fasa var\u00f0 gle\u00f0i mikil og f\u00f6gnu\u00f0ur.<a name=\"16\"><span class=\"versanumer\">16<\/span><\/a>Og hj\u00e1 Gy\u00f0ingum var lj\u00f3s og gle\u00f0i, f\u00f6gnu\u00f0ur og d\u00fdr\u00f0.<a name=\"17\"><span class=\"versanumer\">17<\/span><\/a>Og \u00ed \u00f6llum skattl\u00f6ndum og \u00f6llum borgum, \u00fear sem skipun konungs og lagabo\u00f0 hans kom, var gle\u00f0i og f\u00f6gnu\u00f0ur me\u00f0al Gy\u00f0inga, veisluh\u00f6ld og h\u00e1t\u00ed\u00f0isdagur. Og margir hinna hei\u00f0nu landsb\u00faa gj\u00f6r\u00f0ust Gy\u00f0ingar, \u00fev\u00ed a\u00f0 \u00f3tti vi\u00f0 Gy\u00f0inga var yfir \u00fe\u00e1 kominn.<\/p>\n<div class=\"footnote1981\"><b>8.1<\/b> H\u00fas Hamans Job 27.17; Okv 13.22<br \/>\n<b>8.2<\/b> Mordeka\u00ed f\u00e6r konungshringinn Est 3.10+ &#8211; h\u00fas Hamans sbr Dan 2.48<br \/>\n<b>8.8<\/b> Ver\u00f0ur ekki afturkalla\u00f0 Est 1.19+<br \/>\n<b>8.11<\/b> Fjandskapur endurgoldin Slm 109.16-19; 137.8-9; Job 27.13-23; Jer 50.29; Esk 39.10; Opb 18.6<br \/>\n<b>8.15<\/b> \u00cd konunglegum skr\u00fa\u00f0a Est 6.11; sbr Dan 5.29; 1Makk 10.62-63<\/div>\n","protected":false},"excerpt":{"rendered":"<p>1\u00deennan sama dag gaf Ahasverus konungur Ester drottningu h\u00fas Hamans, fjandmanns Gy\u00f0inga. En Mordekai gekk fyrir konung, \u00fev\u00ed a\u00f0 Ester haf\u00f0i sagt honum, hva\u00f0 hann v\u00e6ri s\u00e9r.2Og konungur dr\u00f3 innsiglishringinn af hendi s\u00e9r, \u00feann er hann haf\u00f0i l\u00e1ti\u00f0 taka af Haman, og f\u00e9kk Mordekai hann. En Ester setti Mordekai yfir h\u00fas Hamans.3Og Ester tala\u00f0i enn vi\u00f0 konung, f\u00e9ll honum til f\u00f3ta og ba\u00f0 hann gr\u00e1tandi a\u00f0 \u00f3n\u00fdta illskur\u00e1\u00f0 Hamans Agag\u00edta, \u00feau er hann haf\u00f0i upp hugsa\u00f0 gegn Gy\u00f0ingum.4En konungur r\u00e9tti gullsprotann \u00fat \u00ed m\u00f3ti Ester. \u00de\u00e1 st\u00f3\u00f0 Ester upp og gekk fyrir konung5og m\u00e6lti: Ef konunginum \u00fe\u00f3knast svo og hafi <a href=\"https:\/\/biblian.is\/1981\/esterarbok-8-kafli\/\"> [&#8230;]<\/a><\/p>\n","protected":false},"author":1,"featured_media":0,"parent":0,"menu_order":0,"comment_status":"open","ping_status":"open","template":"bibliukaflar.php","meta":{"footnotes":""},"class_list":["post-1780","page","type-page","status-publish","hentry"],"_links":{"self":[{"href":"https:\/\/biblian.is\/1981\/wp-json\/wp\/v2\/pages\/1780","targetHints":{"allow":["GET"]}}],"collection":[{"href":"https:\/\/biblian.is\/1981\/wp-json\/wp\/v2\/pages"}],"about":[{"href":"https:\/\/biblian.is\/1981\/wp-json\/wp\/v2\/types\/page"}],"author":[{"embeddable":true,"href":"https:\/\/biblian.is\/1981\/wp-json\/wp\/v2\/users\/1"}],"replies":[{"embeddable":true,"href":"https:\/\/biblian.is\/1981\/wp-json\/wp\/v2\/comments?post=1780"}],"version-history":[{"count":0,"href":"https:\/\/biblian.is\/1981\/wp-json\/wp\/v2\/pages\/1780\/revisions"}],"wp:attachment":[{"href":"https:\/\/biblian.is\/1981\/wp-json\/wp\/v2\/media?parent=1780"}],"curies":[{"name":"wp","href":"https:\/\/api.w.org\/{rel}","templated":true}]}}