{"id":1779,"date":"2017-11-18T20:18:38","date_gmt":"2017-11-18T20:18:38","guid":{"rendered":"http:\/\/biblian.is\/1981\/esterarbok-7-kafli\/"},"modified":"2021-06-06T10:51:05","modified_gmt":"2021-06-06T10:51:05","slug":"esterarbok-7-kafli","status":"publish","type":"page","link":"https:\/\/biblian.is\/1981\/esterarbok-7-kafli\/","title":{"rendered":"Esterarb\u00f3k 7. kafli"},"content":{"rendered":"<p><a name=\"1\"><span class=\"versanumer\">1<\/span><\/a>\u00de\u00e1 er \u00feeir konungur og Haman voru komnir til \u00feess a\u00f0 drekka hj\u00e1 Ester drottningu,<a name=\"2\"><span class=\"versanumer\">2<\/span><\/a>\u00fe\u00e1 sag\u00f0i konungur vi\u00f0 Ester einnig \u00feennan hinn annan dag, \u00fe\u00e1 er \u00feau voru sest a\u00f0 v\u00edndrykkjunni: Hver er b\u00f3n \u00fe\u00edn, Ester drottning? H\u00fan mun veitast \u00fe\u00e9r. Og hvers bei\u00f0ist \u00fe\u00fa? \u00de\u00f3tt \u00fea\u00f0 v\u00e6ri helmingur r\u00edkisins, \u00fe\u00e1 skal \u00fea\u00f0 \u00ed t\u00e9 l\u00e1ti\u00f0.<a name=\"3\"><span class=\"versanumer\">3<\/span><\/a>\u00de\u00e1 svara\u00f0i Ester drottning og sag\u00f0i: Hafi \u00e9g fundi\u00f0 n\u00e1\u00f0 \u00ed augum \u00fe\u00ednum, konungur, og \u00fe\u00f3knist konunginum svo, \u00fe\u00e1 s\u00e9 m\u00e9r gefi\u00f0 l\u00edf mitt vegna b\u00e6nar minnar og \u00fej\u00f3\u00f0 minni vegna bei\u00f0ni minnar.<a name=\"4\"><span class=\"versanumer\">4<\/span><\/a>\u00dev\u00ed a\u00f0 v\u00e9r erum seldir, \u00e9g og \u00fej\u00f3\u00f0 m\u00edn, til ey\u00f0ingar, dey\u00f0ingar og tort\u00edmingar. Og ef v\u00e9r hef\u00f0um a\u00f0eins veri\u00f0 seldir a\u00f0 \u00fer\u00e6lum og amb\u00e1ttum, \u00fe\u00e1 mundi \u00e9g hafa \u00feaga\u00f0, \u00fe\u00f3tt m\u00f3tst\u00f6\u00f0uma\u00f0urinn hef\u00f0i eigi veri\u00f0 f\u00e6r um a\u00f0 b\u00e6ta konungi ska\u00f0ann.<a name=\"5\"><span class=\"versanumer\">5<\/span><\/a>\u00de\u00e1 m\u00e6lti Ahasverus konungur og sag\u00f0i vi\u00f0 Ester drottningu: Hver er s\u00e1 og hvar er s\u00e1, er dirf\u00f0ist a\u00f0 gj\u00f6ra sl\u00edkt?<a name=\"6\"><span class=\"versanumer\">6<\/span><\/a>Ester m\u00e6lti: M\u00f3tst\u00f6\u00f0uma\u00f0urinn og \u00f3vinurinn er \u00feessi vondi Haman! En Haman var\u00f0 hr\u00e6ddur vi\u00f0 konung og drottningu.<a name=\"7\"><span class=\"versanumer\">7<\/span><\/a>Og konungur st\u00f3\u00f0 upp fr\u00e1 v\u00edndrykkjunni \u00ed rei\u00f0i og gekk \u00fat \u00ed hallargar\u00f0inn, en Haman st\u00f3\u00f0 eftir til \u00feess a\u00f0 bi\u00f0ja Ester drottningu um l\u00edf sitt, \u00fev\u00ed a\u00f0 hann s\u00e1 s\u00e9r \u00f3g\u00e6fu b\u00fana af konungi.<a name=\"8\"><span class=\"versanumer\">8<\/span><\/a>En \u00feegar konungur kom aftur utan \u00far hallargar\u00f0inum inn \u00ed veislusalinn, \u00fe\u00e1 haf\u00f0i Haman l\u00e1ti\u00f0 fallast \u00e1 hv\u00edlubekk \u00feann, sem Ester sat \u00e1. \u00de\u00e1 sag\u00f0i konungur: Mun hann einnig \u00e6tla a\u00f0 nau\u00f0ga drottningunni hj\u00e1 m\u00e9r h\u00e9r \u00ed h\u00f6llinni? \u00d3\u00f0ara en \u00feessi or\u00f0 voru komin \u00fat af v\u00f6rum konungs, huldu menn auglit Hamans.<a name=\"9\"><span class=\"versanumer\">9<\/span><\/a>Og Harb\u00f3na, einn af geldingum \u00feeim, er \u00fej\u00f3nu\u00f0u konungi, m\u00e6lti: Sj\u00e1, g\u00e1lginn, sem Haman l\u00e9t gj\u00f6ra handa Mordekai, sem \u00fe\u00f3 haf\u00f0i tala\u00f0 \u00fea\u00f0, er konungi var\u00f0 til heilla, stendur b\u00fainn \u00ed h\u00fasagar\u00f0i Hamans, fimmt\u00edu \u00e1lna h\u00e1r. \u00de\u00e1 m\u00e6lti konungur: Festi\u00f0 hann \u00e1 hann!<a name=\"10\"><span class=\"versanumer\">10<\/span><\/a>Og \u00feeir festu Haman \u00e1 g\u00e1lgann, sem hann haf\u00f0i reisa l\u00e1ti\u00f0 handa Mordekai. \u00de\u00e1 rann konungi rei\u00f0in.<\/p>\n<div class=\"footnote1981\"><b>7.4<\/b> Til \u00fatr\u00fdmingar Est 2.8-9<br \/>\n<b>7.10<\/b> Hengdu Haman Est 9.13+ &#8211; \u00e1 g\u00e1lga handa Mordekai Okv 5.22+<\/div>\n","protected":false},"excerpt":{"rendered":"<p>1\u00de\u00e1 er \u00feeir konungur og Haman voru komnir til \u00feess a\u00f0 drekka hj\u00e1 Ester drottningu,2\u00fe\u00e1 sag\u00f0i konungur vi\u00f0 Ester einnig \u00feennan hinn annan dag, \u00fe\u00e1 er \u00feau voru sest a\u00f0 v\u00edndrykkjunni: Hver er b\u00f3n \u00fe\u00edn, Ester drottning? H\u00fan mun veitast \u00fe\u00e9r. Og hvers bei\u00f0ist \u00fe\u00fa? \u00de\u00f3tt \u00fea\u00f0 v\u00e6ri helmingur r\u00edkisins, \u00fe\u00e1 skal \u00fea\u00f0 \u00ed t\u00e9 l\u00e1ti\u00f0.3\u00de\u00e1 svara\u00f0i Ester drottning og sag\u00f0i: Hafi \u00e9g fundi\u00f0 n\u00e1\u00f0 \u00ed augum \u00fe\u00ednum, konungur, og \u00fe\u00f3knist konunginum svo, \u00fe\u00e1 s\u00e9 m\u00e9r gefi\u00f0 l\u00edf mitt vegna b\u00e6nar minnar og \u00fej\u00f3\u00f0 minni vegna bei\u00f0ni minnar.4\u00dev\u00ed a\u00f0 v\u00e9r erum seldir, \u00e9g og \u00fej\u00f3\u00f0 m\u00edn, til ey\u00f0ingar, dey\u00f0ingar og <a href=\"https:\/\/biblian.is\/1981\/esterarbok-7-kafli\/\"> [&#8230;]<\/a><\/p>\n","protected":false},"author":1,"featured_media":0,"parent":0,"menu_order":0,"comment_status":"open","ping_status":"open","template":"bibliukaflar.php","meta":{"footnotes":""},"class_list":["post-1779","page","type-page","status-publish","hentry"],"_links":{"self":[{"href":"https:\/\/biblian.is\/1981\/wp-json\/wp\/v2\/pages\/1779","targetHints":{"allow":["GET"]}}],"collection":[{"href":"https:\/\/biblian.is\/1981\/wp-json\/wp\/v2\/pages"}],"about":[{"href":"https:\/\/biblian.is\/1981\/wp-json\/wp\/v2\/types\/page"}],"author":[{"embeddable":true,"href":"https:\/\/biblian.is\/1981\/wp-json\/wp\/v2\/users\/1"}],"replies":[{"embeddable":true,"href":"https:\/\/biblian.is\/1981\/wp-json\/wp\/v2\/comments?post=1779"}],"version-history":[{"count":0,"href":"https:\/\/biblian.is\/1981\/wp-json\/wp\/v2\/pages\/1779\/revisions"}],"wp:attachment":[{"href":"https:\/\/biblian.is\/1981\/wp-json\/wp\/v2\/media?parent=1779"}],"curies":[{"name":"wp","href":"https:\/\/api.w.org\/{rel}","templated":true}]}}