{"id":1778,"date":"2017-11-18T20:18:38","date_gmt":"2017-11-18T20:18:38","guid":{"rendered":"http:\/\/biblian.is\/1981\/esterarbok-6-kafli\/"},"modified":"2021-06-06T10:51:05","modified_gmt":"2021-06-06T10:51:05","slug":"esterarbok-6-kafli","status":"publish","type":"page","link":"https:\/\/biblian.is\/1981\/esterarbok-6-kafli\/","title":{"rendered":"Esterarb\u00f3k 6. kafli"},"content":{"rendered":"<p><a name=\"1\"><span class=\"versanumer\">1<\/span><\/a>En \u00feessa n\u00f3tt gat konungur ekki sofi\u00f0. Bau\u00f0 hann \u00fe\u00e1 a\u00f0 koma me\u00f0 Ann\u00e1lab\u00f3kina, og var h\u00fan lesin fyrir konungi.<a name=\"2\"><span class=\"versanumer\">2<\/span><\/a>\u00de\u00e1 fannst \u00fear skrifa\u00f0, hversu Mordekai hef\u00f0i komi\u00f0 upp um \u00fe\u00e1 Bigtan og Teres, tvo geldinga konungs, af \u00feeim er geymdu dyranna, sem h\u00f6f\u00f0u leitast vi\u00f0 a\u00f0 leggja h\u00f6nd \u00e1 Ahasverus konung.<a name=\"3\"><span class=\"versanumer\">3<\/span><\/a>\u00de\u00e1 sag\u00f0i konungur: Hverja s\u00e6md og upphef\u00f0 hefir Mordekai hloti\u00f0 fyrir \u00feetta? \u00de\u00e1 s\u00f6g\u00f0u sveinar konungs, \u00feeir er \u00fej\u00f3nu\u00f0u honum: Hann hefir ekkert hloti\u00f0 fyrir.<a name=\"4\"><span class=\"versanumer\">4<\/span><\/a>Og konungur sag\u00f0i: Hver er \u00ed forgar\u00f0inum? \u00cd sama bili haf\u00f0i Haman komi\u00f0 inn \u00ed ytri forgar\u00f0 konungshallarinnar til \u00feess a\u00f0 tala um \u00fea\u00f0 vi\u00f0 konung a\u00f0 l\u00e1ta festa Mordekai \u00e1 g\u00e1lga \u00feann, er hann haf\u00f0i reist handa honum.<a name=\"5\"><span class=\"versanumer\">5<\/span><\/a>Og sveinar konungs s\u00f6g\u00f0u vi\u00f0 hann: Sj\u00e1, Haman stendur \u00ed forgar\u00f0inum. Konungur m\u00e6lti: L\u00e1ti\u00f0 hann koma inn.<a name=\"6\"><span class=\"versanumer\">6<\/span><\/a>En er Haman var inn kominn, sag\u00f0i konungur vi\u00f0 hann: Hva\u00f0 \u00e1 a\u00f0 gj\u00f6ra vi\u00f0 \u00feann mann, er konungur vill hei\u00f0ur s\u00fdna? \u00de\u00e1 hugsa\u00f0i Haman me\u00f0 sj\u00e1lfum s\u00e9r: Hverjum mun konungur vilja hei\u00f0ur s\u00fdna \u00f6\u00f0rum en m\u00e9r?<a name=\"7\"><span class=\"versanumer\">7<\/span><\/a>Og Haman sag\u00f0i vi\u00f0 konung: Ef konungur vill s\u00fdna einhverjum hei\u00f0ur,<a name=\"8\"><span class=\"versanumer\">8<\/span><\/a>\u00fe\u00e1 skal s\u00e6kja konunglegan skr\u00fa\u00f0a, sem konungur hefir kl\u00e6\u00f0st, og hest, sem konungur hefir ri\u00f0i\u00f0, og konungleg k\u00f3r\u00f3na er sett \u00e1 h\u00f6fu\u00f0 hans.<a name=\"9\"><span class=\"versanumer\">9<\/span><\/a>Og skr\u00fa\u00f0ann og hestinn skal f\u00e1 \u00ed hendur einum af h\u00f6f\u00f0ingjum konungs, tignarm\u00f6nnunum, og f\u00e6ra \u00feann mann, sem konungur vill s\u00fdna hei\u00f0ur, \u00ed skr\u00fa\u00f0ann og l\u00e1ta hann r\u00ed\u00f0a hestinum um borgartorgi\u00f0 og hr\u00f3pa fyrir honum: \u00deannig er gj\u00f6rt vi\u00f0 \u00feann mann, er konungur vill hei\u00f0ur s\u00fdna.<a name=\"10\"><span class=\"versanumer\">10<\/span><\/a>\u00de\u00e1 sag\u00f0i konungur vi\u00f0 Haman: S\u00e6k sem skj\u00f3tast skr\u00fa\u00f0ann og hestinn, svo sem \u00fe\u00fa hefir sagt, og gj\u00f6r \u00feannig vi\u00f0 Mordekai Gy\u00f0ing, sem situr h\u00e9r \u00ed konungshli\u00f0i. L\u00e1t ekkert ni\u00f0ur falla af \u00f6llu \u00fev\u00ed, er \u00fe\u00fa hefir sagt.<a name=\"11\"><span class=\"versanumer\">11<\/span><\/a>\u00de\u00e1 s\u00f3tti Haman skr\u00fa\u00f0ann og hestinn, f\u00e6r\u00f0i Mordekai \u00ed og l\u00e9t hann r\u00ed\u00f0a um borgartorgi\u00f0 og hr\u00f3pa\u00f0i fyrir honum: \u00deannig er gj\u00f6rt vi\u00f0 \u00feann mann, er konungurinn vill hei\u00f0ur s\u00fdna.<a name=\"12\"><span class=\"versanumer\">12<\/span><\/a>S\u00ed\u00f0an sneri Mordekai aftur \u00ed konungshli\u00f0i\u00f0. En Haman skunda\u00f0i heim til s\u00edn, hryggur og me\u00f0 huldu h\u00f6f\u00f0i.<a name=\"13\"><span class=\"versanumer\">13<\/span><\/a>Og Haman sag\u00f0i Seres konu sinni og \u00f6llum vinum s\u00ednum fr\u00e1 \u00f6llu \u00fev\u00ed, er fyrir hann haf\u00f0i komi\u00f0. \u00de\u00e1 s\u00f6g\u00f0u vitringar hans vi\u00f0 hann og Seres kona hans: Ef Mordekai, sem \u00fe\u00fa ert tekinn a\u00f0 falla fyrir, er af \u00e6tt Gy\u00f0inga, \u00fe\u00e1 megnar \u00fe\u00fa ekkert \u00e1 m\u00f3ti honum, heldur munt \u00fe\u00fa gj\u00f6rsamlega falla fyrir honum.<a name=\"14\"><span class=\"versanumer\">14<\/span><\/a>Me\u00f0an \u00feeir voru enn vi\u00f0 hann a\u00f0 tala, komu geldingar konungs, og f\u00f3ru \u00feeir \u00ed skyndi me\u00f0 Haman til veislunnar, er Ester haf\u00f0i b\u00fai\u00f0.<\/p>\n<div class=\"footnote1981\"><b>6.3<\/b> Ekkert hloti\u00f0 fyrir sbr 1M\u00f3s 40.23; Pr\u00e9d 9.15<\/div>\n","protected":false},"excerpt":{"rendered":"<p>1En \u00feessa n\u00f3tt gat konungur ekki sofi\u00f0. Bau\u00f0 hann \u00fe\u00e1 a\u00f0 koma me\u00f0 Ann\u00e1lab\u00f3kina, og var h\u00fan lesin fyrir konungi.2\u00de\u00e1 fannst \u00fear skrifa\u00f0, hversu Mordekai hef\u00f0i komi\u00f0 upp um \u00fe\u00e1 Bigtan og Teres, tvo geldinga konungs, af \u00feeim er geymdu dyranna, sem h\u00f6f\u00f0u leitast vi\u00f0 a\u00f0 leggja h\u00f6nd \u00e1 Ahasverus konung.3\u00de\u00e1 sag\u00f0i konungur: Hverja s\u00e6md og upphef\u00f0 hefir Mordekai hloti\u00f0 fyrir \u00feetta? \u00de\u00e1 s\u00f6g\u00f0u sveinar konungs, \u00feeir er \u00fej\u00f3nu\u00f0u honum: Hann hefir ekkert hloti\u00f0 fyrir.4Og konungur sag\u00f0i: Hver er \u00ed forgar\u00f0inum? \u00cd sama bili haf\u00f0i Haman komi\u00f0 inn \u00ed ytri forgar\u00f0 konungshallarinnar til \u00feess a\u00f0 tala um \u00fea\u00f0 vi\u00f0 konung <a href=\"https:\/\/biblian.is\/1981\/esterarbok-6-kafli\/\"> [&#8230;]<\/a><\/p>\n","protected":false},"author":1,"featured_media":0,"parent":0,"menu_order":0,"comment_status":"open","ping_status":"open","template":"bibliukaflar.php","meta":{"footnotes":""},"class_list":["post-1778","page","type-page","status-publish","hentry"],"_links":{"self":[{"href":"https:\/\/biblian.is\/1981\/wp-json\/wp\/v2\/pages\/1778","targetHints":{"allow":["GET"]}}],"collection":[{"href":"https:\/\/biblian.is\/1981\/wp-json\/wp\/v2\/pages"}],"about":[{"href":"https:\/\/biblian.is\/1981\/wp-json\/wp\/v2\/types\/page"}],"author":[{"embeddable":true,"href":"https:\/\/biblian.is\/1981\/wp-json\/wp\/v2\/users\/1"}],"replies":[{"embeddable":true,"href":"https:\/\/biblian.is\/1981\/wp-json\/wp\/v2\/comments?post=1778"}],"version-history":[{"count":0,"href":"https:\/\/biblian.is\/1981\/wp-json\/wp\/v2\/pages\/1778\/revisions"}],"wp:attachment":[{"href":"https:\/\/biblian.is\/1981\/wp-json\/wp\/v2\/media?parent=1778"}],"curies":[{"name":"wp","href":"https:\/\/api.w.org\/{rel}","templated":true}]}}