{"id":1777,"date":"2017-11-18T20:18:38","date_gmt":"2017-11-18T20:18:38","guid":{"rendered":"http:\/\/biblian.is\/1981\/esterarbok-5-kafli\/"},"modified":"2021-06-06T10:51:05","modified_gmt":"2021-06-06T10:51:05","slug":"esterarbok-5-kafli","status":"publish","type":"page","link":"https:\/\/biblian.is\/1981\/esterarbok-5-kafli\/","title":{"rendered":"Esterarb\u00f3k 5. kafli"},"content":{"rendered":"<p><a name=\"1\"><span class=\"versanumer\">1<\/span><\/a>En \u00e1 \u00feri\u00f0ja degi skr\u00fdddist Ester konunglegum skr\u00fa\u00f0a og gekk inn \u00ed hinn innri forgar\u00f0 konungshallarinnar, gegnt konungsh\u00f6llinni, en konungur sat \u00ed konungsh\u00e1s\u00e6ti s\u00ednu \u00ed konungsh\u00f6llinni gegnt dyrum hallarinnar.<a name=\"2\"><span class=\"versanumer\">2<\/span><\/a>En er konungur leit Ester drottningu standa \u00ed forgar\u00f0inum, fann h\u00fan n\u00e1\u00f0 \u00ed augum hans, og konungur r\u00e9tti \u00fat \u00ed m\u00f3ti Ester gullsprotann, er hann haf\u00f0i \u00ed hendi s\u00e9r. \u00de\u00e1 gekk Ester n\u00e6r og snart oddinn \u00e1 sprotanum.<a name=\"3\"><span class=\"versanumer\">3<\/span><\/a>Og konungur sag\u00f0i vi\u00f0 hana: Hva\u00f0 er \u00fe\u00e9r \u00e1 h\u00f6ndum, Ester drottning, og hvers bei\u00f0ist \u00fe\u00fa? \u00de\u00f3tt \u00fea\u00f0 v\u00e6ri helmingur r\u00edkisins, \u00fe\u00e1 skal \u00fe\u00e9r \u00fea\u00f0 veita.<a name=\"4\"><span class=\"versanumer\">4<\/span><\/a>\u00de\u00e1 m\u00e6lti Ester: Ef konunginum \u00fe\u00f3knast svo, \u00fe\u00e1 komi konungurinn, \u00e1samt Haman, \u00ed dag til veislu \u00feeirrar, er \u00e9g hefi b\u00fai\u00f0 honum.<a name=\"5\"><span class=\"versanumer\">5<\/span><\/a>\u00de\u00e1 sag\u00f0i konungur: S\u00e6ki\u00f0 Haman \u00ed skyndi, svo a\u00f0 v\u00e9r megum gj\u00f6ra \u00fea\u00f0, sem Ester hefir um be\u00f0i\u00f0. \u00deegar n\u00fa konungur, \u00e1samt Haman, var kominn til veislunnar, er Ester haf\u00f0i b\u00fai\u00f0,<a name=\"6\"><span class=\"versanumer\">6<\/span><\/a>sag\u00f0i konungur vi\u00f0 Ester, \u00fe\u00e1 er \u00feau voru sest a\u00f0 v\u00edndrykkjunni: Hver er b\u00e6n \u00fe\u00edn? H\u00fan skal veitast \u00fe\u00e9r. Og hvers bei\u00f0ist \u00fe\u00fa? \u00de\u00f3tt \u00fea\u00f0 v\u00e6ri helmingur r\u00edkisins, \u00fe\u00e1 skal \u00fea\u00f0 \u00ed t\u00e9 l\u00e1ti\u00f0.<a name=\"7\"><span class=\"versanumer\">7<\/span><\/a>\u00de\u00e1 svara\u00f0i Ester og sag\u00f0i: B\u00e6n m\u00edn og bei\u00f0ni er \u00feessi:<a name=\"8\"><span class=\"versanumer\">8<\/span><\/a>Hafi \u00e9g fundi\u00f0 n\u00e1\u00f0 \u00ed augum konungsins og \u00fe\u00f3knist konunginum a\u00f0 veita m\u00e9r b\u00e6n m\u00edna og gj\u00f6ra \u00fea\u00f0, er \u00e9g bei\u00f0ist, \u00fe\u00e1 komi konungurinn og Haman til veislu \u00feeirrar, er \u00e9g mun b\u00faa \u00feeim. Mun \u00e9g \u00fe\u00e1 \u00e1 morgun gj\u00f6ra \u00fea\u00f0, sem konungurinn hefir \u00f3ska\u00f0.<a name=\"9\"><span class=\"versanumer\">9<\/span><\/a>\u00deann dag gekk Haman burt gla\u00f0ur og \u00ed g\u00f3\u00f0u skapi. En er Haman s\u00e1 Mordekai \u00ed konungshli\u00f0inu og a\u00f0 hann hvorki st\u00f3\u00f0 upp fyrir honum n\u00e9 hr\u00e6r\u00f0i sig, \u00fe\u00e1 fylltist Haman rei\u00f0i gegn Mordekai.<a name=\"10\"><span class=\"versanumer\">10<\/span><\/a>\u00de\u00f3 stillti Haman sig. En er hann kom heim til s\u00edn, sendi hann og l\u00e9t s\u00e6kja vini s\u00edna og Seres konu s\u00edna.<a name=\"11\"><span class=\"versanumer\">11<\/span><\/a>Sag\u00f0i Haman \u00feeim fr\u00e1 hinum miklu au\u00f0\u00e6fum s\u00ednum og fj\u00f6lda sona sinna og fr\u00e1 \u00f6llum \u00feeim frama, sem konungur haf\u00f0i veitt honum, og hversu konungur hef\u00f0i hafi\u00f0 hann til vegs framar \u00f6\u00f0rum h\u00f6f\u00f0ingjum s\u00ednum og \u00fej\u00f3num.<a name=\"12\"><span class=\"versanumer\">12<\/span><\/a>Og Haman m\u00e6lti: J\u00e1, Ester drottning l\u00e9t engan koma me\u00f0 konungi til veislu \u00feeirrar, er h\u00fan gj\u00f6r\u00f0i, nema mig. H\u00fan hefir og bo\u00f0i\u00f0 m\u00e9r \u00e1 morgun me\u00f0 konunginum.<a name=\"13\"><span class=\"versanumer\">13<\/span><\/a>En allt \u00feetta er m\u00e9r ekki n\u00f3g, me\u00f0an \u00e9g s\u00e9 Mordekai Gy\u00f0ing sitja \u00ed konungshli\u00f0i.<a name=\"14\"><span class=\"versanumer\">14<\/span><\/a>\u00de\u00e1 sag\u00f0i Seres kona hans vi\u00f0 hann og allir vinir hans: L\u00e1t reisa fimmt\u00edu \u00e1lna h\u00e1an g\u00e1lga, og tala\u00f0u \u00e1 morgun um \u00fea\u00f0 vi\u00f0 konung, a\u00f0 Mordekai ver\u00f0i festur \u00e1 hann. Far s\u00ed\u00f0an gla\u00f0ur me\u00f0 konungi til veislunnar. \u00deetta r\u00e1\u00f0 l\u00edka\u00f0i Haman vel og l\u00e9t hann reisa g\u00e1lgann.<\/p>\n<div class=\"footnote1981\"><\/div>\n","protected":false},"excerpt":{"rendered":"<p>1En \u00e1 \u00feri\u00f0ja degi skr\u00fdddist Ester konunglegum skr\u00fa\u00f0a og gekk inn \u00ed hinn innri forgar\u00f0 konungshallarinnar, gegnt konungsh\u00f6llinni, en konungur sat \u00ed konungsh\u00e1s\u00e6ti s\u00ednu \u00ed konungsh\u00f6llinni gegnt dyrum hallarinnar.2En er konungur leit Ester drottningu standa \u00ed forgar\u00f0inum, fann h\u00fan n\u00e1\u00f0 \u00ed augum hans, og konungur r\u00e9tti \u00fat \u00ed m\u00f3ti Ester gullsprotann, er hann haf\u00f0i \u00ed hendi s\u00e9r. \u00de\u00e1 gekk Ester n\u00e6r og snart oddinn \u00e1 sprotanum.3Og konungur sag\u00f0i vi\u00f0 hana: Hva\u00f0 er \u00fe\u00e9r \u00e1 h\u00f6ndum, Ester drottning, og hvers bei\u00f0ist \u00fe\u00fa? \u00de\u00f3tt \u00fea\u00f0 v\u00e6ri helmingur r\u00edkisins, \u00fe\u00e1 skal \u00fe\u00e9r \u00fea\u00f0 veita.4\u00de\u00e1 m\u00e6lti Ester: Ef konunginum \u00fe\u00f3knast svo, \u00fe\u00e1 komi konungurinn, <a href=\"https:\/\/biblian.is\/1981\/esterarbok-5-kafli\/\"> [&#8230;]<\/a><\/p>\n","protected":false},"author":1,"featured_media":0,"parent":0,"menu_order":0,"comment_status":"open","ping_status":"open","template":"bibliukaflar.php","meta":{"footnotes":""},"class_list":["post-1777","page","type-page","status-publish","hentry"],"_links":{"self":[{"href":"https:\/\/biblian.is\/1981\/wp-json\/wp\/v2\/pages\/1777","targetHints":{"allow":["GET"]}}],"collection":[{"href":"https:\/\/biblian.is\/1981\/wp-json\/wp\/v2\/pages"}],"about":[{"href":"https:\/\/biblian.is\/1981\/wp-json\/wp\/v2\/types\/page"}],"author":[{"embeddable":true,"href":"https:\/\/biblian.is\/1981\/wp-json\/wp\/v2\/users\/1"}],"replies":[{"embeddable":true,"href":"https:\/\/biblian.is\/1981\/wp-json\/wp\/v2\/comments?post=1777"}],"version-history":[{"count":0,"href":"https:\/\/biblian.is\/1981\/wp-json\/wp\/v2\/pages\/1777\/revisions"}],"wp:attachment":[{"href":"https:\/\/biblian.is\/1981\/wp-json\/wp\/v2\/media?parent=1777"}],"curies":[{"name":"wp","href":"https:\/\/api.w.org\/{rel}","templated":true}]}}