{"id":1776,"date":"2017-11-18T20:18:38","date_gmt":"2017-11-18T20:18:38","guid":{"rendered":"http:\/\/biblian.is\/1981\/esterarbok-4-kafli\/"},"modified":"2021-06-06T10:51:04","modified_gmt":"2021-06-06T10:51:04","slug":"esterarbok-4-kafli","status":"publish","type":"page","link":"https:\/\/biblian.is\/1981\/esterarbok-4-kafli\/","title":{"rendered":"Esterarb\u00f3k 4. kafli"},"content":{"rendered":"<p><a name=\"1\"><span class=\"versanumer\">1<\/span><\/a>En er Mordekai var\u00f0 alls \u00feessa \u00e1skynja, er gj\u00f6rst haf\u00f0i, \u00fe\u00e1 reif hann kl\u00e6\u00f0i s\u00edn, kl\u00e6ddist sekk og \u00f6sku, gekk \u00fat \u00ed mi\u00f0ja borgina og kveina\u00f0i h\u00e1st\u00f6fum og beisklega.<a name=\"2\"><span class=\"versanumer\">2<\/span><\/a>S\u00ed\u00f0an gekk hann fast a\u00f0 konungshli\u00f0inu, \u00fev\u00ed a\u00f0 enginn m\u00e1tti inn ganga \u00ed konungshli\u00f0i\u00f0 kl\u00e6ddur h\u00e6rusekk.<a name=\"3\"><span class=\"versanumer\">3<\/span><\/a>Og \u00ed \u00f6llum \u00feeim skattl\u00f6ndum, \u00fear sem skipun konungs og lagabo\u00f0 hans kom, var\u00f0 mikill harmur me\u00f0al Gy\u00f0inga og fasta, gr\u00e1tur og kveinan. Flestir breiddu undir sig sekk og \u00f6sku.<a name=\"4\"><span class=\"versanumer\">4<\/span><\/a>\u00de\u00e1 komu \u00fej\u00f3nustumeyjar Esterar og geldingar hennar og s\u00f6g\u00f0u henni fr\u00e1 \u00feessu. Var\u00f0 drottning \u00fe\u00e1 mj\u00f6g \u00f3ttaslegin. Og h\u00fan sendi kl\u00e6\u00f0i, er Mordekai skyldi f\u00e6r\u00f0ur \u00ed og hann fara \u00far sekknum, en hann vildi ekki taka vi\u00f0 \u00feeim.<a name=\"5\"><span class=\"versanumer\">5<\/span><\/a>\u00de\u00e1 kalla\u00f0i Ester Hatak til s\u00edn, einn af geldingum konungs, er hann haf\u00f0i sett til a\u00f0 \u00fej\u00f3na henni, og bau\u00f0 honum a\u00f0 fara til Mordekai og f\u00e1 a\u00f0 vita, hva\u00f0 \u00feetta \u00e6tti a\u00f0 \u00fe\u00fd\u00f0a og hverju \u00fea\u00f0 s\u00e6tti.<a name=\"6\"><span class=\"versanumer\">6<\/span><\/a>\u00de\u00e1 gekk Hatak til Mordekai \u00fat \u00e1 b\u00e6jartorgi\u00f0, er var fyrir utan konungshli\u00f0i\u00f0.<a name=\"7\"><span class=\"versanumer\">7<\/span><\/a>En Mordekai sag\u00f0i honum allt, sem fyrir hann haf\u00f0i komi\u00f0, og upph\u00e6\u00f0 fj\u00e1rins, er Haman haf\u00f0i heiti\u00f0 a\u00f0 vega \u00ed f\u00e9hirslur konungs fyrir Gy\u00f0inga, til \u00feess a\u00f0 f\u00e1 \u00feeim eytt.<a name=\"8\"><span class=\"versanumer\">8<\/span><\/a>Auk \u00feess f\u00e9kk hann honum eftirrit af konungsbr\u00e9fi \u00fev\u00ed, er \u00fat haf\u00f0i veri\u00f0 gefi\u00f0 \u00ed S\u00fasa, um a\u00f0 ey\u00f0a \u00feeim. Skyldi hann s\u00fdna Ester \u00fea\u00f0 og segja henni fr\u00e1 og bj\u00f3\u00f0a henni a\u00f0 ganga fyrir konung og bi\u00f0ja hann miskunnar og leita v\u00e6g\u00f0ar hj\u00e1 honum \u00fej\u00f3\u00f0 sinni til handa.<a name=\"9\"><span class=\"versanumer\">9<\/span><\/a>Og Hatak kom og flutti Ester or\u00f0 Mordekai.<a name=\"10\"><span class=\"versanumer\">10<\/span><\/a>En Ester sag\u00f0i vi\u00f0 Hatak og bau\u00f0 honum a\u00f0 flytja Mordekai \u00fea\u00f0:<a name=\"11\"><span class=\"versanumer\">11<\/span><\/a>\u00d6llum \u00fej\u00f3num konungs og f\u00f3lkinu \u00ed skattl\u00f6ndum konungs er kunnugt, a\u00f0 um hvern \u00feann mann e\u00f0a konu, sem gengur fyrir konung inn \u00ed hinn innri forgar\u00f0 og er eigi kalla\u00f0ur, gilda ein l\u00f6g, a\u00f0 hann skal af l\u00edfi taka, nema konungur r\u00e9tti \u00fat \u00ed m\u00f3ti honum gullsprotann sem merki \u00feess, a\u00f0 hann megi l\u00edfi halda. En \u00e9g hefi eigi veri\u00f0 k\u00f6llu\u00f0 inn fyrir konung n\u00fa \u00ed \u00ferj\u00e1t\u00edu daga.<a name=\"12\"><span class=\"versanumer\">12<\/span><\/a>Og Mordekai voru flutt or\u00f0 Esterar.<a name=\"13\"><span class=\"versanumer\">13<\/span><\/a>\u00de\u00e1 l\u00e9t Mordekai skila aftur til Esterar: Ekki skalt \u00fe\u00fa \u00edmynda \u00fe\u00e9r, a\u00f0 \u00fe\u00fa ein af \u00f6llum Gy\u00f0ingum komist undan, af \u00fev\u00ed a\u00f0 \u00fe\u00fa ert \u00ed h\u00f6ll konungs.<a name=\"14\"><span class=\"versanumer\">14<\/span><\/a>\u00dev\u00ed \u00fe\u00f3tt svo f\u00e6ri, a\u00f0 \u00fe\u00fa \u00feeg\u00f0ir n\u00fa, \u00fe\u00e1 mun Gy\u00f0ingum samt koma frelsun og hj\u00e1lp \u00far einhverjum \u00f6\u00f0rum sta\u00f0, en \u00fe\u00fa og \u00e6ttf\u00f3lk \u00feitt munu\u00f0 farast. Hver veit nema \u00fe\u00fa s\u00e9rt til r\u00edkis komin einmitt vegna \u00feessara t\u00edma!<a name=\"15\"><span class=\"versanumer\">15<\/span><\/a>\u00de\u00e1 l\u00e9t Ester skila aftur til Mordekai:<a name=\"16\"><span class=\"versanumer\">16<\/span><\/a>Far \u00fe\u00fa og kalla saman alla Gy\u00f0inga, sem n\u00fa eru \u00ed S\u00fasa, og fasti\u00f0 m\u00edn vegna, eti\u00f0 hvorki n\u00e9 drekki\u00f0 \u00ed \u00ferj\u00e1 daga, hvorki n\u00f3tt n\u00e9 dag. \u00c9g og \u00fej\u00f3nustumeyjar m\u00ednar munum og fasta \u00e1 sama h\u00e1tt. S\u00ed\u00f0an mun \u00e9g ganga inn fyrir konung, \u00fe\u00f3tt \u00fea\u00f0 s\u00e9 \u00ed m\u00f3ti l\u00f6gunum, og ef \u00e9g \u00fe\u00e1 \u00e1 a\u00f0 farast, \u00fe\u00e1 ferst \u00e9g.<a name=\"17\"><span class=\"versanumer\">17<\/span><\/a>Gekk Mordekai \u00fe\u00e1 burt og f\u00f3r me\u00f0 \u00f6llu svo sem Ester haf\u00f0i bo\u00f0i\u00f0 honum.<\/p>\n<div class=\"footnote1981\"><b>4.16<\/b> Fasti\u00f0 sbr J\u00f3n 3.5-9; Esr 8.21; J\u00fadt 4.9-15 \u2013 \u00ed \u00ferj\u00e1 daga 2Makk 13.10-12<\/div>\n","protected":false},"excerpt":{"rendered":"<p>1En er Mordekai var\u00f0 alls \u00feessa \u00e1skynja, er gj\u00f6rst haf\u00f0i, \u00fe\u00e1 reif hann kl\u00e6\u00f0i s\u00edn, kl\u00e6ddist sekk og \u00f6sku, gekk \u00fat \u00ed mi\u00f0ja borgina og kveina\u00f0i h\u00e1st\u00f6fum og beisklega.2S\u00ed\u00f0an gekk hann fast a\u00f0 konungshli\u00f0inu, \u00fev\u00ed a\u00f0 enginn m\u00e1tti inn ganga \u00ed konungshli\u00f0i\u00f0 kl\u00e6ddur h\u00e6rusekk.3Og \u00ed \u00f6llum \u00feeim skattl\u00f6ndum, \u00fear sem skipun konungs og lagabo\u00f0 hans kom, var\u00f0 mikill harmur me\u00f0al Gy\u00f0inga og fasta, gr\u00e1tur og kveinan. Flestir breiddu undir sig sekk og \u00f6sku.4\u00de\u00e1 komu \u00fej\u00f3nustumeyjar Esterar og geldingar hennar og s\u00f6g\u00f0u henni fr\u00e1 \u00feessu. Var\u00f0 drottning \u00fe\u00e1 mj\u00f6g \u00f3ttaslegin. Og h\u00fan sendi kl\u00e6\u00f0i, er Mordekai skyldi f\u00e6r\u00f0ur \u00ed og hann <a href=\"https:\/\/biblian.is\/1981\/esterarbok-4-kafli\/\"> [&#8230;]<\/a><\/p>\n","protected":false},"author":1,"featured_media":0,"parent":0,"menu_order":0,"comment_status":"open","ping_status":"open","template":"bibliukaflar.php","meta":{"footnotes":""},"class_list":["post-1776","page","type-page","status-publish","hentry"],"_links":{"self":[{"href":"https:\/\/biblian.is\/1981\/wp-json\/wp\/v2\/pages\/1776","targetHints":{"allow":["GET"]}}],"collection":[{"href":"https:\/\/biblian.is\/1981\/wp-json\/wp\/v2\/pages"}],"about":[{"href":"https:\/\/biblian.is\/1981\/wp-json\/wp\/v2\/types\/page"}],"author":[{"embeddable":true,"href":"https:\/\/biblian.is\/1981\/wp-json\/wp\/v2\/users\/1"}],"replies":[{"embeddable":true,"href":"https:\/\/biblian.is\/1981\/wp-json\/wp\/v2\/comments?post=1776"}],"version-history":[{"count":0,"href":"https:\/\/biblian.is\/1981\/wp-json\/wp\/v2\/pages\/1776\/revisions"}],"wp:attachment":[{"href":"https:\/\/biblian.is\/1981\/wp-json\/wp\/v2\/media?parent=1776"}],"curies":[{"name":"wp","href":"https:\/\/api.w.org\/{rel}","templated":true}]}}