{"id":1773,"date":"2017-11-18T20:18:38","date_gmt":"2017-11-18T20:18:38","guid":{"rendered":"http:\/\/biblian.is\/1981\/esterarbok-1-kafli\/"},"modified":"2021-06-06T10:51:03","modified_gmt":"2021-06-06T10:51:03","slug":"esterarbok-1-kafli","status":"publish","type":"page","link":"https:\/\/biblian.is\/1981\/esterarbok-1-kafli\/","title":{"rendered":"Esterarb\u00f3k 1. kafli"},"content":{"rendered":"<p><a name=\"1\"><span class=\"versanumer\">1<\/span><\/a>\u00dea\u00f0 bar til \u00e1 d\u00f6gum Ahasverusar \u00fea\u00f0 er Ahasverusar \u00feess, er r\u00edkti fr\u00e1 Indlandi til Bl\u00e1lands yfir hundra\u00f0 tuttugu og sj\u00f6 skattl\u00f6ndum<a name=\"2\"><span class=\"versanumer\">2<\/span><\/a>\u00ed \u00fe\u00e1 daga er Ahasverus konungur sat \u00e1 konungsst\u00f3li s\u00ednum \u00ed borginni S\u00fasa,<a name=\"3\"><span class=\"versanumer\">3<\/span><\/a>\u00e1 \u00feri\u00f0ja r\u00edkis\u00e1ri hans, a\u00f0 hann h\u00e9lt veislu \u00f6llum h\u00f6f\u00f0ingjum s\u00ednum og \u00fej\u00f3num. S\u00e1tu \u00fe\u00e1 hersh\u00f6f\u00f0ingjarnir \u00ed Pers\u00edu og Med\u00edu, tignarmennirnir og skattlandstj\u00f3rarnir \u00ed bo\u00f0i hans.<a name=\"4\"><span class=\"versanumer\">4<\/span><\/a>S\u00fdndi hann \u00fe\u00e1 au\u00f0\u00e6fi s\u00edns veglega konungd\u00f3ms og d\u00fdr\u00f0arskraut tignar sinnar \u00ed marga daga hundra\u00f0 og \u00e1ttat\u00edu daga.<a name=\"5\"><span class=\"versanumer\">5<\/span><\/a>Og er \u00feessir dagar voru li\u00f0nir, h\u00e9lt konungur veislu \u00f6llu f\u00f3lki, sem var \u00ed borginni S\u00fasa, b\u00e6\u00f0i h\u00e1um og l\u00e1gum, \u00ed sj\u00f6 daga, \u00ed forgar\u00f0inum a\u00f0 hallargar\u00f0i konungs.<a name=\"6\"><span class=\"versanumer\">6<\/span><\/a>\u00dear h\u00e9ngu hv\u00edtir ba\u00f0mullard\u00fakar og purpurabl\u00e1ir, festir me\u00f0 sn\u00farum af b\u00fdssus og rau\u00f0um purpura \u00ed silfurhringa og \u00e1 marmaras\u00falum, legubekkirnir voru \u00far gulli og silfri, \u00e1 g\u00f3lfi l\u00f6g\u00f0u alabastri, hv\u00edtum marmara, perlum\u00f3\u00f0ursteini og sv\u00f6rtum marmara.<a name=\"7\"><span class=\"versanumer\">7<\/span><\/a>En drykkir voru inn bornir \u00ed gullkerum, og voru hver kerin \u00f6\u00f0rum \u00f3l\u00edk, og \u00fear var gn\u00e6g\u00f0 konunglegs v\u00edns, eins og konunglegu \u00f6rl\u00e6ti s\u00f3mir.<a name=\"8\"><span class=\"versanumer\">8<\/span><\/a>Og drykkjan f\u00f3r fram eftir \u00fev\u00ed fyrirm\u00e6li, a\u00f0 enginn skyldi halda drykk a\u00f0 m\u00f6nnum, \u00fev\u00ed a\u00f0 konungur haf\u00f0i lagt svo fyrir alla frammist\u00f6\u00f0umenn \u00ed h\u00f6ll sinni, a\u00f0 \u00feeir skyldu svo gj\u00f6ra sem hverjum manni \u00fe\u00f3kna\u00f0ist.<a name=\"9\"><span class=\"versanumer\">9<\/span><\/a>Vast\u00ed drottning h\u00e9lt og konum veislu \u00ed konunglegri h\u00f6ll, er Ahasverus konungur \u00e1tti.<a name=\"10\"><span class=\"versanumer\">10<\/span><\/a>En \u00e1 sj\u00f6unda degi, \u00fe\u00e1 er konungur var hreifur af v\u00edni, bau\u00f0 hann Meh\u00faman, Bista, Harb\u00f3na, Bigta og Abagta, Setar og Karkas, \u00feeim sj\u00f6 hir\u00f0m\u00f6nnum, er \u00fej\u00f3nu\u00f0u Ahasverusi konungi,<a name=\"11\"><span class=\"versanumer\">11<\/span><\/a>a\u00f0 s\u00e6kja Vast\u00ed drottningu og lei\u00f0a hana inn fyrir konung me\u00f0 konunglega k\u00f3r\u00f3nu \u00e1 h\u00f6f\u00f0i, til \u00feess a\u00f0 hann g\u00e6ti s\u00fdnt \u00fej\u00f3\u00f0unum og h\u00f6f\u00f0ingjunum fegur\u00f0 hennar, \u00fev\u00ed a\u00f0 h\u00fan var fr\u00ed\u00f0 s\u00fdnum.<a name=\"12\"><span class=\"versanumer\">12<\/span><\/a>En Vast\u00ed drottning vildi ekki koma eftir bo\u00f0i konungs, er hir\u00f0mennirnir fluttu. \u00de\u00e1 reiddist konungur \u00e1kaflega, og heiftin brann honum \u00ed brj\u00f3sti.<a name=\"13\"><span class=\"versanumer\">13<\/span><\/a>Og konungur sag\u00f0i vi\u00f0 vitringana, sem \u00feekktu t\u00edmana \u00fev\u00ed a\u00f0 \u00feannig voru or\u00f0 konungs l\u00f6g\u00f0 fyrir alla \u00fe\u00e1, er \u00feekktu l\u00f6g og r\u00e9tt,<a name=\"14\"><span class=\"versanumer\">14<\/span><\/a>og \u00feeir, sem st\u00f3\u00f0u honum n\u00e6stir, voru Karsena, Setar, Admata, Tarsis, Meres, Marsena og Mem\u00fakan, sj\u00f6 h\u00f6f\u00f0ingjar Persa og Meda, er litu auglit konungs og h\u00f6f\u00f0u \u00e6\u00f0stu s\u00e6tin \u00ed r\u00edkinu:<a name=\"15\"><span class=\"versanumer\">15<\/span><\/a>Hverjum d\u00f3mi skal Vast\u00ed drottning s\u00e6ta a\u00f0 l\u00f6gum fyrir \u00fea\u00f0, a\u00f0 h\u00fan hl\u00fdddi eigi or\u00f0sending Ahasverusar konungs, \u00feeirri er hir\u00f0mennirnir fluttu?<a name=\"16\"><span class=\"versanumer\">16<\/span><\/a>\u00de\u00e1 sag\u00f0i Mem\u00fakan \u00ed \u00e1heyrn konungs og h\u00f6f\u00f0ingjanna: Vast\u00ed drottning hefir ekki einungis broti\u00f0 \u00e1 m\u00f3ti konunginum, heldur einnig \u00e1 m\u00f3ti \u00f6llum h\u00f6f\u00f0ingjunum og \u00f6llum \u00fej\u00f3\u00f0unum, sem b\u00faa \u00ed \u00f6llum skattl\u00f6ndum Ahasverusar konungs.<a name=\"17\"><span class=\"versanumer\">17<\/span><\/a>\u00dev\u00ed a\u00f0 ath\u00e6fi drottningar mun berast \u00fat til allra kvenna og gj\u00f6ra eiginmenn \u00feeirra fyrirlitlega \u00ed augum \u00feeirra, er sagt ver\u00f0ur: Ahasverus konungur bau\u00f0 a\u00f0 lei\u00f0a Vast\u00ed drottningu fyrir sig, en h\u00fan kom ekki.<a name=\"18\"><span class=\"versanumer\">18<\/span><\/a>Og \u00feegar \u00ed dag munu hef\u00f0arfr\u00far Persa og Meda, \u00fe\u00e6r er fr\u00e9tt hafa ath\u00e6fi drottningar, segja \u00feetta \u00f6llum h\u00f6f\u00f0ingjum konungs, og mun \u00fea\u00f0 valda fulln\u00f3gri fyrirlitningu og rei\u00f0i.<a name=\"19\"><span class=\"versanumer\">19<\/span><\/a>Ef konungi \u00fe\u00f3knast svo, \u00fe\u00e1 l\u00e1ti hann konunglegt bo\u00f0 \u00fat ganga og s\u00e9 \u00fea\u00f0 rita\u00f0 \u00ed l\u00f6g Persa og Meda, svo a\u00f0 \u00fev\u00ed ver\u00f0i ekki breytt, a\u00f0 Vast\u00ed skuli ekki framar koma fyrir auglit Ahasverusar konungs, og konunglega tign hennar gefi konungur annarri, sem er betri en h\u00fan.<a name=\"20\"><span class=\"versanumer\">20<\/span><\/a>\u00deegar n\u00fa \u00farskur\u00f0ur konungs, er hann kve\u00f0ur upp, ver\u00f0ur kunnur um allt r\u00edki hans, sem er mj\u00f6g st\u00f3rt, \u00fe\u00e1 munu allar konur s\u00fdna m\u00f6nnum s\u00ednum vir\u00f0ingu, b\u00e6\u00f0i h\u00e1um og l\u00e1gum.<a name=\"21\"><span class=\"versanumer\">21<\/span><\/a>\u00deessi tillaga ge\u00f0ja\u00f0ist b\u00e6\u00f0i konunginum og h\u00f6f\u00f0ingjunum, og konungur f\u00f3r a\u00f0 r\u00e1\u00f0um Mem\u00fakans.<a name=\"22\"><span class=\"versanumer\">22<\/span><\/a>Og hann sendi br\u00e9f til allra skattlanda konungs, \u00ed s\u00e9rhvert land eftir skrift \u00feess lands og til s\u00e9rhverrar \u00fej\u00f3\u00f0ar \u00e1 hennar tungu, a\u00f0 hver ma\u00f0ur skyldi vera h\u00fasb\u00f3ndi \u00e1 s\u00ednu heimili og m\u00e6la allt \u00fea\u00f0, er honum l\u00edka\u00f0i.<\/p>\n<div class=\"footnote1981\"><b>1.10<\/b> Sj\u00f6 geldingar sbr 2Kon 20.18<br \/>\n<b>1.14<\/b> Sj\u00f6 h\u00f6f\u00f0ingjar Esr 7.14<br \/>\n<b>1.19<\/b> Ver\u00f0ur ekki aftur tekin Est 8.8; Dan 6.8-10,16<\/div>\n","protected":false},"excerpt":{"rendered":"<p>1\u00dea\u00f0 bar til \u00e1 d\u00f6gum Ahasverusar \u00fea\u00f0 er Ahasverusar \u00feess, er r\u00edkti fr\u00e1 Indlandi til Bl\u00e1lands yfir hundra\u00f0 tuttugu og sj\u00f6 skattl\u00f6ndum2\u00ed \u00fe\u00e1 daga er Ahasverus konungur sat \u00e1 konungsst\u00f3li s\u00ednum \u00ed borginni S\u00fasa,3\u00e1 \u00feri\u00f0ja r\u00edkis\u00e1ri hans, a\u00f0 hann h\u00e9lt veislu \u00f6llum h\u00f6f\u00f0ingjum s\u00ednum og \u00fej\u00f3num. S\u00e1tu \u00fe\u00e1 hersh\u00f6f\u00f0ingjarnir \u00ed Pers\u00edu og Med\u00edu, tignarmennirnir og skattlandstj\u00f3rarnir \u00ed bo\u00f0i hans.4S\u00fdndi hann \u00fe\u00e1 au\u00f0\u00e6fi s\u00edns veglega konungd\u00f3ms og d\u00fdr\u00f0arskraut tignar sinnar \u00ed marga daga hundra\u00f0 og \u00e1ttat\u00edu daga.5Og er \u00feessir dagar voru li\u00f0nir, h\u00e9lt konungur veislu \u00f6llu f\u00f3lki, sem var \u00ed borginni S\u00fasa, b\u00e6\u00f0i h\u00e1um og l\u00e1gum, \u00ed sj\u00f6 daga, \u00ed forgar\u00f0inum <a href=\"https:\/\/biblian.is\/1981\/esterarbok-1-kafli\/\"> [&#8230;]<\/a><\/p>\n","protected":false},"author":1,"featured_media":0,"parent":0,"menu_order":0,"comment_status":"open","ping_status":"open","template":"bibliukaflar.php","meta":{"footnotes":""},"class_list":["post-1773","page","type-page","status-publish","hentry"],"_links":{"self":[{"href":"https:\/\/biblian.is\/1981\/wp-json\/wp\/v2\/pages\/1773","targetHints":{"allow":["GET"]}}],"collection":[{"href":"https:\/\/biblian.is\/1981\/wp-json\/wp\/v2\/pages"}],"about":[{"href":"https:\/\/biblian.is\/1981\/wp-json\/wp\/v2\/types\/page"}],"author":[{"embeddable":true,"href":"https:\/\/biblian.is\/1981\/wp-json\/wp\/v2\/users\/1"}],"replies":[{"embeddable":true,"href":"https:\/\/biblian.is\/1981\/wp-json\/wp\/v2\/comments?post=1773"}],"version-history":[{"count":0,"href":"https:\/\/biblian.is\/1981\/wp-json\/wp\/v2\/pages\/1773\/revisions"}],"wp:attachment":[{"href":"https:\/\/biblian.is\/1981\/wp-json\/wp\/v2\/media?parent=1773"}],"curies":[{"name":"wp","href":"https:\/\/api.w.org\/{rel}","templated":true}]}}