{"id":1770,"date":"2017-11-18T20:18:38","date_gmt":"2017-11-18T20:18:38","guid":{"rendered":"http:\/\/biblian.is\/1981\/nehemiabok-11-kafli\/"},"modified":"2021-06-06T11:04:06","modified_gmt":"2021-06-06T11:04:06","slug":"nehemiabok-11-kafli","status":"publish","type":"page","link":"https:\/\/biblian.is\/1981\/nehemiabok-11-kafli\/","title":{"rendered":"Nehem\u00edab\u00f3k 11. kafli"},"content":{"rendered":"<p><a name=\"1\"><span class=\"versanumer\">1<\/span><\/a>H\u00f6f\u00f0ingjar l\u00fd\u00f0sins settust a\u00f0 \u00ed Jer\u00fasalem, en hinir af l\u00fd\u00f0num v\u00f6rpu\u00f0u hlutkesti til \u00feess a\u00f0 flytja einn af hverjum t\u00edu inn, a\u00f0 hann t\u00e6ki s\u00e9r b\u00fasta\u00f0 \u00ed Jer\u00fasalem, borginni helgu, en hinir n\u00edu t\u00edundupartarnir bjuggu \u00ed borgunum.<a name=\"2\"><span class=\"versanumer\">2<\/span><\/a>Og l\u00fd\u00f0urinn blessa\u00f0i alla \u00fe\u00e1 menn, sem sj\u00e1lfviljuglega r\u00e9\u00f0u af a\u00f0 b\u00faa \u00ed Jer\u00fasalem.<a name=\"3\"><span class=\"versanumer\">3<\/span><\/a>\u00deessir eru h\u00f6f\u00f0ingjar skattlandsins, \u00feeir er bjuggu \u00ed Jer\u00fasalem og \u00ed J\u00fadaborgum \u00feeir bjuggu \u00ed borgum s\u00ednum, hver \u00e1 eign sinni: \u00cdsrael, prestarnir, lev\u00edtarnir, musteris\u00fej\u00f3narnir og ni\u00f0jar \u00fer\u00e6la Sal\u00f3mons.<a name=\"4\"><span class=\"versanumer\">4<\/span><\/a>\u00cd Jer\u00fasalem bjuggu b\u00e6\u00f0i J\u00fadamenn og Benjam\u00edn\u00edtar. Af J\u00fadam\u00f6nnum: Ataja \u00dass\u00edason, Sakar\u00edasonar, Amarjasonar, Sefatjasonar, Mahalaleelssonar, af ni\u00f0jum Peres,<a name=\"5\"><span class=\"versanumer\">5<\/span><\/a>og Maaseja Bar\u00faksson, Kol-H\u00f3sesonar, Hasajasonar, Adajasonar, J\u00f3jar\u00edbssonar, Sakar\u00edasonar, sonar S\u00edl\u00f3n\u00edtans.<a name=\"6\"><span class=\"versanumer\">6<\/span><\/a>Allir ni\u00f0jar Peres, \u00feeir er bjuggu \u00ed Jer\u00fasalem, voru samtals 468 vopnf\u00e6rir menn.<a name=\"7\"><span class=\"versanumer\">7<\/span><\/a>Af Benjam\u00edn\u00edtum: Sall\u00fa Mes\u00fallamsson, J\u00f3edssonar, Pedajasonar, K\u00f3lajasonar, Maasejasonar, \u00cdt\u00edelssonar, Jesajasonar,<a name=\"8\"><span class=\"versanumer\">8<\/span><\/a>og eftir honum Gabba\u00ed Salla\u00ed, samtals 928.<a name=\"9\"><span class=\"versanumer\">9<\/span><\/a>J\u00f3el S\u00edkr\u00edson var yfirma\u00f0ur \u00feeirra, og J\u00fada Hasn\u00faason var annar ma\u00f0ur \u00e6\u00f0stur yfir borginni.<a name=\"10\"><span class=\"versanumer\">10<\/span><\/a>Af prestunum: Jedaja, J\u00f3jar\u00edb, Jak\u00edn,<a name=\"11\"><span class=\"versanumer\">11<\/span><\/a>Seraja Hilk\u00edason, Mes\u00fallamssonar, Sad\u00f3kssonar, Meraj\u00f3tssonar, Ah\u00edt\u00fabssonar, h\u00f6fu\u00f0sma\u00f0ur yfir musteri Gu\u00f0s,<a name=\"12\"><span class=\"versanumer\">12<\/span><\/a>og br\u00e6\u00f0ur \u00feeirra, sem \u00f6nnu\u00f0ust st\u00f6rfin vi\u00f0 musteri\u00f0, samtals 822, og Adaja Jer\u00f3hamsson, Pelaljasonar, Ams\u00edsonar, Sakar\u00edasonar, Pash\u00farssonar, Malk\u00edasonar,<a name=\"13\"><span class=\"versanumer\">13<\/span><\/a>og br\u00e6\u00f0ur hans, \u00e6tth\u00f6f\u00f0ingjar, samtals 242, og Amassa\u00ed Asareelsson, Ahsa\u00edsonar, Mesillem\u00f3tssonar, Immerssonar,<a name=\"14\"><span class=\"versanumer\">14<\/span><\/a>og br\u00e6\u00f0ur \u00feeirra, dugandi menn, samtals 128. Yfirma\u00f0ur \u00feeirra var Sabd\u00edel Hagged\u00f3l\u00edmsson.<a name=\"15\"><span class=\"versanumer\">15<\/span><\/a>Af lev\u00edtunum: Semaja Hass\u00fabsson, Asr\u00edkamssonar, Hasabjasonar, B\u00fann\u00edsonar,<a name=\"16\"><span class=\"versanumer\">16<\/span><\/a>og Sabta\u00ed og J\u00f3sabad, sem settir voru yfir utanh\u00fassverkin vi\u00f0 musteri Gu\u00f0s og b\u00e1\u00f0ir af flokki lev\u00edtah\u00f6f\u00f0ingjanna,<a name=\"17\"><span class=\"versanumer\">17<\/span><\/a>og Mattanja M\u00edkason, Sabd\u00edsonar, Asafssonar, fors\u00f6ngvarinn, s\u00e1 er byrja\u00f0i lofs\u00f6nginn vi\u00f0 b\u00e6nagj\u00f6r\u00f0ina, og Bakb\u00fakja, annar ma\u00f0ur \u00e6\u00f0stur af br\u00e6\u00f0rum hans, og Abda Samm\u00faason, Galalssonar, Jed\u00fat\u00fanssonar,<a name=\"18\"><span class=\"versanumer\">18<\/span><\/a>allir lev\u00edtarnir \u00ed borginni helgu samtals 284.<a name=\"19\"><span class=\"versanumer\">19<\/span><\/a>Hli\u00f0ver\u00f0irnir: Akk\u00fab, Talm\u00f3n og br\u00e6\u00f0ur \u00feeirra, \u00feeir er h\u00e9ldu v\u00f6r\u00f0 vi\u00f0 hli\u00f0in, samtals 172.<a name=\"20\"><span class=\"versanumer\">20<\/span><\/a>A\u00f0rir \u00cdsraelsmenn, prestarnir og lev\u00edtarnir, bjuggu \u00ed \u00f6llum hinum borgum J\u00fada, hver \u00e1 eign sinni.<a name=\"21\"><span class=\"versanumer\">21<\/span><\/a>Musteris\u00fej\u00f3narnir bjuggu \u00e1 \u00d3fel, og S\u00edha og Gispa voru settir yfir musteris\u00fej\u00f3nana.<a name=\"22\"><span class=\"versanumer\">22<\/span><\/a>Yfirma\u00f0ur lev\u00edtanna \u00ed Jer\u00fasalem var \u00dass\u00ed Ban\u00edson, Hasabjasonar, Mattanjasonar, M\u00edkasonar, af ni\u00f0jum Asafs, s\u00f6ngvurunum vi\u00f0 \u00fej\u00f3nustuna \u00ed musteri Gu\u00f0s.<a name=\"23\"><span class=\"versanumer\">23<\/span><\/a>\u00dev\u00ed a\u00f0 konungleg skipun haf\u00f0i veri\u00f0 gefin \u00fat um \u00fe\u00e1, og var visst gjald \u00e1kve\u00f0i\u00f0 handa s\u00f6ngvurunum, \u00fea\u00f0 er \u00feeir \u00feurftu me\u00f0 \u00e1 degi hverjum.<a name=\"24\"><span class=\"versanumer\">24<\/span><\/a>Petaja Mesesabeelsson, einn af ni\u00f0jum Sera J\u00fadasonar, var umbo\u00f0sma\u00f0ur konungsins \u00ed \u00f6llu \u00fev\u00ed, er l\u00fd\u00f0inn var\u00f0a\u00f0i.<a name=\"25\"><span class=\"versanumer\">25<\/span><\/a>A\u00f0 \u00fev\u00ed er snertir \u00feorpin \u00ed sveitum \u00feeirra, \u00fe\u00e1 bjuggu nokkrir af J\u00fadam\u00f6nnum \u00ed Kirjat Arba og sm\u00e1borgunum \u00fear \u00ed kring, \u00ed D\u00edbon og sm\u00e1borgunum \u00fear \u00ed kring, \u00ed Jekabeel og \u00feorpunum \u00fear \u00ed kring,<a name=\"26\"><span class=\"versanumer\">26<\/span><\/a>\u00ed Jes\u00faa, \u00ed M\u00f3lada, \u00ed Bet Pelet,<a name=\"27\"><span class=\"versanumer\">27<\/span><\/a>\u00ed Hasar S\u00faal og \u00ed Beerseba og sm\u00e1borgunum \u00fear \u00ed kring,<a name=\"28\"><span class=\"versanumer\">28<\/span><\/a>\u00ed Siklag og \u00ed Mek\u00f3na og sm\u00e1borgunum \u00fear \u00ed kring,<a name=\"29\"><span class=\"versanumer\">29<\/span><\/a>\u00ed En Rimmon, \u00ed Sorea, \u00ed Jarm\u00fat,<a name=\"30\"><span class=\"versanumer\">30<\/span><\/a>San\u00f3a, Ad\u00fallam og \u00feorpunum \u00fear \u00ed kring, \u00ed Lak\u00eds og sveitunum \u00fear \u00ed kring, \u00ed Aseka og sm\u00e1borgunum \u00fear \u00ed kring. \u00deeir h\u00f6f\u00f0u teki\u00f0 s\u00e9r b\u00f3lfestu fr\u00e1 Beerseba allt nor\u00f0ur a\u00f0 Hinnomsdal.<a name=\"31\"><span class=\"versanumer\">31<\/span><\/a>Benjam\u00edn\u00edtar bjuggu allt fr\u00e1 Geba, \u00ed Mikmas, Aja, Betel og sm\u00e1borgunum \u00fear \u00ed kring,<a name=\"32\"><span class=\"versanumer\">32<\/span><\/a>\u00ed Anat\u00f3t, N\u00f3b, Ananja,<a name=\"33\"><span class=\"versanumer\">33<\/span><\/a>Has\u00f3r, Rama, Gitta\u00edm,<a name=\"34\"><span class=\"versanumer\">34<\/span><\/a>Had\u00edd, Seb\u00f3\u00edm, Neballat,<a name=\"35\"><span class=\"versanumer\">35<\/span><\/a>L\u00f3d og \u00d3n\u00f3, \u00ed Smi\u00f0adal.<a name=\"36\"><span class=\"versanumer\">36<\/span><\/a>Og af lev\u00edtunum bjuggu sumar J\u00fada-deildirnar \u00ed Benjam\u00edn.<\/p>\n<div class=\"footnote1981\"><b>11.3-19<\/b> Sbr 1Kro 9.4-17<br \/>\n<b>11.21<\/b> Bjuggu \u00e1 \u00d3fel Neh 3.26<\/div>\n","protected":false},"excerpt":{"rendered":"<p>1H\u00f6f\u00f0ingjar l\u00fd\u00f0sins settust a\u00f0 \u00ed Jer\u00fasalem, en hinir af l\u00fd\u00f0num v\u00f6rpu\u00f0u hlutkesti til \u00feess a\u00f0 flytja einn af hverjum t\u00edu inn, a\u00f0 hann t\u00e6ki s\u00e9r b\u00fasta\u00f0 \u00ed Jer\u00fasalem, borginni helgu, en hinir n\u00edu t\u00edundupartarnir bjuggu \u00ed borgunum.2Og l\u00fd\u00f0urinn blessa\u00f0i alla \u00fe\u00e1 menn, sem sj\u00e1lfviljuglega r\u00e9\u00f0u af a\u00f0 b\u00faa \u00ed Jer\u00fasalem.3\u00deessir eru h\u00f6f\u00f0ingjar skattlandsins, \u00feeir er bjuggu \u00ed Jer\u00fasalem og \u00ed J\u00fadaborgum \u00feeir bjuggu \u00ed borgum s\u00ednum, hver \u00e1 eign sinni: \u00cdsrael, prestarnir, lev\u00edtarnir, musteris\u00fej\u00f3narnir og ni\u00f0jar \u00fer\u00e6la Sal\u00f3mons.4\u00cd Jer\u00fasalem bjuggu b\u00e6\u00f0i J\u00fadamenn og Benjam\u00edn\u00edtar. Af J\u00fadam\u00f6nnum: Ataja \u00dass\u00edason, Sakar\u00edasonar, Amarjasonar, Sefatjasonar, Mahalaleelssonar, af ni\u00f0jum Peres,5og Maaseja Bar\u00faksson, Kol-H\u00f3sesonar, Hasajasonar, Adajasonar, <a href=\"https:\/\/biblian.is\/1981\/nehemiabok-11-kafli\/\"> [&#8230;]<\/a><\/p>\n","protected":false},"author":1,"featured_media":0,"parent":0,"menu_order":0,"comment_status":"open","ping_status":"open","template":"bibliukaflar.php","meta":{"footnotes":""},"class_list":["post-1770","page","type-page","status-publish","hentry"],"_links":{"self":[{"href":"https:\/\/biblian.is\/1981\/wp-json\/wp\/v2\/pages\/1770","targetHints":{"allow":["GET"]}}],"collection":[{"href":"https:\/\/biblian.is\/1981\/wp-json\/wp\/v2\/pages"}],"about":[{"href":"https:\/\/biblian.is\/1981\/wp-json\/wp\/v2\/types\/page"}],"author":[{"embeddable":true,"href":"https:\/\/biblian.is\/1981\/wp-json\/wp\/v2\/users\/1"}],"replies":[{"embeddable":true,"href":"https:\/\/biblian.is\/1981\/wp-json\/wp\/v2\/comments?post=1770"}],"version-history":[{"count":0,"href":"https:\/\/biblian.is\/1981\/wp-json\/wp\/v2\/pages\/1770\/revisions"}],"wp:attachment":[{"href":"https:\/\/biblian.is\/1981\/wp-json\/wp\/v2\/media?parent=1770"}],"curies":[{"name":"wp","href":"https:\/\/api.w.org\/{rel}","templated":true}]}}