{"id":1769,"date":"2017-11-18T20:18:38","date_gmt":"2017-11-18T20:18:38","guid":{"rendered":"http:\/\/biblian.is\/1981\/nehemiabok-10-kafli\/"},"modified":"2021-06-06T11:04:06","modified_gmt":"2021-06-06T11:04:06","slug":"nehemiabok-10-kafli","status":"publish","type":"page","link":"https:\/\/biblian.is\/1981\/nehemiabok-10-kafli\/","title":{"rendered":"Nehem\u00edab\u00f3k 10. kafli"},"content":{"rendered":"<p><a name=\"1\"><span class=\"versanumer\">1<\/span><\/a>\u00c1 hinum innsiglu\u00f0u skj\u00f6lum st\u00f3\u00f0u: Nehem\u00eda landstj\u00f3ri Hakal\u00edason og Sedek\u00eda,<a name=\"2\"><span class=\"versanumer\">2<\/span><\/a>Seraja, Asarja, Jerem\u00eda,<a name=\"3\"><span class=\"versanumer\">3<\/span><\/a>Pash\u00far, Amarja, Malk\u00eda,<a name=\"4\"><span class=\"versanumer\">4<\/span><\/a>Hatt\u00fas, Sebanja, Mall\u00fak,<a name=\"5\"><span class=\"versanumer\">5<\/span><\/a>Har\u00edm, Merem\u00f3t, \u00d3bad\u00eda,<a name=\"6\"><span class=\"versanumer\">6<\/span><\/a>Dan\u00edel, Ginnet\u00f3n, Bar\u00fak,<a name=\"7\"><span class=\"versanumer\">7<\/span><\/a>Mes\u00fallam, Ab\u00eda, M\u00edjam\u00edn,<a name=\"8\"><span class=\"versanumer\">8<\/span><\/a>Maasja, Bilga\u00ed, Semaja, \u00feetta voru prestarnir.<a name=\"9\"><span class=\"versanumer\">9<\/span><\/a>Lev\u00edtarnir: Jes\u00faa Asanjason, Binn\u00fa\u00ed, einn af ni\u00f0jum Henadads, Kadm\u00edel,<a name=\"10\"><span class=\"versanumer\">10<\/span><\/a>og br\u00e6\u00f0ur \u00feeirra: Sebanja, H\u00f3d\u00eda, Kel\u00edta, Pelaja, Hanan,<a name=\"11\"><span class=\"versanumer\">11<\/span><\/a>M\u00edka, Reh\u00f3b, Hasabja,<a name=\"12\"><span class=\"versanumer\">12<\/span><\/a>Sakk\u00far, Serebja, Sebanja,<a name=\"13\"><span class=\"versanumer\">13<\/span><\/a>H\u00f3d\u00eda, Ban\u00ed, Ben\u00edn\u00fa.<a name=\"14\"><span class=\"versanumer\">14<\/span><\/a>H\u00f6f\u00f0ingjar l\u00fd\u00f0sins: Par\u00f3s, Pahat M\u00f3ab, Elam, Satt\u00fa, Ban\u00ed,<a name=\"15\"><span class=\"versanumer\">15<\/span><\/a>B\u00fan\u00ed, Asgad, Beba\u00ed,<a name=\"16\"><span class=\"versanumer\">16<\/span><\/a>Ad\u00f3n\u00eda, Bigva\u00ed, Ad\u00edn,<a name=\"17\"><span class=\"versanumer\">17<\/span><\/a>Ater, Hisk\u00eda, Ass\u00far,<a name=\"18\"><span class=\"versanumer\">18<\/span><\/a>H\u00f3d\u00eda, Has\u00fam, Besa\u00ed,<a name=\"19\"><span class=\"versanumer\">19<\/span><\/a>Har\u00edf, Anat\u00f3t, N\u00f3ba\u00ed,<a name=\"20\"><span class=\"versanumer\">20<\/span><\/a>Magp\u00edas, Mes\u00fallam, Hes\u00edr,<a name=\"21\"><span class=\"versanumer\">21<\/span><\/a>Mesesabeel, Sad\u00f3k, Jadd\u00faa,<a name=\"22\"><span class=\"versanumer\">22<\/span><\/a>Pelatja, Hanan, Anaja,<a name=\"23\"><span class=\"versanumer\">23<\/span><\/a>H\u00f3sea, Hananja, Hass\u00fab,<a name=\"24\"><span class=\"versanumer\">24<\/span><\/a>Hall\u00f3hes, P\u00edlha, S\u00f3bek,<a name=\"25\"><span class=\"versanumer\">25<\/span><\/a>Reh\u00fam, Hasabna, Maaseja,<a name=\"26\"><span class=\"versanumer\">26<\/span><\/a>Ah\u00eda, Hanan, Anan,<a name=\"27\"><span class=\"versanumer\">27<\/span><\/a>Mall\u00fak, Har\u00edm og Baana.<a name=\"28\"><span class=\"versanumer\">28<\/span><\/a>Og hinir af l\u00fd\u00f0num prestarnir, lev\u00edtarnir, hli\u00f0ver\u00f0irnir, s\u00f6ngvararnir, musteris\u00fej\u00f3narnir og allir \u00feeir, sem skili\u00f0 h\u00f6f\u00f0u sig fr\u00e1 hinum hei\u00f0nu \u00edb\u00faum landsins og gengist undir l\u00f6gm\u00e1l Gu\u00f0s, konur \u00feeirra, synir og d\u00e6tur, allir \u00feeir er komnir voru til vits og \u00e1ra,<a name=\"29\"><span class=\"versanumer\">29<\/span><\/a>gengu \u00ed flokk me\u00f0 br\u00e6\u00f0rum s\u00ednum, g\u00f6fugmennum \u00feeirra, og bundu \u00fea\u00f0 ei\u00f0um og svard\u00f6gum, a\u00f0 \u00feeir skyldu breyta eftir l\u00f6gm\u00e1li Gu\u00f0s, \u00fev\u00ed er gefi\u00f0 var fyrir M\u00f3se, \u00fej\u00f3n Gu\u00f0s, og var\u00f0veita og halda \u00f6ll bo\u00f0or\u00f0 Drottins, herra vors, og skipanir hans og l\u00f6g:<a name=\"30\"><span class=\"versanumer\">30<\/span><\/a>A\u00f0 v\u00e9r skyldum ekki gifta d\u00e6tur vorar hinum hei\u00f0nu \u00edb\u00faum landsins, n\u00e9 heldur taka d\u00e6tur \u00feeirra sonum vorum til handa.<a name=\"31\"><span class=\"versanumer\">31<\/span><\/a>Enn fremur, a\u00f0 \u00feegar hinir hei\u00f0nu \u00edb\u00faar landsins k\u00e6mu me\u00f0 torgv\u00f6rur og alls konar korn \u00e1 hv\u00edldardegi til s\u00f6lu, \u00fe\u00e1 skyldum v\u00e9r eigi kaupa \u00fea\u00f0 af \u00feeim \u00e1 hv\u00edldardegi e\u00f0a \u00f6\u00f0rum helgum degi. Og a\u00f0 v\u00e9r skyldum l\u00e1ta landi\u00f0 hv\u00edlast sj\u00f6unda \u00e1ri\u00f0 og gefa upp \u00f6ll ve\u00f0l\u00e1n.<a name=\"32\"><span class=\"versanumer\">32<\/span><\/a>Enn fremur l\u00f6g\u00f0um v\u00e9r \u00e1 oss \u00fe\u00e1 f\u00f6stu kv\u00f6\u00f0 a\u00f0 gefa \u00feri\u00f0jung sikils \u00e1 \u00e1ri til \u00fej\u00f3nustunnar \u00ed musteri Gu\u00f0s vors,<a name=\"33\"><span class=\"versanumer\">33<\/span><\/a>til ra\u00f0settu brau\u00f0anna, hinnar st\u00f6\u00f0ugu matf\u00f3rnar og hinnar st\u00f6\u00f0ugu brennif\u00f3rnar, til f\u00f3rnanna \u00e1 hv\u00edldard\u00f6gum og tunglkomud\u00f6gum, til h\u00e1t\u00ed\u00f0af\u00f3rnanna, \u00feakkarf\u00f3rnanna og syndaf\u00f3rnanna, til \u00feess a\u00f0 fri\u00f0\u00fe\u00e6gja fyrir \u00cdsrael, og til allra starfa \u00ed musteri Gu\u00f0s vors.<a name=\"34\"><span class=\"versanumer\">34<\/span><\/a>Og v\u00e9r, prestarnir, lev\u00edtarnir og l\u00fd\u00f0urinn v\u00f6rpu\u00f0um hlutum um vi\u00f0argj\u00f6fina, um a\u00f0 f\u00e6ra vi\u00f0inn \u00ed musteri Gu\u00f0s vors eftir \u00e6ttum vorum \u00e1 tilteknum t\u00edma \u00e1 \u00e1ri hverju til \u00feess a\u00f0 brenna honum \u00e1 altari Drottins Gu\u00f0s vors, eins og fyrir er m\u00e6lt \u00ed l\u00f6gm\u00e1linu.<a name=\"35\"><span class=\"versanumer\">35<\/span><\/a>V\u00e9r skuldbundum oss og til a\u00f0 f\u00e6ra frumgr\u00f3\u00f0a akurlands vors og frumgr\u00f3\u00f0a allra aldina af hvers konar trj\u00e1m \u00e1 \u00e1ri hverju \u00ed musteri Drottins,<a name=\"36\"><span class=\"versanumer\">36<\/span><\/a>og s\u00f6mulei\u00f0is frumbur\u00f0i sona vorra og f\u00e9na\u00f0ar, eins og fyrir er m\u00e6lt \u00ed l\u00f6gm\u00e1linu, og a\u00f0 f\u00e6ra frumbur\u00f0i nauta vorra og sau\u00f0fj\u00e1r \u00ed musteri Gu\u00f0s vors, til prestanna, er gegna \u00fej\u00f3nustu \u00ed musteri Gu\u00f0s vors.<a name=\"37\"><span class=\"versanumer\">37<\/span><\/a>Frumgr\u00f3\u00f0ann af deigi voru og f\u00f3rnargj\u00f6fum vorum og aldinum allra trj\u00e1a, aldinlegi og ol\u00edu viljum v\u00e9r og f\u00e6ra prestunum inn \u00ed herbergi musteris Gu\u00f0s vors og lev\u00edtunum t\u00edund af akurlandi voru, \u00fev\u00ed a\u00f0 \u00feeir, lev\u00edtarnir, heimta saman t\u00edundina \u00ed \u00f6llum akuryrkjuborgum vorum.<a name=\"38\"><span class=\"versanumer\">38<\/span><\/a>Og prestur, Aronsni\u00f0ji, skal vera hj\u00e1 lev\u00edtunum, \u00fe\u00e1 er \u00feeir heimta saman t\u00edundina, og lev\u00edtarnir skulu f\u00e6ra t\u00edund t\u00edundarinnar upp \u00ed musteri Gu\u00f0s vors, inn \u00ed herbergi f\u00e9hirslunnar.<a name=\"39\"><span class=\"versanumer\">39<\/span><\/a>\u00dev\u00ed a\u00f0 \u00ed \u00feessi herbergi skulu \u00cdsraelsmenn og lev\u00edtarnir f\u00e6ra f\u00f3rnargj\u00f6f korns og aldinlagar og ol\u00edfuol\u00edu, \u00fear e\u00f0 hin helgu ker, prestarnir, er \u00fej\u00f3nustu gegna, hli\u00f0ver\u00f0irnir og s\u00f6ngvararnir eru \u00fear. Og eigi viljum v\u00e9r yfirgefa musteri Gu\u00f0s vors.<\/p>\n<div class=\"footnote1981\"><b>10.1-9<\/b> Sbr Neh 12.1-7<br \/>\n<b>10.31<\/b> Tengjast ekki framandi \u00fej\u00f3\u00f0um Esr 9.2+<br \/>\n<b>10.32<\/b> Ekki verlsa \u00e1 hv\u00edldardegi Neh 13.15-22; 2M\u00f3s 20.8-11+ &#8211; hv\u00edlast sj\u00f6unda \u00e1ri\u00f0 3M\u00f3s 25.1+<br \/>\n<b>10.33<\/b> Skattur til musterisins 2M\u00f3s 30.13+<br \/>\n<b>10.39<\/b> T\u00edund t\u00edundarinnar 4M\u00f3s 18.26<\/div>\n","protected":false},"excerpt":{"rendered":"<p>1\u00c1 hinum innsiglu\u00f0u skj\u00f6lum st\u00f3\u00f0u: Nehem\u00eda landstj\u00f3ri Hakal\u00edason og Sedek\u00eda,2Seraja, Asarja, Jerem\u00eda,3Pash\u00far, Amarja, Malk\u00eda,4Hatt\u00fas, Sebanja, Mall\u00fak,5Har\u00edm, Merem\u00f3t, \u00d3bad\u00eda,6Dan\u00edel, Ginnet\u00f3n, Bar\u00fak,7Mes\u00fallam, Ab\u00eda, M\u00edjam\u00edn,8Maasja, Bilga\u00ed, Semaja, \u00feetta voru prestarnir.9Lev\u00edtarnir: Jes\u00faa Asanjason, Binn\u00fa\u00ed, einn af ni\u00f0jum Henadads, Kadm\u00edel,10og br\u00e6\u00f0ur \u00feeirra: Sebanja, H\u00f3d\u00eda, Kel\u00edta, Pelaja, Hanan,11M\u00edka, Reh\u00f3b, Hasabja,12Sakk\u00far, Serebja, Sebanja,13H\u00f3d\u00eda, Ban\u00ed, Ben\u00edn\u00fa.14H\u00f6f\u00f0ingjar l\u00fd\u00f0sins: Par\u00f3s, Pahat M\u00f3ab, Elam, Satt\u00fa, Ban\u00ed,15B\u00fan\u00ed, Asgad, Beba\u00ed,16Ad\u00f3n\u00eda, Bigva\u00ed, Ad\u00edn,17Ater, Hisk\u00eda, Ass\u00far,18H\u00f3d\u00eda, Has\u00fam, Besa\u00ed,19Har\u00edf, Anat\u00f3t, N\u00f3ba\u00ed,20Magp\u00edas, Mes\u00fallam, Hes\u00edr,21Mesesabeel, Sad\u00f3k, Jadd\u00faa,22Pelatja, Hanan, Anaja,23H\u00f3sea, Hananja, Hass\u00fab,24Hall\u00f3hes, P\u00edlha, S\u00f3bek,25Reh\u00fam, Hasabna, Maaseja,26Ah\u00eda, Hanan, Anan,27Mall\u00fak, Har\u00edm og Baana.28Og hinir af l\u00fd\u00f0num prestarnir, lev\u00edtarnir, hli\u00f0ver\u00f0irnir, s\u00f6ngvararnir, musteris\u00fej\u00f3narnir og allir \u00feeir, sem skili\u00f0 h\u00f6f\u00f0u sig fr\u00e1 hinum hei\u00f0nu <a href=\"https:\/\/biblian.is\/1981\/nehemiabok-10-kafli\/\"> [&#8230;]<\/a><\/p>\n","protected":false},"author":1,"featured_media":0,"parent":0,"menu_order":0,"comment_status":"open","ping_status":"open","template":"bibliukaflar.php","meta":{"footnotes":""},"class_list":["post-1769","page","type-page","status-publish","hentry"],"_links":{"self":[{"href":"https:\/\/biblian.is\/1981\/wp-json\/wp\/v2\/pages\/1769","targetHints":{"allow":["GET"]}}],"collection":[{"href":"https:\/\/biblian.is\/1981\/wp-json\/wp\/v2\/pages"}],"about":[{"href":"https:\/\/biblian.is\/1981\/wp-json\/wp\/v2\/types\/page"}],"author":[{"embeddable":true,"href":"https:\/\/biblian.is\/1981\/wp-json\/wp\/v2\/users\/1"}],"replies":[{"embeddable":true,"href":"https:\/\/biblian.is\/1981\/wp-json\/wp\/v2\/comments?post=1769"}],"version-history":[{"count":0,"href":"https:\/\/biblian.is\/1981\/wp-json\/wp\/v2\/pages\/1769\/revisions"}],"wp:attachment":[{"href":"https:\/\/biblian.is\/1981\/wp-json\/wp\/v2\/media?parent=1769"}],"curies":[{"name":"wp","href":"https:\/\/api.w.org\/{rel}","templated":true}]}}