{"id":1767,"date":"2017-11-18T20:18:38","date_gmt":"2017-11-18T20:18:38","guid":{"rendered":"http:\/\/biblian.is\/1981\/nehemiabok-8-kafli\/"},"modified":"2021-06-06T11:04:09","modified_gmt":"2021-06-06T11:04:09","slug":"nehemiabok-8-kafli","status":"publish","type":"page","link":"https:\/\/biblian.is\/1981\/nehemiabok-8-kafli\/","title":{"rendered":"Nehem\u00edab\u00f3k 8. kafli"},"content":{"rendered":"<p><a name=\"1\"><span class=\"versanumer\">1<\/span><\/a>Allur l\u00fd\u00f0urinn safna\u00f0ist saman eins og einn ma\u00f0ur \u00e1 torginu fyrir framan Vatnshli\u00f0i\u00f0. Og \u00feeir b\u00e1\u00f0u Esra fr\u00e6\u00f0imann a\u00f0 s\u00e6kja l\u00f6gm\u00e1lsb\u00f3k M\u00f3se, er Drottinn haf\u00f0i sett \u00cdsrael.<a name=\"2\"><span class=\"versanumer\">2<\/span><\/a>\u00de\u00e1 kom Esra prestur me\u00f0 l\u00f6gm\u00e1li\u00f0 fram fyrir s\u00f6fnu\u00f0inn, b\u00e6\u00f0i karla og konur og alla \u00fe\u00e1, er vit h\u00f6f\u00f0u \u00e1 a\u00f0 taka eftir, \u00e1 fyrsta degi hins sj\u00f6unda m\u00e1na\u00f0ar.<a name=\"3\"><span class=\"versanumer\">3<\/span><\/a>Og hann las upp \u00far \u00fev\u00ed \u00e1 torginu, sem er fyrir framan Vatnshli\u00f0i\u00f0, fr\u00e1 birtingu til h\u00e1degis, \u00ed vi\u00f0urvist karla og kvenna og \u00feeirra barna, er vit h\u00f6f\u00f0u \u00e1, og eyru alls l\u00fd\u00f0sins hl\u00fdddu \u00e1 l\u00f6gm\u00e1lsb\u00f3kina.<a name=\"4\"><span class=\"versanumer\">4<\/span><\/a>Esra fr\u00e6\u00f0ima\u00f0ur st\u00f3\u00f0 \u00e1 h\u00e1um tr\u00e9palli, er menn h\u00f6f\u00f0u gj\u00f6rt til \u00feessa, og hj\u00e1 honum st\u00f3\u00f0u Mattitja, Sema, Anaja, \u00dar\u00eda, Hilk\u00eda og Maaseja, honum til h\u00e6gri hli\u00f0ar, og honum til vinstri hli\u00f0ar Pedaja, M\u00edsael, Malk\u00eda, Has\u00fam, Hasbaddana, Sakar\u00eda og Mes\u00fallam.<a name=\"5\"><span class=\"versanumer\">5<\/span><\/a>Og Esra lauk upp b\u00f3kinni \u00ed augs\u00fdn alls f\u00f3lksins, \u00fev\u00ed a\u00f0 hann st\u00f3\u00f0 h\u00e6rra en allur l\u00fd\u00f0urinn, og \u00feegar hann lauk henni upp, st\u00f3\u00f0 allur l\u00fd\u00f0urinn upp.<a name=\"6\"><span class=\"versanumer\">6<\/span><\/a>Og Esra lofa\u00f0i Drottin, hinn mikla Gu\u00f0, og allur l\u00fd\u00f0urinn svara\u00f0i: Amen! amen! og f\u00f3rnu\u00f0u \u00feeir um lei\u00f0 upp h\u00f6ndunum og beyg\u00f0u sig og f\u00e9llu fram \u00e1 \u00e1sj\u00f3nur s\u00ednar til jar\u00f0ar fyrir Drottni.<a name=\"7\"><span class=\"versanumer\">7<\/span><\/a>Og lev\u00edtarnir Jes\u00faa, Ban\u00ed, Serebja, Jam\u00edn, Akk\u00fab, Sabta\u00ed, H\u00f3d\u00eda, Maaseja, Kel\u00edta, Asarja, J\u00f3sabad, Hanan og Pelaja sk\u00fdr\u00f0u l\u00f6gm\u00e1li\u00f0 fyrir l\u00fd\u00f0num, en f\u00f3lki\u00f0 var kyrrt \u00e1 s\u00ednum sta\u00f0.<a name=\"8\"><span class=\"versanumer\">8<\/span><\/a>\u00deeir l\u00e1su sk\u00fdrt upp \u00far b\u00f3kinni, l\u00f6gm\u00e1li Gu\u00f0s, og \u00fatsk\u00fdr\u00f0u \u00fea\u00f0, svo a\u00f0 menn skildu hi\u00f0 upplesna.<a name=\"9\"><span class=\"versanumer\">9<\/span><\/a>Og Nehem\u00eda \u00fea\u00f0 er landstj\u00f3rinn og Esra prestur, fr\u00e6\u00f0ima\u00f0urinn, og lev\u00edtarnir, sem fr\u00e6ddu l\u00fd\u00f0inn, s\u00f6g\u00f0u vi\u00f0 gj\u00f6rvallan l\u00fd\u00f0inn: \u00deessi dagur er helga\u00f0ur Drottni, Gu\u00f0i y\u00f0ar. S\u00fdti\u00f0 eigi n\u00e9 gr\u00e1ti\u00f0! \u00dev\u00ed a\u00f0 allur l\u00fd\u00f0urinn gr\u00e9t, \u00feegar \u00feeir heyr\u00f0u or\u00f0 l\u00f6gm\u00e1lsins.<a name=\"10\"><span class=\"versanumer\">10<\/span><\/a>Og Esra sag\u00f0i vi\u00f0 \u00fe\u00e1: Fari\u00f0 og eti\u00f0 feitan mat og drekki\u00f0 s\u00e6t v\u00edn og sendi\u00f0 \u00feeim skammta, sem ekkert er tilreitt fyrir, \u00fev\u00ed a\u00f0 \u00feessi dagur er helga\u00f0ur Drottni vorum. Veri\u00f0 \u00fev\u00ed eigi hryggir, \u00fev\u00ed a\u00f0 gle\u00f0i Drottins er hl\u00edfiskj\u00f6ldur y\u00f0ar.<a name=\"11\"><span class=\"versanumer\">11<\/span><\/a>Og lev\u00edtarnir sefu\u00f0u allan l\u00fd\u00f0inn me\u00f0 \u00fev\u00ed a\u00f0 segja: Veri\u00f0 hlj\u00f3\u00f0ir, \u00fev\u00ed a\u00f0 \u00feessi dagur er heilagur. Veri\u00f0 \u00fev\u00ed eigi hryggir.<a name=\"12\"><span class=\"versanumer\">12<\/span><\/a>\u00de\u00e1 f\u00f3r allt f\u00f3lki\u00f0 til \u00feess a\u00f0 eta og drekka og senda skammta og halda mikla gle\u00f0ih\u00e1t\u00ed\u00f0, \u00fev\u00ed a\u00f0 \u00feeir h\u00f6f\u00f0u skili\u00f0 \u00feau or\u00f0, er menn h\u00f6f\u00f0u kunngj\u00f6rt \u00feeim.<a name=\"13\"><span class=\"versanumer\">13<\/span><\/a>Daginn eftir s\u00f6fnu\u00f0ust \u00e6tth\u00f6f\u00f0ingjar alls l\u00fd\u00f0sins, prestarnir og lev\u00edtarnir saman hj\u00e1 Esra fr\u00e6\u00f0imanni til \u00feess a\u00f0 gefa gaum a\u00f0 or\u00f0um l\u00f6gm\u00e1lsins.<a name=\"14\"><span class=\"versanumer\">14<\/span><\/a>\u00de\u00e1 fundu \u00feeir rita\u00f0 \u00ed l\u00f6gm\u00e1linu, er Drottinn haf\u00f0i sett \u00feeim fyrir M\u00f3se, a\u00f0 \u00cdsraelsmenn skyldu b\u00faa \u00ed laufsk\u00e1lum \u00e1 h\u00e1t\u00ed\u00f0inni \u00ed sj\u00f6unda m\u00e1nu\u00f0inum,<a name=\"15\"><span class=\"versanumer\">15<\/span><\/a>og a\u00f0 \u00feeir \u00e6ttu a\u00f0 kunngj\u00f6ra og l\u00e1ta bo\u00f0 \u00fat ganga \u00ed \u00f6llum borgum s\u00ednum og \u00ed Jer\u00fasalem \u00e1 \u00feessa lei\u00f0: Fari\u00f0 upp \u00ed fj\u00f6ll og komi\u00f0 me\u00f0 greinar af ol\u00eduvi\u00f0i og greinar af villi-ol\u00eduvi\u00f0i og greinar af m\u00fdrtusvi\u00f0i og greinar af p\u00e1lmavi\u00f0i og greinar af \u00fe\u00e9ttlaufgu\u00f0um trj\u00e1m, til \u00feess a\u00f0 gj\u00f6ra af laufsk\u00e1la, eins og skrifa\u00f0 er.<a name=\"16\"><span class=\"versanumer\">16<\/span><\/a>Og f\u00f3lki\u00f0 f\u00f3r og s\u00f3tti greinar, og \u00feeir gj\u00f6r\u00f0u s\u00e9r laufsk\u00e1la hver \u00e1 s\u00ednu h\u00fas\u00feaki og \u00ed forg\u00f6r\u00f0um s\u00ednum og \u00ed forg\u00f6r\u00f0um Gu\u00f0s h\u00fass og \u00e1 torginu fyrir framan Vatnshli\u00f0i\u00f0 og \u00e1 torginu fyrir framan Efra\u00edmhli\u00f0i\u00f0.<a name=\"17\"><span class=\"versanumer\">17<\/span><\/a>Og allur s\u00f6fnu\u00f0urinn, \u00feeir er aftur voru heim komnir \u00far herlei\u00f0ingunni, bygg\u00f0u laufsk\u00e1la og bjuggu \u00ed laufsk\u00e1lunum. \u00dev\u00ed a\u00f0 \u00cdsraelsmenn h\u00f6f\u00f0u eigi gj\u00f6rt \u00fea\u00f0 s\u00ed\u00f0an \u00e1 d\u00f6gum J\u00f3s\u00faa N\u00fanssonar allt til \u00feessa dags, og var\u00f0 \u00fear \u00fev\u00ed mj\u00f6g mikil gle\u00f0i.<a name=\"18\"><span class=\"versanumer\">18<\/span><\/a>Og \u00fea\u00f0 var lesi\u00f0 upp \u00far l\u00f6gm\u00e1lsb\u00f3k Gu\u00f0s \u00e1 degi hverjum, fr\u00e1 fyrsta degi til hins s\u00ed\u00f0asta dags. Og \u00feeir h\u00e9ldu h\u00e1t\u00ed\u00f0 \u00ed sj\u00f6 daga, og \u00e1ttunda daginn var h\u00e1t\u00ed\u00f0asamkoma, eins og fyrirskipa\u00f0 var.<\/p>\n<div class=\"footnote1981\"><b>8.2<\/b> Sj\u00f6undi m\u00e1nu\u00f0urinn Esr 3.1<br \/>\n<b>8.6<\/b> F\u00f3lki\u00f0 svar\u00f0i: Amen Neh 5.13+<br \/>\n<b>8.17<\/b> H\u00f6f\u00f0u ekki gert \u00feetta sbr Esr 3.4<br \/>\n<b>8.18<\/b> H\u00e1t\u00ed\u00f0arsamkoma 3M\u00f3s 23.36<\/div>\n","protected":false},"excerpt":{"rendered":"<p>1Allur l\u00fd\u00f0urinn safna\u00f0ist saman eins og einn ma\u00f0ur \u00e1 torginu fyrir framan Vatnshli\u00f0i\u00f0. Og \u00feeir b\u00e1\u00f0u Esra fr\u00e6\u00f0imann a\u00f0 s\u00e6kja l\u00f6gm\u00e1lsb\u00f3k M\u00f3se, er Drottinn haf\u00f0i sett \u00cdsrael.2\u00de\u00e1 kom Esra prestur me\u00f0 l\u00f6gm\u00e1li\u00f0 fram fyrir s\u00f6fnu\u00f0inn, b\u00e6\u00f0i karla og konur og alla \u00fe\u00e1, er vit h\u00f6f\u00f0u \u00e1 a\u00f0 taka eftir, \u00e1 fyrsta degi hins sj\u00f6unda m\u00e1na\u00f0ar.3Og hann las upp \u00far \u00fev\u00ed \u00e1 torginu, sem er fyrir framan Vatnshli\u00f0i\u00f0, fr\u00e1 birtingu til h\u00e1degis, \u00ed vi\u00f0urvist karla og kvenna og \u00feeirra barna, er vit h\u00f6f\u00f0u \u00e1, og eyru alls l\u00fd\u00f0sins hl\u00fdddu \u00e1 l\u00f6gm\u00e1lsb\u00f3kina.4Esra fr\u00e6\u00f0ima\u00f0ur st\u00f3\u00f0 \u00e1 h\u00e1um tr\u00e9palli, er menn h\u00f6f\u00f0u gj\u00f6rt til <a href=\"https:\/\/biblian.is\/1981\/nehemiabok-8-kafli\/\"> [&#8230;]<\/a><\/p>\n","protected":false},"author":1,"featured_media":0,"parent":0,"menu_order":0,"comment_status":"open","ping_status":"open","template":"bibliukaflar.php","meta":{"footnotes":""},"class_list":["post-1767","page","type-page","status-publish","hentry"],"_links":{"self":[{"href":"https:\/\/biblian.is\/1981\/wp-json\/wp\/v2\/pages\/1767","targetHints":{"allow":["GET"]}}],"collection":[{"href":"https:\/\/biblian.is\/1981\/wp-json\/wp\/v2\/pages"}],"about":[{"href":"https:\/\/biblian.is\/1981\/wp-json\/wp\/v2\/types\/page"}],"author":[{"embeddable":true,"href":"https:\/\/biblian.is\/1981\/wp-json\/wp\/v2\/users\/1"}],"replies":[{"embeddable":true,"href":"https:\/\/biblian.is\/1981\/wp-json\/wp\/v2\/comments?post=1767"}],"version-history":[{"count":0,"href":"https:\/\/biblian.is\/1981\/wp-json\/wp\/v2\/pages\/1767\/revisions"}],"wp:attachment":[{"href":"https:\/\/biblian.is\/1981\/wp-json\/wp\/v2\/media?parent=1767"}],"curies":[{"name":"wp","href":"https:\/\/api.w.org\/{rel}","templated":true}]}}