{"id":1766,"date":"2017-11-18T20:18:33","date_gmt":"2017-11-18T20:18:33","guid":{"rendered":"http:\/\/biblian.is\/1981\/nehemiabok-7-kafli\/"},"modified":"2021-06-06T11:04:08","modified_gmt":"2021-06-06T11:04:08","slug":"nehemiabok-7-kafli","status":"publish","type":"page","link":"https:\/\/biblian.is\/1981\/nehemiabok-7-kafli\/","title":{"rendered":"Nehem\u00edab\u00f3k 7. kafli"},"content":{"rendered":"<p><a name=\"1\"><span class=\"versanumer\">1<\/span><\/a>\u00deegar n\u00fa m\u00farinn var bygg\u00f0ur, setti \u00e9g hur\u00f0irnar \u00ed, og hli\u00f0v\u00f6r\u00f0unum og s\u00f6ngvurunum og lev\u00edtunum var fali\u00f0 eftirliti\u00f0.<a name=\"2\"><span class=\"versanumer\">2<\/span><\/a>Og \u00e9g skipa\u00f0i Hanan\u00ed br\u00f3\u00f0ur minn og Hananja, yfirmann v\u00edgisins, yfir Jer\u00fasalem, \u00fev\u00ed a\u00f0 hann var svo \u00e1rei\u00f0anlegur ma\u00f0ur og gu\u00f0hr\u00e6ddur, a\u00f0 f\u00e1ir voru hans l\u00edkar.<a name=\"3\"><span class=\"versanumer\">3<\/span><\/a>Og \u00e9g sag\u00f0i vi\u00f0 \u00fe\u00e1: Ekki skal lj\u00faka upp hli\u00f0um Jer\u00fasalem fyrr en s\u00f3l er komin h\u00e1tt \u00e1 loft, og \u00e1\u00f0ur en ver\u00f0irnir fara burt, skal hur\u00f0unum loka\u00f0 og sl\u00e1r settar fyrir. Og \u00fea\u00f0 skal setja ver\u00f0i af Jer\u00fasalemb\u00faum, hvern \u00e1 s\u00edna var\u00f0st\u00f6\u00f0, og \u00fea\u00f0 hvern gegnt h\u00fasi s\u00ednu.<a name=\"4\"><span class=\"versanumer\">4<\/span><\/a>Borgin var v\u00ed\u00f0\u00e1ttumikil og st\u00f3r, en f\u00e1tt f\u00f3lk \u00ed henni og engin n\u00fdbygg\u00f0 h\u00fas.<a name=\"5\"><span class=\"versanumer\">5<\/span><\/a>\u00de\u00e1 bl\u00e9s Gu\u00f0 minn m\u00e9r \u00fev\u00ed \u00ed brj\u00f3st a\u00f0 safna saman tignarm\u00f6nnunum, yfirm\u00f6nnunum og l\u00fd\u00f0num, til \u00feess a\u00f0 l\u00e1ta taka manntal eftir \u00e6ttum. Og \u00e9g fann \u00e6ttarskr\u00e1 \u00feeirra, er fyrst h\u00f6f\u00f0u fari\u00f0 heim, og \u00fear fann \u00e9g rita\u00f0:<a name=\"6\"><span class=\"versanumer\">6<\/span><\/a>\u00deessir eru \u00feeir \u00far skattlandinu, er heim f\u00f3ru \u00far herlei\u00f0ingar\u00fatleg\u00f0inni, \u00feeir er Neb\u00fakadnesar Babelkonungur haf\u00f0i herleitt og n\u00fa sneru aftur til Jer\u00fasalem og J\u00fada, hver til sinnar borgar,<a name=\"7\"><span class=\"versanumer\">7<\/span><\/a>\u00feeir sem komu me\u00f0 Ser\u00fababel, J\u00f3s\u00faa, Nehem\u00eda, Asarja, Raamja, Nahaman\u00ed, Mordekai, Bilsan, Misperet, Bigva\u00ed, Neh\u00fam og Baana. Talan \u00e1 m\u00f6nnum \u00cdsraelsl\u00fd\u00f0s var:<a name=\"8\"><span class=\"versanumer\">8<\/span><\/a>Ni\u00f0jar Par\u00f3s: 2.172.<a name=\"9\"><span class=\"versanumer\">9<\/span><\/a>Ni\u00f0jar Sefatja: 372.<a name=\"10\"><span class=\"versanumer\">10<\/span><\/a>Ni\u00f0jar Ara: 652.<a name=\"11\"><span class=\"versanumer\">11<\/span><\/a>Ni\u00f0jar Pahat M\u00f3abs, sem s\u00e9 ni\u00f0jar Jes\u00faa og J\u00f3abs: 2.818.<a name=\"12\"><span class=\"versanumer\">12<\/span><\/a>Ni\u00f0jar Elams: 1.254.<a name=\"13\"><span class=\"versanumer\">13<\/span><\/a>Ni\u00f0jar Satt\u00fa: 845.<a name=\"14\"><span class=\"versanumer\">14<\/span><\/a>Ni\u00f0jar Sakka\u00ed: 760.<a name=\"15\"><span class=\"versanumer\">15<\/span><\/a>Ni\u00f0jar Binn\u00fa\u00ed: 648.<a name=\"16\"><span class=\"versanumer\">16<\/span><\/a>Ni\u00f0jar Beba\u00ed: 628.<a name=\"17\"><span class=\"versanumer\">17<\/span><\/a>Ni\u00f0jar Asgads: 2.322.<a name=\"18\"><span class=\"versanumer\">18<\/span><\/a>Ni\u00f0jar Ad\u00f3n\u00edkams: 667.<a name=\"19\"><span class=\"versanumer\">19<\/span><\/a>Ni\u00f0jar Bigva\u00ed: 2.067.<a name=\"20\"><span class=\"versanumer\">20<\/span><\/a>Ni\u00f0jar Ad\u00edns: 655.<a name=\"21\"><span class=\"versanumer\">21<\/span><\/a>Ni\u00f0jar Aters, fr\u00e1 Hisk\u00eda: 98.<a name=\"22\"><span class=\"versanumer\">22<\/span><\/a>Ni\u00f0jar Has\u00fams: 328.<a name=\"23\"><span class=\"versanumer\">23<\/span><\/a>Ni\u00f0jar Besa\u00ed: 324.<a name=\"24\"><span class=\"versanumer\">24<\/span><\/a>Ni\u00f0jar Har\u00edfs: 112.<a name=\"25\"><span class=\"versanumer\">25<\/span><\/a>\u00c6tta\u00f0ir fr\u00e1 G\u00edbeon: 95.<a name=\"26\"><span class=\"versanumer\">26<\/span><\/a>\u00c6tta\u00f0ir fr\u00e1 Betlehem og Net\u00f3fa: 188.<a name=\"27\"><span class=\"versanumer\">27<\/span><\/a>Menn fr\u00e1 Anat\u00f3t: 128.<a name=\"28\"><span class=\"versanumer\">28<\/span><\/a>Menn fr\u00e1 Bet Asmavet: 42.<a name=\"29\"><span class=\"versanumer\">29<\/span><\/a>Menn fr\u00e1 Kirjat Jear\u00edm, Kef\u00edra og Beer\u00f3t: 743.<a name=\"30\"><span class=\"versanumer\">30<\/span><\/a>Menn fr\u00e1 Rama og Geba: 621.<a name=\"31\"><span class=\"versanumer\">31<\/span><\/a>Menn fr\u00e1 Mikmas: 122.<a name=\"32\"><span class=\"versanumer\">32<\/span><\/a>Menn fr\u00e1 Betel og A\u00ed: 123.<a name=\"33\"><span class=\"versanumer\">33<\/span><\/a>Menn fr\u00e1 Neb\u00f3: 52.<a name=\"34\"><span class=\"versanumer\">34<\/span><\/a>Ni\u00f0jar Elams hins annars: 1.254.<a name=\"35\"><span class=\"versanumer\">35<\/span><\/a>Ni\u00f0jar Har\u00edms: 320.<a name=\"36\"><span class=\"versanumer\">36<\/span><\/a>\u00c6tta\u00f0ir fr\u00e1 Jer\u00edk\u00f3: 345.<a name=\"37\"><span class=\"versanumer\">37<\/span><\/a>\u00c6tta\u00f0ir fr\u00e1 L\u00f3d, Had\u00edd og \u00d3n\u00f3: 721.<a name=\"38\"><span class=\"versanumer\">38<\/span><\/a>\u00c6tta\u00f0ir fr\u00e1 Senaa: 3.930.<a name=\"39\"><span class=\"versanumer\">39<\/span><\/a>Prestarnir: Ni\u00f0jar Jedaja, af \u00e6tt Jes\u00faa: 973.<a name=\"40\"><span class=\"versanumer\">40<\/span><\/a>Ni\u00f0jar Immers: 1.052.<a name=\"41\"><span class=\"versanumer\">41<\/span><\/a>Ni\u00f0jar Pash\u00fars: 1.247.<a name=\"42\"><span class=\"versanumer\">42<\/span><\/a>Ni\u00f0jar Har\u00edms: 1.017.<a name=\"43\"><span class=\"versanumer\">43<\/span><\/a>Lev\u00edtarnir: Ni\u00f0jar Jes\u00faa og Kadm\u00edels, af ni\u00f0jum H\u00f3deja: 74.<a name=\"44\"><span class=\"versanumer\">44<\/span><\/a>S\u00f6ngvararnir: Ni\u00f0jar Asafs: 148.<a name=\"45\"><span class=\"versanumer\">45<\/span><\/a>Hli\u00f0ver\u00f0irnir: Ni\u00f0jar Sall\u00fams, ni\u00f0jar Aters, ni\u00f0jar Talm\u00f3ns, ni\u00f0jar Ak\u00fabs, ni\u00f0jar Hat\u00edta, ni\u00f0jar S\u00f3ba\u00ed: 138.<a name=\"46\"><span class=\"versanumer\">46<\/span><\/a>Musteris\u00fej\u00f3narnir: Ni\u00f0jar S\u00edha, ni\u00f0jar Has\u00fafa, ni\u00f0jar Tabba\u00f3ts,<a name=\"47\"><span class=\"versanumer\">47<\/span><\/a>ni\u00f0jar Ker\u00f3s, ni\u00f0jar S\u00eda, ni\u00f0jar Pad\u00f3ns,<a name=\"48\"><span class=\"versanumer\">48<\/span><\/a>ni\u00f0jar Lebana, ni\u00f0jar Hagaba, ni\u00f0jar Salma\u00ed,<a name=\"49\"><span class=\"versanumer\">49<\/span><\/a>ni\u00f0jar Hanans, ni\u00f0jar Giddels, ni\u00f0jar Gahars,<a name=\"50\"><span class=\"versanumer\">50<\/span><\/a>ni\u00f0jar Reaja, ni\u00f0jar Res\u00edns, ni\u00f0jar Nek\u00f3da,<a name=\"51\"><span class=\"versanumer\">51<\/span><\/a>ni\u00f0jar Gassams, ni\u00f0jar \u00dassa, ni\u00f0jar Pasea,<a name=\"52\"><span class=\"versanumer\">52<\/span><\/a>ni\u00f0jar Besa\u00ed, ni\u00f0jar Me\u00fan\u00edta, ni\u00f0jar Nef\u00eds\u00edta,<a name=\"53\"><span class=\"versanumer\">53<\/span><\/a>ni\u00f0jar Bakb\u00faks, ni\u00f0jar Hak\u00fafa, ni\u00f0jar Harh\u00fars,<a name=\"54\"><span class=\"versanumer\">54<\/span><\/a>ni\u00f0jar Basel\u00edts, ni\u00f0jar Meh\u00edda, ni\u00f0jar Harsa,<a name=\"55\"><span class=\"versanumer\">55<\/span><\/a>ni\u00f0jar Bark\u00f3s, ni\u00f0jar S\u00edsera, ni\u00f0jar Tema,<a name=\"56\"><span class=\"versanumer\">56<\/span><\/a>ni\u00f0jar Nes\u00eda, ni\u00f0jar Hat\u00edfa.<a name=\"57\"><span class=\"versanumer\">57<\/span><\/a>Ni\u00f0jar \u00fer\u00e6la Sal\u00f3mons: Ni\u00f0jar S\u00f3ta\u00ed, ni\u00f0jar S\u00f3ferets, ni\u00f0jar Per\u00edda,<a name=\"58\"><span class=\"versanumer\">58<\/span><\/a>ni\u00f0jar Jaala, ni\u00f0jar Dark\u00f3ns, ni\u00f0jar Giddels,<a name=\"59\"><span class=\"versanumer\">59<\/span><\/a>ni\u00f0jar Sefatja, ni\u00f0jar Hattils, ni\u00f0jar P\u00f3keret Hasseba\u00edms, ni\u00f0jar Am\u00f3ns.<a name=\"60\"><span class=\"versanumer\">60<\/span><\/a>Allir musteris\u00fej\u00f3narnir og ni\u00f0jar \u00fer\u00e6la Sal\u00f3mons voru 392.<a name=\"61\"><span class=\"versanumer\">61<\/span><\/a>Og \u00feessir eru \u00feeir, sem f\u00f3ru heim fr\u00e1 Tel Mela, Tel Harsa, Ker\u00fab, Add\u00f3n og Immer, en kunnu eigi a\u00f0 greina \u00e6tt s\u00edna og uppruna, hvort \u00feeir v\u00e6ru komnir af \u00cdsrael:<a name=\"62\"><span class=\"versanumer\">62<\/span><\/a>ni\u00f0jar Delaja, ni\u00f0jar Tob\u00eda, ni\u00f0jar Nek\u00f3da: 642.<a name=\"63\"><span class=\"versanumer\">63<\/span><\/a>Og af prestunum: ni\u00f0jar Hobaja, ni\u00f0jar Hakk\u00f3s, ni\u00f0jar Barsilla\u00ed, er gengi\u00f0 haf\u00f0i a\u00f0 eiga eina af d\u00e6trum Barsilla\u00ed G\u00edlea\u00f0\u00edta og nefndur haf\u00f0i veri\u00f0 nafni \u00feeirra.<a name=\"64\"><span class=\"versanumer\">64<\/span><\/a>\u00deessir leitu\u00f0u a\u00f0 \u00e6ttart\u00f6lum s\u00ednum, en \u00fe\u00e6r fundust ekki. Var \u00feeim \u00fev\u00ed hrundi\u00f0 fr\u00e1 prestd\u00f3mi.<a name=\"65\"><span class=\"versanumer\">65<\/span><\/a>Og landstj\u00f3rinn sag\u00f0i \u00feeim, a\u00f0 \u00feeir m\u00e6ttu ekki eta af hinu h\u00e1heilaga, \u00fear til er k\u00e6mi fram prestur, er kynni a\u00f0 fara me\u00f0 \u00far\u00edm og t\u00famm\u00edm.<a name=\"66\"><span class=\"versanumer\">66<\/span><\/a>Allur s\u00f6fnu\u00f0urinn var til samans 42.360,<a name=\"67\"><span class=\"versanumer\">67<\/span><\/a>auk \u00fer\u00e6la \u00feeirra og amb\u00e1tta, er voru 7.337. \u00deeir h\u00f6f\u00f0u 245 s\u00f6ngvara og s\u00f6ngkonur.<a name=\"68\"><span class=\"versanumer\">68<\/span><\/a>Hestar \u00feeirra voru 736, m\u00falar 245,<a name=\"69\"><span class=\"versanumer\">69<\/span><\/a>\u00falfaldar 435, asnar 6.720.<a name=\"70\"><span class=\"versanumer\">70<\/span><\/a>Og nokkur hluti \u00e6tth\u00f6f\u00f0ingjanna gaf til byggingarinnar. Landstj\u00f3rinn gaf \u00ed sj\u00f3\u00f0inn: \u00ed gulli 1.000 dar\u00edka, 50 f\u00f3rnarsk\u00e1lar og 530 prestserki.<a name=\"71\"><span class=\"versanumer\">71<\/span><\/a>Og sumir \u00e6tth\u00f6f\u00f0ingjanna g\u00e1fu \u00ed byggingarsj\u00f3\u00f0inn: \u00ed gulli 20.000 dar\u00edka og \u00ed silfri 2.200 m\u00ednur.<a name=\"72\"><span class=\"versanumer\">72<\/span><\/a>Og \u00fea\u00f0, sem hitt f\u00f3lki\u00f0 gaf, var: \u00ed gulli 20.000 dar\u00edkar og \u00ed silfri 2.000 m\u00ednur og 67 prestserkir.<a name=\"73\"><span class=\"versanumer\">73<\/span><\/a>\u00deannig t\u00f3ku prestarnir og lev\u00edtarnir og hli\u00f0ver\u00f0irnir og s\u00f6ngvararnir og nokkrir af l\u00fd\u00f0num og musteris\u00fej\u00f3narnir og allur \u00cdsrael s\u00e9r b\u00f3lfestu \u00ed borgum s\u00ednum. En er sj\u00f6undi m\u00e1nu\u00f0urinn kom, voru \u00cdsraelsmenn \u00ed borgum s\u00ednum.<\/p>\n<div class=\"footnote1981\"><b>7.7<\/b> Ser\u00fababel og J\u00f3s\u00faa Esr 2.2+<\/div>\n","protected":false},"excerpt":{"rendered":"<p>1\u00deegar n\u00fa m\u00farinn var bygg\u00f0ur, setti \u00e9g hur\u00f0irnar \u00ed, og hli\u00f0v\u00f6r\u00f0unum og s\u00f6ngvurunum og lev\u00edtunum var fali\u00f0 eftirliti\u00f0.2Og \u00e9g skipa\u00f0i Hanan\u00ed br\u00f3\u00f0ur minn og Hananja, yfirmann v\u00edgisins, yfir Jer\u00fasalem, \u00fev\u00ed a\u00f0 hann var svo \u00e1rei\u00f0anlegur ma\u00f0ur og gu\u00f0hr\u00e6ddur, a\u00f0 f\u00e1ir voru hans l\u00edkar.3Og \u00e9g sag\u00f0i vi\u00f0 \u00fe\u00e1: Ekki skal lj\u00faka upp hli\u00f0um Jer\u00fasalem fyrr en s\u00f3l er komin h\u00e1tt \u00e1 loft, og \u00e1\u00f0ur en ver\u00f0irnir fara burt, skal hur\u00f0unum loka\u00f0 og sl\u00e1r settar fyrir. Og \u00fea\u00f0 skal setja ver\u00f0i af Jer\u00fasalemb\u00faum, hvern \u00e1 s\u00edna var\u00f0st\u00f6\u00f0, og \u00fea\u00f0 hvern gegnt h\u00fasi s\u00ednu.4Borgin var v\u00ed\u00f0\u00e1ttumikil og st\u00f3r, en f\u00e1tt f\u00f3lk \u00ed henni <a href=\"https:\/\/biblian.is\/1981\/nehemiabok-7-kafli\/\"> [&#8230;]<\/a><\/p>\n","protected":false},"author":1,"featured_media":0,"parent":0,"menu_order":0,"comment_status":"open","ping_status":"open","template":"bibliukaflar.php","meta":{"footnotes":""},"class_list":["post-1766","page","type-page","status-publish","hentry"],"_links":{"self":[{"href":"https:\/\/biblian.is\/1981\/wp-json\/wp\/v2\/pages\/1766","targetHints":{"allow":["GET"]}}],"collection":[{"href":"https:\/\/biblian.is\/1981\/wp-json\/wp\/v2\/pages"}],"about":[{"href":"https:\/\/biblian.is\/1981\/wp-json\/wp\/v2\/types\/page"}],"author":[{"embeddable":true,"href":"https:\/\/biblian.is\/1981\/wp-json\/wp\/v2\/users\/1"}],"replies":[{"embeddable":true,"href":"https:\/\/biblian.is\/1981\/wp-json\/wp\/v2\/comments?post=1766"}],"version-history":[{"count":0,"href":"https:\/\/biblian.is\/1981\/wp-json\/wp\/v2\/pages\/1766\/revisions"}],"wp:attachment":[{"href":"https:\/\/biblian.is\/1981\/wp-json\/wp\/v2\/media?parent=1766"}],"curies":[{"name":"wp","href":"https:\/\/api.w.org\/{rel}","templated":true}]}}