{"id":1764,"date":"2017-11-18T20:18:33","date_gmt":"2017-11-18T20:18:33","guid":{"rendered":"http:\/\/biblian.is\/1981\/nehemiabok-5-kafli\/"},"modified":"2021-06-06T11:04:08","modified_gmt":"2021-06-06T11:04:08","slug":"nehemiabok-5-kafli","status":"publish","type":"page","link":"https:\/\/biblian.is\/1981\/nehemiabok-5-kafli\/","title":{"rendered":"Nehem\u00edab\u00f3k 5. kafli"},"content":{"rendered":"<p><a name=\"1\"><span class=\"versanumer\">1<\/span><\/a>En \u00fea\u00f0 var\u00f0 miki\u00f0 kvein me\u00f0al l\u00fd\u00f0sins og me\u00f0al kvenna \u00feeirra yfir br\u00e6\u00f0rum \u00feeirra, Gy\u00f0ingunum.<a name=\"2\"><span class=\"versanumer\">2<\/span><\/a>Sumir s\u00f6g\u00f0u: Sonu vora og d\u00e6tur ver\u00f0um v\u00e9r a\u00f0 ve\u00f0setja. V\u00e9r ver\u00f0um a\u00f0 f\u00e1 korn, svo a\u00f0 v\u00e9r megum eta og l\u00edfi halda.<a name=\"3\"><span class=\"versanumer\">3<\/span><\/a>Og a\u00f0rir s\u00f6g\u00f0u: Akra vora, v\u00edngar\u00f0a og h\u00fas ver\u00f0um v\u00e9r a\u00f0 ve\u00f0setja. V\u00e9r ver\u00f0um a\u00f0 f\u00e1 korn \u00ed hall\u00e6rinu!<a name=\"4\"><span class=\"versanumer\">4<\/span><\/a>Og enn a\u00f0rir s\u00f6g\u00f0u: V\u00e9r h\u00f6fum teki\u00f0 f\u00e9 a\u00f0 l\u00e1ni upp \u00e1 akra vora og v\u00edngar\u00f0a \u00ed konungsskattinn.<a name=\"5\"><span class=\"versanumer\">5<\/span><\/a>Og \u00fe\u00f3tt hold vort s\u00e9 eins og hold br\u00e6\u00f0ra vorra, b\u00f6rn vor eins og b\u00f6rn \u00feeirra, \u00fe\u00e1 ver\u00f0um v\u00e9r n\u00fa a\u00f0 gj\u00f6ra sonu vora og d\u00e6tur a\u00f0 \u00e1nau\u00f0ugum \u00fer\u00e6lum, og sumar af d\u00e6trum vorum eru \u00feegar or\u00f0nar \u00e1nau\u00f0ugar, og v\u00e9r getum ekkert vi\u00f0 \u00fev\u00ed gj\u00f6rt, \u00fear e\u00f0 akrar vorir og v\u00edngar\u00f0ar eru \u00e1 annarra valdi.<a name=\"6\"><span class=\"versanumer\">6<\/span><\/a>\u00de\u00e1 var\u00f0 \u00e9g mj\u00f6g rei\u00f0ur, er \u00e9g heyr\u00f0i kvein \u00feeirra og \u00feessi umm\u00e6li.<a name=\"7\"><span class=\"versanumer\">7<\/span><\/a>Og \u00e9g hugleiddi \u00feetta me\u00f0 sj\u00e1lfum m\u00e9r og taldi \u00e1 tignarmennina og yfirmennina og sag\u00f0i vi\u00f0 \u00fe\u00e1: \u00de\u00e9r beiti\u00f0 okri hver vi\u00f0 annan! Og \u00e9g stefndi miki\u00f0 \u00feing \u00ed m\u00f3ti \u00feeim<a name=\"8\"><span class=\"versanumer\">8<\/span><\/a>og sag\u00f0i vi\u00f0 \u00fe\u00e1: V\u00e9r h\u00f6fum keypt lausa br\u00e6\u00f0ur vora, Gy\u00f0ingana, sem seldir voru hei\u00f0ingjunum, svo oft sem oss var unnt, en \u00fe\u00e9r \u00e6tli\u00f0 jafnvel a\u00f0 selja br\u00e6\u00f0ur y\u00f0ar, svo a\u00f0 \u00feeir ver\u00f0i seldir oss. \u00de\u00e1 \u00fe\u00f6g\u00f0u \u00feeir og g\u00e1tu engu svara\u00f0.<a name=\"9\"><span class=\"versanumer\">9<\/span><\/a>Og \u00e9g sag\u00f0i: \u00dea\u00f0 er ekki fallegt, sem \u00fe\u00e9r eru\u00f0 a\u00f0 gj\u00f6ra. \u00c6ttu\u00f0 \u00fe\u00e9r ekki heldur a\u00f0 ganga \u00ed \u00f3tta Gu\u00f0s vors vegna sm\u00e1naryr\u00f0a hei\u00f0ingjanna, \u00f3vina vorra?<a name=\"10\"><span class=\"versanumer\">10<\/span><\/a>B\u00e6\u00f0i \u00e9g og br\u00e6\u00f0ur m\u00ednir og sveinar m\u00ednir h\u00f6fum l\u00edka l\u00e1na\u00f0 \u00feeim silfur og korn. V\u00e9r skulum \u00fev\u00ed l\u00e1ta \u00feessa skuldakr\u00f6fu ni\u00f0ur falla.<a name=\"11\"><span class=\"versanumer\">11<\/span><\/a>Gj\u00f6ri\u00f0 \u00fea\u00f0 fyrir mig a\u00f0 skila \u00feeim aftur \u00feegar \u00ed dag \u00f6krum \u00feeirra og v\u00edng\u00f6r\u00f0um \u00feeirra og ol\u00edfug\u00f6r\u00f0um \u00feeirra og h\u00fasum \u00feeirra, og l\u00e1ti\u00f0 ni\u00f0ur falla skuldakr\u00f6funa um silfri\u00f0 og korni\u00f0, um v\u00ednberjal\u00f6ginn og ol\u00eduna, er \u00fe\u00e9r hafi\u00f0 l\u00e1na\u00f0 \u00feeim.<a name=\"12\"><span class=\"versanumer\">12<\/span><\/a>\u00de\u00e1 s\u00f6g\u00f0u \u00feeir: V\u00e9r viljum skila \u00fev\u00ed aftur og einskis krefjast af \u00feeim. V\u00e9r viljum gj\u00f6ra sem \u00fe\u00fa segir. \u00de\u00e1 kalla\u00f0i \u00e9g \u00e1 prestana og l\u00e9t \u00fe\u00e1 vinna ei\u00f0 a\u00f0 \u00fev\u00ed, a\u00f0 \u00feeir skyldu fara eftir \u00feessu.<a name=\"13\"><span class=\"versanumer\">13<\/span><\/a>\u00c9g hristi og skikkjubarm minn og sag\u00f0i: \u00deannig hristi Gu\u00f0 s\u00e9rhvern \u00feann, er eigi heldur \u00feetta lofor\u00f0, burt \u00far h\u00fasi hans og fr\u00e1 eign hans, og \u00feannig ver\u00f0i hann gj\u00f6rhristur og t\u00e6mdur. Og allur \u00feingheimur sag\u00f0i: Svo skal vera! Og \u00feeir vegs\u00f6mu\u00f0u Drottin. Og l\u00fd\u00f0urinn breytti samkv\u00e6mt \u00feessu.<a name=\"14\"><span class=\"versanumer\">14<\/span><\/a>Fr\u00e1 \u00feeim degi, er hann setti mig til a\u00f0 vera landstj\u00f3ri \u00feeirra, \u00ed J\u00fada fr\u00e1 tuttugasta r\u00edkis\u00e1ri Artahsasta konungs til \u00fer\u00edtugasta og annars r\u00edkis\u00e1rs hans, t\u00f3lf \u00e1r naut \u00e9g heldur ekki, n\u00e9 br\u00e6\u00f0ur m\u00ednir, landstj\u00f3ra-bor\u00f0eyrisins.<a name=\"15\"><span class=\"versanumer\">15<\/span><\/a>En hinir fyrri landstj\u00f3rar, \u00feeir er \u00e1 undan m\u00e9r voru, h\u00f6f\u00f0u k\u00faga\u00f0 l\u00fd\u00f0inn og teki\u00f0 af \u00feeim fj\u00f6rut\u00edu sikla silfurs \u00e1 dag fyrir brau\u00f0i og v\u00edni. Auk \u00feess h\u00f6f\u00f0u sveinar \u00feeirra drottna\u00f0 yfir l\u00fd\u00f0num. En ekki breytti \u00e9g \u00feannig, \u00fev\u00ed a\u00f0 \u00e9g \u00f3tta\u00f0ist Gu\u00f0.<a name=\"16\"><span class=\"versanumer\">16<\/span><\/a>\u00c9g vann og a\u00f0 byggingu \u00feessa m\u00fars, og h\u00f6f\u00f0um v\u00e9r \u00fe\u00f3 ekki keypt neinn akur, og allir sveinar m\u00ednir voru \u00fear saman safna\u00f0ir a\u00f0 byggingunni.<a name=\"17\"><span class=\"versanumer\">17<\/span><\/a>En Gy\u00f0ingar og yfirmennirnir, hundra\u00f0 og fimmt\u00edu a\u00f0 t\u00f6lu, svo og \u00feeir er komu til m\u00edn fr\u00e1 \u00fej\u00f3\u00f0unum, er bjuggu umhverfis oss, \u00e1tu vi\u00f0 mitt bor\u00f0.<a name=\"18\"><span class=\"versanumer\">18<\/span><\/a>Og \u00fea\u00f0 sem matreitt var \u00e1 hverjum degi eitt naut, sex \u00farvals-kindur og fuglar, \u00fea\u00f0 var matreitt \u00e1 minn kostna\u00f0, og t\u00edunda hvern dag n\u00e6gtir af alls konar v\u00edni. En \u00fer\u00e1tt fyrir \u00feetta kraf\u00f0ist \u00e9g ekki landstj\u00f3ra-bor\u00f0eyris, \u00fev\u00ed a\u00f0 l\u00fd\u00f0ur \u00feessi var \u00ed mikilli \u00e1nau\u00f0.<a name=\"19\"><span class=\"versanumer\">19<\/span><\/a>Virstu, Gu\u00f0 minn, a\u00f0 muna m\u00e9r til g\u00f3\u00f0s allt \u00fea\u00f0, sem \u00e9g hefi gj\u00f6rt fyrir \u00feennan l\u00fd\u00f0.<\/p>\n<div class=\"footnote1981\"><b>5.1-5<\/b> F\u00e9lagsleg vandam\u00e1l sbr Jer 34.8-22<br \/>\n<b>5.5<\/b> B\u00f6rn a\u00f0 \u00fer\u00e6lum 2Kon 4.1+<br \/>\n<b>5.11<\/b> Skila eignum \u00feeirra 3M\u00f3s 25.13,23<br \/>\n<b>5.13<\/b> Amen, \u00feannig skal \u00fea\u00f0 vera Neh 8.6; 5M\u00f3s 27.15-26; Slm 106.48; 1Kro 16.36<br \/>\n<b>5.17<\/b> Fj\u00f6ldi bo\u00f0sgesta 1Kon 10.4-6<br \/>\n<b>5.18<\/b> Til matar daglega 1Kon 5.2-3<\/div>\n","protected":false},"excerpt":{"rendered":"<p>1En \u00fea\u00f0 var\u00f0 miki\u00f0 kvein me\u00f0al l\u00fd\u00f0sins og me\u00f0al kvenna \u00feeirra yfir br\u00e6\u00f0rum \u00feeirra, Gy\u00f0ingunum.2Sumir s\u00f6g\u00f0u: Sonu vora og d\u00e6tur ver\u00f0um v\u00e9r a\u00f0 ve\u00f0setja. V\u00e9r ver\u00f0um a\u00f0 f\u00e1 korn, svo a\u00f0 v\u00e9r megum eta og l\u00edfi halda.3Og a\u00f0rir s\u00f6g\u00f0u: Akra vora, v\u00edngar\u00f0a og h\u00fas ver\u00f0um v\u00e9r a\u00f0 ve\u00f0setja. V\u00e9r ver\u00f0um a\u00f0 f\u00e1 korn \u00ed hall\u00e6rinu!4Og enn a\u00f0rir s\u00f6g\u00f0u: V\u00e9r h\u00f6fum teki\u00f0 f\u00e9 a\u00f0 l\u00e1ni upp \u00e1 akra vora og v\u00edngar\u00f0a \u00ed konungsskattinn.5Og \u00fe\u00f3tt hold vort s\u00e9 eins og hold br\u00e6\u00f0ra vorra, b\u00f6rn vor eins og b\u00f6rn \u00feeirra, \u00fe\u00e1 ver\u00f0um v\u00e9r n\u00fa a\u00f0 gj\u00f6ra sonu vora og d\u00e6tur a\u00f0 \u00e1nau\u00f0ugum \u00fer\u00e6lum, <a href=\"https:\/\/biblian.is\/1981\/nehemiabok-5-kafli\/\"> [&#8230;]<\/a><\/p>\n","protected":false},"author":1,"featured_media":0,"parent":0,"menu_order":0,"comment_status":"open","ping_status":"open","template":"bibliukaflar.php","meta":{"footnotes":""},"class_list":["post-1764","page","type-page","status-publish","hentry"],"_links":{"self":[{"href":"https:\/\/biblian.is\/1981\/wp-json\/wp\/v2\/pages\/1764","targetHints":{"allow":["GET"]}}],"collection":[{"href":"https:\/\/biblian.is\/1981\/wp-json\/wp\/v2\/pages"}],"about":[{"href":"https:\/\/biblian.is\/1981\/wp-json\/wp\/v2\/types\/page"}],"author":[{"embeddable":true,"href":"https:\/\/biblian.is\/1981\/wp-json\/wp\/v2\/users\/1"}],"replies":[{"embeddable":true,"href":"https:\/\/biblian.is\/1981\/wp-json\/wp\/v2\/comments?post=1764"}],"version-history":[{"count":0,"href":"https:\/\/biblian.is\/1981\/wp-json\/wp\/v2\/pages\/1764\/revisions"}],"wp:attachment":[{"href":"https:\/\/biblian.is\/1981\/wp-json\/wp\/v2\/media?parent=1764"}],"curies":[{"name":"wp","href":"https:\/\/api.w.org\/{rel}","templated":true}]}}