{"id":1763,"date":"2017-11-18T20:18:33","date_gmt":"2017-11-18T20:18:33","guid":{"rendered":"http:\/\/biblian.is\/1981\/nehemiabok-4-kafli\/"},"modified":"2021-06-06T11:04:07","modified_gmt":"2021-06-06T11:04:07","slug":"nehemiabok-4-kafli","status":"publish","type":"page","link":"https:\/\/biblian.is\/1981\/nehemiabok-4-kafli\/","title":{"rendered":"Nehem\u00edab\u00f3k 4. kafli"},"content":{"rendered":"<p><a name=\"1\"><span class=\"versanumer\">1<\/span><\/a>\u00de\u00e1 er Sanballat heyr\u00f0i, a\u00f0 v\u00e9r v\u00e6rum a\u00f0 endurreisa m\u00farinn, var\u00f0 hann rei\u00f0ur og gramdist honum \u00fea\u00f0 mj\u00f6g. Og hann gj\u00f6r\u00f0i gys a\u00f0 Gy\u00f0ingum<a name=\"2\"><span class=\"versanumer\">2<\/span><\/a>og tala\u00f0i \u00ed \u00e1heyrn br\u00e6\u00f0ra sinna og herli\u00f0s Samar\u00edu og m\u00e6lti: Hva\u00f0 hafa Gy\u00f0ingarnir fyrir stafni, \u00feeir vesalingar? Skyldu \u00feeir h\u00e6tta vi\u00f0 \u00fea\u00f0 aftur? Munu \u00feeir f\u00f3rna? \u00c6tli \u00feeir lj\u00faki vi\u00f0 \u00fea\u00f0 \u00ed dag? Munu \u00feeir gj\u00f6ra steinana \u00ed r\u00fastahaugunum lifandi, \u00fear sem \u00feeir \u00fe\u00f3 eru brunnir?<a name=\"3\"><span class=\"versanumer\">3<\/span><\/a>Og Tob\u00eda Amm\u00f3n\u00edti st\u00f3\u00f0 hj\u00e1 honum og m\u00e6lti: Hva\u00f0 sem \u00feeir n\u00fa eru a\u00f0 byggja ef refur stigi \u00e1 \u00fea\u00f0, \u00fe\u00e1 mundi steinveggur \u00feeirra hrynja undan honum!<a name=\"4\"><span class=\"versanumer\">4<\/span><\/a>Heyr, Gu\u00f0 vor, hversu v\u00e9r erum sm\u00e1na\u00f0ir! L\u00e1t h\u00e1\u00f0 \u00feeirra koma \u00feeim sj\u00e1lfum \u00ed koll og framsel \u00fe\u00e1 til r\u00e1ns hernumda \u00ed \u00f6\u00f0ru landi.<a name=\"5\"><span class=\"versanumer\">5<\/span><\/a>Hyl eigi misgj\u00f6r\u00f0 \u00feeirra, og synd \u00feeirra afm\u00e1ist aldrei fyrir augliti \u00fe\u00ednu, \u00fev\u00ed a\u00f0 \u00feeir hafa egnt \u00feig til rei\u00f0i \u00ed augs\u00fdn \u00feeirra, sem eru a\u00f0 byggja.<a name=\"6\"><span class=\"versanumer\">6<\/span><\/a>En v\u00e9r h\u00e9ldum \u00e1fram a\u00f0 byggja m\u00farinn og allur m\u00farinn var\u00f0 fullgj\u00f6r upp a\u00f0 mi\u00f0ju, og haf\u00f0i l\u00fd\u00f0urinn \u00e1huga \u00e1 verkinu.<a name=\"7\"><span class=\"versanumer\">7<\/span><\/a>En er Sanballat og Tob\u00eda og Arabar og Amm\u00f3n\u00edtar og Asd\u00f3dmenn heyr\u00f0u, a\u00f0 fari\u00f0 v\u00e6ri a\u00f0 gj\u00f6ra vi\u00f0 m\u00fara Jer\u00fasalem, a\u00f0 sk\u00f6r\u00f0in v\u00e6ru tekin a\u00f0 fyllast, ur\u00f0u \u00feeir mj\u00f6g rei\u00f0ir.<a name=\"8\"><span class=\"versanumer\">8<\/span><\/a>Og \u00feeir t\u00f3ku sig allir saman um a\u00f0 koma og herja \u00e1 Jer\u00fasalem og gj\u00f6ra \u00fear spell.<a name=\"9\"><span class=\"versanumer\">9<\/span><\/a>En v\u00e9r gj\u00f6r\u00f0um b\u00e6n vora til Gu\u00f0s vors og settum v\u00f6r\u00f0 gegn \u00feeim b\u00e6\u00f0i dag og n\u00f3tt af \u00f3tta fyrir \u00feeim.<a name=\"10\"><span class=\"versanumer\">10<\/span><\/a>En Gy\u00f0ingar s\u00f6g\u00f0u: Bur\u00f0armennirnir gefast upp og r\u00fastirnar eru miklar og \u00fe\u00e1 getum v\u00e9r ekki byggt m\u00farinn.<a name=\"11\"><span class=\"versanumer\">11<\/span><\/a>En m\u00f3tst\u00f6\u00f0umenn vorir hugsu\u00f0u: \u00deeir skulu ekkert vita og einskis varir ver\u00f0a, fyrr en v\u00e9r r\u00e1\u00f0umst \u00e1 \u00fe\u00e1 og brytjum \u00fe\u00e1 ni\u00f0ur og gj\u00f6rum enda \u00e1 verkinu.<a name=\"12\"><span class=\"versanumer\">12<\/span><\/a>En er Gy\u00f0ingar \u00feeir, sem bjuggu \u00ed grennd vi\u00f0 \u00fe\u00e1, komu og s\u00f6g\u00f0u vi\u00f0 oss sj\u00e1lfsagt t\u00edu sinnum, \u00far \u00f6llum \u00e1ttum: \u00de\u00e9r ver\u00f0i\u00f0 a\u00f0 koma til vor!<a name=\"13\"><span class=\"versanumer\">13<\/span><\/a>\u00fe\u00e1 l\u00e9t \u00e9g sta\u00f0ar nema \u00e1 l\u00e6gstu st\u00f6\u00f0unum bak vi\u00f0 m\u00farinn, \u00e1 s\u00f3lbrunnu st\u00f6\u00f0unum, \u00fear l\u00e9t \u00e9g l\u00fd\u00f0inn nema sta\u00f0ar eftir \u00e6ttum, me\u00f0 sver\u00f0um s\u00ednum, lensum og bogum.<a name=\"14\"><span class=\"versanumer\">14<\/span><\/a>Og \u00e9g lita\u00f0ist um, reis upp og sag\u00f0i vi\u00f0 tignarmennina og yfirmennina og hitt f\u00f3lki\u00f0: Eigi skulu\u00f0 \u00fe\u00e9r \u00f3ttast \u00fe\u00e1. En minnist Drottins, hins mikla og \u00f3gurlega, og berjist fyrir br\u00e6\u00f0ur y\u00f0ar, sonu y\u00f0ar, d\u00e6tur y\u00f0ar, konur y\u00f0ar og h\u00fas y\u00f0ar.<a name=\"15\"><span class=\"versanumer\">15<\/span><\/a>En er \u00f3vinir vorir heyr\u00f0u, a\u00f0 v\u00e9r v\u00e6rum or\u00f0nir \u00feess v\u00edsir og a\u00f0 Gu\u00f0 hef\u00f0i \u00f3n\u00fdtt r\u00e1\u00f0agj\u00f6r\u00f0 \u00feeirra, \u00fe\u00e1 g\u00e1tum v\u00e9r allir sn\u00fai\u00f0 aftur a\u00f0 m\u00farnum, hver til sinnar vinnu.<a name=\"16\"><span class=\"versanumer\">16<\/span><\/a>En fr\u00e1 \u00feeim degi vann a\u00f0eins helmingur sveina minna a\u00f0 verkinu. Hinn helmingur \u00feeirra h\u00e9lt \u00e1 lensunum, skj\u00f6ldunum, bogunum og p\u00f6nsurunum, en foringjarnir st\u00f3\u00f0u bak vi\u00f0 alla J\u00fadamenn, \u00fe\u00e1 er voru a\u00f0 byggja upp m\u00farinn.<a name=\"17\"><span class=\"versanumer\">17<\/span><\/a>En bur\u00f0armennirnir voru b\u00fanir til bardaga. Me\u00f0 annarri hendinni unnu \u00feeir a\u00f0 verkinu, en me\u00f0 hinni h\u00e9ldu \u00feeir \u00e1 skotspj\u00f3tinu.<a name=\"18\"><span class=\"versanumer\">18<\/span><\/a>Og \u00feeir sem hl\u00f3\u00f0u voru allir gyrtir sver\u00f0i um lendar s\u00e9r og hl\u00f3\u00f0u \u00feannig, en l\u00fa\u00f0ursveinninn st\u00f3\u00f0 hj\u00e1 m\u00e9r.<a name=\"19\"><span class=\"versanumer\">19<\/span><\/a>Og \u00e9g sag\u00f0i vi\u00f0 tignarmennina og yfirmennina og a\u00f0ra af l\u00fd\u00f0num: Verki\u00f0 er st\u00f3rt og umfangsmiki\u00f0, og v\u00e9r erum tv\u00edstra\u00f0ir \u00e1 m\u00farnum, langt \u00ed burtu hver fr\u00e1 \u00f6\u00f0rum.<a name=\"20\"><span class=\"versanumer\">20<\/span><\/a>\u00dear sem \u00fe\u00e9r heyri\u00f0 l\u00fa\u00f0urhlj\u00f3minn, \u00feanga\u00f0 skulu\u00f0 \u00fe\u00e9r safnast til vor. Gu\u00f0 vor mun berjast fyrir oss.<a name=\"21\"><span class=\"versanumer\">21<\/span><\/a>\u00deannig unnum v\u00e9r a\u00f0 verkinu, en helmingur \u00feeirra h\u00e9lt \u00e1 lensunum, fr\u00e1 \u00fev\u00ed er morgunro\u00f0inn f\u00e6r\u00f0ist upp \u00e1 himininn og \u00fear til er stj\u00f6rnurnar komu fram.<a name=\"22\"><span class=\"versanumer\">22<\/span><\/a>\u00de\u00e1 sag\u00f0i \u00e9g og vi\u00f0 l\u00fd\u00f0inn: Allir skulu vera \u00ed Jer\u00fasalem \u00e1 n\u00e6turnar, \u00e1samt sveinum s\u00ednum, til \u00feess a\u00f0 \u00feeir s\u00e9u v\u00f6r\u00f0ur fyrir oss \u00e1 n\u00f3ttunni, en vinni a\u00f0 verkinu \u00e1 daginn.<a name=\"23\"><span class=\"versanumer\">23<\/span><\/a>En \u00e9g og br\u00e6\u00f0ur m\u00ednir og sveinar m\u00ednir og var\u00f0mennirnir, er fylgdu m\u00e9r, v\u00e9r f\u00f3rum aldrei af kl\u00e6\u00f0um, og s\u00e9rhver haf\u00f0i skotspj\u00f3t sitt vi\u00f0 h\u00e6gri hli\u00f0 s\u00e9r.<\/p>\n<div class=\"footnote1981\"><b>4.1<\/b> Sanballat Neh 2.10+<\/div>\n","protected":false},"excerpt":{"rendered":"<p>1\u00de\u00e1 er Sanballat heyr\u00f0i, a\u00f0 v\u00e9r v\u00e6rum a\u00f0 endurreisa m\u00farinn, var\u00f0 hann rei\u00f0ur og gramdist honum \u00fea\u00f0 mj\u00f6g. Og hann gj\u00f6r\u00f0i gys a\u00f0 Gy\u00f0ingum2og tala\u00f0i \u00ed \u00e1heyrn br\u00e6\u00f0ra sinna og herli\u00f0s Samar\u00edu og m\u00e6lti: Hva\u00f0 hafa Gy\u00f0ingarnir fyrir stafni, \u00feeir vesalingar? Skyldu \u00feeir h\u00e6tta vi\u00f0 \u00fea\u00f0 aftur? Munu \u00feeir f\u00f3rna? \u00c6tli \u00feeir lj\u00faki vi\u00f0 \u00fea\u00f0 \u00ed dag? Munu \u00feeir gj\u00f6ra steinana \u00ed r\u00fastahaugunum lifandi, \u00fear sem \u00feeir \u00fe\u00f3 eru brunnir?3Og Tob\u00eda Amm\u00f3n\u00edti st\u00f3\u00f0 hj\u00e1 honum og m\u00e6lti: Hva\u00f0 sem \u00feeir n\u00fa eru a\u00f0 byggja ef refur stigi \u00e1 \u00fea\u00f0, \u00fe\u00e1 mundi steinveggur \u00feeirra hrynja undan honum!4Heyr, Gu\u00f0 vor, hversu v\u00e9r <a href=\"https:\/\/biblian.is\/1981\/nehemiabok-4-kafli\/\"> [&#8230;]<\/a><\/p>\n","protected":false},"author":1,"featured_media":0,"parent":0,"menu_order":0,"comment_status":"open","ping_status":"open","template":"bibliukaflar.php","meta":{"footnotes":""},"class_list":["post-1763","page","type-page","status-publish","hentry"],"_links":{"self":[{"href":"https:\/\/biblian.is\/1981\/wp-json\/wp\/v2\/pages\/1763","targetHints":{"allow":["GET"]}}],"collection":[{"href":"https:\/\/biblian.is\/1981\/wp-json\/wp\/v2\/pages"}],"about":[{"href":"https:\/\/biblian.is\/1981\/wp-json\/wp\/v2\/types\/page"}],"author":[{"embeddable":true,"href":"https:\/\/biblian.is\/1981\/wp-json\/wp\/v2\/users\/1"}],"replies":[{"embeddable":true,"href":"https:\/\/biblian.is\/1981\/wp-json\/wp\/v2\/comments?post=1763"}],"version-history":[{"count":0,"href":"https:\/\/biblian.is\/1981\/wp-json\/wp\/v2\/pages\/1763\/revisions"}],"wp:attachment":[{"href":"https:\/\/biblian.is\/1981\/wp-json\/wp\/v2\/media?parent=1763"}],"curies":[{"name":"wp","href":"https:\/\/api.w.org\/{rel}","templated":true}]}}