{"id":1762,"date":"2017-11-18T20:18:33","date_gmt":"2017-11-18T20:18:33","guid":{"rendered":"http:\/\/biblian.is\/1981\/nehemiabok-3-kafli\/"},"modified":"2021-06-06T11:04:07","modified_gmt":"2021-06-06T11:04:07","slug":"nehemiabok-3-kafli","status":"publish","type":"page","link":"https:\/\/biblian.is\/1981\/nehemiabok-3-kafli\/","title":{"rendered":"Nehem\u00edab\u00f3k 3. kafli"},"content":{"rendered":"<p><a name=\"1\"><span class=\"versanumer\">1<\/span><\/a>\u00de\u00e1 t\u00f3ku \u00feeir sig til, Eljas\u00edb \u00e6\u00f0sti prestur og br\u00e6\u00f0ur hans, prestarnir, og reistu Sau\u00f0ahli\u00f0i\u00f0 v\u00edg\u00f0u \u00feeir \u00fea\u00f0 og settu hur\u00f0irnar \u00ed \u00fea\u00f0 og allt a\u00f0 Hammeaturni hann v\u00edg\u00f0u \u00feeir allt a\u00f0 Hananelturni.<a name=\"2\"><span class=\"versanumer\">2<\/span><\/a>N\u00e6stir honum bygg\u00f0u Jer\u00edk\u00f3menn, og n\u00e6stur \u00feeim bygg\u00f0i Sakk\u00far Imr\u00edson.<a name=\"3\"><span class=\"versanumer\">3<\/span><\/a>Fiskhli\u00f0i\u00f0 bygg\u00f0u Senaamenn. \u00deeir gj\u00f6r\u00f0u \u00fear dyraumb\u00fana\u00f0 og settu hur\u00f0irnar \u00ed \u00fea\u00f0, lokurnar og slagbrandana.<a name=\"4\"><span class=\"versanumer\">4<\/span><\/a>N\u00e6stur \u00feeim hl\u00f3\u00f0 upp Merem\u00f3t \u00dar\u00edason, Hakk\u00f3ssonar. N\u00e6stur honum hl\u00f3\u00f0 upp Mes\u00fallam Berek\u00edason, Mesesabeelssonar. N\u00e6stur honum hl\u00f3\u00f0 upp Sad\u00f3k Baanason.<a name=\"5\"><span class=\"versanumer\">5<\/span><\/a>N\u00e6stir honum hl\u00f3\u00f0u upp Tek\u00f3amenn, en g\u00f6fugmenni \u00feeirra beyg\u00f0u ekki h\u00e1ls sinn undir \u00fej\u00f3nustu herra s\u00edns.<a name=\"6\"><span class=\"versanumer\">6<\/span><\/a>Vi\u00f0 gamla hli\u00f0i\u00f0 gj\u00f6r\u00f0u \u00feeir J\u00f3jada Paseason og Mes\u00fallam Bes\u00f3d\u00edason. \u00deeir gj\u00f6r\u00f0u \u00fear dyraumb\u00fana\u00f0 og settu hur\u00f0irnar \u00ed \u00fea\u00f0, lokurnar og slagbrandana.<a name=\"7\"><span class=\"versanumer\">7<\/span><\/a>N\u00e6stir \u00feeim hl\u00f3\u00f0u upp Melatja G\u00edbeon\u00edti og Jad\u00f3n Mer\u00f3n\u00f3t\u00edti og me\u00f0al \u00feeirra menn fr\u00e1 G\u00edbeon og Mispa, sem lutu h\u00e1st\u00f3l landstj\u00f3rans \u00ed h\u00e9ra\u00f0inu hinumegin Flj\u00f3ts.<a name=\"8\"><span class=\"versanumer\">8<\/span><\/a>N\u00e6stur \u00feeim hl\u00f3\u00f0 upp \u00dass\u00edel Harhajason og me\u00f0 honum gullsmi\u00f0irnir. N\u00e6stur honum hl\u00f3\u00f0 upp Hananja, einn af smyrslas\u00f6lunum. Og \u00feeir steinl\u00f6g\u00f0u Jer\u00fasalem allt a\u00f0 brei\u00f0a m\u00farnum.<a name=\"9\"><span class=\"versanumer\">9<\/span><\/a>N\u00e6stur honum hl\u00f3\u00f0 upp Refaja H\u00farsson, h\u00f6f\u00f0ingi yfir h\u00e1lfu h\u00e9ra\u00f0inu kringum Jer\u00fasalem.<a name=\"10\"><span class=\"versanumer\">10<\/span><\/a>N\u00e6stur honum hl\u00f3\u00f0 upp Jedaja Har\u00famafsson, og \u00fea\u00f0 gegnt h\u00fasi s\u00ednu. N\u00e6stur honum hl\u00f3\u00f0 upp Hatt\u00fas Hasabnejason.<a name=\"11\"><span class=\"versanumer\">11<\/span><\/a>Annan part hl\u00f3\u00f0u upp \u00feeir Malk\u00eda Har\u00edmsson og Has\u00fab Pahat M\u00f3absson, svo og baksturofnsturninn.<a name=\"12\"><span class=\"versanumer\">12<\/span><\/a>N\u00e6stur \u00feeim hl\u00f3\u00f0 upp Sall\u00fam Hall\u00f3hesson, h\u00f6f\u00f0ingi yfir hinum helming h\u00e9ra\u00f0sins kringum Jer\u00fasalem hann og d\u00e6tur hans.<a name=\"13\"><span class=\"versanumer\">13<\/span><\/a>Vi\u00f0 Dalshli\u00f0i\u00f0 gj\u00f6r\u00f0i Han\u00fan og San\u00f3ab\u00faar \u00feeir bygg\u00f0u \u00fea\u00f0 og settu hur\u00f0irnar \u00ed \u00fea\u00f0, lokurnar og slagbrandana og \u00fe\u00fasund \u00e1lnir af m\u00farnum, allt a\u00f0 Mykjuhli\u00f0inu.<a name=\"14\"><span class=\"versanumer\">14<\/span><\/a>Vi\u00f0 Mykjuhli\u00f0i\u00f0 gj\u00f6r\u00f0i Malk\u00eda Rekabsson, h\u00f6f\u00f0ingi yfir Bet Keremh\u00e9ra\u00f0i hann bygg\u00f0i \u00fea\u00f0 og setti hur\u00f0irnar \u00ed \u00fea\u00f0, lokurnar og slagbrandana.<a name=\"15\"><span class=\"versanumer\">15<\/span><\/a>Vi\u00f0 Lindarhli\u00f0i\u00f0 gj\u00f6r\u00f0i Sall\u00fan Kol H\u00f3seson, h\u00f6f\u00f0ingi yfir Mispah\u00e9ra\u00f0i hann bygg\u00f0i \u00fea\u00f0, gj\u00f6r\u00f0i \u00feak \u00e1 \u00fea\u00f0, setti hur\u00f0irnar \u00ed \u00fea\u00f0, lokurnar og slagbrandana, enn fremur m\u00farinn hj\u00e1 vatnsveitutj\u00f6rninni a\u00f0 K\u00f3ngsgar\u00f0inum og allt a\u00f0 tr\u00f6ppunum, er liggja ni\u00f0ur fr\u00e1 Dav\u00ed\u00f0sborg.<a name=\"16\"><span class=\"versanumer\">16<\/span><\/a>N\u00e6stur \u00e1 eftir honum hl\u00f3\u00f0 upp Nehem\u00eda Asb\u00faksson, h\u00f6f\u00f0ingi yfir h\u00e1lfu Bet S\u00farh\u00e9ra\u00f0i, \u00fear til komi\u00f0 var gegnt gr\u00f6fum Dav\u00ed\u00f0s og a\u00f0 tilb\u00fanu tj\u00f6rninni og kappah\u00fasinu.<a name=\"17\"><span class=\"versanumer\">17<\/span><\/a>N\u00e6stir \u00e1 eftir honum hl\u00f3\u00f0u upp lev\u00edtarnir, og var Reh\u00fam Ban\u00edson fyrir \u00feeim. N\u00e6stur \u00feeim hl\u00f3\u00f0 upp Hasabja, h\u00f6f\u00f0ingi yfir h\u00e1lfu Keg\u00edluh\u00e9ra\u00f0i, fyrir sitt h\u00e9ra\u00f0.<a name=\"18\"><span class=\"versanumer\">18<\/span><\/a>N\u00e6stir \u00e1 eftir honum hl\u00f3\u00f0u upp br\u00e6\u00f0ur \u00feeirra og fyrir \u00feeim Bavva\u00ed Henadadsson, h\u00f6f\u00f0ingi yfir hinum helming Keg\u00edluh\u00e9ra\u00f0s.<a name=\"19\"><span class=\"versanumer\">19<\/span><\/a>N\u00e6stur \u00feeim hl\u00f3\u00f0 upp Eser Jes\u00faason, h\u00f6f\u00f0ingi yfir Mispa, annan part, gegnt \u00fear sem gengi\u00f0 er upp \u00ed vopnab\u00fari\u00f0 \u00e1 horninu.<a name=\"20\"><span class=\"versanumer\">20<\/span><\/a>N\u00e6stur \u00e1 eftir honum, upp fjalli\u00f0, hl\u00f3\u00f0 upp Bar\u00fak Sabba\u00edson, annan part, fr\u00e1 horninu a\u00f0 dyrunum \u00e1 h\u00fasi Eljas\u00edbs \u00e6\u00f0sta prests.<a name=\"21\"><span class=\"versanumer\">21<\/span><\/a>N\u00e6stur \u00e1 eftir honum hl\u00f3\u00f0 upp Merem\u00f3t \u00dar\u00edason, Hakk\u00f3ssonar, annan part, fr\u00e1 dyrunum \u00e1 h\u00fasi Eljas\u00edbs a\u00f0 endanum \u00e1 h\u00fasi Eljas\u00edbs.<a name=\"22\"><span class=\"versanumer\">22<\/span><\/a>N\u00e6stir \u00e1 eftir honum hl\u00f3\u00f0u upp prestarnir, menn \u00fear \u00far grenndinni.<a name=\"23\"><span class=\"versanumer\">23<\/span><\/a>N\u00e6stir \u00e1 eftir \u00feeim hl\u00f3\u00f0u upp \u00feeir Benjam\u00edn og Hass\u00fab, gegnt h\u00fasi s\u00ednu. N\u00e6stur \u00e1 eftir \u00feeim hl\u00f3\u00f0 upp Asarja Maasejason, Ananjasonar, hj\u00e1 h\u00fasi s\u00ednu.<a name=\"24\"><span class=\"versanumer\">24<\/span><\/a>N\u00e6stur \u00e1 eftir honum hl\u00f3\u00f0 upp Binn\u00fa\u00ed Henadadsson, annan part, fr\u00e1 h\u00fasi Asarja a\u00f0 horninu, \u00fear a\u00f0 sem m\u00farinn beygir vi\u00f0.<a name=\"25\"><span class=\"versanumer\">25<\/span><\/a>Palal \u00dasa\u00edson gegnt horninu og efri turninum, sem gengur \u00fat \u00far h\u00f6ll konungs og heyrir til var\u00f0gar\u00f0sins. N\u00e6stur \u00e1 eftir honum Pedaja Par\u00f3sson.<a name=\"26\"><span class=\"versanumer\">26<\/span><\/a>En musteris\u00fej\u00f3narnir bjuggu \u00ed \u00d3fel, austur \u00e1 m\u00f3ts vi\u00f0 Vatnshli\u00f0i\u00f0 og turninn, er \u00fear gengur fram.<a name=\"27\"><span class=\"versanumer\">27<\/span><\/a>N\u00e6stir \u00e1 eftir honum hl\u00f3\u00f0u upp Tek\u00f3amenn, annan part, gegnt st\u00f3ra turninum, er \u00fear gekk fram, allt a\u00f0 \u00d3felm\u00farnum.<a name=\"28\"><span class=\"versanumer\">28<\/span><\/a>Fyrir ofan Hrossahli\u00f0i\u00f0 hl\u00f3\u00f0u prestarnir upp hver gegnt h\u00fasi s\u00ednu.<a name=\"29\"><span class=\"versanumer\">29<\/span><\/a>N\u00e6stur \u00e1 eftir \u00feeim hl\u00f3\u00f0 upp Sad\u00f3k Immersson gegnt h\u00fasi s\u00ednu. N\u00e6stur \u00e1 eftir honum hl\u00f3\u00f0 upp Semaja Sekanjason, v\u00f6r\u00f0ur Austurhli\u00f0sins.<a name=\"30\"><span class=\"versanumer\">30<\/span><\/a>N\u00e6stir \u00e1 eftir honum hl\u00f3\u00f0u upp \u00feeir Hananja Selemjason og Han\u00fan, sj\u00f6tti sonur Salafs, annan part. N\u00e6stur \u00e1 eftir \u00feeim hl\u00f3\u00f0 upp Mes\u00fallam Berek\u00edason, gegnt klefa s\u00ednum.<a name=\"31\"><span class=\"versanumer\">31<\/span><\/a>N\u00e6stur \u00e1 eftir honum hl\u00f3\u00f0 upp Malk\u00eda, einn af gullsmi\u00f0unum, allt a\u00f0 h\u00fasi musteris\u00fej\u00f3nanna, og kaupmennirnir gegnt M\u00edfka\u00f0hli\u00f0inu og allt a\u00f0 hornsv\u00f6lunum.<a name=\"32\"><span class=\"versanumer\">32<\/span><\/a>Og milli hornsvalanna og Sau\u00f0ahli\u00f0sins hl\u00f3\u00f0u gullsmi\u00f0irnir og kaupmennirnir.<\/p>\n<div class=\"footnote1981\"><b>3.1<\/b> Eljas\u00edb Esr 10.6+ &#8211; Hananelturn Neh 12.39; Jer 31.38; Sak 14.10<br \/>\n<b>3.3<\/b> Fiskihli\u00f0i\u00f0 sbr Neh 13.16<br \/>\n<b>3.26<\/b> Bjuggu \u00ed \u00d3fel Neh 11.21<\/div>\n","protected":false},"excerpt":{"rendered":"<p>1\u00de\u00e1 t\u00f3ku \u00feeir sig til, Eljas\u00edb \u00e6\u00f0sti prestur og br\u00e6\u00f0ur hans, prestarnir, og reistu Sau\u00f0ahli\u00f0i\u00f0 v\u00edg\u00f0u \u00feeir \u00fea\u00f0 og settu hur\u00f0irnar \u00ed \u00fea\u00f0 og allt a\u00f0 Hammeaturni hann v\u00edg\u00f0u \u00feeir allt a\u00f0 Hananelturni.2N\u00e6stir honum bygg\u00f0u Jer\u00edk\u00f3menn, og n\u00e6stur \u00feeim bygg\u00f0i Sakk\u00far Imr\u00edson.3Fiskhli\u00f0i\u00f0 bygg\u00f0u Senaamenn. \u00deeir gj\u00f6r\u00f0u \u00fear dyraumb\u00fana\u00f0 og settu hur\u00f0irnar \u00ed \u00fea\u00f0, lokurnar og slagbrandana.4N\u00e6stur \u00feeim hl\u00f3\u00f0 upp Merem\u00f3t \u00dar\u00edason, Hakk\u00f3ssonar. N\u00e6stur honum hl\u00f3\u00f0 upp Mes\u00fallam Berek\u00edason, Mesesabeelssonar. N\u00e6stur honum hl\u00f3\u00f0 upp Sad\u00f3k Baanason.5N\u00e6stir honum hl\u00f3\u00f0u upp Tek\u00f3amenn, en g\u00f6fugmenni \u00feeirra beyg\u00f0u ekki h\u00e1ls sinn undir \u00fej\u00f3nustu herra s\u00edns.6Vi\u00f0 gamla hli\u00f0i\u00f0 gj\u00f6r\u00f0u \u00feeir J\u00f3jada Paseason og Mes\u00fallam Bes\u00f3d\u00edason. \u00deeir <a href=\"https:\/\/biblian.is\/1981\/nehemiabok-3-kafli\/\"> [&#8230;]<\/a><\/p>\n","protected":false},"author":1,"featured_media":0,"parent":0,"menu_order":0,"comment_status":"open","ping_status":"open","template":"bibliukaflar.php","meta":{"footnotes":""},"class_list":["post-1762","page","type-page","status-publish","hentry"],"_links":{"self":[{"href":"https:\/\/biblian.is\/1981\/wp-json\/wp\/v2\/pages\/1762","targetHints":{"allow":["GET"]}}],"collection":[{"href":"https:\/\/biblian.is\/1981\/wp-json\/wp\/v2\/pages"}],"about":[{"href":"https:\/\/biblian.is\/1981\/wp-json\/wp\/v2\/types\/page"}],"author":[{"embeddable":true,"href":"https:\/\/biblian.is\/1981\/wp-json\/wp\/v2\/users\/1"}],"replies":[{"embeddable":true,"href":"https:\/\/biblian.is\/1981\/wp-json\/wp\/v2\/comments?post=1762"}],"version-history":[{"count":0,"href":"https:\/\/biblian.is\/1981\/wp-json\/wp\/v2\/pages\/1762\/revisions"}],"wp:attachment":[{"href":"https:\/\/biblian.is\/1981\/wp-json\/wp\/v2\/media?parent=1762"}],"curies":[{"name":"wp","href":"https:\/\/api.w.org\/{rel}","templated":true}]}}