{"id":1761,"date":"2017-11-18T20:18:33","date_gmt":"2017-11-18T20:18:33","guid":{"rendered":"http:\/\/biblian.is\/1981\/nehemiabok-2-kafli\/"},"modified":"2021-06-06T11:04:07","modified_gmt":"2021-06-06T11:04:07","slug":"nehemiabok-2-kafli","status":"publish","type":"page","link":"https:\/\/biblian.is\/1981\/nehemiabok-2-kafli\/","title":{"rendered":"Nehem\u00edab\u00f3k 2. kafli"},"content":{"rendered":"<p><a name=\"1\"><span class=\"versanumer\">1<\/span><\/a>\u00cd n\u00edsanm\u00e1nu\u00f0i \u00e1 tuttugasta r\u00edkis\u00e1ri Artahsasta konungs, \u00fe\u00e1 er v\u00edn st\u00f3\u00f0 fyrir framan konung, t\u00f3k \u00e9g v\u00edni\u00f0 og r\u00e9tti a\u00f0 honum, \u00e1n \u00feess a\u00f0 l\u00e1ta \u00e1 \u00fev\u00ed bera vi\u00f0 hann, hve illa l\u00e1 \u00e1 m\u00e9r.<a name=\"2\"><span class=\"versanumer\">2<\/span><\/a>En konungur sag\u00f0i vi\u00f0 mig: Hv\u00ed ert \u00fe\u00fa svo dapur \u00ed brag\u00f0i, \u00fear sem \u00fe\u00fa ert \u00fe\u00f3 ekki sj\u00fakur? \u00dea\u00f0 hl\u00fdtur a\u00f0 liggja illa \u00e1 \u00fe\u00e9r. \u00de\u00e1 var\u00f0 \u00e9g \u00e1kaflega hr\u00e6ddur.<a name=\"3\"><span class=\"versanumer\">3<\/span><\/a>Og \u00e9g sag\u00f0i vi\u00f0 konung: Konungurinn lifi eil\u00edflega! Hv\u00ed skyldi \u00e9g ekki vera dapur \u00ed brag\u00f0i, \u00fear sem borgin, er geymir grafir forfe\u00f0ra minna, er \u00ed ey\u00f0i l\u00f6g\u00f0 og hli\u00f0 hennar \u00ed eldi brennd?<a name=\"4\"><span class=\"versanumer\">4<\/span><\/a>&#8222;\u00de\u00e1 sag\u00f0i konungur vi\u00f0 mig: Hvers bei\u00f0ist \u00fe\u00fa \u00fe\u00e1? \u00de\u00e1 gj\u00f6r\u00f0i \u00e9g b\u00e6n m\u00edna til Gu\u00f0s himnanna;&#8220;<a name=\"5\"><span class=\"versanumer\">5<\/span><\/a>s\u00ed\u00f0an m\u00e6lti \u00e9g til konungs: Ef konungi \u00fe\u00f3knast svo og ef \u00fe\u00fa telur \u00fej\u00f3n \u00feinn til \u00feess f\u00e6ran, \u00fe\u00e1 send mig til J\u00fada, til borgar \u00feeirrar, er geymir grafir forfe\u00f0ra minna, til \u00feess a\u00f0 \u00e9g endurreisi hana.<a name=\"6\"><span class=\"versanumer\">6<\/span><\/a>Konungur m\u00e6lti til m\u00edn en drottning sat vi\u00f0 hli\u00f0 honum: Hversu lengi mun fer\u00f0 \u00fe\u00edn standa yfir, og hven\u00e6r kemur \u00fe\u00fa aftur? Og konungi \u00fe\u00f3kna\u00f0ist a\u00f0 senda mig, og \u00e9g tilt\u00f3k \u00e1kve\u00f0inn t\u00edma vi\u00f0 hann.<a name=\"7\"><span class=\"versanumer\">7<\/span><\/a>Og \u00e9g sag\u00f0i vi\u00f0 konung: Ef konunginum \u00fe\u00f3knast svo, \u00fe\u00e1 l\u00e1t f\u00e1 m\u00e9r br\u00e9f til landstj\u00f3ranna \u00ed h\u00e9ra\u00f0inu hinumegin Flj\u00f3ts, til \u00feess a\u00f0 \u00feeir leyfi m\u00e9r a\u00f0 fara um l\u00f6nd s\u00edn, \u00fear til er \u00e9g kem til J\u00fada,<a name=\"8\"><span class=\"versanumer\">8<\/span><\/a>og br\u00e9f til Asafs, sk\u00f3garvar\u00f0ar konungsins, til \u00feess a\u00f0 hann l\u00e1ti mig f\u00e1 vi\u00f0 til \u00feess a\u00f0 gj\u00f6ra af bj\u00e1lka \u00ed hli\u00f0 kastalans, er heyrir til musterisins, og til borgarm\u00faranna og til h\u00fassins, er \u00e9g mun fara \u00ed. Og konungur veitti m\u00e9r \u00fea\u00f0, me\u00f0 \u00fev\u00ed a\u00f0 h\u00f6nd Gu\u00f0s m\u00edns hv\u00edldi n\u00e1\u00f0arsamlega yfir m\u00e9r.<a name=\"9\"><span class=\"versanumer\">9<\/span><\/a>Og er \u00e9g kom til landstj\u00f3ranna \u00ed h\u00e9ra\u00f0inu hinumegin Flj\u00f3ts, \u00fe\u00e1 f\u00e9kk \u00e9g \u00feeim br\u00e9f konungs. Konungur sendi og me\u00f0 m\u00e9r h\u00f6fu\u00f0smenn og riddara.<a name=\"10\"><span class=\"versanumer\">10<\/span><\/a>En er Sanballat H\u00f3ron\u00edti og Tob\u00eda \u00fej\u00f3nn, Amm\u00f3n\u00edtinn, spur\u00f0u \u00fea\u00f0, gramdist \u00feeim \u00fea\u00f0 mikillega, a\u00f0 kominn skyldi vera ma\u00f0ur til a\u00f0 annast hagsmuni \u00cdsraelsmanna.<a name=\"11\"><span class=\"versanumer\">11<\/span><\/a>Og \u00e9g kom til Jer\u00fasalem, og er \u00e9g haf\u00f0i veri\u00f0 \u00fear \u00ferj\u00e1 daga,<a name=\"12\"><span class=\"versanumer\">12<\/span><\/a>f\u00f3r \u00e9g \u00e1 f\u00e6tur um n\u00f3tt og f\u00e1einir menn me\u00f0 m\u00e9r, \u00e1n \u00feess a\u00f0 hafa sagt nokkrum manni fr\u00e1 \u00fev\u00ed, er Gu\u00f0 minn bl\u00e9s m\u00e9r \u00ed brj\u00f3st a\u00f0 gj\u00f6ra fyrir Jer\u00fasalem, og \u00e1n \u00feess a\u00f0 nokkur skepna v\u00e6ri me\u00f0 m\u00e9r, nema skepnan, sem \u00e9g rei\u00f0.<a name=\"13\"><span class=\"versanumer\">13<\/span><\/a>Og \u00e9g f\u00f3r \u00fat um Dalshli\u00f0i\u00f0 um n\u00f3ttina og \u00ed \u00e1ttina til Drekalindar og Mykjuhli\u00f0s, og \u00e9g sko\u00f0a\u00f0i m\u00fara Jer\u00fasalem, hversu \u00feeir voru rifnir ni\u00f0ur og hli\u00f0 hennar \u00ed eldi brennd.<a name=\"14\"><span class=\"versanumer\">14<\/span><\/a>S\u00ed\u00f0an h\u00e9lt \u00e9g \u00e1fram til Lindarhli\u00f0s og Konungstjarnar. \u00de\u00e1 var skepnunni ekki lengur f\u00e6rt a\u00f0 komast \u00e1fram undir m\u00e9r.<a name=\"15\"><span class=\"versanumer\">15<\/span><\/a>Gekk \u00e9g \u00fe\u00e1 upp \u00ed dalinn um n\u00f3ttina og sko\u00f0a\u00f0i m\u00farinn. S\u00ed\u00f0an kom \u00e9g aftur inn um Dalshli\u00f0i\u00f0 og sneri heim.<a name=\"16\"><span class=\"versanumer\">16<\/span><\/a>En yfirmennirnir vissu ekki, hvert \u00e9g haf\u00f0i fari\u00f0 n\u00e9 hva\u00f0 \u00e9g \u00e6tla\u00f0i a\u00f0 gj\u00f6ra, me\u00f0 \u00fev\u00ed a\u00f0 \u00e9g haf\u00f0i enn ekki neitt sagt Gy\u00f0ingum n\u00e9 prestunum n\u00e9 tignarm\u00f6nnunum n\u00e9 yfirm\u00f6nnunum n\u00e9 \u00f6\u00f0rum \u00feeim, er a\u00f0 verkinu unnu.<a name=\"17\"><span class=\"versanumer\">17<\/span><\/a>Og \u00e9g sag\u00f0i n\u00fa vi\u00f0 \u00fe\u00e1: \u00de\u00e9r sj\u00e1i\u00f0, hversu illa v\u00e9r erum staddir, \u00fear sem Jer\u00fasalem er \u00ed ey\u00f0i l\u00f6g\u00f0 og hli\u00f0 hennar \u00ed eldi brennd. Komi\u00f0, v\u00e9r skulum endurreisa m\u00fara Jer\u00fasalem, svo a\u00f0 v\u00e9r ver\u00f0um ekki lengur haf\u00f0ir a\u00f0 spotti.<a name=\"18\"><span class=\"versanumer\">18<\/span><\/a>Og \u00e9g sag\u00f0i \u00feeim, hversu n\u00e1\u00f0arsamlega h\u00f6nd Gu\u00f0s m\u00edns hef\u00f0i hv\u00edlt yfir m\u00e9r, svo og or\u00f0 konungs, \u00feau er hann tala\u00f0i til m\u00edn. \u00de\u00e1 s\u00f6g\u00f0u \u00feeir: V\u00e9r viljum fara til og byggja! Og \u00feeir styrktu hendur s\u00ednar til hins g\u00f3\u00f0a verksins.<a name=\"19\"><span class=\"versanumer\">19<\/span><\/a>En er Sanballat H\u00f3ron\u00edti og Tob\u00eda \u00fej\u00f3nn, Amm\u00f3n\u00edtinn, og Gesem Arabi spur\u00f0u \u00feetta, gj\u00f6r\u00f0u \u00feeir gys a\u00f0 oss, s\u00fdndu oss fyrirlitningu og s\u00f6g\u00f0u: Hva\u00f0 er \u00feetta, sem \u00fe\u00e9r hafi\u00f0 fyrir stafni? \u00c6tli\u00f0 \u00fe\u00e9r a\u00f0 gj\u00f6ra uppreisn m\u00f3ti konunginum?<a name=\"20\"><span class=\"versanumer\">20<\/span><\/a>En \u00e9g svara\u00f0i \u00feeim og sag\u00f0i vi\u00f0 \u00fe\u00e1: Gu\u00f0 himnanna, hann mun l\u00e1ta oss takast \u00feetta, en v\u00e9r \u00fej\u00f3nar hans munum fara til og byggja. En \u00fe\u00e9r eigi\u00f0 enga hlutdeild n\u00e9 r\u00e9tt n\u00e9 minning \u00ed Jer\u00fasalem.<\/p>\n<div class=\"footnote1981\"><b>2.3<\/b> Er \u00ed r\u00fast 2Kon 25.8-10; Jer 52.12-14; 2Kro 36.19<br \/>\n<b>2.8<\/b> H\u00f6nd Gu\u00f0s Esr 7.6+<br \/>\n<b>2.9<\/b> Fylgdarli\u00f0 Esr 8.22+<br \/>\n<b>2.10<\/b> Sanballat Neh 2.19; 3.33; 4.1; 6.1; 13.28<br \/>\n<b>2.18<\/b> H\u00f6nd Gu\u00f0s Esr 7.6+<br \/>\n<b>2.19<\/b> Sanballat Neh 2.10+<\/div>\n","protected":false},"excerpt":{"rendered":"<p>1\u00cd n\u00edsanm\u00e1nu\u00f0i \u00e1 tuttugasta r\u00edkis\u00e1ri Artahsasta konungs, \u00fe\u00e1 er v\u00edn st\u00f3\u00f0 fyrir framan konung, t\u00f3k \u00e9g v\u00edni\u00f0 og r\u00e9tti a\u00f0 honum, \u00e1n \u00feess a\u00f0 l\u00e1ta \u00e1 \u00fev\u00ed bera vi\u00f0 hann, hve illa l\u00e1 \u00e1 m\u00e9r.2En konungur sag\u00f0i vi\u00f0 mig: Hv\u00ed ert \u00fe\u00fa svo dapur \u00ed brag\u00f0i, \u00fear sem \u00fe\u00fa ert \u00fe\u00f3 ekki sj\u00fakur? \u00dea\u00f0 hl\u00fdtur a\u00f0 liggja illa \u00e1 \u00fe\u00e9r. \u00de\u00e1 var\u00f0 \u00e9g \u00e1kaflega hr\u00e6ddur.3Og \u00e9g sag\u00f0i vi\u00f0 konung: Konungurinn lifi eil\u00edflega! Hv\u00ed skyldi \u00e9g ekki vera dapur \u00ed brag\u00f0i, \u00fear sem borgin, er geymir grafir forfe\u00f0ra minna, er \u00ed ey\u00f0i l\u00f6g\u00f0 og hli\u00f0 hennar \u00ed eldi brennd?4&#8222;\u00de\u00e1 sag\u00f0i konungur <a href=\"https:\/\/biblian.is\/1981\/nehemiabok-2-kafli\/\"> [&#8230;]<\/a><\/p>\n","protected":false},"author":1,"featured_media":0,"parent":0,"menu_order":0,"comment_status":"open","ping_status":"open","template":"bibliukaflar.php","meta":{"footnotes":""},"class_list":["post-1761","page","type-page","status-publish","hentry"],"_links":{"self":[{"href":"https:\/\/biblian.is\/1981\/wp-json\/wp\/v2\/pages\/1761","targetHints":{"allow":["GET"]}}],"collection":[{"href":"https:\/\/biblian.is\/1981\/wp-json\/wp\/v2\/pages"}],"about":[{"href":"https:\/\/biblian.is\/1981\/wp-json\/wp\/v2\/types\/page"}],"author":[{"embeddable":true,"href":"https:\/\/biblian.is\/1981\/wp-json\/wp\/v2\/users\/1"}],"replies":[{"embeddable":true,"href":"https:\/\/biblian.is\/1981\/wp-json\/wp\/v2\/comments?post=1761"}],"version-history":[{"count":0,"href":"https:\/\/biblian.is\/1981\/wp-json\/wp\/v2\/pages\/1761\/revisions"}],"wp:attachment":[{"href":"https:\/\/biblian.is\/1981\/wp-json\/wp\/v2\/media?parent=1761"}],"curies":[{"name":"wp","href":"https:\/\/api.w.org\/{rel}","templated":true}]}}