{"id":1760,"date":"2017-11-18T20:18:33","date_gmt":"2017-11-18T20:18:33","guid":{"rendered":"http:\/\/biblian.is\/1981\/nehemiabok-1-kafli\/"},"modified":"2021-06-06T11:04:05","modified_gmt":"2021-06-06T11:04:05","slug":"nehemiabok-1-kafli","status":"publish","type":"page","link":"https:\/\/biblian.is\/1981\/nehemiabok-1-kafli\/","title":{"rendered":"Nehem\u00edab\u00f3k 1. kafli"},"content":{"rendered":"<p><a name=\"1\"><span class=\"versanumer\">1<\/span><\/a>Fr\u00e1s\u00f6gn Nehem\u00eda Hakal\u00edasonar. \u00cd kislevm\u00e1nu\u00f0i tuttugasta \u00e1ri\u00f0, \u00fe\u00e1 er \u00e9g var \u00ed borginni S\u00fasa,<a name=\"2\"><span class=\"versanumer\">2<\/span><\/a>kom Hanan\u00ed, einn af br\u00e6\u00f0rum m\u00ednum, \u00e1samt nokkrum m\u00f6nnum fr\u00e1 J\u00fada. Spur\u00f0i \u00e9g \u00fe\u00e1 um Gy\u00f0inga, \u00fe\u00e1 er undan komust, \u00fe\u00e1 er eftir voru af hinum herleiddu, og um Jer\u00fasalem.<a name=\"3\"><span class=\"versanumer\">3<\/span><\/a>Og \u00feeir sv\u00f6ru\u00f0u m\u00e9r: Leifarnar \u00feeir er eftir eru af hinum herleiddu \u00fear \u00ed skattlandinu, eru mj\u00f6g illa staddir og \u00ed fyrirlitningu, me\u00f0 \u00fev\u00ed a\u00f0 m\u00farar Jer\u00fasalem eru ni\u00f0ur brotnir og borgarhli\u00f0in \u00ed eldi brennd.<a name=\"4\"><span class=\"versanumer\">4<\/span><\/a>\u00deegar \u00e9g heyr\u00f0i \u00feessi t\u00ed\u00f0indi, \u00fe\u00e1 settist \u00e9g ni\u00f0ur og gr\u00e9t og harma\u00f0i d\u00f6gum saman, og \u00e9g fasta\u00f0i og var \u00e1 b\u00e6n til Gu\u00f0s himnanna.<a name=\"5\"><span class=\"versanumer\">5<\/span><\/a>Og \u00e9g sag\u00f0i: \u00c6, Drottinn, Gu\u00f0 himnanna, \u00fe\u00fa mikli og \u00f3gurlegi Gu\u00f0, sem heldur s\u00e1ttm\u00e1lann og miskunnsemina vi\u00f0 \u00fe\u00e1, sem elska hann og var\u00f0veita bo\u00f0or\u00f0 hans.<a name=\"6\"><span class=\"versanumer\">6<\/span><\/a>L\u00e1t eyra \u00feitt vera gaumg\u00e6fi\u00f0 og augu \u00fe\u00edn opin, til \u00feess a\u00f0 \u00fe\u00fa heyrir b\u00e6n \u00fej\u00f3ns \u00fe\u00edns, \u00fe\u00e1 er \u00e9g n\u00fa bi\u00f0 frammi fyrir \u00fe\u00e9r b\u00e6\u00f0i daga og n\u00e6tur sakir \u00cdsraelsmanna, \u00fej\u00f3na \u00feinna, me\u00f0 \u00fev\u00ed a\u00f0 \u00e9g j\u00e1ta syndir \u00cdsraelsmanna, er \u00feeir hafa dr\u00fdgt m\u00f3ti \u00fe\u00e9r. \u00c9g og \u00e6ttf\u00f3lk mitt h\u00f6fum og syndga\u00f0.<a name=\"7\"><span class=\"versanumer\">7<\/span><\/a>V\u00e9r h\u00f6fum breytt illa gagnvart \u00fe\u00e9r og ekki var\u00f0veitt bo\u00f0or\u00f0in, l\u00f6gin og \u00e1kv\u00e6\u00f0in, er \u00fe\u00fa lag\u00f0ir fyrir M\u00f3se, \u00fej\u00f3n \u00feinn.<a name=\"8\"><span class=\"versanumer\">8<\/span><\/a>Minnstu or\u00f0sins, er \u00fe\u00fa bau\u00f0st M\u00f3se, \u00fej\u00f3ni \u00fe\u00ednum, segjandi: Ef \u00fe\u00e9r breg\u00f0i\u00f0 tr\u00fana\u00f0i, mun \u00e9g tv\u00edstra y\u00f0ur me\u00f0al \u00fej\u00f3\u00f0anna.<a name=\"9\"><span class=\"versanumer\">9<\/span><\/a>En \u00feegar \u00fe\u00e9r hverfi\u00f0 aftur til m\u00edn og var\u00f0veiti\u00f0 bo\u00f0or\u00f0 m\u00edn og breyti\u00f0 eftir \u00feeim \u00fe\u00f3tt y\u00f0ar brottreknu v\u00e6ru yst vi\u00f0 skaut himinsins, \u00fe\u00e1 mun \u00e9g saman safna \u00feeim \u00fea\u00f0an og lei\u00f0a \u00fe\u00e1 til \u00feess sta\u00f0ar, er \u00e9g hefi vali\u00f0 til \u00feess a\u00f0 l\u00e1ta nafn mitt b\u00faa \u00fear.<a name=\"10\"><span class=\"versanumer\">10<\/span><\/a>\u00dev\u00ed a\u00f0 \u00fe\u00ednir \u00fej\u00f3nar eru \u00feeir og \u00feinn l\u00fd\u00f0ur, er \u00fe\u00fa frelsa\u00f0ir me\u00f0 miklum m\u00e6tti \u00fe\u00ednum og me\u00f0 sterkri hendi \u00feinni.<a name=\"11\"><span class=\"versanumer\">11<\/span><\/a>\u00c6, herra, l\u00e1t eyra \u00feitt vera gaumg\u00e6fi\u00f0 a\u00f0 b\u00e6n \u00fej\u00f3ns \u00fe\u00edns og b\u00e6n \u00fej\u00f3na \u00feinna, er f\u00faslega \u00f3ttast nafn \u00feitt. Fars\u00e6l \u00fej\u00f3n \u00feinn \u00ed dag og l\u00e1t hann finna me\u00f0aumkun hj\u00e1 manni \u00feessum. \u00c9g var \u00fe\u00e1 byrlari hj\u00e1 konungi.<\/p>\n<div class=\"footnote1981\"><b>1.5<\/b> Gu\u00f0 heldur s\u00e1ttm\u00e1lann  5M\u00f3s 7.9+<br \/>\n<b>1.6<\/b> Augu og eyru opin 2Kro 6.40<br \/>\n<b>1.8<\/b> \u00c9g tv\u00edstra ykkur 3M\u00f3s 26.33; 5M\u00f3s 4.27; 28.63<br \/>\n<b>1.10<\/b> Me\u00f0 miklum m\u00e6tti og styrkri hendi 2M\u00f3s 32.11; 5M\u00f3s 9.29<\/div>\n","protected":false},"excerpt":{"rendered":"<p>1Fr\u00e1s\u00f6gn Nehem\u00eda Hakal\u00edasonar. \u00cd kislevm\u00e1nu\u00f0i tuttugasta \u00e1ri\u00f0, \u00fe\u00e1 er \u00e9g var \u00ed borginni S\u00fasa,2kom Hanan\u00ed, einn af br\u00e6\u00f0rum m\u00ednum, \u00e1samt nokkrum m\u00f6nnum fr\u00e1 J\u00fada. Spur\u00f0i \u00e9g \u00fe\u00e1 um Gy\u00f0inga, \u00fe\u00e1 er undan komust, \u00fe\u00e1 er eftir voru af hinum herleiddu, og um Jer\u00fasalem.3Og \u00feeir sv\u00f6ru\u00f0u m\u00e9r: Leifarnar \u00feeir er eftir eru af hinum herleiddu \u00fear \u00ed skattlandinu, eru mj\u00f6g illa staddir og \u00ed fyrirlitningu, me\u00f0 \u00fev\u00ed a\u00f0 m\u00farar Jer\u00fasalem eru ni\u00f0ur brotnir og borgarhli\u00f0in \u00ed eldi brennd.4\u00deegar \u00e9g heyr\u00f0i \u00feessi t\u00ed\u00f0indi, \u00fe\u00e1 settist \u00e9g ni\u00f0ur og gr\u00e9t og harma\u00f0i d\u00f6gum saman, og \u00e9g fasta\u00f0i og var \u00e1 b\u00e6n til Gu\u00f0s <a href=\"https:\/\/biblian.is\/1981\/nehemiabok-1-kafli\/\"> [&#8230;]<\/a><\/p>\n","protected":false},"author":1,"featured_media":0,"parent":0,"menu_order":0,"comment_status":"open","ping_status":"open","template":"bibliukaflar.php","meta":{"footnotes":""},"class_list":["post-1760","page","type-page","status-publish","hentry"],"_links":{"self":[{"href":"https:\/\/biblian.is\/1981\/wp-json\/wp\/v2\/pages\/1760","targetHints":{"allow":["GET"]}}],"collection":[{"href":"https:\/\/biblian.is\/1981\/wp-json\/wp\/v2\/pages"}],"about":[{"href":"https:\/\/biblian.is\/1981\/wp-json\/wp\/v2\/types\/page"}],"author":[{"embeddable":true,"href":"https:\/\/biblian.is\/1981\/wp-json\/wp\/v2\/users\/1"}],"replies":[{"embeddable":true,"href":"https:\/\/biblian.is\/1981\/wp-json\/wp\/v2\/comments?post=1760"}],"version-history":[{"count":0,"href":"https:\/\/biblian.is\/1981\/wp-json\/wp\/v2\/pages\/1760\/revisions"}],"wp:attachment":[{"href":"https:\/\/biblian.is\/1981\/wp-json\/wp\/v2\/media?parent=1760"}],"curies":[{"name":"wp","href":"https:\/\/api.w.org\/{rel}","templated":true}]}}