{"id":1759,"date":"2017-11-18T20:18:33","date_gmt":"2017-11-18T20:18:33","guid":{"rendered":"http:\/\/biblian.is\/1981\/esrabok-10-kafli\/"},"modified":"2021-06-06T10:51:00","modified_gmt":"2021-06-06T10:51:00","slug":"esrabok-10-kafli","status":"publish","type":"page","link":"https:\/\/biblian.is\/1981\/esrabok-10-kafli\/","title":{"rendered":"Esrab\u00f3k 10. kafli"},"content":{"rendered":"<p><a name=\"1\"><span class=\"versanumer\">1<\/span><\/a>Me\u00f0an Esra ba\u00f0st \u00feannig fyrir og bar fram j\u00e1tning s\u00edna gr\u00e1tandi og kn\u00e9fallandi frammi fyrir musteri Gu\u00f0s, safna\u00f0ist til hans mj\u00f6g mikill skari \u00cdsraelsmanna, karlar og konur og b\u00f6rn, \u00fev\u00ed a\u00f0 f\u00f3lki\u00f0 gr\u00e9t h\u00e1st\u00f6fum.<a name=\"2\"><span class=\"versanumer\">2<\/span><\/a>\u00de\u00e1 t\u00f3k Sekanja Jeh\u00edelsson, af ni\u00f0jum Elams, til m\u00e1ls og sag\u00f0i vi\u00f0 Esra: V\u00e9r h\u00f6fum broti\u00f0 \u00e1 m\u00f3ti Gu\u00f0i vorum, \u00fear sem v\u00e9r h\u00f6fum gengi\u00f0 a\u00f0 eiga \u00fatlendar konur af hinum hei\u00f0nu \u00edb\u00faum landsins. \u00de\u00f3 er ekki \u00f6ll von \u00fati fyrir \u00cdsrael \u00ed \u00feessu efni.<a name=\"3\"><span class=\"versanumer\">3<\/span><\/a>Fyrir \u00fev\u00ed skulum v\u00e9r n\u00fa gj\u00f6ra s\u00e1ttm\u00e1la vi\u00f0 Gu\u00f0 vorn um a\u00f0 reka burt allar \u00feessar konur og b\u00f6rn \u00feau, er af \u00feeim eru f\u00e6dd, eftir r\u00e1\u00f0um herra m\u00edns og \u00feeirra manna, er \u00f3ttast bo\u00f0or\u00f0 Gu\u00f0s vors, og \u00fea\u00f0 skal ver\u00f0a fari\u00f0 eftir l\u00f6gm\u00e1linu.<a name=\"4\"><span class=\"versanumer\">4<\/span><\/a>R\u00eds upp, \u00fev\u00ed a\u00f0 m\u00e1l \u00feetta hv\u00edlir \u00e1 \u00fe\u00e9r, og v\u00e9r munum sty\u00f0ja \u00feig. Hertu n\u00fa upp hugann og framkv\u00e6mdu \u00feetta.<a name=\"5\"><span class=\"versanumer\">5<\/span><\/a>\u00de\u00e1 reis Esra upp og l\u00e9t presta- og lev\u00edtah\u00f6f\u00f0ingjana og allan \u00cdsrael vinna ei\u00f0 a\u00f0 \u00fev\u00ed, a\u00f0 \u00feeir skyldu heg\u00f0a s\u00e9r eftir \u00feessu, og unnu \u00feeir ei\u00f0inn.<a name=\"6\"><span class=\"versanumer\">6<\/span><\/a>Og Esra reis upp og gekk burt \u00fea\u00f0an er hann haf\u00f0i veri\u00f0, fyrir framan musteri Gu\u00f0s, og inn \u00ed herbergi J\u00f3hanans Eljas\u00edbssonar. \u00dear var hann um n\u00f3ttina og neytti hvorki brau\u00f0s n\u00e9 drakk vatn, \u00fev\u00ed a\u00f0 hann var hryggur yfir trygg\u00f0rofi hinna herleiddu.<a name=\"7\"><span class=\"versanumer\">7<\/span><\/a>Og menn l\u00e9tu bo\u00f0 \u00fat ganga um J\u00fada og Jer\u00fasalem til allra \u00feeirra, er heim voru komnir \u00far herlei\u00f0ingunni, a\u00f0 safnast saman \u00ed Jer\u00fasalem.<a name=\"8\"><span class=\"versanumer\">8<\/span><\/a>Og hver s\u00e1, er eigi k\u00e6mi innan \u00feriggja daga, samkv\u00e6mt r\u00e1\u00f0st\u00f6fun h\u00f6f\u00f0ingjanna og \u00f6ldunganna allar eigur hans skyldu banni helga\u00f0ar og hann sj\u00e1lfur rekinn \u00far s\u00f6fnu\u00f0i hinna herleiddu.<a name=\"9\"><span class=\"versanumer\">9<\/span><\/a>\u00de\u00e1 s\u00f6fnu\u00f0ust allir J\u00fadamenn og Benjam\u00edns saman \u00ed Jer\u00fasalem \u00e1 \u00feri\u00f0ja degi, \u00fea\u00f0 var \u00ed n\u00edunda m\u00e1nu\u00f0inum, \u00e1 tuttugasta degi m\u00e1na\u00f0arins. Og allt f\u00f3lki\u00f0 sat \u00e1 au\u00f0a sv\u00e6\u00f0inu fram undan musteri Gu\u00f0s, skj\u00e1lfandi \u00fat af \u00feessu og af \u00fev\u00ed a\u00f0 st\u00f3rrigning var.<a name=\"10\"><span class=\"versanumer\">10<\/span><\/a>\u00de\u00e1 st\u00f3\u00f0 Esra prestur upp og m\u00e6lti til \u00feeirra: \u00de\u00e9r hafi\u00f0 rofi\u00f0 trygg\u00f0ir, me\u00f0 \u00fev\u00ed a\u00f0 ganga a\u00f0 eiga \u00fatlendar konur, til \u00feess a\u00f0 auka \u00e1 sekt \u00cdsraels.<a name=\"11\"><span class=\"versanumer\">11<\/span><\/a>Gj\u00f6ri\u00f0 \u00fev\u00ed j\u00e1tningu frammi fyrir Drottni, Gu\u00f0i fe\u00f0ra y\u00f0ar, og gj\u00f6ri\u00f0 hans vilja og skilji\u00f0 y\u00f0ur fr\u00e1 hinum hei\u00f0nu \u00edb\u00faum landsins og fr\u00e1 hinum \u00fatlendu konum.<a name=\"12\"><span class=\"versanumer\">12<\/span><\/a>Og allur s\u00f6fnu\u00f0urinn svara\u00f0i og sag\u00f0i me\u00f0 h\u00e1rri r\u00f6ddu: Svo sem \u00fe\u00fa hefir sagt, \u00feannig er oss skylt a\u00f0 breyta.<a name=\"13\"><span class=\"versanumer\">13<\/span><\/a>En f\u00f3lki\u00f0 er margt og rigningat\u00edmi, svo a\u00f0 v\u00e9r getum ekki sta\u00f0i\u00f0 \u00fati. \u00deetta er og meira en eins e\u00f0a tveggja daga verk, \u00fev\u00ed a\u00f0 v\u00e9r h\u00f6fum margfaldlega broti\u00f0 \u00ed \u00feessu efni.<a name=\"14\"><span class=\"versanumer\">14<\/span><\/a>Gangi \u00fev\u00ed h\u00f6f\u00f0ingjar vorir fram fyrir allan s\u00f6fnu\u00f0inn, og allir \u00feeir \u00ed borgum vorum, er gengi\u00f0 hafa a\u00f0 eiga \u00fatlendar konur, skulu koma hver \u00e1 tilteknum t\u00edma, og me\u00f0 \u00feeim \u00f6ldungar hverrar borgar og d\u00f3marar hennar, \u00fear til er \u00feeir hafa sn\u00fai\u00f0 hinni brennandi rei\u00f0i Gu\u00f0s vors fr\u00e1 oss a\u00f0 \u00fev\u00ed er m\u00e1l \u00feetta snertir.<a name=\"15\"><span class=\"versanumer\">15<\/span><\/a>\u00deeir J\u00f3natan Asahelsson og Jahseja Tikvason einir m\u00f3tm\u00e6ltu \u00feessu, og Mes\u00fallam og Sabta\u00ed lev\u00edti studdu \u00fe\u00e1.<a name=\"16\"><span class=\"versanumer\">16<\/span><\/a>\u00deeir, sem heim voru komnir \u00far herlei\u00f0ingunni, gj\u00f6r\u00f0u svo, og Esra prestur valdi s\u00e9r menn, \u00e6tth\u00f6f\u00f0ingja hinna einst\u00f6ku \u00e6tta, og \u00fe\u00e1 alla me\u00f0 nafni, og settust \u00feeir \u00e1 r\u00e1\u00f0stefnu hinn fyrsta dag hins t\u00edunda m\u00e1na\u00f0ar til \u00feess a\u00f0 rannsaka m\u00e1li\u00f0.<a name=\"17\"><span class=\"versanumer\">17<\/span><\/a>Og \u00feeir h\u00f6f\u00f0u a\u00f0 \u00f6llu leyti \u00fatklj\u00e1\u00f0 m\u00e1l \u00feeirra manna, er gengi\u00f0 h\u00f6f\u00f0u a\u00f0 eiga \u00fatlendar konur, fyrir fyrsta dag hins fyrsta m\u00e1na\u00f0ar.<a name=\"18\"><span class=\"versanumer\">18<\/span><\/a>Af ni\u00f0jum prestanna fundust \u00feessir, er gengi\u00f0 h\u00f6f\u00f0u a\u00f0 eiga \u00fatlendar konur:  Af ni\u00f0jum J\u00f3s\u00faa J\u00f3sadakssonar og br\u00e6\u00f0rum hans: Maaseja, El\u00edeser, Jar\u00edb og Gedalja.<a name=\"19\"><span class=\"versanumer\">19<\/span><\/a>Lofu\u00f0u \u00feeir me\u00f0 handsali a\u00f0 reka fr\u00e1 s\u00e9r konur s\u00ednar og a\u00f0 f\u00f3rna hr\u00fat vegna sektar sinnar.<a name=\"20\"><span class=\"versanumer\">20<\/span><\/a>Af ni\u00f0jum Immers: Hanan\u00ed og Sebad\u00eda.<a name=\"21\"><span class=\"versanumer\">21<\/span><\/a>Af afkomendum Har\u00edms: Maaseja, El\u00eda, Semaja, Jeh\u00edel og \u00das\u00eda.<a name=\"22\"><span class=\"versanumer\">22<\/span><\/a>Af ni\u00f0jum Pash\u00fars: Elj\u00f3ena\u00ed, Maaseja, \u00cdsmael, Netaneel, J\u00f3sabad og Elasa.<a name=\"23\"><span class=\"versanumer\">23<\/span><\/a>Af lev\u00edtunum: J\u00f3sabad, S\u00edme\u00ed og Kelaja \u00fea\u00f0 er Kel\u00edta, Petahja, J\u00fada og El\u00edeser.<a name=\"24\"><span class=\"versanumer\">24<\/span><\/a>Af s\u00f6ngvurunum: Eljas\u00edb.  Af hli\u00f0v\u00f6r\u00f0unum: Sall\u00fam, Telem og \u00dar\u00ed.<a name=\"25\"><span class=\"versanumer\">25<\/span><\/a>Af \u00cdsrael:  Af ni\u00f0jum Par\u00f3s: Ramja, Jis\u00eda, Malk\u00eda, M\u00edjam\u00edn, Eleasar, Malk\u00eda og Benaja.<a name=\"26\"><span class=\"versanumer\">26<\/span><\/a>Af ni\u00f0jum Elams: Mattanja, Sakar\u00eda, Jeh\u00edel, Abd\u00ed, Jerem\u00f3t og El\u00eda.<a name=\"27\"><span class=\"versanumer\">27<\/span><\/a>Af ni\u00f0jum Satt\u00fa: Elj\u00f3ena\u00ed, Eljas\u00edb, Mattanja, Jerem\u00f3t, Sabad og As\u00edsa.<a name=\"28\"><span class=\"versanumer\">28<\/span><\/a>Af ni\u00f0jum Beba\u00ed: J\u00f3hanan, Hananja, Sabba\u00ed og Atla\u00ed.<a name=\"29\"><span class=\"versanumer\">29<\/span><\/a>Af ni\u00f0jum Ban\u00ed: Mes\u00fallam, Mall\u00fak og Adaja, Jas\u00fab, Seal, Jeram\u00f3t.<a name=\"30\"><span class=\"versanumer\">30<\/span><\/a>Af ni\u00f0jum Pahat M\u00f3abs: Adna, Kelal, Benaja, Maaseja, Mattanja, Besaleel, Binn\u00fa\u00ed og Manasse.<a name=\"31\"><span class=\"versanumer\">31<\/span><\/a>Ni\u00f0jar Har\u00edms: El\u00edeser, Jis\u00eda, Malk\u00eda, Semaja, S\u00edmeon,<a name=\"32\"><span class=\"versanumer\">32<\/span><\/a>Benjam\u00edn, Mall\u00fak, Semarja.<a name=\"33\"><span class=\"versanumer\">33<\/span><\/a>Af ni\u00f0jum Has\u00fams: Matna\u00ed, Mattatta, Sabad, El\u00edfelet, Jerema\u00ed, Manasse, S\u00edme\u00ed.<a name=\"34\"><span class=\"versanumer\">34<\/span><\/a>Af ni\u00f0jum Ban\u00ed: Maada\u00ed, Amram, \u00dael,<a name=\"35\"><span class=\"versanumer\">35<\/span><\/a>Benaja, Bedja, Kel\u00fah\u00ed,<a name=\"36\"><span class=\"versanumer\">36<\/span><\/a>Vanja, Merem\u00f3t, Eljas\u00edb,<a name=\"37\"><span class=\"versanumer\">37<\/span><\/a>Mattanja, Matna\u00ed, Jaasa\u00ed,<a name=\"38\"><span class=\"versanumer\">38<\/span><\/a>Ban\u00ed, Binn\u00fa\u00ed, S\u00edme\u00ed,<a name=\"39\"><span class=\"versanumer\">39<\/span><\/a>Selemja, Natan, Adaja,<a name=\"40\"><span class=\"versanumer\">40<\/span><\/a>Maknadba\u00ed, Sasa\u00ed, Sara\u00ed,<a name=\"41\"><span class=\"versanumer\">41<\/span><\/a>Asareel, Selemja, Semarja,<a name=\"42\"><span class=\"versanumer\">42<\/span><\/a>Sall\u00fam, Amarja, J\u00f3sef.<a name=\"43\"><span class=\"versanumer\">43<\/span><\/a>Af ni\u00f0jum Neb\u00f3s: Je\u00edel, Mattija, Sabad, Seb\u00edna, Jadda\u00ed, J\u00f3el, Benaja.<a name=\"44\"><span class=\"versanumer\">44<\/span><\/a>Allir \u00feessir h\u00f6f\u00f0u gengi\u00f0 a\u00f0 eiga \u00fatlendar konur. Og \u00fea\u00f0 voru konur me\u00f0al \u00feeirra, sem h\u00f6f\u00f0u ali\u00f0 b\u00f6rn.<\/p>\n<div class=\"footnote1981\"><b>10.2<\/b> \u00datlendar konur Esr 9.2+<br \/>\n<b>10.6<\/b> Eljas\u00edb sbr Neh 3.1; 13.28<br \/>\n<b>10.11<\/b> Gj\u00f6ri\u00f0 j\u00e1tningu J\u00f3s 7.19; Jer 13.16; Mal 2.2<\/div>\n","protected":false},"excerpt":{"rendered":"<p>1Me\u00f0an Esra ba\u00f0st \u00feannig fyrir og bar fram j\u00e1tning s\u00edna gr\u00e1tandi og kn\u00e9fallandi frammi fyrir musteri Gu\u00f0s, safna\u00f0ist til hans mj\u00f6g mikill skari \u00cdsraelsmanna, karlar og konur og b\u00f6rn, \u00fev\u00ed a\u00f0 f\u00f3lki\u00f0 gr\u00e9t h\u00e1st\u00f6fum.2\u00de\u00e1 t\u00f3k Sekanja Jeh\u00edelsson, af ni\u00f0jum Elams, til m\u00e1ls og sag\u00f0i vi\u00f0 Esra: V\u00e9r h\u00f6fum broti\u00f0 \u00e1 m\u00f3ti Gu\u00f0i vorum, \u00fear sem v\u00e9r h\u00f6fum gengi\u00f0 a\u00f0 eiga \u00fatlendar konur af hinum hei\u00f0nu \u00edb\u00faum landsins. \u00de\u00f3 er ekki \u00f6ll von \u00fati fyrir \u00cdsrael \u00ed \u00feessu efni.3Fyrir \u00fev\u00ed skulum v\u00e9r n\u00fa gj\u00f6ra s\u00e1ttm\u00e1la vi\u00f0 Gu\u00f0 vorn um a\u00f0 reka burt allar \u00feessar konur og b\u00f6rn \u00feau, er af \u00feeim <a href=\"https:\/\/biblian.is\/1981\/esrabok-10-kafli\/\"> [&#8230;]<\/a><\/p>\n","protected":false},"author":1,"featured_media":0,"parent":0,"menu_order":0,"comment_status":"open","ping_status":"open","template":"bibliukaflar.php","meta":{"footnotes":""},"class_list":["post-1759","page","type-page","status-publish","hentry"],"_links":{"self":[{"href":"https:\/\/biblian.is\/1981\/wp-json\/wp\/v2\/pages\/1759","targetHints":{"allow":["GET"]}}],"collection":[{"href":"https:\/\/biblian.is\/1981\/wp-json\/wp\/v2\/pages"}],"about":[{"href":"https:\/\/biblian.is\/1981\/wp-json\/wp\/v2\/types\/page"}],"author":[{"embeddable":true,"href":"https:\/\/biblian.is\/1981\/wp-json\/wp\/v2\/users\/1"}],"replies":[{"embeddable":true,"href":"https:\/\/biblian.is\/1981\/wp-json\/wp\/v2\/comments?post=1759"}],"version-history":[{"count":0,"href":"https:\/\/biblian.is\/1981\/wp-json\/wp\/v2\/pages\/1759\/revisions"}],"wp:attachment":[{"href":"https:\/\/biblian.is\/1981\/wp-json\/wp\/v2\/media?parent=1759"}],"curies":[{"name":"wp","href":"https:\/\/api.w.org\/{rel}","templated":true}]}}