{"id":1758,"date":"2017-11-18T20:18:33","date_gmt":"2017-11-18T20:18:33","guid":{"rendered":"http:\/\/biblian.is\/1981\/esrabok-9-kafli\/"},"modified":"2021-06-06T10:51:03","modified_gmt":"2021-06-06T10:51:03","slug":"esrabok-9-kafli","status":"publish","type":"page","link":"https:\/\/biblian.is\/1981\/esrabok-9-kafli\/","title":{"rendered":"Esrab\u00f3k 9. kafli"},"content":{"rendered":"<p><a name=\"1\"><span class=\"versanumer\">1<\/span><\/a>\u00deegar \u00feessu var loki\u00f0, komu h\u00f6f\u00f0ingjarnir til m\u00edn og s\u00f6g\u00f0u: \u00cdsraelsl\u00fd\u00f0ur og prestarnir og lev\u00edtarnir hafa ekki haldi\u00f0 s\u00e9r fr\u00e1 hinum hei\u00f0nu \u00edb\u00faum landsins, sem skylt hef\u00f0i veri\u00f0 vegna vi\u00f0urstygg\u00f0a \u00feeirra, fr\u00e1 Kanaan\u00edtum, Het\u00edtum, Peres\u00edtum, Jeb\u00fas\u00edtum, Amm\u00f3n\u00edtum, M\u00f3ab\u00edtum, Egyptum og Am\u00f3r\u00edtum,<a name=\"2\"><span class=\"versanumer\">2<\/span><\/a>\u00fev\u00ed a\u00f0 \u00feeir hafa teki\u00f0 s\u00e9r og sonum s\u00ednum konur af d\u00e6trum \u00feeirra, og \u00feannig hefir hinn heilagi \u00e6ttstofn haft m\u00f6k vi\u00f0 hina hei\u00f0nu \u00edb\u00faa landsins, og hafa h\u00f6f\u00f0ingjarnir og yfirmennirnir gengi\u00f0 \u00e1 undan \u00ed \u00feessu trygg\u00f0rofi.<a name=\"3\"><span class=\"versanumer\">3<\/span><\/a>\u00deegar \u00e9g heyr\u00f0i \u00feetta, reif \u00e9g kyrtil minn og yfirh\u00f6fn m\u00edna, reytti h\u00e1r mitt og skegg og sat agndofa.<a name=\"4\"><span class=\"versanumer\">4<\/span><\/a>\u00de\u00e1 s\u00f6fnu\u00f0ust til m\u00edn allir \u00feeir, er \u00f3ttu\u00f0ust or\u00f0 \u00cdsraels Gu\u00f0s, \u00fat af trygg\u00f0rofi hinna hernumdu, en \u00e9g sat agndofa allt til kveldf\u00f3rnar.<a name=\"5\"><span class=\"versanumer\">5<\/span><\/a>En er a\u00f0 kveldf\u00f3rninni var komi\u00f0, st\u00f3\u00f0 \u00e9g upp fr\u00e1 f\u00f6stu minni og reif um lei\u00f0 enn a\u00f0 n\u00fdju kyrtil minn og yfirh\u00f6fn m\u00edna. S\u00ed\u00f0an f\u00e9ll \u00e9g \u00e1 kn\u00e9, f\u00f3rna\u00f0i h\u00f6ndum til Drottins, Gu\u00f0s m\u00edns,<a name=\"6\"><span class=\"versanumer\">6<\/span><\/a>og sag\u00f0i:  Gu\u00f0 minn, \u00e9g fyrirver\u00f0 mig og blyg\u00f0ast m\u00edn a\u00f0 hefja auglit mitt til \u00fe\u00edn, \u00f3 minn Gu\u00f0! \u00dev\u00ed a\u00f0 misgj\u00f6r\u00f0ir vorar eru vaxnar oss yfir h\u00f6fu\u00f0 og sekt vor or\u00f0in svo mikil, a\u00f0 h\u00fan n\u00e6r til himins.<a name=\"7\"><span class=\"versanumer\">7<\/span><\/a>Allt fr\u00e1 d\u00f6gum fe\u00f0ra vorra fram \u00e1 \u00feennan dag h\u00f6fum v\u00e9r veri\u00f0 \u00ed mikilli sekt, og vegna misgj\u00f6r\u00f0a vorra h\u00f6fum v\u00e9r veri\u00f0 ofurseldir, konungar vorir og prestar vorir, \u00ed hendur konunga hei\u00f0inna landa, undir sver\u00f0in, til herlei\u00f0ingar, til r\u00e1ns og til h\u00e1\u00f0ungar, eins og enn \u00ed dag \u00e1 s\u00e9r sta\u00f0.<a name=\"8\"><span class=\"versanumer\">8<\/span><\/a>En n\u00fa h\u00f6fum v\u00e9r um \u00f6rskamma stund hloti\u00f0 miskunn fr\u00e1 Drottni, Gu\u00f0i vorum, me\u00f0 \u00fev\u00ed a\u00f0 hann l\u00e9t oss eftir ver\u00f0a leifar, er af komust, og veitti oss b\u00f3lfestu \u00e1 s\u00ednum heilaga sta\u00f0, til \u00feess a\u00f0 Gu\u00f0 vor l\u00e9ti gle\u00f0ina sk\u00edna \u00far augum vorum og veitti oss ofurl\u00edtinn n\u00fdjan l\u00edfs\u00fer\u00f3tt \u00ed \u00e1nau\u00f0 vorri.<a name=\"9\"><span class=\"versanumer\">9<\/span><\/a>\u00dev\u00ed a\u00f0 \u00e1nau\u00f0ugir erum v\u00e9r. \u00de\u00f3 hefir Gu\u00f0 vor eigi yfirgefi\u00f0 oss \u00ed \u00e1nau\u00f0 vorri, heldur haga\u00f0 \u00fev\u00ed svo, a\u00f0 v\u00e9r fundum n\u00e1\u00f0 fyrir augliti Persakonunga, svo a\u00f0 \u00feeir veittu oss n\u00fdjan l\u00edfs\u00fer\u00f3tt til a\u00f0 koma upp musteri Gu\u00f0s vors og reisa \u00fea\u00f0 \u00far r\u00fastum og \u00fatvega oss umgirtan b\u00fasta\u00f0 \u00ed J\u00fada og Jer\u00fasalem.<a name=\"10\"><span class=\"versanumer\">10<\/span><\/a>Og hva\u00f0 eigum v\u00e9r n\u00fa a\u00f0 segja, Gu\u00f0 vor, eftir allt \u00feetta? \u00dev\u00ed a\u00f0 v\u00e9r h\u00f6fum yfirgefi\u00f0 bo\u00f0or\u00f0 \u00fe\u00edn,<a name=\"11\"><span class=\"versanumer\">11<\/span><\/a>sem \u00fe\u00fa hefir fyrir oss lagt fyrir munn \u00fej\u00f3na \u00feinna, sp\u00e1mannanna, er \u00fe\u00fa sag\u00f0ir: Landi\u00f0, er \u00fe\u00e9r haldi\u00f0 inn \u00ed til \u00feess a\u00f0 taka \u00fea\u00f0 til eignar, er \u00f3hreint land vegna saurugleika hinna hei\u00f0nu landsb\u00faa, vegna vi\u00f0urstygg\u00f0a \u00feeirra, er \u00feeir \u00ed saurgun sinni hafa fyllt \u00fea\u00f0 me\u00f0 landshornanna milli.<a name=\"12\"><span class=\"versanumer\">12<\/span><\/a>Fyrir \u00fev\u00ed skulu\u00f0 \u00fe\u00e9r hvorki gefa d\u00e6tur y\u00f0ar sonum \u00feeirra n\u00e9 taka d\u00e6tur \u00feeirra sonum y\u00f0ar a\u00f0 konum, og um aldur og \u00e6vi skulu\u00f0 \u00fe\u00e9r ekki leitast vi\u00f0 a\u00f0 efla fars\u00e6ld \u00feeirra og velgengni, til \u00feess a\u00f0 \u00fe\u00e9r eflist og f\u00e1i\u00f0 a\u00f0 nj\u00f3ta landsins g\u00e6\u00f0a og megi\u00f0 l\u00e1ta b\u00f6rnum y\u00f0ar \u00fea\u00f0 eftir \u00ed arf um aldur og \u00e6vi.<a name=\"13\"><span class=\"versanumer\">13<\/span><\/a>Og eftir allt \u00fea\u00f0, sem yfir oss er komi\u00f0 vegna vondra verka vorra og vorrar miklu sektar \u00fev\u00ed a\u00f0 \u00fe\u00fa, Gu\u00f0 vor, hefir v\u00e6gt oss og ekki hegnt oss, svo sem v\u00e9r \u00e1ttum skili\u00f0 fyrir misgj\u00f6r\u00f0 vora, og veitt oss sl\u00edkar leifar<a name=\"14\"><span class=\"versanumer\">14<\/span><\/a>\u00e6ttum v\u00e9r \u00fe\u00e1 enn a\u00f0 n\u00fdju a\u00f0 brj\u00f3ta bo\u00f0or\u00f0 \u00fe\u00edn og m\u00e6gjast vi\u00f0 \u00fe\u00e6r \u00fej\u00f3\u00f0ir, sem a\u00f0hafast sl\u00edkar sv\u00edvir\u00f0ingar? Mundir \u00fe\u00fa eigi rei\u00f0ast oss, \u00fear til er v\u00e9r v\u00e6rum gj\u00f6reyddir, svo a\u00f0 engar leifar v\u00e6ru eftir n\u00e9 nokkrir \u00feeir, er undan hef\u00f0u komist?<a name=\"15\"><span class=\"versanumer\">15<\/span><\/a>Drottinn, \u00cdsraels Gu\u00f0, \u00fe\u00fa ert r\u00e9ttl\u00e1tur! V\u00e9r erum eftir skildir sem leifar, er undan hafa komist, svo sem sj\u00e1 m\u00e1 \u00feann dag \u00ed dag. Sj\u00e1, v\u00e9r st\u00f6ndum frammi fyrir \u00fe\u00e9r \u00ed sekt vorri, \u00fev\u00ed a\u00f0 \u00fea\u00f0 er eigi unnt a\u00f0 standast fyrir \u00fe\u00e9r vegna \u00feessa.<\/p>\n<div class=\"footnote1981\"><b>9.2<\/b> \u00datlendar konur 2M\u00f3s 34.15-16; 5M\u00f3s 7.1-4; Mal 2.10-12<br \/>\n<b>9.4<\/b> \u00d3ttast or\u00f0 Gu\u00f0s Jes 66.2-5<br \/>\n<b>9.6-15<\/b> Syndaj\u00e1tningin 3M\u00f3s 26.40+<br \/>\n<b>9.6<\/b> Sektin er himinh\u00e1 J\u00f3n 1.2<br \/>\n<b>9.8<\/b> L\u00edtill h\u00f3pur Jes 4.3 \u2013 veitt augum vorum lj\u00f3ma 1Sam 14.27-29; Slm 13.4; Okv 29.13<br \/>\n<b>9.11<\/b> \u00d3hreint land 3M\u00f3s 18.24-25; 5M\u00f3s 18.9; Esk 36.17<br \/>\n<b>9.15<\/b> Gu\u00f0 er r\u00e9ttl\u00e1tur Jer 12.1; Sef 3.5; Slm 145.17; Hlj 1.18; Dan 4.37; 9.14; Neh 9.33<\/div>\n","protected":false},"excerpt":{"rendered":"<p>1\u00deegar \u00feessu var loki\u00f0, komu h\u00f6f\u00f0ingjarnir til m\u00edn og s\u00f6g\u00f0u: \u00cdsraelsl\u00fd\u00f0ur og prestarnir og lev\u00edtarnir hafa ekki haldi\u00f0 s\u00e9r fr\u00e1 hinum hei\u00f0nu \u00edb\u00faum landsins, sem skylt hef\u00f0i veri\u00f0 vegna vi\u00f0urstygg\u00f0a \u00feeirra, fr\u00e1 Kanaan\u00edtum, Het\u00edtum, Peres\u00edtum, Jeb\u00fas\u00edtum, Amm\u00f3n\u00edtum, M\u00f3ab\u00edtum, Egyptum og Am\u00f3r\u00edtum,2\u00fev\u00ed a\u00f0 \u00feeir hafa teki\u00f0 s\u00e9r og sonum s\u00ednum konur af d\u00e6trum \u00feeirra, og \u00feannig hefir hinn heilagi \u00e6ttstofn haft m\u00f6k vi\u00f0 hina hei\u00f0nu \u00edb\u00faa landsins, og hafa h\u00f6f\u00f0ingjarnir og yfirmennirnir gengi\u00f0 \u00e1 undan \u00ed \u00feessu trygg\u00f0rofi.3\u00deegar \u00e9g heyr\u00f0i \u00feetta, reif \u00e9g kyrtil minn og yfirh\u00f6fn m\u00edna, reytti h\u00e1r mitt og skegg og sat agndofa.4\u00de\u00e1 s\u00f6fnu\u00f0ust til m\u00edn allir \u00feeir, <a href=\"https:\/\/biblian.is\/1981\/esrabok-9-kafli\/\"> [&#8230;]<\/a><\/p>\n","protected":false},"author":1,"featured_media":0,"parent":0,"menu_order":0,"comment_status":"open","ping_status":"open","template":"bibliukaflar.php","meta":{"footnotes":""},"class_list":["post-1758","page","type-page","status-publish","hentry"],"_links":{"self":[{"href":"https:\/\/biblian.is\/1981\/wp-json\/wp\/v2\/pages\/1758","targetHints":{"allow":["GET"]}}],"collection":[{"href":"https:\/\/biblian.is\/1981\/wp-json\/wp\/v2\/pages"}],"about":[{"href":"https:\/\/biblian.is\/1981\/wp-json\/wp\/v2\/types\/page"}],"author":[{"embeddable":true,"href":"https:\/\/biblian.is\/1981\/wp-json\/wp\/v2\/users\/1"}],"replies":[{"embeddable":true,"href":"https:\/\/biblian.is\/1981\/wp-json\/wp\/v2\/comments?post=1758"}],"version-history":[{"count":0,"href":"https:\/\/biblian.is\/1981\/wp-json\/wp\/v2\/pages\/1758\/revisions"}],"wp:attachment":[{"href":"https:\/\/biblian.is\/1981\/wp-json\/wp\/v2\/media?parent=1758"}],"curies":[{"name":"wp","href":"https:\/\/api.w.org\/{rel}","templated":true}]}}