{"id":1757,"date":"2017-11-18T20:18:33","date_gmt":"2017-11-18T20:18:33","guid":{"rendered":"http:\/\/biblian.is\/1981\/esrabok-8-kafli\/"},"modified":"2021-06-06T10:51:03","modified_gmt":"2021-06-06T10:51:03","slug":"esrabok-8-kafli","status":"publish","type":"page","link":"https:\/\/biblian.is\/1981\/esrabok-8-kafli\/","title":{"rendered":"Esrab\u00f3k 8. kafli"},"content":{"rendered":"<p><a name=\"1\"><span class=\"versanumer\">1<\/span><\/a>\u00deessir eru \u00e6tth\u00f6f\u00f0ingjar \u00feeirra og \u00feetta er \u00e6ttarskr\u00e1 \u00feeirra er f\u00f3ru me\u00f0 m\u00e9r heim fr\u00e1 Bab\u00fdlon, \u00fe\u00e1 er Artahsasta konungur sat a\u00f0 v\u00f6ldum:<a name=\"2\"><span class=\"versanumer\">2<\/span><\/a>Af ni\u00f0jum P\u00ednehasar: Gers\u00f3m. Af ni\u00f0jum \u00cdtamars: Dan\u00edel. Af ni\u00f0jum Dav\u00ed\u00f0s: Hatt\u00fas,<a name=\"3\"><span class=\"versanumer\">3<\/span><\/a>sonur Sekanja.  Af ni\u00f0jum Par\u00f3s: Sakar\u00eda og me\u00f0 honum skr\u00e1\u00f0ir af karlm\u00f6nnum 150.<a name=\"4\"><span class=\"versanumer\">4<\/span><\/a>Af ni\u00f0jum Pahat-M\u00f3abs: Eljeh\u00f3ena\u00ed Serajason og me\u00f0 honum 200 karlmenn.<a name=\"5\"><span class=\"versanumer\">5<\/span><\/a>Af ni\u00f0jum Satt\u00fa: Sekanja Jahas\u00edelsson og me\u00f0 honum 300 karlmenn.<a name=\"6\"><span class=\"versanumer\">6<\/span><\/a>Af ni\u00f0jum Ad\u00edns: Ebed J\u00f3natansson og me\u00f0 honum fimm tugir karlmanna.<a name=\"7\"><span class=\"versanumer\">7<\/span><\/a>Af ni\u00f0jum Elams: Jesaja Ataljason og me\u00f0 honum sj\u00f6 tugir karlmanna.<a name=\"8\"><span class=\"versanumer\">8<\/span><\/a>Af ni\u00f0jum Sefatja: Sebad\u00eda M\u00edkaelsson og me\u00f0 honum \u00e1tta tugir karlmanna.<a name=\"9\"><span class=\"versanumer\">9<\/span><\/a>Af ni\u00f0jum J\u00f3abs: \u00d3bad\u00eda Jeh\u00edelsson og me\u00f0 honum 218 karlmenn.<a name=\"10\"><span class=\"versanumer\">10<\/span><\/a>Af ni\u00f0jum Ban\u00ed: Sel\u00f3m\u00edt J\u00f3sifjason og me\u00f0 honum 160 karlmenn.<a name=\"11\"><span class=\"versanumer\">11<\/span><\/a>Af ni\u00f0jum Beba\u00ed: Sakar\u00eda Beba\u00edson og me\u00f0 honum 28 karlmenn.<a name=\"12\"><span class=\"versanumer\">12<\/span><\/a>Af ni\u00f0jum Asgads: J\u00f3hanan Hakkatansson og me\u00f0 honum 110 karlmenn.<a name=\"13\"><span class=\"versanumer\">13<\/span><\/a>Af ni\u00f0jum Ad\u00f3n\u00edkams, s\u00ed\u00f0komnir, og \u00feessi voru n\u00f6fn \u00feeirra: El\u00edfelet, Je\u00edel og Semaja, og me\u00f0 \u00feeim 60 karlmenn.<a name=\"14\"><span class=\"versanumer\">14<\/span><\/a>Af ni\u00f0jum Bigva\u00ed: \u00data\u00ed og Sabb\u00fad og me\u00f0 \u00feeim 70 karlmenn.<a name=\"15\"><span class=\"versanumer\">15<\/span><\/a>\u00c9g safna\u00f0i \u00feeim saman vi\u00f0 flj\u00f3ti\u00f0, sem rennur um Ahava, og l\u00e1gum v\u00e9r \u00fear \u00ed tj\u00f6ldum \u00ed \u00ferj\u00e1 daga. En er \u00e9g hug\u00f0i a\u00f0 f\u00f3lkinu og prestunum, \u00fe\u00e1 fann \u00e9g \u00fear engan af ni\u00f0jum Lev\u00ed.<a name=\"16\"><span class=\"versanumer\">16<\/span><\/a>\u00de\u00e1 sendi \u00e9g eftir El\u00edeser, Ar\u00edel, Semaja, Elnatan, Jar\u00edb, Elnatan, Natan, Sakar\u00eda og Mes\u00fallam, \u00e6tth\u00f6f\u00f0ingjum, og J\u00f3jar\u00edb og Elnatan, kennurum,<a name=\"17\"><span class=\"versanumer\">17<\/span><\/a>og bau\u00f0 \u00feeim a\u00f0 fara til \u00cddd\u00f3s, h\u00f6f\u00f0ingja \u00ed Kasifjabygg\u00f0, og lag\u00f0i \u00feeim or\u00f0 \u00ed munn, er \u00feeir skyldu flytja \u00cddd\u00f3, br\u00e6\u00f0rum hans og musteris\u00fej\u00f3nunum \u00ed Kasifjabygg\u00f0, til \u00feess a\u00f0 \u00feeir m\u00e6ttu \u00fatvega oss \u00fej\u00f3nustumenn \u00ed musteri Gu\u00f0s vors.<a name=\"18\"><span class=\"versanumer\">18<\/span><\/a>Og me\u00f0 \u00fev\u00ed a\u00f0 h\u00f6nd Gu\u00f0s vors hv\u00edldi n\u00e1\u00f0arsamlega yfir oss, \u00fe\u00e1 f\u00e6r\u00f0u \u00feeir oss vel kunnandi mann af ni\u00f0jum Mahel\u00ed Lev\u00edsonar, \u00cdsraelssonar, og Serebja og sonu hans og br\u00e6\u00f0ur \u00e1tj\u00e1n alls,<a name=\"19\"><span class=\"versanumer\">19<\/span><\/a>og Hasabja og me\u00f0 honum Jesaja af ni\u00f0jum Merar\u00ed, br\u00e6\u00f0ur hans og sonu \u00feeirra tuttugu alls,<a name=\"20\"><span class=\"versanumer\">20<\/span><\/a>og af musteris\u00fej\u00f3nunum, sem Dav\u00ed\u00f0 og h\u00f6f\u00f0ingjar hans h\u00f6f\u00f0u sett til a\u00f0 \u00fej\u00f3na lev\u00edtunum: tv\u00f6 hundru\u00f0 og tuttugu musteris\u00fej\u00f3na. \u00deeir voru allir nefndir me\u00f0 nafni.<a name=\"21\"><span class=\"versanumer\">21<\/span><\/a>Og \u00e9g l\u00e9t bo\u00f0a \u00fear f\u00f6stu vi\u00f0 flj\u00f3ti\u00f0 Ahava, til \u00feess a\u00f0 v\u00e9r skyldum au\u00f0m\u00fdkja oss fyrir Gu\u00f0i vorum til a\u00f0 bi\u00f0ja hann um fars\u00e6llega fer\u00f0 fyrir oss, b\u00f6rn vor og allar eigur vorar.<a name=\"22\"><span class=\"versanumer\">22<\/span><\/a>\u00dev\u00ed a\u00f0 \u00e9g fyrirvar\u00f0 mig a\u00f0 bi\u00f0ja konung um herli\u00f0 og riddara til verndar fyrir \u00f3vinum \u00e1 lei\u00f0inni. \u00dev\u00ed a\u00f0 v\u00e9r h\u00f6fum sagt konungi: H\u00f6nd Gu\u00f0s vors hv\u00edlir yfir \u00f6llum \u00feeim, sem leita hans, \u00feeim til g\u00f3\u00f0s, en m\u00e1ttur hans og rei\u00f0i yfir \u00f6llum \u00feeim, sem yfirgefa hann.<a name=\"23\"><span class=\"versanumer\">23<\/span><\/a>V\u00e9r f\u00f6stu\u00f0um \u00fev\u00ed og b\u00e1\u00f0um Gu\u00f0 um \u00feetta, og hann b\u00e6nheyr\u00f0i oss.<a name=\"24\"><span class=\"versanumer\">24<\/span><\/a>S\u00ed\u00f0an valdi \u00e9g t\u00f3lf \u00far af prestah\u00f6f\u00f0ingjunum og Serebja, Hasabja og me\u00f0 \u00feeim t\u00edu af br\u00e6\u00f0rum \u00feeirra,<a name=\"25\"><span class=\"versanumer\">25<\/span><\/a>og v\u00f3 \u00feeim \u00fat silfri\u00f0 og gulli\u00f0 og \u00e1h\u00f6ldin gj\u00f6fina til h\u00fass Gu\u00f0s vors, er konungur og r\u00e1\u00f0gjafar hans og h\u00f6f\u00f0ingjar hans og allir \u00cdsraelsmenn, \u00feeir er \u00fear voru, h\u00f6f\u00f0u gefi\u00f0.<a name=\"26\"><span class=\"versanumer\">26<\/span><\/a>Og \u00feannig v\u00f3 \u00e9g \u00ed hendur \u00feeirra sex hundru\u00f0 og fimmt\u00edu talentur \u00ed silfri, hundra\u00f0 talentur \u00ed silfur\u00e1h\u00f6ldum, hundra\u00f0 talentur \u00ed gulli.<a name=\"27\"><span class=\"versanumer\">27<\/span><\/a>Auk \u00feess tuttugu gullk\u00f6nnur, \u00fe\u00fasund dar\u00edka vir\u00f0i, og tv\u00f6 ker af gullglj\u00e1um g\u00f3\u00f0um eiri, d\u00fdrm\u00e6t sem gull.<a name=\"28\"><span class=\"versanumer\">28<\/span><\/a>Og \u00e9g sag\u00f0i vi\u00f0 \u00fe\u00e1: \u00de\u00e9r eru\u00f0 helga\u00f0ir Drottni, og \u00e1h\u00f6ldin eru heil\u00f6g, og silfri\u00f0 og gulli\u00f0 eru sj\u00e1lfviljagj\u00f6f til Drottins, Gu\u00f0s fe\u00f0ra y\u00f0ar.<a name=\"29\"><span class=\"versanumer\">29<\/span><\/a>G\u00e6ti\u00f0 \u00fev\u00ed \u00feessa og var\u00f0veiti\u00f0 \u00fea\u00f0, \u00fear til er \u00fe\u00e9r vegi\u00f0 \u00fea\u00f0 aftur \u00fat \u00ed augs\u00fdn prestah\u00f6f\u00f0ingjanna og lev\u00edtanna og \u00e6tth\u00f6f\u00f0ingja \u00cdsraels \u00ed Jer\u00fasalem \u00ed herbergi musteris Drottins.<a name=\"30\"><span class=\"versanumer\">30<\/span><\/a>S\u00ed\u00f0an t\u00f3ku prestarnir og lev\u00edtarnir vi\u00f0 silfrinu og gullinu og \u00e1h\u00f6ldunum eftir vigt til \u00feess a\u00f0 flytja \u00fea\u00f0 til Jer\u00fasalem, til musteris Gu\u00f0s vors.<a name=\"31\"><span class=\"versanumer\">31<\/span><\/a>\u00dev\u00ed n\u00e6st l\u00f6g\u00f0um v\u00e9r upp fr\u00e1 flj\u00f3tinu Ahava hinn t\u00f3lfta dag hins fyrsta m\u00e1na\u00f0ar og h\u00e9ldum til Jer\u00fasalem, og h\u00f6nd Gu\u00f0s vors hv\u00edldi yfir oss, svo a\u00f0 hann frelsa\u00f0i oss undan valdi \u00f3vina og stigamanna.<a name=\"32\"><span class=\"versanumer\">32<\/span><\/a>Og v\u00e9r komum til Jer\u00fasalem og dv\u00f6ldumst \u00fear \u00ed \u00ferj\u00e1 daga.<a name=\"33\"><span class=\"versanumer\">33<\/span><\/a>En \u00e1 fj\u00f3r\u00f0a degi var silfri\u00f0 og gulli\u00f0 og \u00e1h\u00f6ldin vegin \u00fat \u00ed musteri Gu\u00f0s vors \u00ed hendur Merem\u00f3ts prests \u00dar\u00edasonar, og me\u00f0 honum var Eleasar P\u00ednehasson, og me\u00f0 \u00feeim voru lev\u00edtarnir J\u00f3sabad Jes\u00faason og N\u00f3adja Binn\u00fa\u00edson _<a name=\"34\"><span class=\"versanumer\">34<\/span><\/a>allt saman me\u00f0 t\u00f6lu og vigt. Og \u00f6ll vigtin var \u00fe\u00e1 skrifu\u00f0 upp.<a name=\"35\"><span class=\"versanumer\">35<\/span><\/a>\u00deeir er heim komu \u00far herlei\u00f0ingunni, \u00feeir hernumdu, er aftur sneru, f\u00e6r\u00f0u \u00cdsraels Gu\u00f0i brennif\u00f3rnir: t\u00f3lf naut fyrir allan \u00cdsrael, n\u00edut\u00edu og sex hr\u00fata, sj\u00f6t\u00edu og sj\u00f6 l\u00f6mb, t\u00f3lf hafra \u00ed syndaf\u00f3rn allt sem brennif\u00f3rn Drottni til handa.<a name=\"36\"><span class=\"versanumer\">36<\/span><\/a>Og \u00feeir fengu j\u00f6rlum konungs og landstj\u00f3runum \u00ed h\u00e9ra\u00f0inu hinumegin Flj\u00f3ts konungsbo\u00f0in, og \u00feeir a\u00f0sto\u00f0u\u00f0u l\u00fd\u00f0inn og musteri Gu\u00f0s.<\/p>\n<div class=\"footnote1981\"><b>8.18<\/b> H\u00f6nd Gu\u00f0s Esr 7.6+<br \/>\n<b>8.22<\/b> Fylgdarli\u00f0 Neh 2.9; Post 23.23-32<br \/>\n<b>8.25-27<\/b> Gjafir til musterisins Esr 1.4+<\/div>\n","protected":false},"excerpt":{"rendered":"<p>1\u00deessir eru \u00e6tth\u00f6f\u00f0ingjar \u00feeirra og \u00feetta er \u00e6ttarskr\u00e1 \u00feeirra er f\u00f3ru me\u00f0 m\u00e9r heim fr\u00e1 Bab\u00fdlon, \u00fe\u00e1 er Artahsasta konungur sat a\u00f0 v\u00f6ldum:2Af ni\u00f0jum P\u00ednehasar: Gers\u00f3m. Af ni\u00f0jum \u00cdtamars: Dan\u00edel. Af ni\u00f0jum Dav\u00ed\u00f0s: Hatt\u00fas,3sonur Sekanja. Af ni\u00f0jum Par\u00f3s: Sakar\u00eda og me\u00f0 honum skr\u00e1\u00f0ir af karlm\u00f6nnum 150.4Af ni\u00f0jum Pahat-M\u00f3abs: Eljeh\u00f3ena\u00ed Serajason og me\u00f0 honum 200 karlmenn.5Af ni\u00f0jum Satt\u00fa: Sekanja Jahas\u00edelsson og me\u00f0 honum 300 karlmenn.6Af ni\u00f0jum Ad\u00edns: Ebed J\u00f3natansson og me\u00f0 honum fimm tugir karlmanna.7Af ni\u00f0jum Elams: Jesaja Ataljason og me\u00f0 honum sj\u00f6 tugir karlmanna.8Af ni\u00f0jum Sefatja: Sebad\u00eda M\u00edkaelsson og me\u00f0 honum \u00e1tta tugir karlmanna.9Af ni\u00f0jum J\u00f3abs: \u00d3bad\u00eda Jeh\u00edelsson og me\u00f0 <a href=\"https:\/\/biblian.is\/1981\/esrabok-8-kafli\/\"> [&#8230;]<\/a><\/p>\n","protected":false},"author":1,"featured_media":0,"parent":0,"menu_order":0,"comment_status":"open","ping_status":"open","template":"bibliukaflar.php","meta":{"footnotes":""},"class_list":["post-1757","page","type-page","status-publish","hentry"],"_links":{"self":[{"href":"https:\/\/biblian.is\/1981\/wp-json\/wp\/v2\/pages\/1757","targetHints":{"allow":["GET"]}}],"collection":[{"href":"https:\/\/biblian.is\/1981\/wp-json\/wp\/v2\/pages"}],"about":[{"href":"https:\/\/biblian.is\/1981\/wp-json\/wp\/v2\/types\/page"}],"author":[{"embeddable":true,"href":"https:\/\/biblian.is\/1981\/wp-json\/wp\/v2\/users\/1"}],"replies":[{"embeddable":true,"href":"https:\/\/biblian.is\/1981\/wp-json\/wp\/v2\/comments?post=1757"}],"version-history":[{"count":0,"href":"https:\/\/biblian.is\/1981\/wp-json\/wp\/v2\/pages\/1757\/revisions"}],"wp:attachment":[{"href":"https:\/\/biblian.is\/1981\/wp-json\/wp\/v2\/media?parent=1757"}],"curies":[{"name":"wp","href":"https:\/\/api.w.org\/{rel}","templated":true}]}}