{"id":1756,"date":"2017-11-18T20:18:33","date_gmt":"2017-11-18T20:18:33","guid":{"rendered":"http:\/\/biblian.is\/1981\/esrabok-7-kafli\/"},"modified":"2021-06-06T10:51:02","modified_gmt":"2021-06-06T10:51:02","slug":"esrabok-7-kafli","status":"publish","type":"page","link":"https:\/\/biblian.is\/1981\/esrabok-7-kafli\/","title":{"rendered":"Esrab\u00f3k 7. kafli"},"content":{"rendered":"<p><a name=\"1\"><span class=\"versanumer\">1<\/span><\/a>Eftir \u00feessa atbur\u00f0i, \u00e1 r\u00edkis\u00e1rum Artahsasta Persakonungs, f\u00f3r Esra Serajason, Asarjasonar, Hilk\u00edasonar,<a name=\"2\"><span class=\"versanumer\">2<\/span><\/a>Sall\u00famssonar, Sad\u00f3kssonar, Ah\u00edt\u00fabssonar,<a name=\"3\"><span class=\"versanumer\">3<\/span><\/a>Amarjasonar, Asarjasonar, Meraj\u00f3tssonar,<a name=\"4\"><span class=\"versanumer\">4<\/span><\/a>Serahjasonar, \u00dass\u00edsonar, B\u00fakk\u00edsonar,<a name=\"5\"><span class=\"versanumer\">5<\/span><\/a>Ab\u00eds\u00faasonar, P\u00ednehassonar, Eleasarssonar, Aronssonar \u00e6\u00f0sta prests, _<a name=\"6\"><span class=\"versanumer\">6<\/span><\/a>\u00feessi Esra f\u00f3r heim fr\u00e1 Bab\u00fdlon. En hann var fr\u00e6\u00f0ima\u00f0ur, vel a\u00f0 s\u00e9r \u00ed M\u00f3sel\u00f6gum, er Drottinn, \u00cdsraels Gu\u00f0, hefir gefi\u00f0, og konungur veitti honum allar b\u00e6nir hans, me\u00f0 \u00fev\u00ed a\u00f0 h\u00f6nd Drottins, Gu\u00f0s hans, var yfir honum.<a name=\"7\"><span class=\"versanumer\">7<\/span><\/a>Og nokkrir af \u00cdsraelsm\u00f6nnum og af prestunum, lev\u00edtunum, s\u00f6ngvurunum, hli\u00f0v\u00f6r\u00f0unum og musteris\u00fej\u00f3nunum f\u00f3ru me\u00f0 honum til Jer\u00fasalem \u00e1 sj\u00f6unda r\u00edkis\u00e1ri Artahsasta konungs.<a name=\"8\"><span class=\"versanumer\">8<\/span><\/a>Og hann kom til Jer\u00fasalem \u00ed fimmta m\u00e1nu\u00f0inum, \u00fea\u00f0 var \u00e1 sj\u00f6unda r\u00edkis\u00e1ri konungs.<a name=\"9\"><span class=\"versanumer\">9<\/span><\/a>\u00dev\u00ed a\u00f0 hinn fyrsta dag hins fyrsta m\u00e1na\u00f0ar bj\u00f3 hann fer\u00f0 s\u00edna fr\u00e1 Bab\u00fdlon, og hinn fyrsta dag hins fimmta m\u00e1na\u00f0ar kom hann til Jer\u00fasalem, me\u00f0 \u00fev\u00ed a\u00f0 Gu\u00f0 hans h\u00e9lt n\u00e1\u00f0arsamlega h\u00f6nd sinni yfir honum.<a name=\"10\"><span class=\"versanumer\">10<\/span><\/a>\u00dev\u00ed a\u00f0 Esra haf\u00f0i sn\u00fai\u00f0 huga s\u00ednum a\u00f0 \u00fev\u00ed a\u00f0 rannsaka l\u00f6gm\u00e1l Drottins og breyta eftir \u00fev\u00ed og a\u00f0 kenna l\u00f6g og r\u00e9tt \u00ed \u00cdsrael.<a name=\"11\"><span class=\"versanumer\">11<\/span><\/a>\u00deetta er afrit af br\u00e9finu, sem Artahsasta konungur f\u00e9kk Esra presti, fr\u00e6\u00f0imanninum, sem fr\u00f3\u00f0ur var \u00ed \u00e1kv\u00e6\u00f0um bo\u00f0or\u00f0a Drottins og \u00ed l\u00f6gum hans, \u00feeim er hann haf\u00f0i sett \u00cdsrael:<a name=\"12\"><span class=\"versanumer\">12<\/span><\/a>Artahsasta, konungur konunganna, til Esra prests hins fr\u00f3\u00f0a \u00ed l\u00f6gm\u00e1li Gu\u00f0s himnanna, og svo framvegis.<a name=\"13\"><span class=\"versanumer\">13<\/span><\/a>\u00c9g hefi gefi\u00f0 \u00fat skipun um, a\u00f0 hver s\u00e1 \u00ed r\u00edki m\u00ednu af \u00cdsraelsl\u00fd\u00f0 og af prestum hans og lev\u00edtum, sem vill fara til Jer\u00fasalem, skuli fara me\u00f0 \u00fe\u00e9r,<a name=\"14\"><span class=\"versanumer\">14<\/span><\/a>\u00fear e\u00f0 \u00fe\u00fa ert sendur af konungi og sj\u00f6 r\u00e1\u00f0gj\u00f6fum hans, til \u00feess a\u00f0 gj\u00f6ra ranns\u00f3knir um J\u00fada og Jer\u00fasalem, samkv\u00e6mt l\u00f6gm\u00e1li Gu\u00f0s \u00fe\u00edns, sem \u00fe\u00fa hefir \u00ed h\u00f6ndum,<a name=\"15\"><span class=\"versanumer\">15<\/span><\/a>og til a\u00f0 flytja silfur \u00fea\u00f0 og gull, sem konungur og r\u00e1\u00f0gjafar hans sj\u00e1lfviljuglega hafa gefi\u00f0 \u00cdsraels Gu\u00f0i, \u00feeim er b\u00fasta\u00f0 \u00e1 \u00ed Jer\u00fasalem,<a name=\"16\"><span class=\"versanumer\">16<\/span><\/a>svo og allt \u00fea\u00f0 silfur og gull, er \u00fe\u00fa f\u00e6r \u00ed \u00f6llu Babelskattlandi, \u00e1samt sj\u00e1lfviljagj\u00f6fum l\u00fd\u00f0sins og prestanna, sem og gefa sj\u00e1lfviljuglega til musteris Gu\u00f0s s\u00edns \u00ed Jer\u00fasalem.<a name=\"17\"><span class=\"versanumer\">17<\/span><\/a>Fyrir \u00fev\u00ed skalt \u00fe\u00fa me\u00f0 allri kostg\u00e6fni kaupa fyrir f\u00e9 \u00feetta naut, hr\u00fata, l\u00f6mb og matf\u00f3rnir og dreypif\u00f3rnir \u00fe\u00e6r, er \u00fear til heyra, og fram bera \u00fe\u00e6r \u00e1 altarinu \u00ed h\u00fasi Gu\u00f0s y\u00f0ar \u00ed Jer\u00fasalem.<a name=\"18\"><span class=\"versanumer\">18<\/span><\/a>Og \u00fea\u00f0 sem \u00fe\u00e9r og br\u00e6\u00f0rum \u00fe\u00ednum \u00fe\u00f3knast a\u00f0 gj\u00f6ra vi\u00f0 afganginn af silfrinu og gullinu, \u00fea\u00f0 skulu\u00f0 \u00fe\u00e9r gj\u00f6ra samkv\u00e6mt vilja Gu\u00f0s y\u00f0ar.<a name=\"19\"><span class=\"versanumer\">19<\/span><\/a>En \u00e1h\u00f6ldin, sem \u00fe\u00e9r munu ver\u00f0a fengin til gu\u00f0s\u00fej\u00f3nustunnar \u00ed h\u00fasi Gu\u00f0s \u00fe\u00edns, \u00feeim skalt \u00fe\u00fa skila \u00f3skertum frammi fyrir Gu\u00f0i \u00ed Jer\u00fasalem.<a name=\"20\"><span class=\"versanumer\">20<\/span><\/a>Og anna\u00f0 \u00fea\u00f0, er me\u00f0 \u00fearf vi\u00f0 h\u00fas Gu\u00f0s \u00fe\u00edns og \u00fe\u00fa kannt a\u00f0 \u00feurfa a\u00f0 grei\u00f0a, \u00fea\u00f0 skalt \u00fe\u00fa grei\u00f0a \u00far f\u00e9hirslu konungs.<a name=\"21\"><span class=\"versanumer\">21<\/span><\/a>Og \u00e9g, Artahsasta konungur, hefi gefi\u00f0 \u00fat skipun til allra f\u00e9hir\u00f0a \u00ed h\u00e9ra\u00f0inu hinumegin Flj\u00f3ts: Allt \u00fea\u00f0, er Esra prestur, s\u00e1 er fr\u00f3\u00f0ur er \u00ed l\u00f6gm\u00e1li Gu\u00f0s himnanna, bi\u00f0ur y\u00f0ur um, \u00fea\u00f0 skal kostg\u00e6filega \u00ed t\u00e9 l\u00e1ti\u00f0,<a name=\"22\"><span class=\"versanumer\">22<\/span><\/a>allt a\u00f0 hundra\u00f0 talentur silfurs og allt a\u00f0 hundra\u00f0 k\u00f3r af hveiti og allt a\u00f0 hundra\u00f0 bat af v\u00edni og allt a\u00f0 hundra\u00f0 bat af ol\u00edfuol\u00edu og salt \u00f3m\u00e6lt.<a name=\"23\"><span class=\"versanumer\">23<\/span><\/a>Allt \u00fea\u00f0, sem \u00fe\u00f6rf er \u00e1 samkv\u00e6mt skipun Gu\u00f0s himnanna, skal kostg\u00e6filega gj\u00f6rt fyrir h\u00fas Gu\u00f0s himnanna, til \u00feess a\u00f0 rei\u00f0i komi ekki yfir r\u00edki konungs og sona hans.<a name=\"24\"><span class=\"versanumer\">24<\/span><\/a>En y\u00f0ur gefst til vitundar, a\u00f0 engum er heimilt a\u00f0 leggja skatt, toll e\u00f0a vegagjald \u00e1 nokkurn prest e\u00f0a lev\u00edta, s\u00f6ngvara, dyrav\u00f6r\u00f0, musteris\u00fej\u00f3n e\u00f0a starfsmann vi\u00f0 \u00feetta musteri Gu\u00f0s.<a name=\"25\"><span class=\"versanumer\">25<\/span><\/a>En \u00fe\u00fa, Esra, skipa \u00fe\u00fa samkv\u00e6mt visku Gu\u00f0s \u00fe\u00edns, \u00feeirri er \u00fe\u00fa hefir \u00ed hendi \u00fe\u00e9r, d\u00f3mendur og stj\u00f3rnendur, til \u00feess a\u00f0 \u00feeir d\u00e6mi m\u00e1l manna hj\u00e1 \u00f6llum l\u00fd\u00f0 \u00ed h\u00e9ra\u00f0inu hinumegin Flj\u00f3ts hj\u00e1 \u00feeim er \u00feekkja l\u00f6g Gu\u00f0s \u00fe\u00edns. Og \u00feeim, er ekki \u00feekkir \u00feau, honum skulu\u00f0 \u00fe\u00e9r kenna.<a name=\"26\"><span class=\"versanumer\">26<\/span><\/a>En hver s\u00e1, er eigi breytir eftir l\u00f6gm\u00e1li Gu\u00f0s \u00fe\u00edns og l\u00f6gm\u00e1li konungsins, \u00e1 honum skal d\u00f3mur vendilega framkv\u00e6mdur ver\u00f0a, hvort heldur er til dau\u00f0a e\u00f0a til \u00fatleg\u00f0ar e\u00f0a til fj\u00e1r\u00fatl\u00e1ta e\u00f0a til fangelsisvistar.<a name=\"27\"><span class=\"versanumer\">27<\/span><\/a>Lofa\u00f0ur s\u00e9 Drottinn, Gu\u00f0 fe\u00f0ra vorra, sem bl\u00e1si\u00f0 hefir konunginum sl\u00edku \u00ed brj\u00f3st, a\u00f0 gj\u00f6ra musteri Drottins \u00ed Jer\u00fasalem d\u00fdrlegt,<a name=\"28\"><span class=\"versanumer\">28<\/span><\/a>og hneigt til m\u00edn hylli konungs og r\u00e1\u00f0gjafa hans og allra hinna voldugu h\u00f6f\u00f0ingja konungs! Og \u00e9g t\u00f3k \u00ed mig hug, me\u00f0 \u00fev\u00ed a\u00f0 h\u00f6nd Drottins, Gu\u00f0s m\u00edns, hv\u00edldi yfir m\u00e9r, og safna\u00f0i saman h\u00f6f\u00f0ingjum \u00cdsraels til \u00feess a\u00f0 fara heim me\u00f0 m\u00e9r.<\/p>\n<div class=\"footnote1981\"><b>7.6<\/b> H\u00f6nd Drottins Esr 7.9,28; 8.18,22,31; Neh 2.8,18<br \/>\n<b>7.14<\/b> Sj\u00f6 r\u00e1\u00f0gjafar Est 1.14<br \/>\n<b>7.15-16<\/b> Musterisgjafir Esr 1.4+<br \/>\n<b>7.19<\/b> \u00c1h\u00f6ldin Esr 8.25-27<br \/>\n<b>7.25<\/b> Skipa stj\u00f3rnendur 2M\u00f3s 18.13-26<\/div>\n","protected":false},"excerpt":{"rendered":"<p>1Eftir \u00feessa atbur\u00f0i, \u00e1 r\u00edkis\u00e1rum Artahsasta Persakonungs, f\u00f3r Esra Serajason, Asarjasonar, Hilk\u00edasonar,2Sall\u00famssonar, Sad\u00f3kssonar, Ah\u00edt\u00fabssonar,3Amarjasonar, Asarjasonar, Meraj\u00f3tssonar,4Serahjasonar, \u00dass\u00edsonar, B\u00fakk\u00edsonar,5Ab\u00eds\u00faasonar, P\u00ednehassonar, Eleasarssonar, Aronssonar \u00e6\u00f0sta prests, _6\u00feessi Esra f\u00f3r heim fr\u00e1 Bab\u00fdlon. En hann var fr\u00e6\u00f0ima\u00f0ur, vel a\u00f0 s\u00e9r \u00ed M\u00f3sel\u00f6gum, er Drottinn, \u00cdsraels Gu\u00f0, hefir gefi\u00f0, og konungur veitti honum allar b\u00e6nir hans, me\u00f0 \u00fev\u00ed a\u00f0 h\u00f6nd Drottins, Gu\u00f0s hans, var yfir honum.7Og nokkrir af \u00cdsraelsm\u00f6nnum og af prestunum, lev\u00edtunum, s\u00f6ngvurunum, hli\u00f0v\u00f6r\u00f0unum og musteris\u00fej\u00f3nunum f\u00f3ru me\u00f0 honum til Jer\u00fasalem \u00e1 sj\u00f6unda r\u00edkis\u00e1ri Artahsasta konungs.8Og hann kom til Jer\u00fasalem \u00ed fimmta m\u00e1nu\u00f0inum, \u00fea\u00f0 var \u00e1 sj\u00f6unda r\u00edkis\u00e1ri konungs.9\u00dev\u00ed a\u00f0 hinn fyrsta dag hins <a href=\"https:\/\/biblian.is\/1981\/esrabok-7-kafli\/\"> [&#8230;]<\/a><\/p>\n","protected":false},"author":1,"featured_media":0,"parent":0,"menu_order":0,"comment_status":"open","ping_status":"open","template":"bibliukaflar.php","meta":{"footnotes":""},"class_list":["post-1756","page","type-page","status-publish","hentry"],"_links":{"self":[{"href":"https:\/\/biblian.is\/1981\/wp-json\/wp\/v2\/pages\/1756","targetHints":{"allow":["GET"]}}],"collection":[{"href":"https:\/\/biblian.is\/1981\/wp-json\/wp\/v2\/pages"}],"about":[{"href":"https:\/\/biblian.is\/1981\/wp-json\/wp\/v2\/types\/page"}],"author":[{"embeddable":true,"href":"https:\/\/biblian.is\/1981\/wp-json\/wp\/v2\/users\/1"}],"replies":[{"embeddable":true,"href":"https:\/\/biblian.is\/1981\/wp-json\/wp\/v2\/comments?post=1756"}],"version-history":[{"count":0,"href":"https:\/\/biblian.is\/1981\/wp-json\/wp\/v2\/pages\/1756\/revisions"}],"wp:attachment":[{"href":"https:\/\/biblian.is\/1981\/wp-json\/wp\/v2\/media?parent=1756"}],"curies":[{"name":"wp","href":"https:\/\/api.w.org\/{rel}","templated":true}]}}