{"id":1755,"date":"2017-11-18T20:18:33","date_gmt":"2017-11-18T20:18:33","guid":{"rendered":"http:\/\/biblian.is\/1981\/esrabok-6-kafli\/"},"modified":"2021-06-06T10:51:02","modified_gmt":"2021-06-06T10:51:02","slug":"esrabok-6-kafli","status":"publish","type":"page","link":"https:\/\/biblian.is\/1981\/esrabok-6-kafli\/","title":{"rendered":"Esrab\u00f3k 6. kafli"},"content":{"rendered":"<p><a name=\"1\"><span class=\"versanumer\">1<\/span><\/a>\u00de\u00e1 gaf Dar\u00edus konungur \u00fat \u00fe\u00e1 skipun, a\u00f0 leita skyldi \u00ed skjalasafnsh\u00fasinu, \u00fear sem og fj\u00e1rsj\u00f3\u00f0irnir voru lag\u00f0ir fyrir til geymslu \u00ed Bab\u00fdlon,<a name=\"2\"><span class=\"versanumer\">2<\/span><\/a>og b\u00f3krolla fannst \u00ed Ahmeta, borginni, sem er \u00ed skattlandinu Med\u00edu. Og \u00ed henni var rita\u00f0 \u00e1 \u00feessa lei\u00f0:  Merkisatbur\u00f0ur.<a name=\"3\"><span class=\"versanumer\">3<\/span><\/a>\u00c1 fyrsta \u00e1ri K\u00fdrusar konungs gaf K\u00fdrus konungur \u00fat svol\u00e1tandi skipun: H\u00fas Gu\u00f0s \u00ed Jer\u00fasalem skal endurreist ver\u00f0a, til \u00feess a\u00f0 menn megi \u00fear f\u00e6ra f\u00f3rnir, og grundv\u00f6llur \u00feess skal lag\u00f0ur. \u00dea\u00f0 skal vera sext\u00edu \u00e1lnir \u00e1 h\u00e6\u00f0 og sext\u00edu \u00e1lnir \u00e1 breidd.<a name=\"4\"><span class=\"versanumer\">4<\/span><\/a>L\u00f6g af st\u00f3rum steinum skulu vera \u00ferj\u00fa og eitt lag af tr\u00e9, og kostna\u00f0urinn skal greiddur \u00far konungsh\u00f6llinni.<a name=\"5\"><span class=\"versanumer\">5<\/span><\/a>Einnig skal gull- og silfur\u00e1h\u00f6ldunum \u00far h\u00fasi Gu\u00f0s, \u00feeim er Neb\u00fakadnesar haf\u00f0i \u00e1 burt \u00far musterinu \u00ed Jer\u00fasalem og flutti til Bab\u00fdlon, ver\u00f0a skila\u00f0 aftur, svo a\u00f0 hvert \u00feeirra komist aftur \u00ed musteri\u00f0 \u00ed Jer\u00fasalem \u00e1 sinn sta\u00f0, og \u00fe\u00fa skalt leggja \u00feau \u00ed h\u00fas Gu\u00f0s.<a name=\"6\"><span class=\"versanumer\">6<\/span><\/a>Fyrir \u00fev\u00ed skulu\u00f0 \u00fe\u00e9r Tatna\u00ed, landstj\u00f3ri h\u00e9ra\u00f0sins hinumegin Flj\u00f3ts, Star B\u00f3sna\u00ed og samborgarar \u00feeirra, Afarsekear, \u00ed h\u00e9ra\u00f0inu hinumegin Flj\u00f3ts halda y\u00f0ur \u00fear fr\u00e1.<a name=\"7\"><span class=\"versanumer\">7<\/span><\/a>L\u00e1ti\u00f0 byggingu \u00feessa Gu\u00f0s h\u00fass \u00ed fri\u00f0i. Landstj\u00f3ra Gy\u00f0inga og \u00f6ldungum \u00feeirra er heimilt a\u00f0 endurreisa \u00feetta Gu\u00f0s h\u00fas \u00e1 s\u00ednum fyrra sta\u00f0.<a name=\"8\"><span class=\"versanumer\">8<\/span><\/a>Og \u00e9g hefi gefi\u00f0 \u00fat skipun um, hva\u00f0 \u00fe\u00e9r skulu\u00f0 l\u00e1ta \u00feessum \u00f6ldungum Gy\u00f0inga \u00ed t\u00e9 til byggingar \u00feessa Gu\u00f0s h\u00fass. Skal m\u00f6nnum \u00feessum greiddur kostna\u00f0urinn skilv\u00edslega af tekjum konungs, \u00feeim er hann hefir af sk\u00f6ttum \u00far h\u00e9ra\u00f0inu hinumegin Flj\u00f3ts, og \u00fea\u00f0 tafarlaust.<a name=\"9\"><span class=\"versanumer\">9<\/span><\/a>Og \u00fea\u00f0 sem me\u00f0 \u00fearf, b\u00e6\u00f0i ung naut, hr\u00fata og l\u00f6mb til brennif\u00f3rna handa Gu\u00f0i himnanna, hveiti, salt, v\u00edn og ol\u00edu, \u00fea\u00f0 skal l\u00e1ta \u00feeim \u00ed t\u00e9, eftir fyrirs\u00f6gn prestanna \u00ed Jer\u00fasalem, \u00e1 degi hverjum, og \u00fea\u00f0 prettalaust,<a name=\"10\"><span class=\"versanumer\">10<\/span><\/a>til \u00feess a\u00f0 \u00feeir megi f\u00e6ra Gu\u00f0i himnanna f\u00f3rnir \u00fe\u00e6gilegs ilms og bi\u00f0ja fyrir l\u00edfi konungsins og sona hans.<a name=\"11\"><span class=\"versanumer\">11<\/span><\/a>Og \u00e9g hefi gefi\u00f0 \u00fat \u00fe\u00e1 skipun, a\u00f0 ef nokkur ma\u00f0ur breytir \u00e1 m\u00f3ti \u00farskur\u00f0i \u00feessum, \u00fe\u00e1 skuli taka bj\u00e1lka \u00far h\u00fasi hans og hann hengdur upp og negldur \u00e1 hann, en h\u00fas hans skal fyrir \u00fe\u00e1 s\u00f6k gj\u00f6ra a\u00f0 mykjuhaug.<a name=\"12\"><span class=\"versanumer\">12<\/span><\/a>En s\u00e1 Gu\u00f0, sem l\u00e6tur nafn sitt b\u00faa \u00fear, kollsteypi \u00f6llum \u00feeim konungum og \u00fej\u00f3\u00f0um, sem r\u00e9tta \u00fat h\u00f6nd s\u00edna til \u00feess a\u00f0 breyta \u00fat af \u00feessu e\u00f0a til \u00feess a\u00f0 brj\u00f3ta ni\u00f0ur \u00feetta h\u00fas Gu\u00f0s \u00ed Jer\u00fasalem. \u00c9g, Dar\u00edus, hefi gefi\u00f0 \u00fat \u00feessa skipun. Skal h\u00fan kostg\u00e6filega framkv\u00e6md.<a name=\"13\"><span class=\"versanumer\">13<\/span><\/a>\u00de\u00e1 f\u00f3ru \u00feeir Tatna\u00ed, landstj\u00f3ri h\u00e9ra\u00f0sins hinumegin Flj\u00f3ts, Star B\u00f3sna\u00ed og samborgarar \u00feeirra n\u00e1kv\u00e6mlega eftir fyrirm\u00e6lum \u00feeim, er Dar\u00edus konungur haf\u00f0i sent.<a name=\"14\"><span class=\"versanumer\">14<\/span><\/a>Og \u00f6ldungar Gy\u00f0inga bygg\u00f0u, og mi\u00f0a\u00f0i \u00feeim vel \u00e1fram fyrir sp\u00e1mannsstarf \u00feeirra Hagga\u00ed sp\u00e1manns og Sakar\u00eda \u00cddd\u00f3ssonar.  Og \u00feannig luku \u00feeir byggingunni samkv\u00e6mt skipun \u00cdsraels Gu\u00f0s og samkv\u00e6mt skipun K\u00fdrusar og Dar\u00edusar og Artahsasta Persakonungs.<a name=\"15\"><span class=\"versanumer\">15<\/span><\/a>Og h\u00fas \u00feetta var fullgj\u00f6rt \u00e1 \u00feri\u00f0ja degi adarm\u00e1na\u00f0ar, \u00fea\u00f0 er \u00e1 sj\u00f6tta r\u00edkis\u00e1ri Dar\u00edusar konungs.<a name=\"16\"><span class=\"versanumer\">16<\/span><\/a>Og \u00cdsraelsmenn prestarnir og lev\u00edtarnir og a\u00f0rir \u00feeir, er komnir voru heim \u00far herlei\u00f0ingunni h\u00e9ldu v\u00edgsluh\u00e1t\u00ed\u00f0 \u00feessa Gu\u00f0s h\u00fass me\u00f0 f\u00f6gnu\u00f0i.<a name=\"17\"><span class=\"versanumer\">17<\/span><\/a>Og \u00feeir f\u00f3rnu\u00f0u vi\u00f0 v\u00edgslu \u00feessa Gu\u00f0s h\u00fass hundra\u00f0 nautum, tv\u00f6 hundru\u00f0 hr\u00fatum og fj\u00f6gur hundru\u00f0 l\u00f6mbum og \u00ed syndaf\u00f3rn fyrir allan \u00cdsrael t\u00f3lf geith\u00f6frum eftir t\u00f6lu \u00cdsraels \u00e6ttkv\u00edsla.<a name=\"18\"><span class=\"versanumer\">18<\/span><\/a>Og \u00feeir skipu\u00f0u presta eftir flokkum \u00feeirra og lev\u00edta eftir deildum \u00feeirra, til \u00feess a\u00f0 gegna \u00fej\u00f3nustu Gu\u00f0s \u00ed Jer\u00fasalem, samkv\u00e6mt fyrirm\u00e6lum M\u00f3seb\u00f3kar.<a name=\"19\"><span class=\"versanumer\">19<\/span><\/a>Og \u00feeir, sem heim voru komnir \u00far herlei\u00f0ingunni, h\u00e9ldu p\u00e1ska hinn fj\u00f3rt\u00e1nda dag hins fyrsta m\u00e1na\u00f0ar.<a name=\"20\"><span class=\"versanumer\">20<\/span><\/a>\u00dev\u00ed a\u00f0 prestarnir og lev\u00edtarnir h\u00f6f\u00f0u hreinsa\u00f0 sig allir sem einn ma\u00f0ur, allir voru hreinir. Og \u00feeir sl\u00e1tru\u00f0u p\u00e1skalambinu fyrir alla \u00fe\u00e1, er heim voru komnir \u00far herlei\u00f0ingunni, og fyrir br\u00e6\u00f0ur \u00feeirra, prestana, og fyrir sj\u00e1lfa sig.<a name=\"21\"><span class=\"versanumer\">21<\/span><\/a>S\u00ed\u00f0an neyttu \u00cdsraelsmenn \u00feess, \u00feeir er aftur voru heim komnir \u00far herlei\u00f0ingunni, og allir \u00feeir, er skili\u00f0 h\u00f6f\u00f0u sig fr\u00e1 saurugleik hinna hei\u00f0nu \u00fej\u00f3\u00f0a landsins og gengi\u00f0 \u00ed flokk me\u00f0 \u00feeim, til \u00feess a\u00f0 leita Drottins, \u00cdsraels Gu\u00f0s.<a name=\"22\"><span class=\"versanumer\">22<\/span><\/a>Og \u00feannig h\u00e9ldu \u00feeir h\u00e1t\u00ed\u00f0 hinna \u00f3s\u00fdr\u00f0u brau\u00f0a \u00ed sj\u00f6 daga me\u00f0 f\u00f6gnu\u00f0i, \u00fev\u00ed a\u00f0 Drottinn haf\u00f0i glatt \u00fe\u00e1 og sn\u00fai\u00f0 hjarta Ass\u00fdr\u00edukonungs til \u00feeirra, svo a\u00f0 hann styrkti hendur \u00feeirra vi\u00f0 byggingu musteris Gu\u00f0s, \u00cdsraels Gu\u00f0s.<\/p>\n<div class=\"footnote1981\"><b>6.3<\/b> St\u00e6r\u00f0 musterisins 1Kon 6.2<br \/>\n<b>6.10<\/b> Bi\u00f0ja fyrir l\u00edfi konungs 1Makk 7.33; Bar 1.11; 1T\u00edm 2.2; sbr Jer 29.7<br \/>\n<b>6.11<\/b> H\u00fas hans lagt \u00ed r\u00fast 2Kon 10.27+<br \/>\n<b>6.12<\/b> Nafn Gu\u00f0s \u00ed Jer\u00fasalem 5M\u00f3s 12.11; 14.23; 16.2; 26.2; 1Kon 8.16; 9.3; 11.36; 14.21<br \/>\n<b>6.16<\/b> V\u00edgsluh\u00e1t\u00ed\u00f0 4M\u00f3s 7; 1Kon 8.62-66; 2Kro 7.1-10<br \/>\n<b>6.18<\/b> Settu presta og lev\u00edta 2M\u00f3s 29; 3M\u00f3s 8; 4M\u00f3s 3; 8, 1Kro 23.24<br \/>\n<b>6.19<\/b> P\u00e1skar 2M\u00f3s 12.1-20; 2Kon 23.21-23; Matt 26.17-19 og hlst.<\/div>\n","protected":false},"excerpt":{"rendered":"<p>1\u00de\u00e1 gaf Dar\u00edus konungur \u00fat \u00fe\u00e1 skipun, a\u00f0 leita skyldi \u00ed skjalasafnsh\u00fasinu, \u00fear sem og fj\u00e1rsj\u00f3\u00f0irnir voru lag\u00f0ir fyrir til geymslu \u00ed Bab\u00fdlon,2og b\u00f3krolla fannst \u00ed Ahmeta, borginni, sem er \u00ed skattlandinu Med\u00edu. Og \u00ed henni var rita\u00f0 \u00e1 \u00feessa lei\u00f0: Merkisatbur\u00f0ur.3\u00c1 fyrsta \u00e1ri K\u00fdrusar konungs gaf K\u00fdrus konungur \u00fat svol\u00e1tandi skipun: H\u00fas Gu\u00f0s \u00ed Jer\u00fasalem skal endurreist ver\u00f0a, til \u00feess a\u00f0 menn megi \u00fear f\u00e6ra f\u00f3rnir, og grundv\u00f6llur \u00feess skal lag\u00f0ur. \u00dea\u00f0 skal vera sext\u00edu \u00e1lnir \u00e1 h\u00e6\u00f0 og sext\u00edu \u00e1lnir \u00e1 breidd.4L\u00f6g af st\u00f3rum steinum skulu vera \u00ferj\u00fa og eitt lag af tr\u00e9, og kostna\u00f0urinn skal greiddur \u00far <a href=\"https:\/\/biblian.is\/1981\/esrabok-6-kafli\/\"> [&#8230;]<\/a><\/p>\n","protected":false},"author":1,"featured_media":0,"parent":0,"menu_order":0,"comment_status":"open","ping_status":"open","template":"bibliukaflar.php","meta":{"footnotes":""},"class_list":["post-1755","page","type-page","status-publish","hentry"],"_links":{"self":[{"href":"https:\/\/biblian.is\/1981\/wp-json\/wp\/v2\/pages\/1755","targetHints":{"allow":["GET"]}}],"collection":[{"href":"https:\/\/biblian.is\/1981\/wp-json\/wp\/v2\/pages"}],"about":[{"href":"https:\/\/biblian.is\/1981\/wp-json\/wp\/v2\/types\/page"}],"author":[{"embeddable":true,"href":"https:\/\/biblian.is\/1981\/wp-json\/wp\/v2\/users\/1"}],"replies":[{"embeddable":true,"href":"https:\/\/biblian.is\/1981\/wp-json\/wp\/v2\/comments?post=1755"}],"version-history":[{"count":0,"href":"https:\/\/biblian.is\/1981\/wp-json\/wp\/v2\/pages\/1755\/revisions"}],"wp:attachment":[{"href":"https:\/\/biblian.is\/1981\/wp-json\/wp\/v2\/media?parent=1755"}],"curies":[{"name":"wp","href":"https:\/\/api.w.org\/{rel}","templated":true}]}}