{"id":1754,"date":"2017-11-18T20:18:33","date_gmt":"2017-11-18T20:18:33","guid":{"rendered":"http:\/\/biblian.is\/1981\/esrabok-5-kafli\/"},"modified":"2021-06-06T10:51:02","modified_gmt":"2021-06-06T10:51:02","slug":"esrabok-5-kafli","status":"publish","type":"page","link":"https:\/\/biblian.is\/1981\/esrabok-5-kafli\/","title":{"rendered":"Esrab\u00f3k 5. kafli"},"content":{"rendered":"<p><a name=\"1\"><span class=\"versanumer\">1<\/span><\/a>Hagga\u00ed sp\u00e1ma\u00f0ur og Sakar\u00eda \u00cddd\u00f3sson, sp\u00e1mennirnir, sp\u00e1\u00f0u hj\u00e1 Gy\u00f0ingum, \u00feeim er voru \u00ed J\u00fada og Jer\u00fasalem, \u00ed nafni \u00cdsraels Gu\u00f0s, sem yfir \u00feeim var.<a name=\"2\"><span class=\"versanumer\">2<\/span><\/a>\u00de\u00e1 f\u00f3ru \u00feeir Ser\u00fababel Sealt\u00edelsson og J\u00f3s\u00faa J\u00f3sadaksson til og h\u00f3fu a\u00f0 byggja musteri Gu\u00f0s \u00ed Jer\u00fasalem, og sp\u00e1menn Gu\u00f0s voru me\u00f0 \u00feeim og a\u00f0sto\u00f0u\u00f0u \u00fe\u00e1.<a name=\"3\"><span class=\"versanumer\">3<\/span><\/a>Um \u00fe\u00e6r mundir komu til \u00feeirra Tatna\u00ed, landstj\u00f3ri h\u00e9ra\u00f0sins hinumegin Flj\u00f3ts, og Star B\u00f3sna\u00ed og samborgarar \u00feeirra og m\u00e6ltu til \u00feeirra \u00e1 \u00feessa lei\u00f0: Hver hefir leyft y\u00f0ur a\u00f0 reisa \u00feetta h\u00fas og fullgj\u00f6ra \u00feessa m\u00fara?<a name=\"4\"><span class=\"versanumer\">4<\/span><\/a>S\u00ed\u00f0an m\u00e6ltu \u00feeir til \u00feeirra \u00e1 \u00feessa lei\u00f0: Hva\u00f0 heita menn \u00feeir, er reisa st\u00f3rh\u00fdsi \u00feetta?<a name=\"5\"><span class=\"versanumer\">5<\/span><\/a>En auga Gu\u00f0s \u00feeirra vakti yfir \u00f6ldungum Gy\u00f0inga, svo a\u00f0 menn g\u00e1tu ekki st\u00f6\u00f0va\u00f0 \u00fe\u00e1, \u00fear til er m\u00e1li\u00f0 k\u00e6mi til Dar\u00edusar og br\u00e9fleg skipun um \u00feetta v\u00e6ri komin aftur.<a name=\"6\"><span class=\"versanumer\">6<\/span><\/a>Afrit af br\u00e9finu, sem \u00feeir Tatna\u00ed, landstj\u00f3ri h\u00e9ra\u00f0sins hinumegin Flj\u00f3ts, og Star B\u00f3sna\u00ed og samborgarar hans, Afarsekear, sem bjuggu \u00ed h\u00e9ra\u00f0inu hinumegin Flj\u00f3ts, sendu Dar\u00edusi konungi, _<a name=\"7\"><span class=\"versanumer\">7<\/span><\/a>sk\u00fdrslu sendu \u00feeir honum og \u00feannig var rita\u00f0 \u00ed henni:  Hvers kyns heill Dar\u00edusi konungi!<a name=\"8\"><span class=\"versanumer\">8<\/span><\/a>Konunginum s\u00e9 vitanlegt, a\u00f0 v\u00e9r h\u00f6fum fari\u00f0 til skattlandsins J\u00fada, til musteris hins mikla Gu\u00f0s. Er veri\u00f0 a\u00f0 byggja \u00fea\u00f0 \u00far st\u00f3rum steinum, og eru bj\u00e1lkar settir inn \u00ed veggina. Er unni\u00f0 kostg\u00e6filega a\u00f0 verki \u00feessu, og mi\u00f0ar \u00fev\u00ed vel \u00e1fram hj\u00e1 \u00feeim.<a name=\"9\"><span class=\"versanumer\">9<\/span><\/a>\u00dev\u00ed n\u00e6st spur\u00f0um v\u00e9r \u00f6ldungana \u00e1 \u00feessa lei\u00f0: Hver hefir leyft y\u00f0ur a\u00f0 reisa \u00feetta h\u00fas og fullgj\u00f6ra \u00feessa m\u00fara?<a name=\"10\"><span class=\"versanumer\">10<\/span><\/a>L\u00edka spur\u00f0um v\u00e9r \u00fe\u00e1 a\u00f0 heiti til \u00feess a\u00f0 l\u00e1ta \u00feig vita, svo a\u00f0 v\u00e9r g\u00e6tum skrifa\u00f0 upp n\u00f6fn \u00feeirra manna, er forustuna hafa.<a name=\"11\"><span class=\"versanumer\">11<\/span><\/a>Og \u00feeir sv\u00f6ru\u00f0u oss \u00e1 \u00feessa lei\u00f0: V\u00e9r erum \u00fej\u00f3nar Gu\u00f0s himinsins og jar\u00f0arinnar og reisum a\u00f0 n\u00fdju musteri\u00f0, sem byggt var fyrir \u00e6val\u00f6ngu, og reisti \u00fea\u00f0 og fullgj\u00f6r\u00f0i mikill konungur \u00ed \u00cdsrael.<a name=\"12\"><span class=\"versanumer\">12<\/span><\/a>En af \u00fev\u00ed a\u00f0 fe\u00f0ur vorir h\u00f6f\u00f0u egnt Gu\u00f0 himinsins til rei\u00f0i, \u00fe\u00e1 ofurseldi hann \u00fe\u00e1 \u00ed hendur Neb\u00fakadnesars Babelkonungs, Kaldeans. Hann lag\u00f0i musteri \u00feetta \u00ed ey\u00f0i og flutti l\u00fd\u00f0inn til Bab\u00fdlon\u00edu.<a name=\"13\"><span class=\"versanumer\">13<\/span><\/a>En \u00e1 fyrsta \u00e1ri K\u00fdrusar, konungs \u00ed Bab\u00fdlon, veitti K\u00fdrus konungur leyfi til a\u00f0 endurreisa \u00feetta musteri Gu\u00f0s.<a name=\"14\"><span class=\"versanumer\">14<\/span><\/a>Og einnig gull- og silfur\u00e1h\u00f6ldin \u00far h\u00fasi Gu\u00f0s, \u00feau er Neb\u00fakadnesar haf\u00f0i haft \u00e1 burt \u00far musterinu \u00ed Jer\u00fasalem og flutt til musterisins \u00ed Bab\u00fdlon, \u00feau t\u00f3k K\u00fdrus konungur \u00far musterinu \u00ed Bab\u00fdlon, og voru \u00feau fengin manni \u00feeim, er hann haf\u00f0i skipa\u00f0 landstj\u00f3ra og Sesbasar h\u00e9t.<a name=\"15\"><span class=\"versanumer\">15<\/span><\/a>Og hann sag\u00f0i vi\u00f0 hann: Tak \u00e1h\u00f6ld \u00feessi, far og legg \u00feau \u00ed musteri\u00f0 \u00ed Jer\u00fasalem. H\u00fas Gu\u00f0s skal aftur reist ver\u00f0a \u00e1 s\u00ednum fyrra sta\u00f0.<a name=\"16\"><span class=\"versanumer\">16<\/span><\/a>S\u00ed\u00f0an kom Sesbasar \u00feessi og lag\u00f0i grundv\u00f6llinn a\u00f0 h\u00fasi Gu\u00f0s \u00ed Jer\u00fasalem, og s\u00ed\u00f0an fram \u00e1 \u00feennan dag hafa menn veri\u00f0 a\u00f0 byggja \u00fea\u00f0, og enn er \u00fev\u00ed ekki loki\u00f0.<a name=\"17\"><span class=\"versanumer\">17<\/span><\/a>Og n\u00fa, ef konunginum \u00fe\u00f3knast svo, \u00fe\u00e1 s\u00e9 gj\u00f6r\u00f0 leit \u00ed fj\u00e1rhirslu konungsins \u00fear \u00ed Bab\u00fdlon, hvort svo s\u00e9, a\u00f0 K\u00fdrus hafi veitt leyfi til a\u00f0 reisa \u00feetta musteri Gu\u00f0s \u00ed Jer\u00fasalem, og konungur l\u00e1ti oss vita vilja sinn \u00ed \u00feessu m\u00e1li.<\/p>\n<div class=\"footnote1981\"><b>5.1<\/b> Bo\u00f0skapur sp\u00e1mannanna Hag 1.14-2.9; Sak 4.9<br \/>\n<b>5.2<\/b> Ser\u00fababel og Jes\u00faa Esr 2.2+<br \/>\n<b>5.12<\/b> Herlei\u00f0ing 2Kon 25.8-21<br \/>\n<b>5.14<\/b> \u00c1h\u00f6ldin \u00far musterinu Dan 5.2,23 \u2013 Sesbasar Esr 1.8<\/div>\n","protected":false},"excerpt":{"rendered":"<p>1Hagga\u00ed sp\u00e1ma\u00f0ur og Sakar\u00eda \u00cddd\u00f3sson, sp\u00e1mennirnir, sp\u00e1\u00f0u hj\u00e1 Gy\u00f0ingum, \u00feeim er voru \u00ed J\u00fada og Jer\u00fasalem, \u00ed nafni \u00cdsraels Gu\u00f0s, sem yfir \u00feeim var.2\u00de\u00e1 f\u00f3ru \u00feeir Ser\u00fababel Sealt\u00edelsson og J\u00f3s\u00faa J\u00f3sadaksson til og h\u00f3fu a\u00f0 byggja musteri Gu\u00f0s \u00ed Jer\u00fasalem, og sp\u00e1menn Gu\u00f0s voru me\u00f0 \u00feeim og a\u00f0sto\u00f0u\u00f0u \u00fe\u00e1.3Um \u00fe\u00e6r mundir komu til \u00feeirra Tatna\u00ed, landstj\u00f3ri h\u00e9ra\u00f0sins hinumegin Flj\u00f3ts, og Star B\u00f3sna\u00ed og samborgarar \u00feeirra og m\u00e6ltu til \u00feeirra \u00e1 \u00feessa lei\u00f0: Hver hefir leyft y\u00f0ur a\u00f0 reisa \u00feetta h\u00fas og fullgj\u00f6ra \u00feessa m\u00fara?4S\u00ed\u00f0an m\u00e6ltu \u00feeir til \u00feeirra \u00e1 \u00feessa lei\u00f0: Hva\u00f0 heita menn \u00feeir, er reisa st\u00f3rh\u00fdsi \u00feetta?5En auga <a href=\"https:\/\/biblian.is\/1981\/esrabok-5-kafli\/\"> [&#8230;]<\/a><\/p>\n","protected":false},"author":1,"featured_media":0,"parent":0,"menu_order":0,"comment_status":"open","ping_status":"open","template":"bibliukaflar.php","meta":{"footnotes":""},"class_list":["post-1754","page","type-page","status-publish","hentry"],"_links":{"self":[{"href":"https:\/\/biblian.is\/1981\/wp-json\/wp\/v2\/pages\/1754","targetHints":{"allow":["GET"]}}],"collection":[{"href":"https:\/\/biblian.is\/1981\/wp-json\/wp\/v2\/pages"}],"about":[{"href":"https:\/\/biblian.is\/1981\/wp-json\/wp\/v2\/types\/page"}],"author":[{"embeddable":true,"href":"https:\/\/biblian.is\/1981\/wp-json\/wp\/v2\/users\/1"}],"replies":[{"embeddable":true,"href":"https:\/\/biblian.is\/1981\/wp-json\/wp\/v2\/comments?post=1754"}],"version-history":[{"count":0,"href":"https:\/\/biblian.is\/1981\/wp-json\/wp\/v2\/pages\/1754\/revisions"}],"wp:attachment":[{"href":"https:\/\/biblian.is\/1981\/wp-json\/wp\/v2\/media?parent=1754"}],"curies":[{"name":"wp","href":"https:\/\/api.w.org\/{rel}","templated":true}]}}