{"id":1753,"date":"2017-11-18T20:18:33","date_gmt":"2017-11-18T20:18:33","guid":{"rendered":"http:\/\/biblian.is\/1981\/esrabok-4-kafli\/"},"modified":"2021-06-06T10:51:01","modified_gmt":"2021-06-06T10:51:01","slug":"esrabok-4-kafli","status":"publish","type":"page","link":"https:\/\/biblian.is\/1981\/esrabok-4-kafli\/","title":{"rendered":"Esrab\u00f3k 4. kafli"},"content":{"rendered":"<p><a name=\"1\"><span class=\"versanumer\">1<\/span><\/a>En er m\u00f3tst\u00f6\u00f0umenn J\u00fada og Benjam\u00edns heyr\u00f0u, a\u00f0 \u00feeir, er heim voru komnir \u00far herlei\u00f0ingunni, v\u00e6ru a\u00f0 reisa Drottni, \u00cdsraels Gu\u00f0i, musteri,<a name=\"2\"><span class=\"versanumer\">2<\/span><\/a>\u00fe\u00e1 gengu \u00feeir fyrir Ser\u00fababel og \u00e6tth\u00f6f\u00f0ingjana og s\u00f6g\u00f0u vi\u00f0 \u00fe\u00e1: V\u00e9r viljum byggja me\u00f0 y\u00f0ur, \u00fev\u00ed a\u00f0 v\u00e9r leitum y\u00f0ar Gu\u00f0s, eins og \u00fe\u00e9r, og honum h\u00f6fum v\u00e9r f\u00f3rnir f\u00e6rt s\u00ed\u00f0an daga Asarhaddons Ass\u00fdr\u00edukonungs, \u00feess er flutti oss hinga\u00f0.<a name=\"3\"><span class=\"versanumer\">3<\/span><\/a>En Ser\u00fababel og J\u00f3s\u00faa og a\u00f0rir \u00e6tth\u00f6f\u00f0ingjar \u00cdsraels s\u00f6g\u00f0u vi\u00f0 \u00fe\u00e1: V\u00e9r h\u00f6fum ekkert saman vi\u00f0 y\u00f0ur a\u00f0 s\u00e6lda um bygginguna \u00e1 h\u00fasi Gu\u00f0s vors, heldur \u00e6tlum v\u00e9r a\u00f0 reisa \u00fea\u00f0 einir saman Drottni, \u00cdsraels Gu\u00f0i, eins og K\u00fdrus konungur, konungur \u00ed Pers\u00edu, hefir bo\u00f0i\u00f0 oss.<a name=\"4\"><span class=\"versanumer\">4<\/span><\/a>\u00de\u00e1 gj\u00f6r\u00f0u landsb\u00faar J\u00fadal\u00fd\u00f0 huglausan og hr\u00e6ddu \u00fe\u00e1 fr\u00e1 a\u00f0 byggja,<a name=\"5\"><span class=\"versanumer\">5<\/span><\/a>og \u00feeir keyptu menn til a\u00f0 leggja r\u00e1\u00f0 \u00ed m\u00f3ti \u00feeim til \u00feess a\u00f0 \u00f3n\u00fdta fyrir\u00e6tlun \u00feeirra, alla \u00e6vi K\u00fdrusar Persakonungs og \u00fear til er Dar\u00edus Persakonungur t\u00f3k r\u00edki.<a name=\"6\"><span class=\"versanumer\">6<\/span><\/a>\u00c1 r\u00edkis\u00e1rum Ahasverusar, \u00ed byrjun r\u00edkisstj\u00f3rnar hans, ritu\u00f0u \u00feeir \u00e1k\u00e6ru gegn \u00edb\u00faunum \u00ed J\u00fada og Jer\u00fasalem.<a name=\"7\"><span class=\"versanumer\">7<\/span><\/a>En \u00e1 d\u00f6gum Artahsasta ritu\u00f0u \u00feeir Bislam, M\u00edtredat, Tabeel og a\u00f0rir samborgarar hans til Artahsasta, konungs \u00ed Pers\u00edu. En br\u00e9fi\u00f0 var rita\u00f0 \u00e1 arame\u00edsku og \u00fatlagt.<a name=\"8\"><span class=\"versanumer\">8<\/span><\/a>Reh\u00fam umbo\u00f0sma\u00f0ur og Simsa\u00ed ritari skrifu\u00f0u Artahsasta konungi br\u00e9f um Jer\u00fasalemb\u00faa \u00e1 \u00feessa lei\u00f0:<a name=\"9\"><span class=\"versanumer\">9<\/span><\/a>Reh\u00fam umbo\u00f0sma\u00f0ur og Simsa\u00ed ritari og a\u00f0rir samborgarar \u00feeirra, D\u00ednear, Afarsatkear, Tarpelear, Afarsear, Arkevear, Bab\u00fdlon\u00edumenn, S\u00fasankear, Dehear, Elam\u00edtar<a name=\"10\"><span class=\"versanumer\">10<\/span><\/a>og \u00fe\u00e6r a\u00f0rar \u00fej\u00f3\u00f0ir, er hinn mikli og v\u00ed\u00f0fr\u00e6gi Asnappar flutti burt og setti ni\u00f0ur \u00ed borginni Samar\u00edu og \u00ed \u00f6\u00f0rum h\u00e9ru\u00f0um hinumegin Flj\u00f3ts, og svo framvegis.<a name=\"11\"><span class=\"versanumer\">11<\/span><\/a>\u00deetta er afrit af br\u00e9finu, sem \u00feeir sendu Artahsasta konungi: \u00dej\u00f3nar \u00fe\u00ednir, mennirnir \u00ed h\u00e9ra\u00f0inu hinumegin vi\u00f0 Flj\u00f3ti\u00f0, og svo framvegis.<a name=\"12\"><span class=\"versanumer\">12<\/span><\/a>\u00dea\u00f0 s\u00e9 konunginum vitanlegt, a\u00f0 Gy\u00f0ingar \u00feeir, er f\u00f3ru upp eftir fr\u00e1 \u00fe\u00e9r til vor, eru komnir til Jer\u00fasalem. Eru \u00feeir a\u00f0 reisa a\u00f0 n\u00fdju \u00feessa \u00f3eir\u00f0argj\u00f6rnu og vondu borg, fullgj\u00f6ra m\u00farana og gj\u00f6ra vi\u00f0 grundv\u00f6llinn.<a name=\"13\"><span class=\"versanumer\">13<\/span><\/a>N\u00fa s\u00e9 \u00fea\u00f0 konunginum vitanlegt, a\u00f0 ef borg \u00feessi ver\u00f0ur endurreist og m\u00farar hennar fullgj\u00f6r\u00f0ir, \u00fe\u00e1 munu \u00feeir hvorki borga skatt, toll n\u00e9 vegagjald, og \u00fea\u00f0 mun a\u00f0 lokum ver\u00f0a konunginum tekjumissir.<a name=\"14\"><span class=\"versanumer\">14<\/span><\/a>N\u00fa me\u00f0 \u00fev\u00ed a\u00f0 v\u00e9r etum salt hallarinnar og oss s\u00e6mir ekki a\u00f0 horfa upp \u00e1 ska\u00f0a konungs, \u00fe\u00e1 sendum v\u00e9r og l\u00e1tum konunginn vita \u00feetta,<a name=\"15\"><span class=\"versanumer\">15<\/span><\/a>til \u00feess a\u00f0 leita\u00f0 ver\u00f0i \u00ed r\u00edkisann\u00e1lum forfe\u00f0ra \u00feinna. \u00de\u00e1 munt \u00fe\u00fa finna \u00ed r\u00edkisann\u00e1lunum og komast a\u00f0 raun um, a\u00f0 borg \u00feessi er \u00f3eir\u00f0argj\u00f6rn borg og ska\u00f0v\u00e6n konungum og skattl\u00f6ndum og a\u00f0 menn hafa gj\u00f6rt uppreisn \u00ed henni fr\u00e1 alda \u00f6\u00f0li. Fyrir \u00fev\u00ed hefir og borg \u00feessi veri\u00f0 l\u00f6g\u00f0 \u00ed ey\u00f0i.<a name=\"16\"><span class=\"versanumer\">16<\/span><\/a>V\u00e9r l\u00e1tum konunginn vita, a\u00f0 ef borg \u00feessi ver\u00f0ur reist a\u00f0 n\u00fdju og m\u00farar hennar fullgj\u00f6r\u00f0ir, \u00fe\u00e1 er \u00fati um landeign \u00fe\u00edna hinumegin Flj\u00f3ts.<a name=\"17\"><span class=\"versanumer\">17<\/span><\/a>Konungur sendi \u00farskur\u00f0 til Reh\u00fams umbo\u00f0smanns og Simsa\u00ed ritara og til annarra samborgara \u00feeirra, sem bjuggu \u00ed Samar\u00edu og \u00f6\u00f0rum h\u00e9ru\u00f0um hinumegin Flj\u00f3ts:  Heill og fri\u00f0ur! og svo framvegis.<a name=\"18\"><span class=\"versanumer\">18<\/span><\/a>Br\u00e9fi\u00f0, sem \u00fe\u00e9r sendu\u00f0 til vor, hefir veri\u00f0 lesi\u00f0 greinilega fyrir m\u00e9r.<a name=\"19\"><span class=\"versanumer\">19<\/span><\/a>Og er \u00e9g haf\u00f0i svo fyrirskipa\u00f0, leitu\u00f0u menn og fundu, a\u00f0 \u00feessi borg hefir fr\u00e1 alda \u00f6\u00f0li s\u00fdnt konungum m\u00f3t\u00fer\u00f3a og a\u00f0 \u00f3eir\u00f0ir og uppreist hafa veri\u00f0 gj\u00f6r\u00f0ar \u00ed henni.<a name=\"20\"><span class=\"versanumer\">20<\/span><\/a>Og voldugir konungar hafa drottna\u00f0 yfir Jer\u00fasalem og r\u00e1\u00f0i\u00f0 fyrir \u00f6llum h\u00e9ru\u00f0um hinumegin Flj\u00f3ts, og skattur og tollur og vegagjald hefir veri\u00f0 greitt \u00feeim.<a name=\"21\"><span class=\"versanumer\">21<\/span><\/a>Skipi\u00f0 \u00fev\u00ed svo fyrir, a\u00f0 menn \u00feessir h\u00e6tti, svo a\u00f0 borg \u00feessi ver\u00f0i eigi endurreist, uns \u00e9g l\u00e6t skipun \u00fat ganga.<a name=\"22\"><span class=\"versanumer\">22<\/span><\/a>Og g\u00e6ti\u00f0 y\u00f0ar, a\u00f0 \u00fe\u00e9r s\u00fdni\u00f0 ekkert t\u00f3ml\u00e6ti \u00ed \u00feessu, svo a\u00f0 eigi hlj\u00f3tist af miki\u00f0 tj\u00f3n fyrir konungana.<a name=\"23\"><span class=\"versanumer\">23<\/span><\/a>Jafnskj\u00f3tt sem afriti\u00f0 af br\u00e9fi Artahsasta konungs haf\u00f0i veri\u00f0 lesi\u00f0 fyrir \u00feeim Reh\u00fam og Simsa\u00ed ritara og samborgurum \u00feeirra, f\u00f3ru \u00feeir me\u00f0 skyndi til Jer\u00fasalem til Gy\u00f0inga og neyddu \u00fe\u00e1 me\u00f0 ofr\u00edki og ofbeldi til a\u00f0 h\u00e6tta.<a name=\"24\"><span class=\"versanumer\">24<\/span><\/a>\u00de\u00e1 var h\u00e6tt vi\u00f0 bygginguna \u00e1 musteri Gu\u00f0s \u00ed Jer\u00fasalem, og l\u00e1 h\u00fan ni\u00f0ri \u00fear til \u00e1 \u00f6\u00f0ru r\u00edkis\u00e1ri Dar\u00edusar Persakonungs.<\/p>\n<div class=\"footnote1981\"><b>4.3<\/b> Ser\u00fababel og Jes\u00faa Esr 2.2+ &#8211; skv bo\u00f0i K\u00fdrusar Esr 1.2-4; 6.3-12<br \/>\n<b>4.4<\/b> Byggingunni t\u00e1lma\u00f0 Hag 1.2-9<br \/>\n<b>4.6<\/b> Xerxesar Est 1.1<br \/>\n<b>4.19<\/b> Risi\u00f0 gegn 2Kon 18.7; 24.1,20<\/div>\n","protected":false},"excerpt":{"rendered":"<p>1En er m\u00f3tst\u00f6\u00f0umenn J\u00fada og Benjam\u00edns heyr\u00f0u, a\u00f0 \u00feeir, er heim voru komnir \u00far herlei\u00f0ingunni, v\u00e6ru a\u00f0 reisa Drottni, \u00cdsraels Gu\u00f0i, musteri,2\u00fe\u00e1 gengu \u00feeir fyrir Ser\u00fababel og \u00e6tth\u00f6f\u00f0ingjana og s\u00f6g\u00f0u vi\u00f0 \u00fe\u00e1: V\u00e9r viljum byggja me\u00f0 y\u00f0ur, \u00fev\u00ed a\u00f0 v\u00e9r leitum y\u00f0ar Gu\u00f0s, eins og \u00fe\u00e9r, og honum h\u00f6fum v\u00e9r f\u00f3rnir f\u00e6rt s\u00ed\u00f0an daga Asarhaddons Ass\u00fdr\u00edukonungs, \u00feess er flutti oss hinga\u00f0.3En Ser\u00fababel og J\u00f3s\u00faa og a\u00f0rir \u00e6tth\u00f6f\u00f0ingjar \u00cdsraels s\u00f6g\u00f0u vi\u00f0 \u00fe\u00e1: V\u00e9r h\u00f6fum ekkert saman vi\u00f0 y\u00f0ur a\u00f0 s\u00e6lda um bygginguna \u00e1 h\u00fasi Gu\u00f0s vors, heldur \u00e6tlum v\u00e9r a\u00f0 reisa \u00fea\u00f0 einir saman Drottni, \u00cdsraels Gu\u00f0i, eins og K\u00fdrus konungur, <a href=\"https:\/\/biblian.is\/1981\/esrabok-4-kafli\/\"> [&#8230;]<\/a><\/p>\n","protected":false},"author":1,"featured_media":0,"parent":0,"menu_order":0,"comment_status":"open","ping_status":"open","template":"bibliukaflar.php","meta":{"footnotes":""},"class_list":["post-1753","page","type-page","status-publish","hentry"],"_links":{"self":[{"href":"https:\/\/biblian.is\/1981\/wp-json\/wp\/v2\/pages\/1753","targetHints":{"allow":["GET"]}}],"collection":[{"href":"https:\/\/biblian.is\/1981\/wp-json\/wp\/v2\/pages"}],"about":[{"href":"https:\/\/biblian.is\/1981\/wp-json\/wp\/v2\/types\/page"}],"author":[{"embeddable":true,"href":"https:\/\/biblian.is\/1981\/wp-json\/wp\/v2\/users\/1"}],"replies":[{"embeddable":true,"href":"https:\/\/biblian.is\/1981\/wp-json\/wp\/v2\/comments?post=1753"}],"version-history":[{"count":0,"href":"https:\/\/biblian.is\/1981\/wp-json\/wp\/v2\/pages\/1753\/revisions"}],"wp:attachment":[{"href":"https:\/\/biblian.is\/1981\/wp-json\/wp\/v2\/media?parent=1753"}],"curies":[{"name":"wp","href":"https:\/\/api.w.org\/{rel}","templated":true}]}}