{"id":1752,"date":"2017-11-18T20:18:33","date_gmt":"2017-11-18T20:18:33","guid":{"rendered":"http:\/\/biblian.is\/1981\/esrabok-3-kafli\/"},"modified":"2021-06-06T10:51:01","modified_gmt":"2021-06-06T10:51:01","slug":"esrabok-3-kafli","status":"publish","type":"page","link":"https:\/\/biblian.is\/1981\/esrabok-3-kafli\/","title":{"rendered":"Esrab\u00f3k 3. kafli"},"content":{"rendered":"<p><a name=\"1\"><span class=\"versanumer\">1<\/span><\/a>En er sj\u00f6undi m\u00e1nu\u00f0urinn kom, og \u00cdsraelsmenn voru \u00ed borgunum, safna\u00f0ist l\u00fd\u00f0urinn saman eins og einn ma\u00f0ur \u00ed Jer\u00fasalem.<a name=\"2\"><span class=\"versanumer\">2<\/span><\/a>\u00de\u00e1 t\u00f3ku \u00feeir sig til, J\u00f3s\u00faa J\u00f3sadaksson og br\u00e6\u00f0ur hans, prestarnir, og Ser\u00fababel Sealt\u00edelsson og br\u00e6\u00f0ur hans, og reistu altari \u00cdsraels Gu\u00f0s, til \u00feess a\u00f0 \u00e1 \u00fev\u00ed yr\u00f0u f\u00e6r\u00f0ar brennif\u00f3rnir eftir \u00fev\u00ed, sem fyrir er m\u00e6lt \u00ed l\u00f6gm\u00e1li gu\u00f0smannsins M\u00f3se.<a name=\"3\"><span class=\"versanumer\">3<\/span><\/a>Og \u00feeir reistu altari\u00f0 \u00fear, er \u00fea\u00f0 \u00e1\u00f0ur haf\u00f0i sta\u00f0i\u00f0, \u00fev\u00ed a\u00f0 \u00feeim st\u00f3\u00f0 \u00f3tti af landsb\u00faum, og f\u00e6r\u00f0u Drottni brennif\u00f3rnir \u00e1 \u00fev\u00ed, morgunbrennif\u00f3rnir og kveldbrennif\u00f3rnir.<a name=\"4\"><span class=\"versanumer\">4<\/span><\/a>Og \u00feeir h\u00e9ldu laufsk\u00e1lah\u00e1t\u00ed\u00f0ina, eftir \u00fev\u00ed sem fyrir er m\u00e6lt, og b\u00e1ru fram brennif\u00f3rnir \u00e1 degi hverjum me\u00f0 r\u00e9ttri t\u00f6lu, a\u00f0 r\u00e9ttum si\u00f0, \u00fea\u00f0 er vi\u00f0 \u00e1tti \u00e1 hverjum degi,<a name=\"5\"><span class=\"versanumer\">5<\/span><\/a>og \u00fev\u00ed n\u00e6st hinar st\u00f6\u00f0ugu brennif\u00f3rnir, og f\u00f3rnir tunglkomuh\u00e1t\u00ed\u00f0anna og allra hinna helgu l\u00f6gh\u00e1t\u00ed\u00f0a Drottins, svo og f\u00f3rnir allra \u00feeirra, er f\u00e6r\u00f0u Drottni sj\u00e1lfviljaf\u00f3rn.<a name=\"6\"><span class=\"versanumer\">6<\/span><\/a>Fr\u00e1 fyrsta degi hins sj\u00f6unda m\u00e1na\u00f0ar byrju\u00f0u \u00feeir a\u00f0 f\u00e6ra Drottni brennif\u00f3rnir, og haf\u00f0i \u00fe\u00e1 eigi enn veri\u00f0 lag\u00f0ur grundv\u00f6llur a\u00f0 musteri Drottins.<a name=\"7\"><span class=\"versanumer\">7<\/span><\/a>Og \u00feeir g\u00e1fu steinsmi\u00f0unum og tr\u00e9smi\u00f0unum silfur og S\u00eddoningum og T\u00fdrusm\u00f6nnum mat og drykk og ol\u00edfuol\u00edu til a\u00f0 flytja sedrusvi\u00f0 fr\u00e1 L\u00edbanon sj\u00f3lei\u00f0is til Jaf\u00f3 samkv\u00e6mt leyfi K\u00fdrusar Persakonungs \u00feeim til handa.<a name=\"8\"><span class=\"versanumer\">8<\/span><\/a>\u00c1 \u00f6\u00f0ru \u00e1ri eftir heimkomu \u00feeirra til h\u00fass Gu\u00f0s \u00ed Jer\u00fasalem, \u00ed \u00f6\u00f0rum m\u00e1nu\u00f0inum, byrju\u00f0u \u00feeir Ser\u00fababel Sealt\u00edelsson og J\u00f3s\u00faa J\u00f3sadaksson og a\u00f0rir br\u00e6\u00f0ur \u00feeirra, prestarnir og lev\u00edtarnir og allir \u00feeir, er komnir voru \u00far \u00fatleg\u00f0inni til Jer\u00fasalem, a\u00f0 setja lev\u00edta, tv\u00edtuga og \u00fea\u00f0an af eldri, til a\u00f0 hafa eftirlit me\u00f0 byggingu h\u00fass Drottins.<a name=\"9\"><span class=\"versanumer\">9<\/span><\/a>Og \u00feannig gengu \u00feeir J\u00f3s\u00faa, synir hans og br\u00e6\u00f0ur hans, Kadm\u00edel og synir hans, synir H\u00f3davja, synir Henadads, svo og synir \u00feeirra og br\u00e6\u00f0ur \u00feeirra, lev\u00edtarnir, sem einn ma\u00f0ur a\u00f0 \u00fev\u00ed verki a\u00f0 hafa eftirlit me\u00f0 \u00feeim, er unnu a\u00f0 byggingu Gu\u00f0s h\u00fass.<a name=\"10\"><span class=\"versanumer\">10<\/span><\/a>Og er smi\u00f0irnir l\u00f6g\u00f0u grundv\u00f6llinn a\u00f0 musteri Drottins, n\u00e1mu prestarnir \u00fear sta\u00f0ar \u00ed emb\u00e6ttisskr\u00fa\u00f0a me\u00f0 l\u00fa\u00f0ra og lev\u00edtarnir, ni\u00f0jar Asafs, me\u00f0 sk\u00e1labumbur, til \u00feess a\u00f0 vegsama Drottin eftir tilskipun Dav\u00ed\u00f0s \u00cdsraelskonungs.<a name=\"11\"><span class=\"versanumer\">11<\/span><\/a>Og \u00feeir h\u00f3fu a\u00f0 lofa og vegsama Drottin fyrir \u00fea\u00f0, a\u00f0 hann er g\u00f3\u00f0ur og a\u00f0 miskunn hans vi\u00f0 \u00cdsrael er eil\u00edf. Og allur l\u00fd\u00f0urinn laust upp miklu fagna\u00f0ar\u00f3pi og lofa\u00f0i Drottin fyrir \u00fea\u00f0, a\u00f0 grundv\u00f6llur var lag\u00f0ur a\u00f0 h\u00fasi Drottins.<a name=\"12\"><span class=\"versanumer\">12<\/span><\/a>En margir af prestunum og lev\u00edtunum og \u00e6tth\u00f6f\u00f0ingjunum \u00f6ldungar \u00feeir, er s\u00e9\u00f0 h\u00f6f\u00f0u hi\u00f0 fyrra musteri\u00f0 gr\u00e9tu h\u00e1st\u00f6fum, \u00feegar grundv\u00f6llur \u00feessa h\u00fass var lag\u00f0ur a\u00f0 \u00feeim \u00e1sj\u00e1andi, en margir \u00e6ptu l\u00edka fagna\u00f0ar- og gle\u00f0i\u00f3p.<a name=\"13\"><span class=\"versanumer\">13<\/span><\/a>Og l\u00fd\u00f0urinn gat ekki greint fagna\u00f0ar\u00f3pin fr\u00e1 gr\u00e1thlj\u00f3\u00f0unum \u00ed f\u00f3lkinu, \u00fev\u00ed a\u00f0 l\u00fd\u00f0urinn laust upp miklu fagna\u00f0ar\u00f3pi, og heyr\u00f0ist \u00f3murinn langar lei\u00f0ir.<\/p>\n<div class=\"footnote1981\"><b>3.1<\/b> \u00cd sj\u00f6unda m\u00e1nu\u00f0i Neh 7.72-8.1<br \/>\n<b>3.2<\/b> Jes\u00faa og Ser\u00fababel  Esr 2.2+ &#8211; l\u00f6gm\u00e1l M\u00f3se 2Kro 23.18; L\u00fak 24.44<br \/>\n<b>3.3<\/b> Kv\u00f6lds og morgna 2M\u00f3s 29.38-46+<br \/>\n<b>3.4<\/b> Laufsk\u00e1lah\u00e1t\u00ed\u00f0 2M\u00f3s 23.16; 3M\u00f3s 23.34+ ; 5M\u00f3s 16.13 \u2013 eins margar og f\u00e6ra ber 4M\u00f3s 29.12-38<br \/>\n<b>3.7<\/b> Byggingin undib\u00fain 1Kon 5.16-25; 1Kro 22.2-6<br \/>\n<b>3.10<\/b> Prestar \u00feeyttu l\u00fa\u00f0ra J\u00f3s 6.4; Neh 12.35; 1Kro 15.24; 16.6; 2Kro 5.12; 29.26 \u2013 m\u00e1lmgj\u00f6ll Neh 12.27; 1Kro 15.16; 16.5; 25.1; 2Kro 5.12; 29.25<br \/>\n<b>3.12<\/b> S\u00e1u fyrra musteri\u00f0 Hag 2.3<\/div>\n","protected":false},"excerpt":{"rendered":"<p>1En er sj\u00f6undi m\u00e1nu\u00f0urinn kom, og \u00cdsraelsmenn voru \u00ed borgunum, safna\u00f0ist l\u00fd\u00f0urinn saman eins og einn ma\u00f0ur \u00ed Jer\u00fasalem.2\u00de\u00e1 t\u00f3ku \u00feeir sig til, J\u00f3s\u00faa J\u00f3sadaksson og br\u00e6\u00f0ur hans, prestarnir, og Ser\u00fababel Sealt\u00edelsson og br\u00e6\u00f0ur hans, og reistu altari \u00cdsraels Gu\u00f0s, til \u00feess a\u00f0 \u00e1 \u00fev\u00ed yr\u00f0u f\u00e6r\u00f0ar brennif\u00f3rnir eftir \u00fev\u00ed, sem fyrir er m\u00e6lt \u00ed l\u00f6gm\u00e1li gu\u00f0smannsins M\u00f3se.3Og \u00feeir reistu altari\u00f0 \u00fear, er \u00fea\u00f0 \u00e1\u00f0ur haf\u00f0i sta\u00f0i\u00f0, \u00fev\u00ed a\u00f0 \u00feeim st\u00f3\u00f0 \u00f3tti af landsb\u00faum, og f\u00e6r\u00f0u Drottni brennif\u00f3rnir \u00e1 \u00fev\u00ed, morgunbrennif\u00f3rnir og kveldbrennif\u00f3rnir.4Og \u00feeir h\u00e9ldu laufsk\u00e1lah\u00e1t\u00ed\u00f0ina, eftir \u00fev\u00ed sem fyrir er m\u00e6lt, og b\u00e1ru fram brennif\u00f3rnir \u00e1 degi hverjum me\u00f0 <a href=\"https:\/\/biblian.is\/1981\/esrabok-3-kafli\/\"> [&#8230;]<\/a><\/p>\n","protected":false},"author":1,"featured_media":0,"parent":0,"menu_order":0,"comment_status":"open","ping_status":"open","template":"bibliukaflar.php","meta":{"footnotes":""},"class_list":["post-1752","page","type-page","status-publish","hentry"],"_links":{"self":[{"href":"https:\/\/biblian.is\/1981\/wp-json\/wp\/v2\/pages\/1752","targetHints":{"allow":["GET"]}}],"collection":[{"href":"https:\/\/biblian.is\/1981\/wp-json\/wp\/v2\/pages"}],"about":[{"href":"https:\/\/biblian.is\/1981\/wp-json\/wp\/v2\/types\/page"}],"author":[{"embeddable":true,"href":"https:\/\/biblian.is\/1981\/wp-json\/wp\/v2\/users\/1"}],"replies":[{"embeddable":true,"href":"https:\/\/biblian.is\/1981\/wp-json\/wp\/v2\/comments?post=1752"}],"version-history":[{"count":0,"href":"https:\/\/biblian.is\/1981\/wp-json\/wp\/v2\/pages\/1752\/revisions"}],"wp:attachment":[{"href":"https:\/\/biblian.is\/1981\/wp-json\/wp\/v2\/media?parent=1752"}],"curies":[{"name":"wp","href":"https:\/\/api.w.org\/{rel}","templated":true}]}}