{"id":1751,"date":"2017-11-18T20:18:33","date_gmt":"2017-11-18T20:18:33","guid":{"rendered":"http:\/\/biblian.is\/1981\/esrabok-2-kafli\/"},"modified":"2021-06-06T10:51:00","modified_gmt":"2021-06-06T10:51:00","slug":"esrabok-2-kafli","status":"publish","type":"page","link":"https:\/\/biblian.is\/1981\/esrabok-2-kafli\/","title":{"rendered":"Esrab\u00f3k 2. kafli"},"content":{"rendered":"<p><a name=\"1\"><span class=\"versanumer\">1<\/span><\/a>\u00deessir eru \u00feeir \u00far skattlandinu, er heim f\u00f3ru \u00far herlei\u00f0ingar\u00fatleg\u00f0inni, \u00feeir er Neb\u00fakadnesar konungur \u00ed Bab\u00fdlon haf\u00f0i herleitt til Bab\u00fdlon og n\u00fa sneru aftur til Jer\u00fasalem og J\u00fada, hver til sinnar borgar,<a name=\"2\"><span class=\"versanumer\">2<\/span><\/a>\u00feeir sem komu me\u00f0 Ser\u00fababel, J\u00f3s\u00faa, Nehem\u00eda, Seraja, Reelja, Mordekai, Bilsan, Mispar, Bigva\u00ed, Reh\u00fam og Baana.  Talan \u00e1 m\u00f6nnum \u00cdsraelsl\u00fd\u00f0s var:<a name=\"3\"><span class=\"versanumer\">3<\/span><\/a>Ni\u00f0jar Par\u00f3s: 2.172.<a name=\"4\"><span class=\"versanumer\">4<\/span><\/a>Ni\u00f0jar Sefatja: 372.<a name=\"5\"><span class=\"versanumer\">5<\/span><\/a>Ni\u00f0jar Ara: 775.<a name=\"6\"><span class=\"versanumer\">6<\/span><\/a>Ni\u00f0jar Pahat M\u00f3abs, sem s\u00e9 ni\u00f0jar Jes\u00faa og J\u00f3abs: 2.812.<a name=\"7\"><span class=\"versanumer\">7<\/span><\/a>Ni\u00f0jar Elams: 1.254.<a name=\"8\"><span class=\"versanumer\">8<\/span><\/a>Ni\u00f0jar Satt\u00fa: 945.<a name=\"9\"><span class=\"versanumer\">9<\/span><\/a>Ni\u00f0jar Sakka\u00ed: 760.<a name=\"10\"><span class=\"versanumer\">10<\/span><\/a>Ni\u00f0jar Ban\u00ed: 642.<a name=\"11\"><span class=\"versanumer\">11<\/span><\/a>Ni\u00f0jar Beba\u00ed: 623.<a name=\"12\"><span class=\"versanumer\">12<\/span><\/a>Ni\u00f0jar Asgads: 1.222.<a name=\"13\"><span class=\"versanumer\">13<\/span><\/a>Ni\u00f0jar Ad\u00f3n\u00edkams: 666.<a name=\"14\"><span class=\"versanumer\">14<\/span><\/a>Ni\u00f0jar Bigva\u00ed: 2.056.<a name=\"15\"><span class=\"versanumer\">15<\/span><\/a>Ni\u00f0jar Ad\u00edns: 454.<a name=\"16\"><span class=\"versanumer\">16<\/span><\/a>Ni\u00f0jar Aters, fr\u00e1 Hisk\u00eda: 98.<a name=\"17\"><span class=\"versanumer\">17<\/span><\/a>Ni\u00f0jar Besa\u00ed: 323.<a name=\"18\"><span class=\"versanumer\">18<\/span><\/a>Ni\u00f0jar J\u00f3ra: 112.<a name=\"19\"><span class=\"versanumer\">19<\/span><\/a>Ni\u00f0jar Has\u00fams: 223.<a name=\"20\"><span class=\"versanumer\">20<\/span><\/a>Ni\u00f0jar Gibbars: 95.<a name=\"21\"><span class=\"versanumer\">21<\/span><\/a>\u00c6tta\u00f0ir fr\u00e1 Betlehem: 123.<a name=\"22\"><span class=\"versanumer\">22<\/span><\/a>Menn fr\u00e1 Net\u00f3fa: 56.<a name=\"23\"><span class=\"versanumer\">23<\/span><\/a>Menn fr\u00e1 Anat\u00f3t: 128.<a name=\"24\"><span class=\"versanumer\">24<\/span><\/a>\u00c6tta\u00f0ir fr\u00e1 Asmavet: 42.<a name=\"25\"><span class=\"versanumer\">25<\/span><\/a>\u00c6tta\u00f0ir fr\u00e1 Kirjat Jear\u00edm, Kef\u00edra og Beer\u00f3t: 743.<a name=\"26\"><span class=\"versanumer\">26<\/span><\/a>\u00c6tta\u00f0ir fr\u00e1 Rama og Geba: 621.<a name=\"27\"><span class=\"versanumer\">27<\/span><\/a>Menn fr\u00e1 Mikmas: 122.<a name=\"28\"><span class=\"versanumer\">28<\/span><\/a>Menn fr\u00e1 Betel og A\u00ed: 223.<a name=\"29\"><span class=\"versanumer\">29<\/span><\/a>\u00c6tta\u00f0ir fr\u00e1 Neb\u00f3: 52.<a name=\"30\"><span class=\"versanumer\">30<\/span><\/a>Ni\u00f0jar Magbis: 156.<a name=\"31\"><span class=\"versanumer\">31<\/span><\/a>Ni\u00f0jar Elams hins annars: 1.254.<a name=\"32\"><span class=\"versanumer\">32<\/span><\/a>Ni\u00f0jar Har\u00edms: 320.<a name=\"33\"><span class=\"versanumer\">33<\/span><\/a>\u00c6tta\u00f0ir fr\u00e1 L\u00f3d, Had\u00edd og \u00d3n\u00f3: 725.<a name=\"34\"><span class=\"versanumer\">34<\/span><\/a>\u00c6tta\u00f0ir fr\u00e1 Jer\u00edk\u00f3: 345.<a name=\"35\"><span class=\"versanumer\">35<\/span><\/a>\u00c6tta\u00f0ir fr\u00e1 Senaa: 3.630.<a name=\"36\"><span class=\"versanumer\">36<\/span><\/a>Prestarnir: Ni\u00f0jar Jedaja, af \u00e6tt Jes\u00faa: 973.<a name=\"37\"><span class=\"versanumer\">37<\/span><\/a>Ni\u00f0jar Immers: 1.052.<a name=\"38\"><span class=\"versanumer\">38<\/span><\/a>Ni\u00f0jar Pash\u00fars: 1.247.<a name=\"39\"><span class=\"versanumer\">39<\/span><\/a>Ni\u00f0jar Har\u00edms: 1.017.<a name=\"40\"><span class=\"versanumer\">40<\/span><\/a>Lev\u00edtarnir: Ni\u00f0jar Jes\u00faa og Kadm\u00edels, af ni\u00f0jum H\u00f3davja: 74.<a name=\"41\"><span class=\"versanumer\">41<\/span><\/a>S\u00f6ngvararnir: ni\u00f0jar Asafs: 128.<a name=\"42\"><span class=\"versanumer\">42<\/span><\/a>Ni\u00f0jar hli\u00f0var\u00f0anna: ni\u00f0jar Sall\u00fams, ni\u00f0jar Aters, ni\u00f0jar Talm\u00f3ns, ni\u00f0jar Ak\u00fabs, ni\u00f0jar Hat\u00edta, ni\u00f0jar S\u00f3ba\u00ed alls 139.<a name=\"43\"><span class=\"versanumer\">43<\/span><\/a>Musteris\u00fej\u00f3narnir: ni\u00f0jar S\u00edha, ni\u00f0jar Has\u00fafa, ni\u00f0jar Tabba\u00f3ts,<a name=\"44\"><span class=\"versanumer\">44<\/span><\/a>ni\u00f0jar Ker\u00f3s, ni\u00f0jar S\u00edaha, ni\u00f0jar Pad\u00f3ns,<a name=\"45\"><span class=\"versanumer\">45<\/span><\/a>ni\u00f0jar Lebana, ni\u00f0jar Hagaba, ni\u00f0jar Ak\u00fabs,<a name=\"46\"><span class=\"versanumer\">46<\/span><\/a>ni\u00f0jar Hagabs, ni\u00f0jar Salma\u00ed, ni\u00f0jar Hanans,<a name=\"47\"><span class=\"versanumer\">47<\/span><\/a>ni\u00f0jar Giddels, ni\u00f0jar Gahars, ni\u00f0jar Reaja,<a name=\"48\"><span class=\"versanumer\">48<\/span><\/a>ni\u00f0jar Res\u00edns, ni\u00f0jar Nek\u00f3da, ni\u00f0jar Gassams,<a name=\"49\"><span class=\"versanumer\">49<\/span><\/a>ni\u00f0jar \u00dassa, ni\u00f0jar Pasea, ni\u00f0jar Besa\u00ed,<a name=\"50\"><span class=\"versanumer\">50<\/span><\/a>ni\u00f0jar Asna, ni\u00f0jar Me\u00fan\u00edta, ni\u00f0jar Nef\u00eds\u00edta,<a name=\"51\"><span class=\"versanumer\">51<\/span><\/a>ni\u00f0jar Bakb\u00faks, ni\u00f0jar Hak\u00fafa, ni\u00f0jar Harh\u00fars,<a name=\"52\"><span class=\"versanumer\">52<\/span><\/a>ni\u00f0jar Basel\u00fats, ni\u00f0jar Meh\u00edda, ni\u00f0jar Harsa,<a name=\"53\"><span class=\"versanumer\">53<\/span><\/a>ni\u00f0jar Bark\u00f3s, ni\u00f0jar S\u00edsera, ni\u00f0jar Tema,<a name=\"54\"><span class=\"versanumer\">54<\/span><\/a>ni\u00f0jar Nes\u00eda, ni\u00f0jar Hat\u00edfa.<a name=\"55\"><span class=\"versanumer\">55<\/span><\/a>Ni\u00f0jar \u00fer\u00e6la Sal\u00f3mons: ni\u00f0jar S\u00f3ta\u00ed, ni\u00f0jar S\u00f3ferets, ni\u00f0jar Per\u00fada,<a name=\"56\"><span class=\"versanumer\">56<\/span><\/a>ni\u00f0jar Jaala, ni\u00f0jar Dark\u00f3ns, ni\u00f0jar Giddels,<a name=\"57\"><span class=\"versanumer\">57<\/span><\/a>ni\u00f0jar Sefatja, ni\u00f0jar Hattils, ni\u00f0jar P\u00f3keret Hasseba\u00edms, ni\u00f0jar Ami.<a name=\"58\"><span class=\"versanumer\">58<\/span><\/a>Allir musteris\u00fej\u00f3narnir og ni\u00f0jar \u00fer\u00e6la Sal\u00f3mons voru 392.<a name=\"59\"><span class=\"versanumer\">59<\/span><\/a>Og \u00feessir eru \u00feeir, sem f\u00f3ru heim fr\u00e1 Tel Mela, Tel Harsa, Ker\u00fab, Addan, Immer, en kunnu eigi a\u00f0 greina \u00e6tt s\u00edna og uppruna, hvort \u00feeir v\u00e6ru komnir af \u00cdsrael:<a name=\"60\"><span class=\"versanumer\">60<\/span><\/a>Ni\u00f0jar Delaja, ni\u00f0jar Tob\u00eda, ni\u00f0jar Nek\u00f3da: 652.<a name=\"61\"><span class=\"versanumer\">61<\/span><\/a>Og af ni\u00f0jum prestanna: Ni\u00f0jar Habaja, ni\u00f0jar Hakk\u00f3s, ni\u00f0jar Barsilla\u00ed, er gengi\u00f0 haf\u00f0i a\u00f0 eiga eina af d\u00e6trum Barsilla\u00ed G\u00edlea\u00f0\u00edta og nefndur haf\u00f0i veri\u00f0 nafni \u00feeirra.<a name=\"62\"><span class=\"versanumer\">62<\/span><\/a>\u00deessir leitu\u00f0u a\u00f0 \u00e6ttart\u00f6lum s\u00ednum, en \u00fe\u00e6r fundust ekki. Var \u00feeim \u00fev\u00ed hrundi\u00f0 fr\u00e1 prestd\u00f3mi.<a name=\"63\"><span class=\"versanumer\">63<\/span><\/a>Og landstj\u00f3rinn sag\u00f0i \u00feeim, a\u00f0 \u00feeir m\u00e6ttu ekki eta af hinu h\u00e1heilaga, \u00fear til er k\u00e6mi fram prestur, er kynni a\u00f0 fara me\u00f0 \u00far\u00edm og t\u00famm\u00edm.<a name=\"64\"><span class=\"versanumer\">64<\/span><\/a>Allur s\u00f6fnu\u00f0urinn var til samans 42.360,<a name=\"65\"><span class=\"versanumer\">65<\/span><\/a>auk \u00fer\u00e6la \u00feeirra og amb\u00e1tta, er voru 7.337.  \u00deeir h\u00f6f\u00f0u 200 s\u00f6ngvara og s\u00f6ngkonur.<a name=\"66\"><span class=\"versanumer\">66<\/span><\/a>Hestar \u00feeirra voru 736, m\u00falar 245,<a name=\"67\"><span class=\"versanumer\">67<\/span><\/a>\u00falfaldar 435, asnar 6.720.<a name=\"68\"><span class=\"versanumer\">68<\/span><\/a>Og sumir \u00e6tth\u00f6f\u00f0ingjanna g\u00e1fu, er \u00feeir komu til musteris Drottins \u00ed Jer\u00fasalem, sj\u00e1lfviljagjafir til musteris Gu\u00f0s, til \u00feess a\u00f0 \u00fea\u00f0 yr\u00f0i reist \u00e1 s\u00ednum sta\u00f0.<a name=\"69\"><span class=\"versanumer\">69<\/span><\/a>G\u00e1fu \u00feeir hver eftir efnum s\u00ednum \u00ed byggingarsj\u00f3\u00f0inn: \u00ed gulli 6.100 dar\u00edka og \u00ed silfri 5.000 m\u00ednur, og 100 prestserki.<a name=\"70\"><span class=\"versanumer\">70<\/span><\/a>\u00deannig settust prestarnir og lev\u00edtarnir og nokkrir af l\u00fd\u00f0num og s\u00f6ngvararnir og hli\u00f0ver\u00f0irnir og musteris\u00fej\u00f3narnir a\u00f0 \u00ed borgum s\u00ednum. Og allur \u00cdsrael t\u00f3k s\u00e9r b\u00f3lfestu \u00ed borgum s\u00ednum.<\/p>\n<div class=\"footnote1981\"><b>2.2<\/b> Ser\u00fababel Esr 3.2; 5.2; Hag 1.1; 2.2,21-23; Sak 4.6-10; Neh 7.7; 12.1; 1Kro 3.19 \u2013 Jes\u00faa Esr 3.2; 5.2; Hag 1.1; 2.2; Sak 3.1-9; 6.11; Neh 7.7; 12.1,10<br \/>\n<b>2.61<\/b> Barsillai G\u00edlea\u00f0\u00edti 2Sam 17.27-29; 19.32-33; 1Kon 2.7<\/div>\n","protected":false},"excerpt":{"rendered":"<p>1\u00deessir eru \u00feeir \u00far skattlandinu, er heim f\u00f3ru \u00far herlei\u00f0ingar\u00fatleg\u00f0inni, \u00feeir er Neb\u00fakadnesar konungur \u00ed Bab\u00fdlon haf\u00f0i herleitt til Bab\u00fdlon og n\u00fa sneru aftur til Jer\u00fasalem og J\u00fada, hver til sinnar borgar,2\u00feeir sem komu me\u00f0 Ser\u00fababel, J\u00f3s\u00faa, Nehem\u00eda, Seraja, Reelja, Mordekai, Bilsan, Mispar, Bigva\u00ed, Reh\u00fam og Baana. Talan \u00e1 m\u00f6nnum \u00cdsraelsl\u00fd\u00f0s var:3Ni\u00f0jar Par\u00f3s: 2.172.4Ni\u00f0jar Sefatja: 372.5Ni\u00f0jar Ara: 775.6Ni\u00f0jar Pahat M\u00f3abs, sem s\u00e9 ni\u00f0jar Jes\u00faa og J\u00f3abs: 2.812.7Ni\u00f0jar Elams: 1.254.8Ni\u00f0jar Satt\u00fa: 945.9Ni\u00f0jar Sakka\u00ed: 760.10Ni\u00f0jar Ban\u00ed: 642.11Ni\u00f0jar Beba\u00ed: 623.12Ni\u00f0jar Asgads: 1.222.13Ni\u00f0jar Ad\u00f3n\u00edkams: 666.14Ni\u00f0jar Bigva\u00ed: 2.056.15Ni\u00f0jar Ad\u00edns: 454.16Ni\u00f0jar Aters, fr\u00e1 Hisk\u00eda: 98.17Ni\u00f0jar Besa\u00ed: 323.18Ni\u00f0jar J\u00f3ra: 112.19Ni\u00f0jar Has\u00fams: 223.20Ni\u00f0jar Gibbars: 95.21\u00c6tta\u00f0ir fr\u00e1 Betlehem: 123.22Menn <a href=\"https:\/\/biblian.is\/1981\/esrabok-2-kafli\/\"> [&#8230;]<\/a><\/p>\n","protected":false},"author":1,"featured_media":0,"parent":0,"menu_order":0,"comment_status":"open","ping_status":"open","template":"bibliukaflar.php","meta":{"footnotes":""},"class_list":["post-1751","page","type-page","status-publish","hentry"],"_links":{"self":[{"href":"https:\/\/biblian.is\/1981\/wp-json\/wp\/v2\/pages\/1751","targetHints":{"allow":["GET"]}}],"collection":[{"href":"https:\/\/biblian.is\/1981\/wp-json\/wp\/v2\/pages"}],"about":[{"href":"https:\/\/biblian.is\/1981\/wp-json\/wp\/v2\/types\/page"}],"author":[{"embeddable":true,"href":"https:\/\/biblian.is\/1981\/wp-json\/wp\/v2\/users\/1"}],"replies":[{"embeddable":true,"href":"https:\/\/biblian.is\/1981\/wp-json\/wp\/v2\/comments?post=1751"}],"version-history":[{"count":0,"href":"https:\/\/biblian.is\/1981\/wp-json\/wp\/v2\/pages\/1751\/revisions"}],"wp:attachment":[{"href":"https:\/\/biblian.is\/1981\/wp-json\/wp\/v2\/media?parent=1751"}],"curies":[{"name":"wp","href":"https:\/\/api.w.org\/{rel}","templated":true}]}}