{"id":1750,"date":"2017-11-18T20:18:33","date_gmt":"2017-11-18T20:18:33","guid":{"rendered":"http:\/\/biblian.is\/1981\/esrabok-1-kafli\/"},"modified":"2021-06-06T10:51:00","modified_gmt":"2021-06-06T10:51:00","slug":"esrabok-1-kafli","status":"publish","type":"page","link":"https:\/\/biblian.is\/1981\/esrabok-1-kafli\/","title":{"rendered":"Esrab\u00f3k 1. kafli"},"content":{"rendered":"<p><a name=\"1\"><span class=\"versanumer\">1<\/span><\/a>\u00c1 fyrsta r\u00edkis\u00e1ri K\u00fdrusar Persakonungs bl\u00e9s Drottinn honum \u00fev\u00ed \u00ed brj\u00f3st til \u00feess a\u00f0 or\u00f0 Drottins fyrir munn Jerem\u00eda r\u00e6ttust a\u00f0 l\u00e1ta bo\u00f0 \u00fat ganga um allt r\u00edki sitt, og \u00fea\u00f0 \u00ed konungsbr\u00e9fi, \u00e1 \u00feessa lei\u00f0:<a name=\"2\"><span class=\"versanumer\">2<\/span><\/a>Svo segir K\u00fdrus Persakonungur: \u00d6ll konungsr\u00edki jar\u00f0arinnar hefir Drottinn, Gu\u00f0 himnanna, gefi\u00f0 m\u00e9r, og hann hefir skipa\u00f0 m\u00e9r a\u00f0 reisa s\u00e9r musteri \u00ed Jer\u00fasalem \u00ed J\u00fada.<a name=\"3\"><span class=\"versanumer\">3<\/span><\/a>Hver s\u00e1 me\u00f0al y\u00f0ar, sem tilheyrir \u00fej\u00f3\u00f0 hans, me\u00f0 honum s\u00e9 Gu\u00f0 hans, og hann fari heim til Jer\u00fasalem \u00ed J\u00fada og reisi musteri Drottins, \u00cdsraels Gu\u00f0s. Hann er s\u00e1 Gu\u00f0, sem b\u00fdr \u00ed Jer\u00fasalem.<a name=\"4\"><span class=\"versanumer\">4<\/span><\/a>Og hvern \u00feann, sem enn er eftir, \u00e1 s\u00e9rhverjum \u00feeim sta\u00f0 \u00fear sem hann dvelst sem \u00fatlendingur, hann skulu menn \u00e1 \u00feeim sta\u00f0 styrkja me\u00f0 silfri og gulli og lausaf\u00e9 og kvikf\u00e9na\u00f0i, auk sj\u00e1lfviljagjafa til Gu\u00f0s musteris \u00ed Jer\u00fasalem.<a name=\"5\"><span class=\"versanumer\">5<\/span><\/a>\u00de\u00e1 t\u00f3ku \u00e6tth\u00f6f\u00f0ingjar J\u00fada og Benjam\u00edns og prestarnir og lev\u00edtarnir sig upp allir \u00feeir, er Gu\u00f0 haf\u00f0i bl\u00e1si\u00f0 \u00fev\u00ed \u00ed brj\u00f3st a\u00f0 fara og reisa musteri Drottins \u00ed Jer\u00fasalem.<a name=\"6\"><span class=\"versanumer\">6<\/span><\/a>Og allir n\u00e1grannar \u00feeirra hj\u00e1lpu\u00f0u \u00feeim um \u00e1h\u00f6ld \u00far silfri, um gull, um lausaf\u00e9 og um kvikf\u00e9na\u00f0 og um gersemar, auk alls \u00feess, er menn g\u00e1fu sj\u00e1lfviljuglega.<a name=\"7\"><span class=\"versanumer\">7<\/span><\/a>K\u00fdrus konungur l\u00e9t af hendi kerin \u00far musteri Drottins, \u00feau er Neb\u00fakadnesar haf\u00f0i flutt burt fr\u00e1 Jer\u00fasalem og sett \u00ed musteri gu\u00f0s s\u00edns.<a name=\"8\"><span class=\"versanumer\">8<\/span><\/a>K\u00fdrus Persakonungur f\u00e9kk \u00feau \u00ed hendur M\u00edtredat f\u00e9hir\u00f0i, og hann taldi \u00feau \u00fat \u00ed hendur Sesbasar, h\u00f6f\u00f0ingja J\u00fada\u00e6ttkv\u00edslar.<a name=\"9\"><span class=\"versanumer\">9<\/span><\/a>En talan \u00e1 \u00feeim var \u00feessi: 30 gullsk\u00e1lar, 1.000 silfursk\u00e1lar, 29 p\u00f6nnur,<a name=\"10\"><span class=\"versanumer\">10<\/span><\/a>30 k\u00f6nnur af gulli, silfurk\u00f6nnur minni h\u00e1ttar: 410, \u00f6nnur ker 1.000 _<a name=\"11\"><span class=\"versanumer\">11<\/span><\/a>\u00f6ll kerin af gulli og silfri til samans 5.400. Allt \u00feetta flutti Sesbasar me\u00f0 s\u00e9r, \u00fe\u00e1 er hinir herleiddu voru fluttir fr\u00e1 Bab\u00fdlon heim til Jer\u00fasalem.<\/p>\n<div class=\"footnote1981\"><b>1.1<\/b> K\u00fdrus Jes 44.28-45.6<br \/>\n<b>1.4<\/b> Gjafir til musterisins Esr 7.15-16; 8.25-30; 2M\u00f3s 25.2-3+<br \/>\n<b>1.6<\/b> Frj\u00e1lsum vilja 2M\u00f3s 11.2-3; 12.35-36<\/div>\n","protected":false},"excerpt":{"rendered":"<p>1\u00c1 fyrsta r\u00edkis\u00e1ri K\u00fdrusar Persakonungs bl\u00e9s Drottinn honum \u00fev\u00ed \u00ed brj\u00f3st til \u00feess a\u00f0 or\u00f0 Drottins fyrir munn Jerem\u00eda r\u00e6ttust a\u00f0 l\u00e1ta bo\u00f0 \u00fat ganga um allt r\u00edki sitt, og \u00fea\u00f0 \u00ed konungsbr\u00e9fi, \u00e1 \u00feessa lei\u00f0:2Svo segir K\u00fdrus Persakonungur: \u00d6ll konungsr\u00edki jar\u00f0arinnar hefir Drottinn, Gu\u00f0 himnanna, gefi\u00f0 m\u00e9r, og hann hefir skipa\u00f0 m\u00e9r a\u00f0 reisa s\u00e9r musteri \u00ed Jer\u00fasalem \u00ed J\u00fada.3Hver s\u00e1 me\u00f0al y\u00f0ar, sem tilheyrir \u00fej\u00f3\u00f0 hans, me\u00f0 honum s\u00e9 Gu\u00f0 hans, og hann fari heim til Jer\u00fasalem \u00ed J\u00fada og reisi musteri Drottins, \u00cdsraels Gu\u00f0s. Hann er s\u00e1 Gu\u00f0, sem b\u00fdr \u00ed Jer\u00fasalem.4Og hvern \u00feann, sem enn er <a href=\"https:\/\/biblian.is\/1981\/esrabok-1-kafli\/\"> [&#8230;]<\/a><\/p>\n","protected":false},"author":1,"featured_media":0,"parent":0,"menu_order":0,"comment_status":"open","ping_status":"open","template":"bibliukaflar.php","meta":{"footnotes":""},"class_list":["post-1750","page","type-page","status-publish","hentry"],"_links":{"self":[{"href":"https:\/\/biblian.is\/1981\/wp-json\/wp\/v2\/pages\/1750","targetHints":{"allow":["GET"]}}],"collection":[{"href":"https:\/\/biblian.is\/1981\/wp-json\/wp\/v2\/pages"}],"about":[{"href":"https:\/\/biblian.is\/1981\/wp-json\/wp\/v2\/types\/page"}],"author":[{"embeddable":true,"href":"https:\/\/biblian.is\/1981\/wp-json\/wp\/v2\/users\/1"}],"replies":[{"embeddable":true,"href":"https:\/\/biblian.is\/1981\/wp-json\/wp\/v2\/comments?post=1750"}],"version-history":[{"count":0,"href":"https:\/\/biblian.is\/1981\/wp-json\/wp\/v2\/pages\/1750\/revisions"}],"wp:attachment":[{"href":"https:\/\/biblian.is\/1981\/wp-json\/wp\/v2\/media?parent=1750"}],"curies":[{"name":"wp","href":"https:\/\/api.w.org\/{rel}","templated":true}]}}